{"id":1208,"date":"2022-11-22T21:17:36","date_gmt":"2022-11-23T00:17:36","guid":{"rendered":"https:\/\/promocaododia.com.br\/site\/?post_type=product&#038;p=1208"},"modified":"2022-11-22T21:21:37","modified_gmt":"2022-11-23T00:21:37","slug":"smartphone-samsung-galaxy-m53-5g-128-gb-6-7-azul-use-o-cupom-quero100","status":"publish","type":"product","link":"https:\/\/promocaododia.com.br\/site\/produto\/smartphone-samsung-galaxy-m53-5g-128-gb-6-7-azul-use-o-cupom-quero100\/","title":{"rendered":"Smartphone Samsung Galaxy M53 5G 128 GB 6.7&#8243; Azul <\/BR>Use o Cupom QUERO100"},"content":{"rendered":"<div class=\"text-produto\">\n<p><strong>Smartphone Samsung Galaxy M53 128 GB Azul 6.7&#8243; 5G<\/strong><\/p>\n<p>Smartphone Samsung Galaxy M53 5G, 128GB, 8GB, Processador Octa-Core, At\u00e9 2 dias de bateria, C\u00e2mera Qu\u00e1drupla Traseira de 108MP 8MP 2MP 2MP, Selfie de 32MP, Tela Infinita de 6.7&#8243; 120Hz, Dual Chip, 4 gera\u00e7\u00f5es de atualiza\u00e7\u00f5es Android, 5 anos de atualiza\u00e7\u00f5es de seguran\u00e7a.<\/p>\n<p>Quem n\u00e3o quer um smartphone que n\u00e3o trava, com mem\u00f3ria boa, com c\u00e2mera que tira fotos maravilhosas e uma bateria que n\u00e3o te deixa na m\u00e3o?<\/p>\n<p>Se voc\u00ea \u00e9 uma dessas pessoas, ent\u00e3o precisa conhecer o Smartphone Samsung Galaxy M53!<br \/>\nCom uma tela de 6.7&#8243; voc\u00ea poder\u00e1 assistir seus v\u00eddeos preferidos com \u00f3tima qualidade, e com a bateria de 5000mAh, n\u00e3o precisar\u00e1 se preocupar em procurar uma tomada pra recarregar seu smartphone t\u00e3o cedo.<\/p>\n<p>Quer tirar fotos lindas e n\u00e3o tem o que precisa? Sem problemas! O Smartphone Samsung Galaxy M53 tem 4 c\u00e2meras pra voc\u00ea n\u00e3o deixar de registrar mais nenhum momento especial com excelente qualidade, afinal, a c\u00e2mera traseira principal tem 108 MP e resolu\u00e7\u00e3o UHD 4K (3840 x 2160) | @30fps, para a qualidade dos seus v\u00eddeos ficarem excelentes.<br \/>\nSuas selfies tamb\u00e9m n\u00e3o ser\u00e3o mais como antes, ficar\u00e3o ainda melhores j\u00e1 que voc\u00ea contar\u00e1 com a c\u00e2mera frontal de 32 MP!<\/p>\n<p>A mem\u00f3ria de 128 GB, te d\u00e1 espa\u00e7o pra armazenar suas fotos, v\u00eddeos, aplicativos e ainda alguns epis\u00f3dios de suas s\u00e9ries favoritas sem se preocupar em ficar sem espa\u00e7o!<\/p>\n<p>E o processador Octa-Core garante um desempenho eficiente e r\u00e1pido para o smartphone, te deixando livre de preocupa\u00e7\u00f5es com travamento.<\/p>\n<p>E como se tudo isso n\u00e3o fosse suficiente, voc\u00ea ainda conta com a tecnologia 5G, que deixa a velocidade do seu download de 10 a 100 vezes mais r\u00e1pida do que a 4G! Ou seja, voc\u00ea vai baixar uma temporada inteira da sua s\u00e9rie favorita em minutos!<\/p>\n<p>Bom demais, n\u00e9?<\/p>\n<p><strong>Conte\u00fado da Embalagem:<\/strong><br \/>\n&#8211; 01 Smartphone Samsung Galaxy M53 5G Azul<br \/>\n&#8211; 01 Carregador<br \/>\n&#8211; 01 Cabo USB<br \/>\n&#8211; 01 Extrator de Chip<br \/>\n&#8211; 01 Manual do Usu\u00e1rio<br \/>\n*N\u00e3o inclui fone de ouvido<\/p>\n<p><strong>Dimens\u00f5es do Produto sem Embalagem:<\/strong><br \/>\n&#8211; Altura: 164.7 mm<br \/>\n&#8211; Largura: 77 mm<br \/>\n&#8211; Profundidade: 7.4 mm<br \/>\n&#8211; Peso: 0,176 kg<\/p>\n<p><strong>Dimens\u00f5es do Produto com Embalagem:<\/strong><br \/>\n&#8211; Altura: 179.8 mm<br \/>\n&#8211; Largura: 90.7 mm<br \/>\n&#8211; Profundidade: 45 mm<br \/>\n&#8211; Peso: 0,356 kg<\/p>\n<p><strong>Garantia:<\/strong><br \/>\n&#8211; 12 meses | Pelo Fabricante<\/p>\n<\/div>\n<div class=\"infos-fabricante\">\n<p>Todas as informa\u00e7\u00f5es divulgadas s\u00e3o de responsabilidade do fabricante\/fornecedor.<br \/>\nVerifique com os fabricantes do produto e de seus componentes eventuais limita\u00e7\u00f5es \u00e0 utiliza\u00e7\u00e3o de todos os recursos e funcionalidades.<br \/>\nImagens Meramente Ilustrativas.<\/p>\n<\/div>\n","protected":false},"excerpt":{"rendered":"<p>Smartphone Samsung Galaxy M53 128 GB Azul 6.7&#8243; 5G Smartphone Samsung Galaxy M53 5G, 128GB, 8GB, Processador Octa-Core, At\u00e9 2 dias de bateria, C\u00e2mera Qu\u00e1drupla Traseira de 108MP 8MP 2MP 2MP, Selfie de 32MP, Tela Infinita de 6.7&#8243; 120Hz, Dual Chip, 4 gera\u00e7\u00f5es de atualiza\u00e7\u00f5es Android, 5 anos de atualiza\u00e7\u00f5es de seguran\u00e7a. Quem n\u00e3o quer um smartphone que n\u00e3o trava, com mem\u00f3ria boa, com c\u00e2mera que tira fotos maravilhosas e uma bateria que n\u00e3o te deixa na m\u00e3o? Se voc\u00ea \u00e9 uma dessas pessoas, ent\u00e3o precisa conhecer o Smartphone Samsung Galaxy M53! Com uma tela de 6.7&#8243; voc\u00ea poder\u00e1 assistir seus v\u00eddeos preferidos com \u00f3tima qualidade, e com a bateria de 5000mAh, n\u00e3o precisar\u00e1 se preocupar em procurar uma tomada pra recarregar seu smartphone t\u00e3o cedo. Quer tirar fotos lindas e n\u00e3o tem o que precisa? Sem problemas! O Smartphone Samsung Galaxy M53 tem 4 c\u00e2meras pra voc\u00ea n\u00e3o deixar de registrar mais nenhum momento especial com excelente qualidade, afinal, a c\u00e2mera traseira principal tem 108 MP e resolu\u00e7\u00e3o UHD 4K (3840 x 2160) | @30fps, para a qualidade dos seus v\u00eddeos ficarem excelentes. Suas selfies tamb\u00e9m n\u00e3o ser\u00e3o mais como antes, ficar\u00e3o ainda melhores j\u00e1 que voc\u00ea contar\u00e1 com a c\u00e2mera frontal de 32 MP! A mem\u00f3ria de 128 GB, te d\u00e1 espa\u00e7o pra armazenar suas fotos, v\u00eddeos, aplicativos e ainda alguns epis\u00f3dios de suas s\u00e9ries favoritas sem se preocupar em ficar sem espa\u00e7o! E o processador Octa-Core garante um desempenho eficiente e r\u00e1pido para o smartphone, te deixando livre de preocupa\u00e7\u00f5es com travamento. E como se tudo isso n\u00e3o fosse suficiente, voc\u00ea ainda conta com a tecnologia 5G, que deixa a velocidade do seu download de 10 a 100 vezes mais r\u00e1pida do que a 4G! Ou seja, voc\u00ea vai baixar uma temporada inteira da sua s\u00e9rie favorita em minutos! Bom demais, n\u00e9? Conte\u00fado da Embalagem: &#8211; 01 Smartphone Samsung Galaxy M53 5G Azul &#8211; 01 Carregador &#8211; 01 Cabo USB &#8211; 01 Extrator de Chip &#8211; 01 Manual do Usu\u00e1rio *N\u00e3o inclui fone de ouvido Dimens\u00f5es do Produto sem Embalagem: &#8211; Altura: 164.7 mm &#8211; Largura: 77 mm &#8211; Profundidade: 7.4 mm &#8211; Peso: 0,176 kg Dimens\u00f5es do Produto com Embalagem: &#8211; Altura: 179.8 mm &#8211; Largura: 90.7 mm &#8211; Profundidade: 45 mm &#8211; Peso: 0,356 kg Garantia: &#8211; 12 meses | Pelo Fabricante Todas as informa\u00e7\u00f5es divulgadas s\u00e3o de responsabilidade do fabricante\/fornecedor. Verifique com os fabricantes do produto e de seus componentes eventuais limita\u00e7\u00f5es \u00e0 utiliza\u00e7\u00e3o de todos os recursos e funcionalidades. Imagens Meramente Ilustrativas.<\/p>\n","protected":false},"featured_media":1211,"template":"","meta":{"_uag_custom_page_level_css":"","site-sidebar-layout":"default","site-content-layout":"default","ast-site-content-layout":"default","site-content-style":"default","site-sidebar-style":"default","ast-global-header-display":"","ast-banner-title-visibility":"","ast-main-header-display":"","ast-hfb-above-header-display":"","ast-hfb-below-header-display":"","ast-hfb-mobile-header-display":"","site-post-title":"","ast-breadcrumbs-content":"","ast-featured-img":"","footer-sml-layout":"","theme-transparent-header-meta":"default","adv-header-id-meta":"","stick-header-meta":"","header-above-stick-meta":"","header-main-stick-meta":"","header-below-stick-meta":"","astra-migrate-meta-layouts":"default","ast-page-background-enabled":"default","ast-page-background-meta":{"desktop":{"background-color":"","background-image":"","background-repeat":"repeat","background-position":"center center","background-size":"auto","background-attachment":"scroll","background-type":"","background-media":"","overlay-type":"","overlay-color":"","overlay-opacity":"","overlay-gradient":""},"tablet":{"background-color":"","background-image":"","background-repeat":"repeat","background-position":"center center","background-size":"auto","background-attachment":"scroll","background-type":"","background-media":"","overlay-type":"","overlay-color":"","overlay-opacity":"","overlay-gradient":""},"mobile":{"background-color":"","background-image":"","background-repeat":"repeat","background-position":"center center","background-size":"auto","background-attachment":"scroll","background-type":"","background-media":"","overlay-type":"","overlay-color":"","overlay-opacity":"","overlay-gradient":""}},"ast-content-background-meta":{"desktop":{"background-color":"var(--ast-global-color-5)","background-image":"","background-repeat":"repeat","background-position":"center center","background-size":"auto","background-attachment":"scroll","background-type":"","background-media":"","overlay-type":"","overlay-color":"","overlay-opacity":"","overlay-gradient":""},"tablet":{"background-color":"var(--ast-global-color-5)","background-image":"","background-repeat":"repeat","background-position":"center center","background-size":"auto","background-attachment":"scroll","background-type":"","background-media":"","overlay-type":"","overlay-color":"","overlay-opacity":"","overlay-gradient":""},"mobile":{"background-color":"var(--ast-global-color-5)","background-image":"","background-repeat":"repeat","background-position":"center center","background-size":"auto","background-attachment":"scroll","background-type":"","background-media":"","overlay-type":"","overlay-color":"","overlay-opacity":"","overlay-gradient":""}}},"product_brand":[],"product_cat":[23,35],"product_tag":[260,91,89,88],"class_list":{"0":"post-1208","1":"product","2":"type-product","3":"status-publish","4":"has-post-thumbnail","6":"product_cat-celulares-e-tablets","7":"product_cat-smartphone","8":"product_tag-128gb","9":"product_tag-celular","10":"product_tag-samsung","11":"product_tag-samsung-galaxy","12":"desktop-align-center","13":"tablet-align-left","14":"mobile-align-center","16":"first","17":"instock","18":"sale","19":"shipping-taxable","20":"product-type-external"},"uagb_featured_image_src":{"full":["https:\/\/promocaododia.com.br\/site\/wp-content\/uploads\/2022\/11\/Smartphone-Samsung-Galaxy-M53-5G-128-GB-6.7-Azul-2.jpg",600,600,false],"thumbnail":["https:\/\/promocaododia.com.br\/site\/wp-content\/uploads\/2022\/11\/Smartphone-Samsung-Galaxy-M53-5G-128-GB-6.7-Azul-2-150x150.jpg",150,150,true],"medium":["https:\/\/promocaododia.com.br\/site\/wp-content\/uploads\/2022\/11\/Smartphone-Samsung-Galaxy-M53-5G-128-GB-6.7-Azul-2-300x300.jpg",300,300,true],"medium_large":["https:\/\/promocaododia.com.br\/site\/wp-content\/uploads\/2022\/11\/Smartphone-Samsung-Galaxy-M53-5G-128-GB-6.7-Azul-2.jpg",600,600,false],"large":["https:\/\/promocaododia.com.br\/site\/wp-content\/uploads\/2022\/11\/Smartphone-Samsung-Galaxy-M53-5G-128-GB-6.7-Azul-2.jpg",600,600,false],"1536x1536":["https:\/\/promocaododia.com.br\/site\/wp-content\/uploads\/2022\/11\/Smartphone-Samsung-Galaxy-M53-5G-128-GB-6.7-Azul-2.jpg",600,600,false],"2048x2048":["https:\/\/promocaododia.com.br\/site\/wp-content\/uploads\/2022\/11\/Smartphone-Samsung-Galaxy-M53-5G-128-GB-6.7-Azul-2.jpg",600,600,false],"woocommerce_thumbnail":["https:\/\/promocaododia.com.br\/site\/wp-content\/uploads\/2022\/11\/Smartphone-Samsung-Galaxy-M53-5G-128-GB-6.7-Azul-2-250x250.jpg",250,250,true],"woocommerce_single":["https:\/\/promocaododia.com.br\/site\/wp-content\/uploads\/2022\/11\/Smartphone-Samsung-Galaxy-M53-5G-128-GB-6.7-Azul-2-250x250.jpg",250,250,true],"woocommerce_gallery_thumbnail":["https:\/\/promocaododia.com.br\/site\/wp-content\/uploads\/2022\/11\/Smartphone-Samsung-Galaxy-M53-5G-128-GB-6.7-Azul-2-100x100.jpg",100,100,true]},"uagb_author_info":{"display_name":"danilo.gbr","author_link":"https:\/\/promocaododia.com.br\/site\/author\/"},"uagb_comment_info":0,"uagb_excerpt":"Smartphone Samsung Galaxy M53 128 GB Azul 6.7&#8243; 5G Smartphone Samsung Galaxy M53 5G, 128GB, 8GB, Processador Octa-Core, At\u00e9 2 dias de bateria, C\u00e2mera Qu\u00e1drupla Traseira de 108MP 8MP 2MP 2MP, Selfie de 32MP, Tela Infinita de 6.7&#8243; 120Hz, Dual Chip, 4 gera\u00e7\u00f5es de atualiza\u00e7\u00f5es Android, 5 anos de atualiza\u00e7\u00f5es de seguran\u00e7a. Quem n\u00e3o quer&hellip;","_links":{"self":[{"href":"https:\/\/promocaododia.com.br\/site\/wp-json\/wp\/v2\/product\/1208","targetHints":{"allow":["GET"]}}],"collection":[{"href":"https:\/\/promocaododia.com.br\/site\/wp-json\/wp\/v2\/product"}],"about":[{"href":"https:\/\/promocaododia.com.br\/site\/wp-json\/wp\/v2\/types\/product"}],"wp:featuredmedia":[{"embeddable":true,"href":"https:\/\/promocaododia.com.br\/site\/wp-json\/wp\/v2\/media\/1211"}],"wp:attachment":[{"href":"https:\/\/promocaododia.com.br\/site\/wp-json\/wp\/v2\/media?parent=1208"}],"wp:term":[{"taxonomy":"product_brand","embeddable":true,"href":"https:\/\/promocaododia.com.br\/site\/wp-json\/wp\/v2\/product_brand?post=1208"},{"taxonomy":"product_cat","embeddable":true,"href":"https:\/\/promocaododia.com.br\/site\/wp-json\/wp\/v2\/product_cat?post=1208"},{"taxonomy":"product_tag","embeddable":true,"href":"https:\/\/promocaododia.com.br\/site\/wp-json\/wp\/v2\/product_tag?post=1208"}],"curies":[{"name":"wp","href":"https:\/\/api.w.org\/{rel}","templated":true}]}}