{"id":1222,"date":"2022-11-23T21:42:39","date_gmt":"2022-11-24T00:42:39","guid":{"rendered":"https:\/\/promocaododia.com.br\/site\/?post_type=product&#038;p=1222"},"modified":"2022-11-23T21:42:39","modified_gmt":"2022-11-24T00:42:39","slug":"lava-e-seca-midea-11kg-storm-wash-inverter-tambor-4d-branca","status":"publish","type":"product","link":"https:\/\/promocaododia.com.br\/site\/produto\/lava-e-seca-midea-11kg-storm-wash-inverter-tambor-4d-branca\/","title":{"rendered":"Lava e Seca Midea 11kg Storm Wash Inverter Tambor 4D Branca"},"content":{"rendered":"<div id=\"info-section\" class=\"src__WrapperProductInfo-sc-1c7a3hi-0 iTtoyk\">\n<div class=\"src__Container-sc-1c7a3hi-3 kdfdUW\">\n<div class=\"src__Description-sc-1c7a3hi-2 dChPoq\">A nova Lava &amp; Seca Midea Storm Wash traz tecnologias exclusivas e solu\u00e7\u00f5es inteligentes que entregam uma excelente performance de lavagem e secagem com muita efici\u00eancia.<br \/>\nO Storm Wash combina o exclusivo design 4D do tambor combinado com altas velocidades de rota\u00e7\u00e3o durante a lavagem cria poderosas ondas de \u00e1gua e sab\u00e3o, entregando uma performance \u00fanica de lavagem. Possui tamb\u00e9m a tecnologia Smart sec, a qual possui sensores inteligentes de temperatura, umidade e peso fazem com que as roupas fiquem secas no tempo necess\u00e1rio: nem mais, nem menos. Com 16 op\u00e7\u00f5es de programas, ela tamb\u00e9m proporciona economia de tempo e dinheiro ao escolher o programa exato para cada necessidade. \u00e9 compacta por fora e grande por dentro, pois seca mais roupas que os principais concorrentes e tem o maior tambor da categoria.<\/div>\n<\/div>\n<\/div>\n<h2 class=\"src__Title-sc-1m6tc2l-1 cuRtbe\">Ficha t\u00e9cnica<\/h2>\n<div class=\"src__DeskWrapper-sc-1m6tc2l-0 iqTsol\">\n<table class=\"src__SpecsCell-sc-1m6tc2l-2 byvoul\">\n<tbody>\n<tr class=\"src__View-sc-1m6tc2l-3 cblkwV\">\n<td class=\"src__Text-sc-1m6tc2l-4 kBDbsy\">C\u00f3digo<\/td>\n<td class=\"src__Text-sc-1m6tc2l-4 kBDbsy\">4147586667<\/td>\n<\/tr>\n<tr class=\"src__View-sc-1m6tc2l-3 cblkwV\">\n<td class=\"src__Text-sc-1m6tc2l-4 kBDbsy\">C\u00f3digo de barras<\/td>\n<td class=\"src__Text-sc-1m6tc2l-4 kBDbsy\">7908198002321<\/td>\n<\/tr>\n<tr class=\"src__View-sc-1m6tc2l-3 cblkwV\">\n<td class=\"src__Text-sc-1m6tc2l-4 kBDbsy\">Fabricante<\/td>\n<td class=\"src__Text-sc-1m6tc2l-4 kBDbsy\">Midea<\/td>\n<\/tr>\n<tr class=\"src__View-sc-1m6tc2l-3 cblkwV\">\n<td class=\"src__Text-sc-1m6tc2l-4 kBDbsy\">Funcionalidade<\/td>\n<td class=\"src__Text-sc-1m6tc2l-4 kBDbsy\">Lava e Seca<\/td>\n<\/tr>\n<tr class=\"src__View-sc-1m6tc2l-3 cblkwV\">\n<td class=\"src__Text-sc-1m6tc2l-4 kBDbsy\">Capacidade de secagem<\/td>\n<td class=\"src__Text-sc-1m6tc2l-4 kBDbsy\">7Kg<\/td>\n<\/tr>\n<tr class=\"src__View-sc-1m6tc2l-3 cblkwV\">\n<td class=\"src__Text-sc-1m6tc2l-4 kBDbsy\">Capacidade Total<\/td>\n<td class=\"src__Text-sc-1m6tc2l-4 kBDbsy\">11Kg<\/td>\n<\/tr>\n<tr class=\"src__View-sc-1m6tc2l-3 cblkwV\">\n<td class=\"src__Text-sc-1m6tc2l-4 kBDbsy\">Cor da porta<\/td>\n<td class=\"src__Text-sc-1m6tc2l-4 kBDbsy\">Preta<\/td>\n<\/tr>\n<tr class=\"src__View-sc-1m6tc2l-3 cblkwV\">\n<td class=\"src__Text-sc-1m6tc2l-4 kBDbsy\">Recursos<\/td>\n<td class=\"src__Text-sc-1m6tc2l-4 kBDbsy\">Storm Wash,Tambor 4D,Motor Inverter<\/td>\n<\/tr>\n<tr class=\"src__View-sc-1m6tc2l-3 cblkwV\">\n<td class=\"src__Text-sc-1m6tc2l-4 kBDbsy\">Consumo de Energia &#8211; \u00c1gua Quente (kWh\/ciclo<\/td>\n<td class=\"src__Text-sc-1m6tc2l-4 kBDbsy\">1,48 \/ 1,63<\/td>\n<\/tr>\n<tr class=\"src__View-sc-1m6tc2l-3 cblkwV\">\n<td class=\"src__Text-sc-1m6tc2l-4 kBDbsy\">Tipo de Produto<\/td>\n<td class=\"src__Text-sc-1m6tc2l-4 kBDbsy\">Lava e Seca<\/td>\n<\/tr>\n<tr class=\"src__View-sc-1m6tc2l-3 cblkwV\">\n<td class=\"src__Text-sc-1m6tc2l-4 kBDbsy\">Linha do Produto<\/td>\n<td class=\"src__Text-sc-1m6tc2l-4 kBDbsy\">Storm Wash<\/td>\n<\/tr>\n<tr class=\"src__View-sc-1m6tc2l-3 cblkwV\">\n<td class=\"src__Text-sc-1m6tc2l-4 kBDbsy\">Dimens\u00f5es<\/td>\n<td class=\"src__Text-sc-1m6tc2l-4 kBDbsy\">68 X 87,5 X 69,5<\/td>\n<\/tr>\n<tr class=\"src__View-sc-1m6tc2l-3 cblkwV\">\n<td class=\"src__Text-sc-1m6tc2l-4 kBDbsy\">Efici\u00eancia de Lavagem &#8211; \u00c1gua Quente<\/td>\n<td class=\"src__Text-sc-1m6tc2l-4 kBDbsy\">0,99 \/ 0,97<\/td>\n<\/tr>\n<tr class=\"src__View-sc-1m6tc2l-3 cblkwV\">\n<td class=\"src__Text-sc-1m6tc2l-4 kBDbsy\">Cor da cabine<\/td>\n<td class=\"src__Text-sc-1m6tc2l-4 kBDbsy\">Branco<\/td>\n<\/tr>\n<tr class=\"src__View-sc-1m6tc2l-3 cblkwV\">\n<td class=\"src__Text-sc-1m6tc2l-4 kBDbsy\">Modelo<\/td>\n<td class=\"src__Text-sc-1m6tc2l-4 kBDbsy\">LSE11B2<\/td>\n<\/tr>\n<tr class=\"src__View-sc-1m6tc2l-3 cblkwV\">\n<td class=\"src__Text-sc-1m6tc2l-4 kBDbsy\">Consumo de \u00c1gua (L\/ciclo<\/td>\n<td class=\"src__Text-sc-1m6tc2l-4 kBDbsy\">88,8 \/ 82,2<\/td>\n<\/tr>\n<tr class=\"src__View-sc-1m6tc2l-3 cblkwV\">\n<td class=\"src__Text-sc-1m6tc2l-4 kBDbsy\">C\u00f3digo do produto<\/td>\n<td class=\"src__Text-sc-1m6tc2l-4 kBDbsy\">LSE11B1 \/ LSE11B2<\/td>\n<\/tr>\n<tr class=\"src__View-sc-1m6tc2l-3 cblkwV\">\n<td class=\"src__Text-sc-1m6tc2l-4 kBDbsy\">Tipo<\/td>\n<td class=\"src__Text-sc-1m6tc2l-4 kBDbsy\">Lava e seca<\/td>\n<\/tr>\n<tr class=\"src__View-sc-1m6tc2l-3 cblkwV\">\n<td class=\"src__Text-sc-1m6tc2l-4 kBDbsy\">Abertura<\/td>\n<td class=\"src__Text-sc-1m6tc2l-4 kBDbsy\">Frontal<\/td>\n<\/tr>\n<tr class=\"src__View-sc-1m6tc2l-3 cblkwV\">\n<td class=\"src__Text-sc-1m6tc2l-4 kBDbsy\">Consumo de Energia &#8211; \u00c1gua Fria (kWh\/ciclo<\/td>\n<td class=\"src__Text-sc-1m6tc2l-4 kBDbsy\">0,26 \/ 0,23<\/td>\n<\/tr>\n<tr class=\"src__View-sc-1m6tc2l-3 cblkwV\">\n<td class=\"src__Text-sc-1m6tc2l-4 kBDbsy\">Capacidade<\/td>\n<td class=\"src__Text-sc-1m6tc2l-4 kBDbsy\">11 kg<\/td>\n<\/tr>\n<tr class=\"src__View-sc-1m6tc2l-3 cblkwV\">\n<td class=\"src__Text-sc-1m6tc2l-4 kBDbsy\">Marca<\/td>\n<td class=\"src__Text-sc-1m6tc2l-4 kBDbsy\">Midea<\/td>\n<\/tr>\n<tr class=\"src__View-sc-1m6tc2l-3 cblkwV\">\n<td class=\"src__Text-sc-1m6tc2l-4 kBDbsy\">Efici\u00eancia de Lavagem &#8211; \u00c1gua Fria<\/td>\n<td class=\"src__Text-sc-1m6tc2l-4 kBDbsy\">0,90 \/ 0,89<\/td>\n<\/tr>\n<tr class=\"src__View-sc-1m6tc2l-3 cblkwV\">\n<td class=\"src__Text-sc-1m6tc2l-4 kBDbsy\">Caracter\u00edsticas Normais<\/td>\n<td class=\"src__Text-sc-1m6tc2l-4 kBDbsy\">Abertura vertical, Alta Velocidade de Centrifuga\u00e7\u00e3o, Autolimpeza, Compacto para sua casa, Fun\u00e7\u00e3o Lavar T\u00eanis, Modo Super R\u00e1pido, Sistema Inverter, Super Economia de \u00e1gua<\/td>\n<\/tr>\n<tr class=\"src__View-sc-1m6tc2l-3 cblkwV\">\n<td class=\"src__Text-sc-1m6tc2l-4 kBDbsy\">Frequ\u00eancia (Hz<\/td>\n<td class=\"src__Text-sc-1m6tc2l-4 kBDbsy\">60hz<\/td>\n<\/tr>\n<tr class=\"src__View-sc-1m6tc2l-3 cblkwV\">\n<td class=\"src__Text-sc-1m6tc2l-4 kBDbsy\">Cor<\/td>\n<td class=\"src__Text-sc-1m6tc2l-4 kBDbsy\">Branco<\/td>\n<\/tr>\n<tr class=\"src__View-sc-1m6tc2l-3 cblkwV\">\n<td class=\"src__Text-sc-1m6tc2l-4 kBDbsy\">Classifica\u00e7\u00e3o Energ\u00e9tica<\/td>\n<td class=\"src__Text-sc-1m6tc2l-4 kBDbsy\">A<\/td>\n<\/tr>\n<tr class=\"src__View-sc-1m6tc2l-3 cblkwV\">\n<td class=\"src__Text-sc-1m6tc2l-4 kBDbsy\">drying-capacity<\/td>\n<td class=\"src__Text-sc-1m6tc2l-4 kBDbsy\">7 kg<\/td>\n<\/tr>\n<tr class=\"src__View-sc-1m6tc2l-3 cblkwV\">\n<td class=\"src__Text-sc-1m6tc2l-4 kBDbsy\">Voltagem<\/td>\n<td class=\"src__Text-sc-1m6tc2l-4 kBDbsy\">110v<\/td>\n<\/tr>\n<\/tbody>\n<\/table>\n<\/div>\n","protected":false},"excerpt":{"rendered":"<p>A nova Lava &amp; Seca Midea Storm Wash traz tecnologias exclusivas e solu\u00e7\u00f5es inteligentes que entregam uma excelente performance de lavagem e secagem com muita efici\u00eancia. O Storm Wash combina o exclusivo design 4D do tambor combinado com altas velocidades de rota\u00e7\u00e3o durante a lavagem cria poderosas ondas de \u00e1gua e sab\u00e3o, entregando uma performance \u00fanica de lavagem. Possui tamb\u00e9m a tecnologia Smart sec, a qual possui sensores inteligentes de temperatura, umidade e peso fazem com que as roupas fiquem secas no tempo necess\u00e1rio: nem mais, nem menos. Com 16 op\u00e7\u00f5es de programas, ela tamb\u00e9m proporciona economia de tempo e dinheiro ao escolher o programa exato para cada necessidade. \u00e9 compacta por fora e grande por dentro, pois seca mais roupas que os principais concorrentes e tem o maior tambor da categoria. Ficha t\u00e9cnica C\u00f3digo 4147586667 C\u00f3digo de barras 7908198002321 Fabricante Midea Funcionalidade Lava e Seca Capacidade de secagem 7Kg Capacidade Total 11Kg Cor da porta Preta Recursos Storm Wash,Tambor 4D,Motor Inverter Consumo de Energia &#8211; \u00c1gua Quente (kWh\/ciclo 1,48 \/ 1,63 Tipo de Produto Lava e Seca Linha do Produto Storm Wash Dimens\u00f5es 68 X 87,5 X 69,5 Efici\u00eancia de Lavagem &#8211; \u00c1gua Quente 0,99 \/ 0,97 Cor da cabine Branco Modelo LSE11B2 Consumo de \u00c1gua (L\/ciclo 88,8 \/ 82,2 C\u00f3digo do produto LSE11B1 \/ LSE11B2 Tipo Lava e seca Abertura Frontal Consumo de Energia &#8211; \u00c1gua Fria (kWh\/ciclo 0,26 \/ 0,23 Capacidade 11 kg Marca Midea Efici\u00eancia de Lavagem &#8211; \u00c1gua Fria 0,90 \/ 0,89 Caracter\u00edsticas Normais Abertura vertical, Alta Velocidade de Centrifuga\u00e7\u00e3o, Autolimpeza, Compacto para sua casa, Fun\u00e7\u00e3o Lavar T\u00eanis, Modo Super R\u00e1pido, Sistema Inverter, Super Economia de \u00e1gua Frequ\u00eancia (Hz 60hz Cor Branco Classifica\u00e7\u00e3o Energ\u00e9tica A drying-capacity 7 kg Voltagem 110v<\/p>\n","protected":false},"featured_media":1223,"template":"","meta":{"_uag_custom_page_level_css":"","site-sidebar-layout":"default","site-content-layout":"default","ast-site-content-layout":"default","site-content-style":"default","site-sidebar-style":"default","ast-global-header-display":"","ast-banner-title-visibility":"","ast-main-header-display":"","ast-hfb-above-header-display":"","ast-hfb-below-header-display":"","ast-hfb-mobile-header-display":"","site-post-title":"","ast-breadcrumbs-content":"","ast-featured-img":"","footer-sml-layout":"","theme-transparent-header-meta":"default","adv-header-id-meta":"","stick-header-meta":"","header-above-stick-meta":"","header-main-stick-meta":"","header-below-stick-meta":"","astra-migrate-meta-layouts":"default","ast-page-background-enabled":"default","ast-page-background-meta":{"desktop":{"background-color":"","background-image":"","background-repeat":"repeat","background-position":"center center","background-size":"auto","background-attachment":"scroll","background-type":"","background-media":"","overlay-type":"","overlay-color":"","overlay-opacity":"","overlay-gradient":""},"tablet":{"background-color":"","background-image":"","background-repeat":"repeat","background-position":"center center","background-size":"auto","background-attachment":"scroll","background-type":"","background-media":"","overlay-type":"","overlay-color":"","overlay-opacity":"","overlay-gradient":""},"mobile":{"background-color":"","background-image":"","background-repeat":"repeat","background-position":"center center","background-size":"auto","background-attachment":"scroll","background-type":"","background-media":"","overlay-type":"","overlay-color":"","overlay-opacity":"","overlay-gradient":""}},"ast-content-background-meta":{"desktop":{"background-color":"var(--ast-global-color-5)","background-image":"","background-repeat":"repeat","background-position":"center center","background-size":"auto","background-attachment":"scroll","background-type":"","background-media":"","overlay-type":"","overlay-color":"","overlay-opacity":"","overlay-gradient":""},"tablet":{"background-color":"var(--ast-global-color-5)","background-image":"","background-repeat":"repeat","background-position":"center center","background-size":"auto","background-attachment":"scroll","background-type":"","background-media":"","overlay-type":"","overlay-color":"","overlay-opacity":"","overlay-gradient":""},"mobile":{"background-color":"var(--ast-global-color-5)","background-image":"","background-repeat":"repeat","background-position":"center center","background-size":"auto","background-attachment":"scroll","background-type":"","background-media":"","overlay-type":"","overlay-color":"","overlay-opacity":"","overlay-gradient":""}}},"product_brand":[],"product_cat":[28,29],"product_tag":[267,482,507],"class_list":{"0":"post-1222","1":"product","2":"type-product","3":"status-publish","4":"has-post-thumbnail","6":"product_cat-eletrodomesticos","7":"product_cat-lavadora","8":"product_tag-lava-e-seca","9":"product_tag-lavadora","10":"product_tag-midea","11":"desktop-align-center","12":"tablet-align-left","13":"mobile-align-center","15":"first","16":"instock","17":"sale","18":"shipping-taxable","19":"product-type-external"},"uagb_featured_image_src":{"full":["https:\/\/promocaododia.com.br\/site\/wp-content\/uploads\/2022\/11\/Lava-e-Seca-Midea-11kg-Storm-Wash-Inverter-Tambor-4D-Branca.jpg",600,600,false],"thumbnail":["https:\/\/promocaododia.com.br\/site\/wp-content\/uploads\/2022\/11\/Lava-e-Seca-Midea-11kg-Storm-Wash-Inverter-Tambor-4D-Branca-150x150.jpg",150,150,true],"medium":["https:\/\/promocaododia.com.br\/site\/wp-content\/uploads\/2022\/11\/Lava-e-Seca-Midea-11kg-Storm-Wash-Inverter-Tambor-4D-Branca-300x300.jpg",300,300,true],"medium_large":["https:\/\/promocaododia.com.br\/site\/wp-content\/uploads\/2022\/11\/Lava-e-Seca-Midea-11kg-Storm-Wash-Inverter-Tambor-4D-Branca.jpg",600,600,false],"large":["https:\/\/promocaododia.com.br\/site\/wp-content\/uploads\/2022\/11\/Lava-e-Seca-Midea-11kg-Storm-Wash-Inverter-Tambor-4D-Branca.jpg",600,600,false],"1536x1536":["https:\/\/promocaododia.com.br\/site\/wp-content\/uploads\/2022\/11\/Lava-e-Seca-Midea-11kg-Storm-Wash-Inverter-Tambor-4D-Branca.jpg",600,600,false],"2048x2048":["https:\/\/promocaododia.com.br\/site\/wp-content\/uploads\/2022\/11\/Lava-e-Seca-Midea-11kg-Storm-Wash-Inverter-Tambor-4D-Branca.jpg",600,600,false],"woocommerce_thumbnail":["https:\/\/promocaododia.com.br\/site\/wp-content\/uploads\/2022\/11\/Lava-e-Seca-Midea-11kg-Storm-Wash-Inverter-Tambor-4D-Branca-250x250.jpg",250,250,true],"woocommerce_single":["https:\/\/promocaododia.com.br\/site\/wp-content\/uploads\/2022\/11\/Lava-e-Seca-Midea-11kg-Storm-Wash-Inverter-Tambor-4D-Branca-250x250.jpg",250,250,true],"woocommerce_gallery_thumbnail":["https:\/\/promocaododia.com.br\/site\/wp-content\/uploads\/2022\/11\/Lava-e-Seca-Midea-11kg-Storm-Wash-Inverter-Tambor-4D-Branca-100x100.jpg",100,100,true]},"uagb_author_info":{"display_name":"danilo.gbr","author_link":"https:\/\/promocaododia.com.br\/site\/author\/"},"uagb_comment_info":0,"uagb_excerpt":"A nova Lava &amp; Seca Midea Storm Wash traz tecnologias exclusivas e solu\u00e7\u00f5es inteligentes que entregam uma excelente performance de lavagem e secagem com muita efici\u00eancia. O Storm Wash combina o exclusivo design 4D do tambor combinado com altas velocidades de rota\u00e7\u00e3o durante a lavagem cria poderosas ondas de \u00e1gua e sab\u00e3o, entregando uma performance&hellip;","_links":{"self":[{"href":"https:\/\/promocaododia.com.br\/site\/wp-json\/wp\/v2\/product\/1222","targetHints":{"allow":["GET"]}}],"collection":[{"href":"https:\/\/promocaododia.com.br\/site\/wp-json\/wp\/v2\/product"}],"about":[{"href":"https:\/\/promocaododia.com.br\/site\/wp-json\/wp\/v2\/types\/product"}],"wp:featuredmedia":[{"embeddable":true,"href":"https:\/\/promocaododia.com.br\/site\/wp-json\/wp\/v2\/media\/1223"}],"wp:attachment":[{"href":"https:\/\/promocaododia.com.br\/site\/wp-json\/wp\/v2\/media?parent=1222"}],"wp:term":[{"taxonomy":"product_brand","embeddable":true,"href":"https:\/\/promocaododia.com.br\/site\/wp-json\/wp\/v2\/product_brand?post=1222"},{"taxonomy":"product_cat","embeddable":true,"href":"https:\/\/promocaododia.com.br\/site\/wp-json\/wp\/v2\/product_cat?post=1222"},{"taxonomy":"product_tag","embeddable":true,"href":"https:\/\/promocaododia.com.br\/site\/wp-json\/wp\/v2\/product_tag?post=1222"}],"curies":[{"name":"wp","href":"https:\/\/api.w.org\/{rel}","templated":true}]}}