{"id":1224,"date":"2022-11-24T13:48:25","date_gmt":"2022-11-24T16:48:25","guid":{"rendered":"https:\/\/promocaododia.com.br\/site\/?post_type=product&#038;p=1224"},"modified":"2022-11-24T13:48:25","modified_gmt":"2022-11-24T16:48:25","slug":"jogo-de-panelas-eirilar-antiaderente-de-aluminio-grafite-14-pecas-especial","status":"publish","type":"product","link":"https:\/\/promocaododia.com.br\/site\/produto\/jogo-de-panelas-eirilar-antiaderente-de-aluminio-grafite-14-pecas-especial\/","title":{"rendered":"Jogo de Panelas Eirilar Antiaderente de Alum\u00ednio &#8211; Grafite 14 Pe\u00e7as Especial"},"content":{"rendered":"<p>O Jogo de Panelas Especial da Eirilar \u00e9 perfeito para trazer mais praticidade e versatilidade para sua cozinha, com v\u00e1rios utens\u00edlios para voc\u00ea fazer suas receitas. O conjunto \u00e9 composto por 14 pe\u00e7as lindas na cor grafite, entre panelas, formas e talheres. S\u00e3o 3 Ca\u00e7arolas e 2 panelas em alum\u00ednio grafite com revestimento interno antiaderente, que impede que os alimentos grudem, cabos\/al\u00e7as em pl\u00e1stico resistente e tampas em vidro com sa\u00edda de vapor. Vem ainda 3 frigideiras no mesmo material e em tamanhos diferentes, 1 fervedor, 1 assadeira, 1 forma redonda. Completando o kit, 1 colher de servir, 1 concha e 1 esp\u00e1tula, em nylon silicone que n\u00e3o arranham a superf\u00edcie das pe\u00e7as.<\/p>\n","protected":false},"excerpt":{"rendered":"<p>O Jogo de Panelas Especial da Eirilar \u00e9 perfeito para trazer mais praticidade e versatilidade para sua cozinha, com v\u00e1rios utens\u00edlios para voc\u00ea fazer suas receitas. O conjunto \u00e9 composto por 14 pe\u00e7as lindas na cor grafite, entre panelas, formas e talheres. S\u00e3o 3 Ca\u00e7arolas e 2 panelas em alum\u00ednio grafite com revestimento interno antiaderente, que impede que os alimentos grudem, cabos\/al\u00e7as em pl\u00e1stico resistente e tampas em vidro com sa\u00edda de vapor. Vem ainda 3 frigideiras no mesmo material e em tamanhos diferentes, 1 fervedor, 1 assadeira, 1 forma redonda. Completando o kit, 1 colher de servir, 1 concha e 1 esp\u00e1tula, em nylon silicone que n\u00e3o arranham a superf\u00edcie das pe\u00e7as.<\/p>\n","protected":false},"featured_media":1226,"template":"","meta":{"_uag_custom_page_level_css":"","site-sidebar-layout":"default","site-content-layout":"default","ast-site-content-layout":"default","site-content-style":"default","site-sidebar-style":"default","ast-global-header-display":"","ast-banner-title-visibility":"","ast-main-header-display":"","ast-hfb-above-header-display":"","ast-hfb-below-header-display":"","ast-hfb-mobile-header-display":"","site-post-title":"","ast-breadcrumbs-content":"","ast-featured-img":"","footer-sml-layout":"","theme-transparent-header-meta":"default","adv-header-id-meta":"","stick-header-meta":"","header-above-stick-meta":"","header-main-stick-meta":"","header-below-stick-meta":"","astra-migrate-meta-layouts":"default","ast-page-background-enabled":"default","ast-page-background-meta":{"desktop":{"background-color":"","background-image":"","background-repeat":"repeat","background-position":"center center","background-size":"auto","background-attachment":"scroll","background-type":"","background-media":"","overlay-type":"","overlay-color":"","overlay-opacity":"","overlay-gradient":""},"tablet":{"background-color":"","background-image":"","background-repeat":"repeat","background-position":"center center","background-size":"auto","background-attachment":"scroll","background-type":"","background-media":"","overlay-type":"","overlay-color":"","overlay-opacity":"","overlay-gradient":""},"mobile":{"background-color":"","background-image":"","background-repeat":"repeat","background-position":"center center","background-size":"auto","background-attachment":"scroll","background-type":"","background-media":"","overlay-type":"","overlay-color":"","overlay-opacity":"","overlay-gradient":""}},"ast-content-background-meta":{"desktop":{"background-color":"var(--ast-global-color-5)","background-image":"","background-repeat":"repeat","background-position":"center center","background-size":"auto","background-attachment":"scroll","background-type":"","background-media":"","overlay-type":"","overlay-color":"","overlay-opacity":"","overlay-gradient":""},"tablet":{"background-color":"var(--ast-global-color-5)","background-image":"","background-repeat":"repeat","background-position":"center center","background-size":"auto","background-attachment":"scroll","background-type":"","background-media":"","overlay-type":"","overlay-color":"","overlay-opacity":"","overlay-gradient":""},"mobile":{"background-color":"var(--ast-global-color-5)","background-image":"","background-repeat":"repeat","background-position":"center center","background-size":"auto","background-attachment":"scroll","background-type":"","background-media":"","overlay-type":"","overlay-color":"","overlay-opacity":"","overlay-gradient":""}}},"product_brand":[],"product_cat":[19,18],"product_tag":[432,206,117,344],"class_list":{"0":"post-1224","1":"product","2":"type-product","3":"status-publish","4":"has-post-thumbnail","6":"product_cat-conjunto-de-panelas","7":"product_cat-utensilios-para-cozinhar","8":"product_tag-casa","9":"product_tag-conjunto-de-panelas","10":"product_tag-cozinha","11":"product_tag-utensilios","12":"desktop-align-center","13":"tablet-align-left","14":"mobile-align-center","16":"first","17":"instock","18":"sale","19":"shipping-taxable","20":"product-type-external"},"uagb_featured_image_src":{"full":["https:\/\/promocaododia.com.br\/site\/wp-content\/uploads\/2022\/11\/Jogo-de-Panelas-Eirilar-Antiaderente-de-Aluminio-Grafite-14-Pecas-Especial-1.jpg",600,600,false],"thumbnail":["https:\/\/promocaododia.com.br\/site\/wp-content\/uploads\/2022\/11\/Jogo-de-Panelas-Eirilar-Antiaderente-de-Aluminio-Grafite-14-Pecas-Especial-1-150x150.jpg",150,150,true],"medium":["https:\/\/promocaododia.com.br\/site\/wp-content\/uploads\/2022\/11\/Jogo-de-Panelas-Eirilar-Antiaderente-de-Aluminio-Grafite-14-Pecas-Especial-1-300x300.jpg",300,300,true],"medium_large":["https:\/\/promocaododia.com.br\/site\/wp-content\/uploads\/2022\/11\/Jogo-de-Panelas-Eirilar-Antiaderente-de-Aluminio-Grafite-14-Pecas-Especial-1.jpg",600,600,false],"large":["https:\/\/promocaododia.com.br\/site\/wp-content\/uploads\/2022\/11\/Jogo-de-Panelas-Eirilar-Antiaderente-de-Aluminio-Grafite-14-Pecas-Especial-1.jpg",600,600,false],"1536x1536":["https:\/\/promocaododia.com.br\/site\/wp-content\/uploads\/2022\/11\/Jogo-de-Panelas-Eirilar-Antiaderente-de-Aluminio-Grafite-14-Pecas-Especial-1.jpg",600,600,false],"2048x2048":["https:\/\/promocaododia.com.br\/site\/wp-content\/uploads\/2022\/11\/Jogo-de-Panelas-Eirilar-Antiaderente-de-Aluminio-Grafite-14-Pecas-Especial-1.jpg",600,600,false],"woocommerce_thumbnail":["https:\/\/promocaododia.com.br\/site\/wp-content\/uploads\/2022\/11\/Jogo-de-Panelas-Eirilar-Antiaderente-de-Aluminio-Grafite-14-Pecas-Especial-1-250x250.jpg",250,250,true],"woocommerce_single":["https:\/\/promocaododia.com.br\/site\/wp-content\/uploads\/2022\/11\/Jogo-de-Panelas-Eirilar-Antiaderente-de-Aluminio-Grafite-14-Pecas-Especial-1-250x250.jpg",250,250,true],"woocommerce_gallery_thumbnail":["https:\/\/promocaododia.com.br\/site\/wp-content\/uploads\/2022\/11\/Jogo-de-Panelas-Eirilar-Antiaderente-de-Aluminio-Grafite-14-Pecas-Especial-1-100x100.jpg",100,100,true]},"uagb_author_info":{"display_name":"danilo.gbr","author_link":"https:\/\/promocaododia.com.br\/site\/author\/"},"uagb_comment_info":0,"uagb_excerpt":"O Jogo de Panelas Especial da Eirilar \u00e9 perfeito para trazer mais praticidade e versatilidade para sua cozinha, com v\u00e1rios utens\u00edlios para voc\u00ea fazer suas receitas. O conjunto \u00e9 composto por 14 pe\u00e7as lindas na cor grafite, entre panelas, formas e talheres. S\u00e3o 3 Ca\u00e7arolas e 2 panelas em alum\u00ednio grafite com revestimento interno antiaderente,&hellip;","_links":{"self":[{"href":"https:\/\/promocaododia.com.br\/site\/wp-json\/wp\/v2\/product\/1224","targetHints":{"allow":["GET"]}}],"collection":[{"href":"https:\/\/promocaododia.com.br\/site\/wp-json\/wp\/v2\/product"}],"about":[{"href":"https:\/\/promocaododia.com.br\/site\/wp-json\/wp\/v2\/types\/product"}],"wp:featuredmedia":[{"embeddable":true,"href":"https:\/\/promocaododia.com.br\/site\/wp-json\/wp\/v2\/media\/1226"}],"wp:attachment":[{"href":"https:\/\/promocaododia.com.br\/site\/wp-json\/wp\/v2\/media?parent=1224"}],"wp:term":[{"taxonomy":"product_brand","embeddable":true,"href":"https:\/\/promocaododia.com.br\/site\/wp-json\/wp\/v2\/product_brand?post=1224"},{"taxonomy":"product_cat","embeddable":true,"href":"https:\/\/promocaododia.com.br\/site\/wp-json\/wp\/v2\/product_cat?post=1224"},{"taxonomy":"product_tag","embeddable":true,"href":"https:\/\/promocaododia.com.br\/site\/wp-json\/wp\/v2\/product_tag?post=1224"}],"curies":[{"name":"wp","href":"https:\/\/api.w.org\/{rel}","templated":true}]}}