{"id":1227,"date":"2022-11-24T14:14:29","date_gmt":"2022-11-24T17:14:29","guid":{"rendered":"https:\/\/promocaododia.com.br\/site\/?post_type=product&#038;p=1227"},"modified":"2022-11-24T14:14:29","modified_gmt":"2022-11-24T17:14:29","slug":"cooktop-4-bocas-ultrachama-preto","status":"publish","type":"product","link":"https:\/\/promocaododia.com.br\/site\/produto\/cooktop-4-bocas-ultrachama-preto\/","title":{"rendered":"Cooktop 4 Bocas Ultrachama Preto"},"content":{"rendered":"<p>Cooktop 4 Bocas Chamalux com Ultra Chama Bivolt<\/p>\n<p>Est\u00e1 precisando de um Cooktop 4 Bocas extremamente sofisticado, com um queimador Ultra Chama e com facilidade de limpeza? Temos uma op\u00e7\u00e3o imperd\u00edvel para voce!<\/p>\n<p>Al\u00e9m dos benef\u00edcios j\u00e1 citados o Cooktop apresenta Classifica\u00e7\u00e3o a, com acendimento inteligente (acende ao pressionar o bot\u00e3o), bot\u00f5es de f\u00e1cil manuseio, grades esmaltadas com sistema de encaixe (mais seguran\u00e7a e facilidade de limpeza), mesa de vidro temperado que oferece mais resist\u00eancia e durabilidade no seu dia a dia. e queimadores esmaltados.<\/p>\n<p>Ainda n\u00e3o est\u00e1 convencido? O Cooktop 4 Bocas apresenta 01 queimador Ultra Chama, ou seja, com alta potencia que proporciona maior velocidade no preparo do alimento.<\/p>\n<p>dicas de conserva\u00e7\u00e3o:<\/p>\n<p>&#8211; Manchas ou alimentos derramados devem ser imediatamente retirados da \u00e1rea de coc\u00e7\u00e3o, de prefer\u00eancia enquanto ainda estiver morna, a fim de facilitar a remo\u00e7\u00e3o da sujeira.<br \/>\n&#8211; Nunca use produtos abrasivos na superf\u00edcie.<br \/>\n&#8211; As grelhas e queimadores podem ser retiradas e lavadas de maneira convencional. Certifique-se que foram bem secados antes de retornar com as pe\u00e7as para seus devidos lugares.<\/p>\n<p>ATEN\u00c7\u00c3O:<\/p>\n<p>&#8211; N\u00e3o nos responsabilizamos pela montagem \/ instala\u00e7\u00e3o dos produtos.<br \/>\n&#8211; Imagens meramente ilustrativas.<br \/>\n&#8211; Verifique com os fabricantes dos produtos eventuais limita\u00e7\u00f5es \u00e0 utiliza\u00e7\u00e3o de todos os recursos e funcionalidades.<br \/>\n&#8211; Os cooktops saem de f\u00e1brica para uso de g\u00e1s glp.<\/p>\n<p>informa\u00e7\u00f5es t\u00e9cnicas:<\/p>\n<p>Marca: ChamaLux<br \/>\nModelo: Cooktop 4 Bocas Ultra Chama<br \/>\nReferencia Fornecedor: 0044<br \/>\nCor: Preto<br \/>\nQuantidade de queimadores \/ bocas: 4<br \/>\nQuantidade de Queimadores Semi-R\u00e1pido: 3 de 1750W<br \/>\nQuantidade de Queimadores Ultra Chama: 1 de 2200W<\/p>\n<p>Necessita instala\u00e7\u00e3o: Sim<\/p>\n<p>Dimens\u00f5es do produto sem embalagem (cm): 46,0 (p) x 55,0 (l)<br \/>\nDimens\u00f5es para o Encaixe do Cooktop (cm): 36,5 x 50,0<br \/>\nPeso do produto com embalagem (kg): 8,0<\/p>\n<p>Garantia: 12 meses<br \/>\nsac: 0800 032 6111<\/p>\n","protected":false},"excerpt":{"rendered":"<p>Cooktop 4 Bocas Chamalux com Ultra Chama Bivolt Est\u00e1 precisando de um Cooktop 4 Bocas extremamente sofisticado, com um queimador Ultra Chama e com facilidade de limpeza? Temos uma op\u00e7\u00e3o imperd\u00edvel para voce! Al\u00e9m dos benef\u00edcios j\u00e1 citados o Cooktop apresenta Classifica\u00e7\u00e3o a, com acendimento inteligente (acende ao pressionar o bot\u00e3o), bot\u00f5es de f\u00e1cil manuseio, grades esmaltadas com sistema de encaixe (mais seguran\u00e7a e facilidade de limpeza), mesa de vidro temperado que oferece mais resist\u00eancia e durabilidade no seu dia a dia. e queimadores esmaltados. Ainda n\u00e3o est\u00e1 convencido? O Cooktop 4 Bocas apresenta 01 queimador Ultra Chama, ou seja, com alta potencia que proporciona maior velocidade no preparo do alimento. dicas de conserva\u00e7\u00e3o: &#8211; Manchas ou alimentos derramados devem ser imediatamente retirados da \u00e1rea de coc\u00e7\u00e3o, de prefer\u00eancia enquanto ainda estiver morna, a fim de facilitar a remo\u00e7\u00e3o da sujeira. &#8211; Nunca use produtos abrasivos na superf\u00edcie. &#8211; As grelhas e queimadores podem ser retiradas e lavadas de maneira convencional. Certifique-se que foram bem secados antes de retornar com as pe\u00e7as para seus devidos lugares. ATEN\u00c7\u00c3O: &#8211; N\u00e3o nos responsabilizamos pela montagem \/ instala\u00e7\u00e3o dos produtos. &#8211; Imagens meramente ilustrativas. &#8211; Verifique com os fabricantes dos produtos eventuais limita\u00e7\u00f5es \u00e0 utiliza\u00e7\u00e3o de todos os recursos e funcionalidades. &#8211; Os cooktops saem de f\u00e1brica para uso de g\u00e1s glp. informa\u00e7\u00f5es t\u00e9cnicas: Marca: ChamaLux Modelo: Cooktop 4 Bocas Ultra Chama Referencia Fornecedor: 0044 Cor: Preto Quantidade de queimadores \/ bocas: 4 Quantidade de Queimadores Semi-R\u00e1pido: 3 de 1750W Quantidade de Queimadores Ultra Chama: 1 de 2200W Necessita instala\u00e7\u00e3o: Sim Dimens\u00f5es do produto sem embalagem (cm): 46,0 (p) x 55,0 (l) Dimens\u00f5es para o Encaixe do Cooktop (cm): 36,5 x 50,0 Peso do produto com embalagem (kg): 8,0 Garantia: 12 meses sac: 0800 032 6111<\/p>\n","protected":false},"featured_media":1228,"template":"","meta":{"_uag_custom_page_level_css":"","site-sidebar-layout":"default","site-content-layout":"default","ast-site-content-layout":"default","site-content-style":"default","site-sidebar-style":"default","ast-global-header-display":"","ast-banner-title-visibility":"","ast-main-header-display":"","ast-hfb-above-header-display":"","ast-hfb-below-header-display":"","ast-hfb-mobile-header-display":"","site-post-title":"","ast-breadcrumbs-content":"","ast-featured-img":"","footer-sml-layout":"","theme-transparent-header-meta":"default","adv-header-id-meta":"","stick-header-meta":"","header-above-stick-meta":"","header-main-stick-meta":"","header-below-stick-meta":"","astra-migrate-meta-layouts":"default","ast-page-background-enabled":"default","ast-page-background-meta":{"desktop":{"background-color":"","background-image":"","background-repeat":"repeat","background-position":"center center","background-size":"auto","background-attachment":"scroll","background-type":"","background-media":"","overlay-type":"","overlay-color":"","overlay-opacity":"","overlay-gradient":""},"tablet":{"background-color":"","background-image":"","background-repeat":"repeat","background-position":"center center","background-size":"auto","background-attachment":"scroll","background-type":"","background-media":"","overlay-type":"","overlay-color":"","overlay-opacity":"","overlay-gradient":""},"mobile":{"background-color":"","background-image":"","background-repeat":"repeat","background-position":"center center","background-size":"auto","background-attachment":"scroll","background-type":"","background-media":"","overlay-type":"","overlay-color":"","overlay-opacity":"","overlay-gradient":""}},"ast-content-background-meta":{"desktop":{"background-color":"var(--ast-global-color-5)","background-image":"","background-repeat":"repeat","background-position":"center center","background-size":"auto","background-attachment":"scroll","background-type":"","background-media":"","overlay-type":"","overlay-color":"","overlay-opacity":"","overlay-gradient":""},"tablet":{"background-color":"var(--ast-global-color-5)","background-image":"","background-repeat":"repeat","background-position":"center center","background-size":"auto","background-attachment":"scroll","background-type":"","background-media":"","overlay-type":"","overlay-color":"","overlay-opacity":"","overlay-gradient":""},"mobile":{"background-color":"var(--ast-global-color-5)","background-image":"","background-repeat":"repeat","background-position":"center center","background-size":"auto","background-attachment":"scroll","background-type":"","background-media":"","overlay-type":"","overlay-color":"","overlay-opacity":"","overlay-gradient":""}}},"product_brand":[],"product_cat":[153,18],"product_tag":[489,487,117],"class_list":{"0":"post-1227","1":"product","2":"type-product","3":"status-publish","4":"has-post-thumbnail","6":"product_cat-casa-e-construcao","7":"product_cat-utensilios-para-cozinhar","8":"product_tag-casa-e-construcao","9":"product_tag-cooktop","10":"product_tag-cozinha","11":"desktop-align-center","12":"tablet-align-left","13":"mobile-align-center","15":"first","16":"instock","17":"sale","18":"shipping-taxable","19":"product-type-external"},"uagb_featured_image_src":{"full":["https:\/\/promocaododia.com.br\/site\/wp-content\/uploads\/2022\/11\/Cooktop-4-Bocas-Ultrachama-Preto.jpg",600,600,false],"thumbnail":["https:\/\/promocaododia.com.br\/site\/wp-content\/uploads\/2022\/11\/Cooktop-4-Bocas-Ultrachama-Preto-150x150.jpg",150,150,true],"medium":["https:\/\/promocaododia.com.br\/site\/wp-content\/uploads\/2022\/11\/Cooktop-4-Bocas-Ultrachama-Preto-300x300.jpg",300,300,true],"medium_large":["https:\/\/promocaododia.com.br\/site\/wp-content\/uploads\/2022\/11\/Cooktop-4-Bocas-Ultrachama-Preto.jpg",600,600,false],"large":["https:\/\/promocaododia.com.br\/site\/wp-content\/uploads\/2022\/11\/Cooktop-4-Bocas-Ultrachama-Preto.jpg",600,600,false],"1536x1536":["https:\/\/promocaododia.com.br\/site\/wp-content\/uploads\/2022\/11\/Cooktop-4-Bocas-Ultrachama-Preto.jpg",600,600,false],"2048x2048":["https:\/\/promocaododia.com.br\/site\/wp-content\/uploads\/2022\/11\/Cooktop-4-Bocas-Ultrachama-Preto.jpg",600,600,false],"woocommerce_thumbnail":["https:\/\/promocaododia.com.br\/site\/wp-content\/uploads\/2022\/11\/Cooktop-4-Bocas-Ultrachama-Preto-250x250.jpg",250,250,true],"woocommerce_single":["https:\/\/promocaododia.com.br\/site\/wp-content\/uploads\/2022\/11\/Cooktop-4-Bocas-Ultrachama-Preto-250x250.jpg",250,250,true],"woocommerce_gallery_thumbnail":["https:\/\/promocaododia.com.br\/site\/wp-content\/uploads\/2022\/11\/Cooktop-4-Bocas-Ultrachama-Preto-100x100.jpg",100,100,true]},"uagb_author_info":{"display_name":"danilo.gbr","author_link":"https:\/\/promocaododia.com.br\/site\/author\/"},"uagb_comment_info":0,"uagb_excerpt":"Cooktop 4 Bocas Chamalux com Ultra Chama Bivolt Est\u00e1 precisando de um Cooktop 4 Bocas extremamente sofisticado, com um queimador Ultra Chama e com facilidade de limpeza? Temos uma op\u00e7\u00e3o imperd\u00edvel para voce! Al\u00e9m dos benef\u00edcios j\u00e1 citados o Cooktop apresenta Classifica\u00e7\u00e3o a, com acendimento inteligente (acende ao pressionar o bot\u00e3o), bot\u00f5es de f\u00e1cil manuseio,&hellip;","_links":{"self":[{"href":"https:\/\/promocaododia.com.br\/site\/wp-json\/wp\/v2\/product\/1227","targetHints":{"allow":["GET"]}}],"collection":[{"href":"https:\/\/promocaododia.com.br\/site\/wp-json\/wp\/v2\/product"}],"about":[{"href":"https:\/\/promocaododia.com.br\/site\/wp-json\/wp\/v2\/types\/product"}],"wp:featuredmedia":[{"embeddable":true,"href":"https:\/\/promocaododia.com.br\/site\/wp-json\/wp\/v2\/media\/1228"}],"wp:attachment":[{"href":"https:\/\/promocaododia.com.br\/site\/wp-json\/wp\/v2\/media?parent=1227"}],"wp:term":[{"taxonomy":"product_brand","embeddable":true,"href":"https:\/\/promocaododia.com.br\/site\/wp-json\/wp\/v2\/product_brand?post=1227"},{"taxonomy":"product_cat","embeddable":true,"href":"https:\/\/promocaododia.com.br\/site\/wp-json\/wp\/v2\/product_cat?post=1227"},{"taxonomy":"product_tag","embeddable":true,"href":"https:\/\/promocaododia.com.br\/site\/wp-json\/wp\/v2\/product_tag?post=1227"}],"curies":[{"name":"wp","href":"https:\/\/api.w.org\/{rel}","templated":true}]}}