{"id":1232,"date":"2022-11-25T18:41:31","date_gmt":"2022-11-25T21:41:31","guid":{"rendered":"https:\/\/promocaododia.com.br\/site\/?post_type=product&#038;p=1232"},"modified":"2022-11-25T18:41:31","modified_gmt":"2022-11-25T21:41:31","slug":"micro-ondas-philco-34-litros-espelhado-branco-pmo34eb-127-volts","status":"publish","type":"product","link":"https:\/\/promocaododia.com.br\/site\/produto\/micro-ondas-philco-34-litros-espelhado-branco-pmo34eb-127-volts\/","title":{"rendered":"Micro-ondas Philco 34 Litros Espelhado Branco PMO34EB 127 Volts"},"content":{"rendered":"<p>Micro-ondas Philco 34 Litros Espelhado Branco PMO34EB \u2013 127 Volts<\/p>\n<p>O Micro-ondas Philco 34 Litros Espelhado Branco PMO34EB tem pintura Limpa F\u00e1cil especial que n\u00e3o permite que a sujeira grude nas paredes internas do micro-ondas, facilitando a limpeza do mesmo. A tecla Tira Odor \u00e9 excelente para remo\u00e7\u00e3o de cheiro deixado pelo preparo de alimentos no interior do aparelho. Tamb\u00e9m tem a Fun\u00e7\u00e3o travar e o teclado ser\u00e1 bloqueado. Fun\u00e7\u00e3o display que permite apagar o display do produto. Fun\u00e7\u00e3o Display\/Sound que desliga o visor, se pressionar e segurar o bot\u00e3o por 3 segundos, o som do teclado desligar\u00e1 e Menu FIT que permite cozinhar batata, sopa e legumes.<\/p>\n<p>Tirar odor:<\/p>\n<p>Auxilia na elimina\u00e7\u00e3o do cheiro deixado durante a prepara\u00e7\u00e3o do alimento. Apertando est\u00e1 tecla, voc\u00ea remove odores que tenham ficado no interior do produto.<\/p>\n<p>Fun\u00e7\u00e3o descongelar:<\/p>\n<p>Descongela por tempo ou por peso.<\/p>\n<p>Fun\u00e7\u00e3o travar:<\/p>\n<p>O teclado ser\u00e1 bloqueado.<\/p>\n<p>Fun\u00e7\u00e3o display:<\/p>\n<p>Permite apagar o display do produto.<\/p>\n<p>Fun\u00e7\u00e3o Display\/Sound:<\/p>\n<p>Ao pressionar o bot\u00e3o uma vez desliga o visor, se pressionar e segurar o bot\u00e3o por 3 segundos, o som do teclado desligar\u00e1.<\/p>\n<p>Menu FIT:<\/p>\n<p>\u00c9 poss\u00edvel cozinhar batata, sopa e legumes.<\/p>\n<p>Imagem Meramente Ilustrativa<\/p>\n","protected":false},"excerpt":{"rendered":"<p>Micro-ondas Philco 34 Litros Espelhado Branco PMO34EB \u2013 127 Volts O Micro-ondas Philco 34 Litros Espelhado Branco PMO34EB tem pintura Limpa F\u00e1cil especial que n\u00e3o permite que a sujeira grude nas paredes internas do micro-ondas, facilitando a limpeza do mesmo. A tecla Tira Odor \u00e9 excelente para remo\u00e7\u00e3o de cheiro deixado pelo preparo de alimentos no interior do aparelho. Tamb\u00e9m tem a Fun\u00e7\u00e3o travar e o teclado ser\u00e1 bloqueado. Fun\u00e7\u00e3o display que permite apagar o display do produto. Fun\u00e7\u00e3o Display\/Sound que desliga o visor, se pressionar e segurar o bot\u00e3o por 3 segundos, o som do teclado desligar\u00e1 e Menu FIT que permite cozinhar batata, sopa e legumes. Tirar odor: Auxilia na elimina\u00e7\u00e3o do cheiro deixado durante a prepara\u00e7\u00e3o do alimento. Apertando est\u00e1 tecla, voc\u00ea remove odores que tenham ficado no interior do produto. Fun\u00e7\u00e3o descongelar: Descongela por tempo ou por peso. Fun\u00e7\u00e3o travar: O teclado ser\u00e1 bloqueado. Fun\u00e7\u00e3o display: Permite apagar o display do produto. Fun\u00e7\u00e3o Display\/Sound: Ao pressionar o bot\u00e3o uma vez desliga o visor, se pressionar e segurar o bot\u00e3o por 3 segundos, o som do teclado desligar\u00e1. Menu FIT: \u00c9 poss\u00edvel cozinhar batata, sopa e legumes. Imagem Meramente Ilustrativa<\/p>\n","protected":false},"featured_media":1233,"template":"","meta":{"_uag_custom_page_level_css":"","site-sidebar-layout":"default","site-content-layout":"default","ast-site-content-layout":"default","site-content-style":"default","site-sidebar-style":"default","ast-global-header-display":"","ast-banner-title-visibility":"","ast-main-header-display":"","ast-hfb-above-header-display":"","ast-hfb-below-header-display":"","ast-hfb-mobile-header-display":"","site-post-title":"","ast-breadcrumbs-content":"","ast-featured-img":"","footer-sml-layout":"","theme-transparent-header-meta":"default","adv-header-id-meta":"","stick-header-meta":"","header-above-stick-meta":"","header-main-stick-meta":"","header-below-stick-meta":"","astra-migrate-meta-layouts":"default","ast-page-background-enabled":"default","ast-page-background-meta":{"desktop":{"background-color":"","background-image":"","background-repeat":"repeat","background-position":"center center","background-size":"auto","background-attachment":"scroll","background-type":"","background-media":"","overlay-type":"","overlay-color":"","overlay-opacity":"","overlay-gradient":""},"tablet":{"background-color":"","background-image":"","background-repeat":"repeat","background-position":"center center","background-size":"auto","background-attachment":"scroll","background-type":"","background-media":"","overlay-type":"","overlay-color":"","overlay-opacity":"","overlay-gradient":""},"mobile":{"background-color":"","background-image":"","background-repeat":"repeat","background-position":"center center","background-size":"auto","background-attachment":"scroll","background-type":"","background-media":"","overlay-type":"","overlay-color":"","overlay-opacity":"","overlay-gradient":""}},"ast-content-background-meta":{"desktop":{"background-color":"var(--ast-global-color-5)","background-image":"","background-repeat":"repeat","background-position":"center center","background-size":"auto","background-attachment":"scroll","background-type":"","background-media":"","overlay-type":"","overlay-color":"","overlay-opacity":"","overlay-gradient":""},"tablet":{"background-color":"var(--ast-global-color-5)","background-image":"","background-repeat":"repeat","background-position":"center center","background-size":"auto","background-attachment":"scroll","background-type":"","background-media":"","overlay-type":"","overlay-color":"","overlay-opacity":"","overlay-gradient":""},"mobile":{"background-color":"var(--ast-global-color-5)","background-image":"","background-repeat":"repeat","background-position":"center center","background-size":"auto","background-attachment":"scroll","background-type":"","background-media":"","overlay-type":"","overlay-color":"","overlay-opacity":"","overlay-gradient":""}}},"product_brand":[],"product_cat":[28,484],"product_tag":[485],"class_list":{"0":"post-1232","1":"product","2":"type-product","3":"status-publish","4":"has-post-thumbnail","6":"product_cat-eletrodomesticos","7":"product_cat-micro-ondas","8":"product_tag-micro-ondas","9":"desktop-align-center","10":"tablet-align-left","11":"mobile-align-center","13":"first","14":"instock","15":"sale","16":"shipping-taxable","17":"product-type-external"},"uagb_featured_image_src":{"full":["https:\/\/promocaododia.com.br\/site\/wp-content\/uploads\/2022\/11\/Micro-ondas-Philco-34-Litros-Espelhado-Branco-PMO34EB-127-Volts.jpg",600,600,false],"thumbnail":["https:\/\/promocaododia.com.br\/site\/wp-content\/uploads\/2022\/11\/Micro-ondas-Philco-34-Litros-Espelhado-Branco-PMO34EB-127-Volts-150x150.jpg",150,150,true],"medium":["https:\/\/promocaododia.com.br\/site\/wp-content\/uploads\/2022\/11\/Micro-ondas-Philco-34-Litros-Espelhado-Branco-PMO34EB-127-Volts-300x300.jpg",300,300,true],"medium_large":["https:\/\/promocaododia.com.br\/site\/wp-content\/uploads\/2022\/11\/Micro-ondas-Philco-34-Litros-Espelhado-Branco-PMO34EB-127-Volts.jpg",600,600,false],"large":["https:\/\/promocaododia.com.br\/site\/wp-content\/uploads\/2022\/11\/Micro-ondas-Philco-34-Litros-Espelhado-Branco-PMO34EB-127-Volts.jpg",600,600,false],"1536x1536":["https:\/\/promocaododia.com.br\/site\/wp-content\/uploads\/2022\/11\/Micro-ondas-Philco-34-Litros-Espelhado-Branco-PMO34EB-127-Volts.jpg",600,600,false],"2048x2048":["https:\/\/promocaododia.com.br\/site\/wp-content\/uploads\/2022\/11\/Micro-ondas-Philco-34-Litros-Espelhado-Branco-PMO34EB-127-Volts.jpg",600,600,false],"woocommerce_thumbnail":["https:\/\/promocaododia.com.br\/site\/wp-content\/uploads\/2022\/11\/Micro-ondas-Philco-34-Litros-Espelhado-Branco-PMO34EB-127-Volts-250x250.jpg",250,250,true],"woocommerce_single":["https:\/\/promocaododia.com.br\/site\/wp-content\/uploads\/2022\/11\/Micro-ondas-Philco-34-Litros-Espelhado-Branco-PMO34EB-127-Volts-250x250.jpg",250,250,true],"woocommerce_gallery_thumbnail":["https:\/\/promocaododia.com.br\/site\/wp-content\/uploads\/2022\/11\/Micro-ondas-Philco-34-Litros-Espelhado-Branco-PMO34EB-127-Volts-100x100.jpg",100,100,true]},"uagb_author_info":{"display_name":"danilo.gbr","author_link":"https:\/\/promocaododia.com.br\/site\/author\/"},"uagb_comment_info":0,"uagb_excerpt":"Micro-ondas Philco 34 Litros Espelhado Branco PMO34EB \u2013 127 Volts O Micro-ondas Philco 34 Litros Espelhado Branco PMO34EB tem pintura Limpa F\u00e1cil especial que n\u00e3o permite que a sujeira grude nas paredes internas do micro-ondas, facilitando a limpeza do mesmo. A tecla Tira Odor \u00e9 excelente para remo\u00e7\u00e3o de cheiro deixado pelo preparo de alimentos&hellip;","_links":{"self":[{"href":"https:\/\/promocaododia.com.br\/site\/wp-json\/wp\/v2\/product\/1232","targetHints":{"allow":["GET"]}}],"collection":[{"href":"https:\/\/promocaododia.com.br\/site\/wp-json\/wp\/v2\/product"}],"about":[{"href":"https:\/\/promocaododia.com.br\/site\/wp-json\/wp\/v2\/types\/product"}],"wp:featuredmedia":[{"embeddable":true,"href":"https:\/\/promocaododia.com.br\/site\/wp-json\/wp\/v2\/media\/1233"}],"wp:attachment":[{"href":"https:\/\/promocaododia.com.br\/site\/wp-json\/wp\/v2\/media?parent=1232"}],"wp:term":[{"taxonomy":"product_brand","embeddable":true,"href":"https:\/\/promocaododia.com.br\/site\/wp-json\/wp\/v2\/product_brand?post=1232"},{"taxonomy":"product_cat","embeddable":true,"href":"https:\/\/promocaododia.com.br\/site\/wp-json\/wp\/v2\/product_cat?post=1232"},{"taxonomy":"product_tag","embeddable":true,"href":"https:\/\/promocaododia.com.br\/site\/wp-json\/wp\/v2\/product_tag?post=1232"}],"curies":[{"name":"wp","href":"https:\/\/api.w.org\/{rel}","templated":true}]}}