{"id":1236,"date":"2022-11-25T18:54:57","date_gmt":"2022-11-25T21:54:57","guid":{"rendered":"https:\/\/promocaododia.com.br\/site\/?post_type=product&#038;p=1236"},"modified":"2022-11-25T18:54:57","modified_gmt":"2022-11-25T21:54:57","slug":"lavadora-de-alta-pressao-electrolux-1450w-amarela-ews30-127-volts","status":"publish","type":"product","link":"https:\/\/promocaododia.com.br\/site\/produto\/lavadora-de-alta-pressao-electrolux-1450w-amarela-ews30-127-volts\/","title":{"rendered":"Lavadora de Alta Press\u00e3o Electrolux 1450W Amarela EWS30 &#8211; 127 Volts"},"content":{"rendered":"<p>Lavadora de Alta Press\u00e3o Electrolux 1450W Amarela EWS30 &#8211; 127 Volts<\/p>\n<p>A Lavadora de Alta Press\u00e3o Electrolux 1450W Amarela EWS30 &#8211; 127 Volts \u00e9 para voc\u00ea que busca uma limpeza completa, chegou a Lavadora de Alta Press\u00e3o PowerWash Eco. Com 1450W de pot\u00eancia e press\u00e3o m\u00e1xima de 1800 psi, funciona na medida certa para limpar de forma eficiente e com maior economia de \u00e1gua e energia el\u00e9trica.<\/p>\n<p>Press\u00e3o na Medida Certa:<\/p>\n<p>Press\u00e3o m\u00e1xima de 1800psi, na medida certa para uma limpeza completa e econ\u00f4mica, sem desperd\u00edcios de \u00e1gua e energia.<\/p>\n<p>Consumo Econ\u00f4mico:<\/p>\n<p>A vaz\u00e3o de 300 l\/h corresponde a um consumo de \u00e1gua 80% menor, se comparado ao de uma mangueira comum. Durante 1h de uso, o consumo da PowerWash Eco cai para 300l\/h \u2013 quantidade que seria de 2.800 l\/h. Muita economia nas tarefas do dia a dia.<\/p>\n<p>Prote\u00e7\u00e3o em caso de Superaquecimento:<\/p>\n<p>A Lavadora de Alta Press\u00e3o EWS30 conta com exclusivo protetor t\u00e9rmico, que a desliga automaticamente no caso de superaquecimento.<\/p>\n<p>Sistema &#8220;Stop Total&#8221;:<\/p>\n<p>Ao desacionar o gatilho, o dispositivo eletr\u00f4nico Stop Total interrompe completamente o fornecimento da \u00e1gua e o funcionamento do motor da Lavadora. Maior seguran\u00e7a durante o uso, com economia de energia, comodidade e conserva\u00e7\u00e3o da vida \u00fatil do aparelho.<\/p>\n<p>Ajuste de Jato:<\/p>\n<p>Possui bico vario, que permite o ajuste do jato e o deixa concentrado ou em formato de leque. Ideal para aquelas sujeiras mais dif\u00edceis ou para regar plantas. Acompanha, tamb\u00e9m, os acess\u00f3rios shampoozeira e agulha de limpeza.<\/p>\n<p>Rodas e Al\u00e7a para Transporte:<\/p>\n<p>Use a PowerWash Eco e guarde-a, sempre com muita praticidade para o seu dia a dia.<\/p>\n<p>Imagem Meramente Ilustrativa<\/p>\n","protected":false},"excerpt":{"rendered":"<p>Lavadora de Alta Press\u00e3o Electrolux 1450W Amarela EWS30 &#8211; 127 Volts A Lavadora de Alta Press\u00e3o Electrolux 1450W Amarela EWS30 &#8211; 127 Volts \u00e9 para voc\u00ea que busca uma limpeza completa, chegou a Lavadora de Alta Press\u00e3o PowerWash Eco. Com 1450W de pot\u00eancia e press\u00e3o m\u00e1xima de 1800 psi, funciona na medida certa para limpar de forma eficiente e com maior economia de \u00e1gua e energia el\u00e9trica. Press\u00e3o na Medida Certa: Press\u00e3o m\u00e1xima de 1800psi, na medida certa para uma limpeza completa e econ\u00f4mica, sem desperd\u00edcios de \u00e1gua e energia. Consumo Econ\u00f4mico: A vaz\u00e3o de 300 l\/h corresponde a um consumo de \u00e1gua 80% menor, se comparado ao de uma mangueira comum. Durante 1h de uso, o consumo da PowerWash Eco cai para 300l\/h \u2013 quantidade que seria de 2.800 l\/h. Muita economia nas tarefas do dia a dia. Prote\u00e7\u00e3o em caso de Superaquecimento: A Lavadora de Alta Press\u00e3o EWS30 conta com exclusivo protetor t\u00e9rmico, que a desliga automaticamente no caso de superaquecimento. Sistema &#8220;Stop Total&#8221;: Ao desacionar o gatilho, o dispositivo eletr\u00f4nico Stop Total interrompe completamente o fornecimento da \u00e1gua e o funcionamento do motor da Lavadora. Maior seguran\u00e7a durante o uso, com economia de energia, comodidade e conserva\u00e7\u00e3o da vida \u00fatil do aparelho. Ajuste de Jato: Possui bico vario, que permite o ajuste do jato e o deixa concentrado ou em formato de leque. Ideal para aquelas sujeiras mais dif\u00edceis ou para regar plantas. Acompanha, tamb\u00e9m, os acess\u00f3rios shampoozeira e agulha de limpeza. Rodas e Al\u00e7a para Transporte: Use a PowerWash Eco e guarde-a, sempre com muita praticidade para o seu dia a dia. Imagem Meramente Ilustrativa<\/p>\n","protected":false},"featured_media":1237,"template":"","meta":{"_uag_custom_page_level_css":"","site-sidebar-layout":"default","site-content-layout":"default","ast-site-content-layout":"default","site-content-style":"default","site-sidebar-style":"default","ast-global-header-display":"","ast-banner-title-visibility":"","ast-main-header-display":"","ast-hfb-above-header-display":"","ast-hfb-below-header-display":"","ast-hfb-mobile-header-display":"","site-post-title":"","ast-breadcrumbs-content":"","ast-featured-img":"","footer-sml-layout":"","theme-transparent-header-meta":"default","adv-header-id-meta":"","stick-header-meta":"","header-above-stick-meta":"","header-main-stick-meta":"","header-below-stick-meta":"","astra-migrate-meta-layouts":"default","ast-page-background-enabled":"default","ast-page-background-meta":{"desktop":{"background-color":"","background-image":"","background-repeat":"repeat","background-position":"center center","background-size":"auto","background-attachment":"scroll","background-type":"","background-media":"","overlay-type":"","overlay-color":"","overlay-opacity":"","overlay-gradient":""},"tablet":{"background-color":"","background-image":"","background-repeat":"repeat","background-position":"center center","background-size":"auto","background-attachment":"scroll","background-type":"","background-media":"","overlay-type":"","overlay-color":"","overlay-opacity":"","overlay-gradient":""},"mobile":{"background-color":"","background-image":"","background-repeat":"repeat","background-position":"center center","background-size":"auto","background-attachment":"scroll","background-type":"","background-media":"","overlay-type":"","overlay-color":"","overlay-opacity":"","overlay-gradient":""}},"ast-content-background-meta":{"desktop":{"background-color":"var(--ast-global-color-5)","background-image":"","background-repeat":"repeat","background-position":"center center","background-size":"auto","background-attachment":"scroll","background-type":"","background-media":"","overlay-type":"","overlay-color":"","overlay-opacity":"","overlay-gradient":""},"tablet":{"background-color":"var(--ast-global-color-5)","background-image":"","background-repeat":"repeat","background-position":"center center","background-size":"auto","background-attachment":"scroll","background-type":"","background-media":"","overlay-type":"","overlay-color":"","overlay-opacity":"","overlay-gradient":""},"mobile":{"background-color":"var(--ast-global-color-5)","background-image":"","background-repeat":"repeat","background-position":"center center","background-size":"auto","background-attachment":"scroll","background-type":"","background-media":"","overlay-type":"","overlay-color":"","overlay-opacity":"","overlay-gradient":""}}},"product_brand":[],"product_cat":[153],"product_tag":[489,545,544],"class_list":{"0":"post-1236","1":"product","2":"type-product","3":"status-publish","4":"has-post-thumbnail","6":"product_cat-casa-e-construcao","7":"product_tag-casa-e-construcao","8":"product_tag-eletrodomestico","9":"product_tag-lavadora-de-alta-pressao","10":"desktop-align-center","11":"tablet-align-left","12":"mobile-align-center","14":"first","15":"instock","16":"sale","17":"shipping-taxable","18":"product-type-external"},"uagb_featured_image_src":{"full":["https:\/\/promocaododia.com.br\/site\/wp-content\/uploads\/2022\/11\/Lavadora-de-Alta-Pressao-Electrolux-1450W-Amarela-EWS30-127-Volts.jpg",600,600,false],"thumbnail":["https:\/\/promocaododia.com.br\/site\/wp-content\/uploads\/2022\/11\/Lavadora-de-Alta-Pressao-Electrolux-1450W-Amarela-EWS30-127-Volts-150x150.jpg",150,150,true],"medium":["https:\/\/promocaododia.com.br\/site\/wp-content\/uploads\/2022\/11\/Lavadora-de-Alta-Pressao-Electrolux-1450W-Amarela-EWS30-127-Volts-300x300.jpg",300,300,true],"medium_large":["https:\/\/promocaododia.com.br\/site\/wp-content\/uploads\/2022\/11\/Lavadora-de-Alta-Pressao-Electrolux-1450W-Amarela-EWS30-127-Volts.jpg",600,600,false],"large":["https:\/\/promocaododia.com.br\/site\/wp-content\/uploads\/2022\/11\/Lavadora-de-Alta-Pressao-Electrolux-1450W-Amarela-EWS30-127-Volts.jpg",600,600,false],"1536x1536":["https:\/\/promocaododia.com.br\/site\/wp-content\/uploads\/2022\/11\/Lavadora-de-Alta-Pressao-Electrolux-1450W-Amarela-EWS30-127-Volts.jpg",600,600,false],"2048x2048":["https:\/\/promocaododia.com.br\/site\/wp-content\/uploads\/2022\/11\/Lavadora-de-Alta-Pressao-Electrolux-1450W-Amarela-EWS30-127-Volts.jpg",600,600,false],"woocommerce_thumbnail":["https:\/\/promocaododia.com.br\/site\/wp-content\/uploads\/2022\/11\/Lavadora-de-Alta-Pressao-Electrolux-1450W-Amarela-EWS30-127-Volts-250x250.jpg",250,250,true],"woocommerce_single":["https:\/\/promocaododia.com.br\/site\/wp-content\/uploads\/2022\/11\/Lavadora-de-Alta-Pressao-Electrolux-1450W-Amarela-EWS30-127-Volts-250x250.jpg",250,250,true],"woocommerce_gallery_thumbnail":["https:\/\/promocaododia.com.br\/site\/wp-content\/uploads\/2022\/11\/Lavadora-de-Alta-Pressao-Electrolux-1450W-Amarela-EWS30-127-Volts-100x100.jpg",100,100,true]},"uagb_author_info":{"display_name":"danilo.gbr","author_link":"https:\/\/promocaododia.com.br\/site\/author\/"},"uagb_comment_info":0,"uagb_excerpt":"Lavadora de Alta Press\u00e3o Electrolux 1450W Amarela EWS30 &#8211; 127 Volts A Lavadora de Alta Press\u00e3o Electrolux 1450W Amarela EWS30 &#8211; 127 Volts \u00e9 para voc\u00ea que busca uma limpeza completa, chegou a Lavadora de Alta Press\u00e3o PowerWash Eco. Com 1450W de pot\u00eancia e press\u00e3o m\u00e1xima de 1800 psi, funciona na medida certa para limpar&hellip;","_links":{"self":[{"href":"https:\/\/promocaododia.com.br\/site\/wp-json\/wp\/v2\/product\/1236","targetHints":{"allow":["GET"]}}],"collection":[{"href":"https:\/\/promocaododia.com.br\/site\/wp-json\/wp\/v2\/product"}],"about":[{"href":"https:\/\/promocaododia.com.br\/site\/wp-json\/wp\/v2\/types\/product"}],"wp:featuredmedia":[{"embeddable":true,"href":"https:\/\/promocaododia.com.br\/site\/wp-json\/wp\/v2\/media\/1237"}],"wp:attachment":[{"href":"https:\/\/promocaododia.com.br\/site\/wp-json\/wp\/v2\/media?parent=1236"}],"wp:term":[{"taxonomy":"product_brand","embeddable":true,"href":"https:\/\/promocaododia.com.br\/site\/wp-json\/wp\/v2\/product_brand?post=1236"},{"taxonomy":"product_cat","embeddable":true,"href":"https:\/\/promocaododia.com.br\/site\/wp-json\/wp\/v2\/product_cat?post=1236"},{"taxonomy":"product_tag","embeddable":true,"href":"https:\/\/promocaododia.com.br\/site\/wp-json\/wp\/v2\/product_tag?post=1236"}],"curies":[{"name":"wp","href":"https:\/\/api.w.org\/{rel}","templated":true}]}}