{"id":1240,"date":"2022-11-25T19:12:35","date_gmt":"2022-11-25T22:12:35","guid":{"rendered":"https:\/\/promocaododia.com.br\/site\/?post_type=product&#038;p=1240"},"modified":"2022-11-25T19:12:35","modified_gmt":"2022-11-25T22:12:35","slug":"tenis-under-armour-charged-levity-masculino","status":"publish","type":"product","link":"https:\/\/promocaododia.com.br\/site\/produto\/tenis-under-armour-charged-levity-masculino\/","title":{"rendered":"T\u00eanis Under Armour Charged Levity Masculino"},"content":{"rendered":"<p>De caminhadas a corridas de curta a m\u00e9dia dist\u00e2ncia, conte com o T\u00eanis Under Armour Charged Levity Masculino para superar seus limites e atingir o melhor pace. Produzido com tecido macio e flex\u00edvel, esse t\u00eanis running conta com calcanhar acolchoado para suporte. A entressola em tecnologia Charged Cushioning para amortecimento com resposta r\u00e1pida e 8mm de drop. O solado emborrachado garante ader\u00eancia, seja na rua ou na esteira. Combine o T\u00eanis de Corrida Masculino da Under Armour com bermuda e regata e esteja pronto para ir mais longe.<\/p>\n","protected":false},"excerpt":{"rendered":"<p>De caminhadas a corridas de curta a m\u00e9dia dist\u00e2ncia, conte com o T\u00eanis Under Armour Charged Levity Masculino para superar seus limites e atingir o melhor pace. Produzido com tecido macio e flex\u00edvel, esse t\u00eanis running conta com calcanhar acolchoado para suporte. A entressola em tecnologia Charged Cushioning para amortecimento com resposta r\u00e1pida e 8mm de drop. O solado emborrachado garante ader\u00eancia, seja na rua ou na esteira. Combine o T\u00eanis de Corrida Masculino da Under Armour com bermuda e regata e esteja pronto para ir mais longe.<\/p>\n","protected":false},"featured_media":1241,"template":"","meta":{"_uag_custom_page_level_css":"","site-sidebar-layout":"default","site-content-layout":"default","ast-site-content-layout":"default","site-content-style":"default","site-sidebar-style":"default","ast-global-header-display":"","ast-banner-title-visibility":"","ast-main-header-display":"","ast-hfb-above-header-display":"","ast-hfb-below-header-display":"","ast-hfb-mobile-header-display":"","site-post-title":"","ast-breadcrumbs-content":"","ast-featured-img":"","footer-sml-layout":"","theme-transparent-header-meta":"default","adv-header-id-meta":"","stick-header-meta":"","header-above-stick-meta":"","header-main-stick-meta":"","header-below-stick-meta":"","astra-migrate-meta-layouts":"default","ast-page-background-enabled":"default","ast-page-background-meta":{"desktop":{"background-color":"","background-image":"","background-repeat":"repeat","background-position":"center center","background-size":"auto","background-attachment":"scroll","background-type":"","background-media":"","overlay-type":"","overlay-color":"","overlay-opacity":"","overlay-gradient":""},"tablet":{"background-color":"","background-image":"","background-repeat":"repeat","background-position":"center center","background-size":"auto","background-attachment":"scroll","background-type":"","background-media":"","overlay-type":"","overlay-color":"","overlay-opacity":"","overlay-gradient":""},"mobile":{"background-color":"","background-image":"","background-repeat":"repeat","background-position":"center center","background-size":"auto","background-attachment":"scroll","background-type":"","background-media":"","overlay-type":"","overlay-color":"","overlay-opacity":"","overlay-gradient":""}},"ast-content-background-meta":{"desktop":{"background-color":"var(--ast-global-color-5)","background-image":"","background-repeat":"repeat","background-position":"center center","background-size":"auto","background-attachment":"scroll","background-type":"","background-media":"","overlay-type":"","overlay-color":"","overlay-opacity":"","overlay-gradient":""},"tablet":{"background-color":"var(--ast-global-color-5)","background-image":"","background-repeat":"repeat","background-position":"center center","background-size":"auto","background-attachment":"scroll","background-type":"","background-media":"","overlay-type":"","overlay-color":"","overlay-opacity":"","overlay-gradient":""},"mobile":{"background-color":"var(--ast-global-color-5)","background-image":"","background-repeat":"repeat","background-position":"center center","background-size":"auto","background-attachment":"scroll","background-type":"","background-media":"","overlay-type":"","overlay-color":"","overlay-opacity":"","overlay-gradient":""}}},"product_brand":[],"product_cat":[77,31,30],"product_tag":[184,499,80,546],"class_list":{"0":"post-1240","1":"product","2":"type-product","3":"status-publish","4":"has-post-thumbnail","6":"product_cat-calcados","7":"product_cat-masculina","8":"product_cat-moda","9":"product_tag-moda","10":"product_tag-moda-masculina","11":"product_tag-tenis","12":"product_tag-tenis-corrida","13":"desktop-align-center","14":"tablet-align-left","15":"mobile-align-center","17":"first","18":"instock","19":"sale","20":"shipping-taxable","21":"product-type-external"},"uagb_featured_image_src":{"full":["https:\/\/promocaododia.com.br\/site\/wp-content\/uploads\/2022\/11\/Tenis-Under-Armour-Charged-Levity-Masculino.jpg",600,600,false],"thumbnail":["https:\/\/promocaododia.com.br\/site\/wp-content\/uploads\/2022\/11\/Tenis-Under-Armour-Charged-Levity-Masculino-150x150.jpg",150,150,true],"medium":["https:\/\/promocaododia.com.br\/site\/wp-content\/uploads\/2022\/11\/Tenis-Under-Armour-Charged-Levity-Masculino-300x300.jpg",300,300,true],"medium_large":["https:\/\/promocaododia.com.br\/site\/wp-content\/uploads\/2022\/11\/Tenis-Under-Armour-Charged-Levity-Masculino.jpg",600,600,false],"large":["https:\/\/promocaododia.com.br\/site\/wp-content\/uploads\/2022\/11\/Tenis-Under-Armour-Charged-Levity-Masculino.jpg",600,600,false],"1536x1536":["https:\/\/promocaododia.com.br\/site\/wp-content\/uploads\/2022\/11\/Tenis-Under-Armour-Charged-Levity-Masculino.jpg",600,600,false],"2048x2048":["https:\/\/promocaododia.com.br\/site\/wp-content\/uploads\/2022\/11\/Tenis-Under-Armour-Charged-Levity-Masculino.jpg",600,600,false],"woocommerce_thumbnail":["https:\/\/promocaododia.com.br\/site\/wp-content\/uploads\/2022\/11\/Tenis-Under-Armour-Charged-Levity-Masculino-250x250.jpg",250,250,true],"woocommerce_single":["https:\/\/promocaododia.com.br\/site\/wp-content\/uploads\/2022\/11\/Tenis-Under-Armour-Charged-Levity-Masculino-250x250.jpg",250,250,true],"woocommerce_gallery_thumbnail":["https:\/\/promocaododia.com.br\/site\/wp-content\/uploads\/2022\/11\/Tenis-Under-Armour-Charged-Levity-Masculino-100x100.jpg",100,100,true]},"uagb_author_info":{"display_name":"danilo.gbr","author_link":"https:\/\/promocaododia.com.br\/site\/author\/"},"uagb_comment_info":0,"uagb_excerpt":"De caminhadas a corridas de curta a m\u00e9dia dist\u00e2ncia, conte com o T\u00eanis Under Armour Charged Levity Masculino para superar seus limites e atingir o melhor pace. Produzido com tecido macio e flex\u00edvel, esse t\u00eanis running conta com calcanhar acolchoado para suporte. A entressola em tecnologia Charged Cushioning para amortecimento com resposta r\u00e1pida e 8mm&hellip;","_links":{"self":[{"href":"https:\/\/promocaododia.com.br\/site\/wp-json\/wp\/v2\/product\/1240","targetHints":{"allow":["GET"]}}],"collection":[{"href":"https:\/\/promocaododia.com.br\/site\/wp-json\/wp\/v2\/product"}],"about":[{"href":"https:\/\/promocaododia.com.br\/site\/wp-json\/wp\/v2\/types\/product"}],"wp:featuredmedia":[{"embeddable":true,"href":"https:\/\/promocaododia.com.br\/site\/wp-json\/wp\/v2\/media\/1241"}],"wp:attachment":[{"href":"https:\/\/promocaododia.com.br\/site\/wp-json\/wp\/v2\/media?parent=1240"}],"wp:term":[{"taxonomy":"product_brand","embeddable":true,"href":"https:\/\/promocaododia.com.br\/site\/wp-json\/wp\/v2\/product_brand?post=1240"},{"taxonomy":"product_cat","embeddable":true,"href":"https:\/\/promocaododia.com.br\/site\/wp-json\/wp\/v2\/product_cat?post=1240"},{"taxonomy":"product_tag","embeddable":true,"href":"https:\/\/promocaododia.com.br\/site\/wp-json\/wp\/v2\/product_tag?post=1240"}],"curies":[{"name":"wp","href":"https:\/\/api.w.org\/{rel}","templated":true}]}}