{"id":1242,"date":"2022-11-25T19:18:27","date_gmt":"2022-11-25T22:18:27","guid":{"rendered":"https:\/\/promocaododia.com.br\/site\/?post_type=product&#038;p=1242"},"modified":"2022-11-25T19:18:27","modified_gmt":"2022-11-25T22:18:27","slug":"cooktop-itatiaia-5-bocas-essencial-preto-bivolt","status":"publish","type":"product","link":"https:\/\/promocaododia.com.br\/site\/produto\/cooktop-itatiaia-5-bocas-essencial-preto-bivolt\/","title":{"rendered":"Cooktop Itatiaia 5 Bocas Essencial Preto &#8211; Bivolt"},"content":{"rendered":"<p>Cooktop Itatiaia 5 Bocas Essencial Preto &#8211; Bivolt<\/p>\n<p>O Cooktop Itatiaia 5 Bocas Essencial Preto &#8211; Bivolt \u00e9 uma tend\u00eancia para a decora\u00e7\u00e3o da sua cozinha e vai bem em qualquer espa\u00e7o. Al\u00e9m de ser sin\u00f4nimo de beleza, tamb\u00e9m \u00e9 resistente e f\u00e1cil de limpar.<\/p>\n<p>&nbsp;<\/p>\n<p>Perfeito para suas receitas:<\/p>\n<p>Oferece uma s\u00e9rie de funcionalidades que facilitam sua vida e deixam sua cozinha muito mais moderna pr\u00e1tica e eficiente.<\/p>\n<p>Queimadores em Alum\u00ednio:<\/p>\n<p>Garantia de maior pot\u00eancia e rapidez no cozimento de alimentos.<\/p>\n<p>Mesa de Vidro Temperado:<\/p>\n<p>Facilidade de limpeza e durabilidade com o vidro temperado.<\/p>\n<p>Facilidade na Limpeza:<\/p>\n<p>Man\u00edpulos remov\u00edveis com sinaliza\u00e7\u00e3o de posi\u00e7\u00e3o.<\/p>\n<p>Design Inteligente:<\/p>\n<p>Sinaliza\u00e7\u00e3o do queimador mais potente.<\/p>\n","protected":false},"excerpt":{"rendered":"<p>Cooktop Itatiaia 5 Bocas Essencial Preto &#8211; Bivolt O Cooktop Itatiaia 5 Bocas Essencial Preto &#8211; Bivolt \u00e9 uma tend\u00eancia para a decora\u00e7\u00e3o da sua cozinha e vai bem em qualquer espa\u00e7o. Al\u00e9m de ser sin\u00f4nimo de beleza, tamb\u00e9m \u00e9 resistente e f\u00e1cil de limpar. &nbsp; Perfeito para suas receitas: Oferece uma s\u00e9rie de funcionalidades que facilitam sua vida e deixam sua cozinha muito mais moderna pr\u00e1tica e eficiente. Queimadores em Alum\u00ednio: Garantia de maior pot\u00eancia e rapidez no cozimento de alimentos. Mesa de Vidro Temperado: Facilidade de limpeza e durabilidade com o vidro temperado. Facilidade na Limpeza: Man\u00edpulos remov\u00edveis com sinaliza\u00e7\u00e3o de posi\u00e7\u00e3o. Design Inteligente: Sinaliza\u00e7\u00e3o do queimador mais potente.<\/p>\n","protected":false},"featured_media":1243,"template":"","meta":{"_uag_custom_page_level_css":"","site-sidebar-layout":"default","site-content-layout":"default","ast-site-content-layout":"default","site-content-style":"default","site-sidebar-style":"default","ast-global-header-display":"","ast-banner-title-visibility":"","ast-main-header-display":"","ast-hfb-above-header-display":"","ast-hfb-below-header-display":"","ast-hfb-mobile-header-display":"","site-post-title":"","ast-breadcrumbs-content":"","ast-featured-img":"","footer-sml-layout":"","theme-transparent-header-meta":"default","adv-header-id-meta":"","stick-header-meta":"","header-above-stick-meta":"","header-main-stick-meta":"","header-below-stick-meta":"","astra-migrate-meta-layouts":"default","ast-page-background-enabled":"default","ast-page-background-meta":{"desktop":{"background-color":"","background-image":"","background-repeat":"repeat","background-position":"center center","background-size":"auto","background-attachment":"scroll","background-type":"","background-media":"","overlay-type":"","overlay-color":"","overlay-opacity":"","overlay-gradient":""},"tablet":{"background-color":"","background-image":"","background-repeat":"repeat","background-position":"center center","background-size":"auto","background-attachment":"scroll","background-type":"","background-media":"","overlay-type":"","overlay-color":"","overlay-opacity":"","overlay-gradient":""},"mobile":{"background-color":"","background-image":"","background-repeat":"repeat","background-position":"center center","background-size":"auto","background-attachment":"scroll","background-type":"","background-media":"","overlay-type":"","overlay-color":"","overlay-opacity":"","overlay-gradient":""}},"ast-content-background-meta":{"desktop":{"background-color":"var(--ast-global-color-5)","background-image":"","background-repeat":"repeat","background-position":"center center","background-size":"auto","background-attachment":"scroll","background-type":"","background-media":"","overlay-type":"","overlay-color":"","overlay-opacity":"","overlay-gradient":""},"tablet":{"background-color":"var(--ast-global-color-5)","background-image":"","background-repeat":"repeat","background-position":"center center","background-size":"auto","background-attachment":"scroll","background-type":"","background-media":"","overlay-type":"","overlay-color":"","overlay-opacity":"","overlay-gradient":""},"mobile":{"background-color":"var(--ast-global-color-5)","background-image":"","background-repeat":"repeat","background-position":"center center","background-size":"auto","background-attachment":"scroll","background-type":"","background-media":"","overlay-type":"","overlay-color":"","overlay-opacity":"","overlay-gradient":""}}},"product_brand":[],"product_cat":[153,28,486],"product_tag":[487,548,547],"class_list":{"0":"post-1242","1":"product","2":"type-product","3":"status-publish","4":"has-post-thumbnail","6":"product_cat-casa-e-construcao","7":"product_cat-eletrodomesticos","8":"product_cat-fogao","9":"product_tag-cooktop","10":"product_tag-cooktop-5-bocas","11":"product_tag-fogao","12":"desktop-align-center","13":"tablet-align-left","14":"mobile-align-center","16":"first","17":"instock","18":"sale","19":"shipping-taxable","20":"product-type-external"},"uagb_featured_image_src":{"full":["https:\/\/promocaododia.com.br\/site\/wp-content\/uploads\/2022\/11\/Cooktop-Itatiaia-5-Bocas-Essencial-Preto-Bivolt.jpg",600,600,false],"thumbnail":["https:\/\/promocaododia.com.br\/site\/wp-content\/uploads\/2022\/11\/Cooktop-Itatiaia-5-Bocas-Essencial-Preto-Bivolt-150x150.jpg",150,150,true],"medium":["https:\/\/promocaododia.com.br\/site\/wp-content\/uploads\/2022\/11\/Cooktop-Itatiaia-5-Bocas-Essencial-Preto-Bivolt-300x300.jpg",300,300,true],"medium_large":["https:\/\/promocaododia.com.br\/site\/wp-content\/uploads\/2022\/11\/Cooktop-Itatiaia-5-Bocas-Essencial-Preto-Bivolt.jpg",600,600,false],"large":["https:\/\/promocaododia.com.br\/site\/wp-content\/uploads\/2022\/11\/Cooktop-Itatiaia-5-Bocas-Essencial-Preto-Bivolt.jpg",600,600,false],"1536x1536":["https:\/\/promocaododia.com.br\/site\/wp-content\/uploads\/2022\/11\/Cooktop-Itatiaia-5-Bocas-Essencial-Preto-Bivolt.jpg",600,600,false],"2048x2048":["https:\/\/promocaododia.com.br\/site\/wp-content\/uploads\/2022\/11\/Cooktop-Itatiaia-5-Bocas-Essencial-Preto-Bivolt.jpg",600,600,false],"woocommerce_thumbnail":["https:\/\/promocaododia.com.br\/site\/wp-content\/uploads\/2022\/11\/Cooktop-Itatiaia-5-Bocas-Essencial-Preto-Bivolt-250x250.jpg",250,250,true],"woocommerce_single":["https:\/\/promocaododia.com.br\/site\/wp-content\/uploads\/2022\/11\/Cooktop-Itatiaia-5-Bocas-Essencial-Preto-Bivolt-250x250.jpg",250,250,true],"woocommerce_gallery_thumbnail":["https:\/\/promocaododia.com.br\/site\/wp-content\/uploads\/2022\/11\/Cooktop-Itatiaia-5-Bocas-Essencial-Preto-Bivolt-100x100.jpg",100,100,true]},"uagb_author_info":{"display_name":"danilo.gbr","author_link":"https:\/\/promocaododia.com.br\/site\/author\/"},"uagb_comment_info":0,"uagb_excerpt":"Cooktop Itatiaia 5 Bocas Essencial Preto &#8211; Bivolt O Cooktop Itatiaia 5 Bocas Essencial Preto &#8211; Bivolt \u00e9 uma tend\u00eancia para a decora\u00e7\u00e3o da sua cozinha e vai bem em qualquer espa\u00e7o. Al\u00e9m de ser sin\u00f4nimo de beleza, tamb\u00e9m \u00e9 resistente e f\u00e1cil de limpar. &nbsp; Perfeito para suas receitas: Oferece uma s\u00e9rie de funcionalidades&hellip;","_links":{"self":[{"href":"https:\/\/promocaododia.com.br\/site\/wp-json\/wp\/v2\/product\/1242","targetHints":{"allow":["GET"]}}],"collection":[{"href":"https:\/\/promocaododia.com.br\/site\/wp-json\/wp\/v2\/product"}],"about":[{"href":"https:\/\/promocaododia.com.br\/site\/wp-json\/wp\/v2\/types\/product"}],"wp:featuredmedia":[{"embeddable":true,"href":"https:\/\/promocaododia.com.br\/site\/wp-json\/wp\/v2\/media\/1243"}],"wp:attachment":[{"href":"https:\/\/promocaododia.com.br\/site\/wp-json\/wp\/v2\/media?parent=1242"}],"wp:term":[{"taxonomy":"product_brand","embeddable":true,"href":"https:\/\/promocaododia.com.br\/site\/wp-json\/wp\/v2\/product_brand?post=1242"},{"taxonomy":"product_cat","embeddable":true,"href":"https:\/\/promocaododia.com.br\/site\/wp-json\/wp\/v2\/product_cat?post=1242"},{"taxonomy":"product_tag","embeddable":true,"href":"https:\/\/promocaododia.com.br\/site\/wp-json\/wp\/v2\/product_tag?post=1242"}],"curies":[{"name":"wp","href":"https:\/\/api.w.org\/{rel}","templated":true}]}}