{"id":1246,"date":"2022-11-25T19:33:39","date_gmt":"2022-11-25T22:33:39","guid":{"rendered":"https:\/\/promocaododia.com.br\/site\/?post_type=product&#038;p=1246"},"modified":"2022-11-25T19:33:40","modified_gmt":"2022-11-25T22:33:40","slug":"smart-tv-hq-60-uhd-4k-hdr-android-11-sistema-ultrasound-design-slim-processador-quad-core-espelhamento-de-tela-hqstv60nk","status":"publish","type":"product","link":"https:\/\/promocaododia.com.br\/site\/produto\/smart-tv-hq-60-uhd-4k-hdr-android-11-sistema-ultrasound-design-slim-processador-quad-core-espelhamento-de-tela-hqstv60nk\/","title":{"rendered":"Smart TV hq 60 uhd 4K, hdr Android 11, Sistema Ultrasound, Design Slim, Processador Quad Core, Espelhamento de tela, HQSTV60NK"},"content":{"rendered":"<p><b>Tela Smart 60&#8243; uhd 4K hq HQSTV60NK<\/b><br \/>\nImagem e som com qualidade incompar\u00e1vel!<\/p>\n<p><b>Resolu\u00e7\u00e3o Ultra HD 4K com hdr:<\/b><br \/>\nImagens com cores vivas e incr\u00edveis.<br \/>\nVivencie cada detalhe ao assistir v\u00eddeos em ultraresolu\u00e7\u00e3o sendo capaz de perceber todo e qualquer detalhe.<br \/>\nO sistema hdr High Dynamic Range, presente na Tela Smart hq HQSTV60NK, \u00e9 respons\u00e1vel pela quantidade de cores que cada pixel pode assumir. Esse formato \u00e9 capaz de deixar a imagem do televisor com excelente resultado de brilho e contraste, j\u00e1 que as imagens ficam com cores mais vivas, os tons mais claros possuem mais brilho e os tons pretos, mais contraste. O resultado s\u00e3o imagens mais realistas e uma melhor experi\u00eancia para o espectador!<\/p>\n<p><b>Android 11:<\/b><br \/>\nUma loja com milhares de aplicativos compat\u00edveis a sua disposi\u00e7\u00e3o.<br \/>\nAl\u00e9m disso, a sincroniza\u00e7\u00e3o com o seu Smartphone, seja ele Android ou ios, \u00e9 muito simples. Espelhe a tela do seu celular na sua Smart TV hq com apenas um toque.<\/p>\n<p><b>Sistema Ultrasound:<\/b><br \/>\nSom surround de alt\u00edssima qualidade para uma experi\u00eacia sonora \u00fanica.<br \/>\nDe nada adianta voc\u00ea assistir os seus v\u00eddeos prediletos em alta defini\u00e7\u00e3o uhd se o \u00e1udio n\u00e3o tiver a mesma qualidade, n\u00e3o \u00e9 mesmo?<br \/>\nFoi pensando nisso que a hq garantiu que a sua experi\u00eancia seja completa. Para isso instalamos dois potentes auto falantes com 10W reais rms cada, com sistema surround, que garantir\u00e3o a voc\u00ea uma qualidade de som inquestion\u00e1vel.<\/p>\n<p><b>Design Slim Premium:<\/b><br \/>\nA Tela Smart hq HQSTV60NK possui acabamento ultra fino e se acomoda perfeitamente no seu ambiente. Moderna e com layout Premium ela deixar\u00e1 qualquer local mais requintado.<\/p>\n<p><b>Conectividade \u00e9 a palavra chave:<\/b><br \/>\nPronta para qualquer desafio.<br \/>\nN\u00e3o basta ter conex\u00e3o Wifi, para garantir que voc\u00ea consiga reproduzir conte\u00fados em 4K uhd sem travamentos e perda de qualidade, o adaptador de internet sem fio deve ser de alto ganho.<br \/>\nSendo assim, fique tranquilo. Conecte a redes sem fio em alta velocidade e garanta extrair o m\u00e1ximo da sua hq HQSTV60NK.<br \/>\nAl\u00e9m disso, ela conta com 3 sa\u00eddas hdmi e conversor digital.<\/p>\n<p><b>Gaming Ready:<\/b><br \/>\nE para voc\u00ea que quer rodar os seus jogos prediletos, saiba que ela possui taxa de atualiza\u00e7\u00e3o de 60Hz. Junto com o sistema hdr j\u00e1 explicado acima, voc\u00ea poder\u00e1 entrar na jogatina pronto para ser o melhor.<\/p>\n<p><b>ESPECIFICA\u00c7\u00d5ES:<\/b><\/p>\n<p><b>PAINEL:<\/b><br \/>\n<b>Tecnologia painel:<\/b>\u00a0led<br \/>\n<b>Hdr:<\/b>\u00a0Sim<br \/>\n<b>Formato tela:<\/b>\u00a016:09<br \/>\n<b>\u00c2ngulo vis\u00e3o:<\/b>\u00a0h: 89\u00b0 v:89\u00b0<br \/>\n<b>Resolu\u00e7\u00e3o video:<\/b>\u00a03840 x 2160<br \/>\n<b>Contraste:<\/b>\u00a06000:01<br \/>\n<b>Brilho:<\/b>\u00a024020 cd\/m\u00b2<br \/>\n<b>Tempo de resposta:<\/b>\u00a08ms<br \/>\n<b>Velocidade painel:<\/b>\u00a060hz<br \/>\n<b>Conversor externo:<\/b>\u00a0Externo ( adaptador )<\/p>\n<p><b>smart tv:<\/b><br \/>\n<b>Smart:<\/b>\u00a0sim<br \/>\n<b>Aplicativos pr\u00e9 instalados:<\/b>\u00a0Netflix, Youtube<br \/>\n<b>Navegador:<\/b>\u00a0sim<\/p>\n<p><b>PROCESSADOR<\/b><br \/>\n<b>Processador:<\/b>\u00a0CA53 1,5ghz<br \/>\n<b>GPU:<\/b>\u00a0550mhz<\/p>\n<p><b>CONEX\u00d5ES:<\/b><br \/>\n<b>Entrada auxiliar:<\/b>\u00a0sim<br \/>\n<b>Usb:<\/b>\u00a02<br \/>\n<b>Hdmi:<\/b>\u00a03<br \/>\n<b>Sa\u00edda digital:<\/b>\u00a0coaxial<br \/>\n<b>Sa\u00edda p2:\u00a0<\/b>1<br \/>\n<b>Lan:<\/b>\u00a0sim<br \/>\n<b>Wi fi integrado:<\/b>\u00a0sim<\/p>\n<p><b>\u00c1UDIO<\/b><br \/>\n<b>Sa\u00edda de audio:<\/b>\u00a02*10WRMS<br \/>\n<b>Sa\u00edda p2:\u00a0<\/b>1<\/p>\n<p><b>ENERGIA<\/b><br \/>\n<b>Tens\u00e3o:<\/b>\u00a0bivolt<br \/>\n<b>Consumo medio:<\/b>\u00a0= 108W<\/p>\n<p><b>SUPORTE:<\/b><br \/>\n<b>Suporte vesa:<\/b>\u00a0Sim-200x100mm<\/p>\n<p><b>dimens\u00f5es E peso:<\/b><br \/>\n<b>Dimens\u00e3o do produto:<\/b>\u00a0(AxLxP)<br \/>\n86,0 x 130,1 x 11,5 cm<br \/>\n<b>Peso liq. (kg):<\/b>\u00a013,7<br \/>\n<b><\/b><br \/>\n<b>Garantia: 12 Meses para defeito de fabrica\u00e7\u00e3o.<\/b><\/p>\n","protected":false},"excerpt":{"rendered":"<p>Tela Smart 60&#8243; uhd 4K hq HQSTV60NK Imagem e som com qualidade incompar\u00e1vel! Resolu\u00e7\u00e3o Ultra HD 4K com hdr: Imagens com cores vivas e incr\u00edveis. Vivencie cada detalhe ao assistir v\u00eddeos em ultraresolu\u00e7\u00e3o sendo capaz de perceber todo e qualquer detalhe. O sistema hdr High Dynamic Range, presente na Tela Smart hq HQSTV60NK, \u00e9 respons\u00e1vel pela quantidade de cores que cada pixel pode assumir. Esse formato \u00e9 capaz de deixar a imagem do televisor com excelente resultado de brilho e contraste, j\u00e1 que as imagens ficam com cores mais vivas, os tons mais claros possuem mais brilho e os tons pretos, mais contraste. O resultado s\u00e3o imagens mais realistas e uma melhor experi\u00eancia para o espectador! Android 11: Uma loja com milhares de aplicativos compat\u00edveis a sua disposi\u00e7\u00e3o. Al\u00e9m disso, a sincroniza\u00e7\u00e3o com o seu Smartphone, seja ele Android ou ios, \u00e9 muito simples. Espelhe a tela do seu celular na sua Smart TV hq com apenas um toque. Sistema Ultrasound: Som surround de alt\u00edssima qualidade para uma experi\u00eacia sonora \u00fanica. De nada adianta voc\u00ea assistir os seus v\u00eddeos prediletos em alta defini\u00e7\u00e3o uhd se o \u00e1udio n\u00e3o tiver a mesma qualidade, n\u00e3o \u00e9 mesmo? Foi pensando nisso que a hq garantiu que a sua experi\u00eancia seja completa. Para isso instalamos dois potentes auto falantes com 10W reais rms cada, com sistema surround, que garantir\u00e3o a voc\u00ea uma qualidade de som inquestion\u00e1vel. Design Slim Premium: A Tela Smart hq HQSTV60NK possui acabamento ultra fino e se acomoda perfeitamente no seu ambiente. Moderna e com layout Premium ela deixar\u00e1 qualquer local mais requintado. Conectividade \u00e9 a palavra chave: Pronta para qualquer desafio. N\u00e3o basta ter conex\u00e3o Wifi, para garantir que voc\u00ea consiga reproduzir conte\u00fados em 4K uhd sem travamentos e perda de qualidade, o adaptador de internet sem fio deve ser de alto ganho. Sendo assim, fique tranquilo. Conecte a redes sem fio em alta velocidade e garanta extrair o m\u00e1ximo da sua hq HQSTV60NK. Al\u00e9m disso, ela conta com 3 sa\u00eddas hdmi e conversor digital. Gaming Ready: E para voc\u00ea que quer rodar os seus jogos prediletos, saiba que ela possui taxa de atualiza\u00e7\u00e3o de 60Hz. Junto com o sistema hdr j\u00e1 explicado acima, voc\u00ea poder\u00e1 entrar na jogatina pronto para ser o melhor. ESPECIFICA\u00c7\u00d5ES: PAINEL: Tecnologia painel:\u00a0led Hdr:\u00a0Sim Formato tela:\u00a016:09 \u00c2ngulo vis\u00e3o:\u00a0h: 89\u00b0 v:89\u00b0 Resolu\u00e7\u00e3o video:\u00a03840 x 2160 Contraste:\u00a06000:01 Brilho:\u00a024020 cd\/m\u00b2 Tempo de resposta:\u00a08ms Velocidade painel:\u00a060hz Conversor externo:\u00a0Externo ( adaptador ) smart tv: Smart:\u00a0sim Aplicativos pr\u00e9 instalados:\u00a0Netflix, Youtube Navegador:\u00a0sim PROCESSADOR Processador:\u00a0CA53 1,5ghz GPU:\u00a0550mhz CONEX\u00d5ES: Entrada auxiliar:\u00a0sim Usb:\u00a02 Hdmi:\u00a03 Sa\u00edda digital:\u00a0coaxial Sa\u00edda p2:\u00a01 Lan:\u00a0sim Wi fi integrado:\u00a0sim \u00c1UDIO Sa\u00edda de audio:\u00a02*10WRMS Sa\u00edda p2:\u00a01 ENERGIA Tens\u00e3o:\u00a0bivolt Consumo medio:\u00a0= 108W SUPORTE: Suporte vesa:\u00a0Sim-200x100mm dimens\u00f5es E peso: Dimens\u00e3o do produto:\u00a0(AxLxP) 86,0 x 130,1 x 11,5 cm Peso liq. (kg):\u00a013,7 Garantia: 12 Meses para defeito de fabrica\u00e7\u00e3o.<\/p>\n","protected":false},"featured_media":1247,"template":"","meta":{"_uag_custom_page_level_css":"","site-sidebar-layout":"default","site-content-layout":"default","ast-site-content-layout":"default","site-content-style":"default","site-sidebar-style":"default","ast-global-header-display":"","ast-banner-title-visibility":"","ast-main-header-display":"","ast-hfb-above-header-display":"","ast-hfb-below-header-display":"","ast-hfb-mobile-header-display":"","site-post-title":"","ast-breadcrumbs-content":"","ast-featured-img":"","footer-sml-layout":"","theme-transparent-header-meta":"default","adv-header-id-meta":"","stick-header-meta":"","header-above-stick-meta":"","header-main-stick-meta":"","header-below-stick-meta":"","astra-migrate-meta-layouts":"default","ast-page-background-enabled":"default","ast-page-background-meta":{"desktop":{"background-color":"","background-image":"","background-repeat":"repeat","background-position":"center center","background-size":"auto","background-attachment":"scroll","background-type":"","background-media":"","overlay-type":"","overlay-color":"","overlay-opacity":"","overlay-gradient":""},"tablet":{"background-color":"","background-image":"","background-repeat":"repeat","background-position":"center center","background-size":"auto","background-attachment":"scroll","background-type":"","background-media":"","overlay-type":"","overlay-color":"","overlay-opacity":"","overlay-gradient":""},"mobile":{"background-color":"","background-image":"","background-repeat":"repeat","background-position":"center center","background-size":"auto","background-attachment":"scroll","background-type":"","background-media":"","overlay-type":"","overlay-color":"","overlay-opacity":"","overlay-gradient":""}},"ast-content-background-meta":{"desktop":{"background-color":"var(--ast-global-color-5)","background-image":"","background-repeat":"repeat","background-position":"center center","background-size":"auto","background-attachment":"scroll","background-type":"","background-media":"","overlay-type":"","overlay-color":"","overlay-opacity":"","overlay-gradient":""},"tablet":{"background-color":"var(--ast-global-color-5)","background-image":"","background-repeat":"repeat","background-position":"center center","background-size":"auto","background-attachment":"scroll","background-type":"","background-media":"","overlay-type":"","overlay-color":"","overlay-opacity":"","overlay-gradient":""},"mobile":{"background-color":"var(--ast-global-color-5)","background-image":"","background-repeat":"repeat","background-position":"center center","background-size":"auto","background-attachment":"scroll","background-type":"","background-media":"","overlay-type":"","overlay-color":"","overlay-opacity":"","overlay-gradient":""}}},"product_brand":[],"product_cat":[38,25,76],"product_tag":[125,126,550],"class_list":{"0":"post-1246","1":"product","2":"type-product","3":"status-publish","4":"has-post-thumbnail","6":"product_cat-eletronicos","7":"product_cat-smart-tv","8":"product_cat-tv-e-video","9":"product_tag-smart-tv","10":"product_tag-tv","11":"product_tag-tv-60","12":"desktop-align-center","13":"tablet-align-left","14":"mobile-align-center","16":"first","17":"instock","18":"sale","19":"shipping-taxable","20":"product-type-external"},"uagb_featured_image_src":{"full":["https:\/\/promocaododia.com.br\/site\/wp-content\/uploads\/2022\/11\/Smart-TV-hq-60-uhd-4K-hdr-Android-11-Sistema-Ultrasound-Design-Slim-Processador-Quad-Core-Espelhamento-de-tela-HQSTV60NK.jpg",600,600,false],"thumbnail":["https:\/\/promocaododia.com.br\/site\/wp-content\/uploads\/2022\/11\/Smart-TV-hq-60-uhd-4K-hdr-Android-11-Sistema-Ultrasound-Design-Slim-Processador-Quad-Core-Espelhamento-de-tela-HQSTV60NK-150x150.jpg",150,150,true],"medium":["https:\/\/promocaododia.com.br\/site\/wp-content\/uploads\/2022\/11\/Smart-TV-hq-60-uhd-4K-hdr-Android-11-Sistema-Ultrasound-Design-Slim-Processador-Quad-Core-Espelhamento-de-tela-HQSTV60NK-300x300.jpg",300,300,true],"medium_large":["https:\/\/promocaododia.com.br\/site\/wp-content\/uploads\/2022\/11\/Smart-TV-hq-60-uhd-4K-hdr-Android-11-Sistema-Ultrasound-Design-Slim-Processador-Quad-Core-Espelhamento-de-tela-HQSTV60NK.jpg",600,600,false],"large":["https:\/\/promocaododia.com.br\/site\/wp-content\/uploads\/2022\/11\/Smart-TV-hq-60-uhd-4K-hdr-Android-11-Sistema-Ultrasound-Design-Slim-Processador-Quad-Core-Espelhamento-de-tela-HQSTV60NK.jpg",600,600,false],"1536x1536":["https:\/\/promocaododia.com.br\/site\/wp-content\/uploads\/2022\/11\/Smart-TV-hq-60-uhd-4K-hdr-Android-11-Sistema-Ultrasound-Design-Slim-Processador-Quad-Core-Espelhamento-de-tela-HQSTV60NK.jpg",600,600,false],"2048x2048":["https:\/\/promocaododia.com.br\/site\/wp-content\/uploads\/2022\/11\/Smart-TV-hq-60-uhd-4K-hdr-Android-11-Sistema-Ultrasound-Design-Slim-Processador-Quad-Core-Espelhamento-de-tela-HQSTV60NK.jpg",600,600,false],"woocommerce_thumbnail":["https:\/\/promocaododia.com.br\/site\/wp-content\/uploads\/2022\/11\/Smart-TV-hq-60-uhd-4K-hdr-Android-11-Sistema-Ultrasound-Design-Slim-Processador-Quad-Core-Espelhamento-de-tela-HQSTV60NK-250x250.jpg",250,250,true],"woocommerce_single":["https:\/\/promocaododia.com.br\/site\/wp-content\/uploads\/2022\/11\/Smart-TV-hq-60-uhd-4K-hdr-Android-11-Sistema-Ultrasound-Design-Slim-Processador-Quad-Core-Espelhamento-de-tela-HQSTV60NK-250x250.jpg",250,250,true],"woocommerce_gallery_thumbnail":["https:\/\/promocaododia.com.br\/site\/wp-content\/uploads\/2022\/11\/Smart-TV-hq-60-uhd-4K-hdr-Android-11-Sistema-Ultrasound-Design-Slim-Processador-Quad-Core-Espelhamento-de-tela-HQSTV60NK-100x100.jpg",100,100,true]},"uagb_author_info":{"display_name":"danilo.gbr","author_link":"https:\/\/promocaododia.com.br\/site\/author\/"},"uagb_comment_info":0,"uagb_excerpt":"Tela Smart 60&#8243; uhd 4K hq HQSTV60NK Imagem e som com qualidade incompar\u00e1vel! Resolu\u00e7\u00e3o Ultra HD 4K com hdr: Imagens com cores vivas e incr\u00edveis. Vivencie cada detalhe ao assistir v\u00eddeos em ultraresolu\u00e7\u00e3o sendo capaz de perceber todo e qualquer detalhe. O sistema hdr High Dynamic Range, presente na Tela Smart hq HQSTV60NK, \u00e9 respons\u00e1vel&hellip;","_links":{"self":[{"href":"https:\/\/promocaododia.com.br\/site\/wp-json\/wp\/v2\/product\/1246","targetHints":{"allow":["GET"]}}],"collection":[{"href":"https:\/\/promocaododia.com.br\/site\/wp-json\/wp\/v2\/product"}],"about":[{"href":"https:\/\/promocaododia.com.br\/site\/wp-json\/wp\/v2\/types\/product"}],"wp:featuredmedia":[{"embeddable":true,"href":"https:\/\/promocaododia.com.br\/site\/wp-json\/wp\/v2\/media\/1247"}],"wp:attachment":[{"href":"https:\/\/promocaododia.com.br\/site\/wp-json\/wp\/v2\/media?parent=1246"}],"wp:term":[{"taxonomy":"product_brand","embeddable":true,"href":"https:\/\/promocaododia.com.br\/site\/wp-json\/wp\/v2\/product_brand?post=1246"},{"taxonomy":"product_cat","embeddable":true,"href":"https:\/\/promocaododia.com.br\/site\/wp-json\/wp\/v2\/product_cat?post=1246"},{"taxonomy":"product_tag","embeddable":true,"href":"https:\/\/promocaododia.com.br\/site\/wp-json\/wp\/v2\/product_tag?post=1246"}],"curies":[{"name":"wp","href":"https:\/\/api.w.org\/{rel}","templated":true}]}}