{"id":1248,"date":"2022-11-25T19:38:58","date_gmt":"2022-11-25T22:38:58","guid":{"rendered":"https:\/\/promocaododia.com.br\/site\/?post_type=product&#038;p=1248"},"modified":"2022-11-25T19:38:58","modified_gmt":"2022-11-25T22:38:58","slug":"bicicleta-aro-29-aluminio-alfameq-atx-freio-a-disco-24-marchas","status":"publish","type":"product","link":"https:\/\/promocaododia.com.br\/site\/produto\/bicicleta-aro-29-aluminio-alfameq-atx-freio-a-disco-24-marchas\/","title":{"rendered":"Bicicleta aro 29 aluminio alfameq atx freio a disco 24 marchas"},"content":{"rendered":"<p>Descri\u00e7\u00e3o:<br \/>\nBICICLETA ARO 29 ALUMINIO ALFAMEQ ATX FREIO A DISCO 24 MARCHAS<\/p>\n<p>nforma\u00e7\u00f5es T\u00e9cnicas:<br \/>\nMarca: ALFAMEQ<br \/>\nG\u00eanero: Unissex<br \/>\nAro Aero 29 alum\u00ednio (parede dupla)<br \/>\nCubo dianteiro\/traseiro sem blocagem<br \/>\nRaio 290&#215;2.0 zincado<br \/>\nC\u00e2mara de ar 29 Importada<br \/>\nPneu 29&#215;1.95 de preto Importado<br \/>\nSelim Mtb Importado<br \/>\nCanote de selim 27,2 alum\u00ednio<br \/>\nAbra\u00e7adeira de alum\u00ednio com blocagem<br \/>\nMovimento central selado Importado<br \/>\nMovimento de Dire\u00e7\u00e3o Head Set Mega Over Importado<br \/>\nPedivela com Engrenagem Tripla em A\u00e7o encapado preto<br \/>\nAlavanca 8 velocidades Importado<br \/>\nSuporte de guid\u00e3o 31.8 Alum\u00ednio Preto<br \/>\nGuid\u00e3o Curvo Expandido 31.8 em A\u00e7o Preto<br \/>\nRoda livre 8 velocidades Index<br \/>\nC\u00e2mbio dianteiro importado<br \/>\nC\u00e2mbio traseiro sem gancheira importado<br \/>\nCorrente fina Index Importada<br \/>\nPedal plataforma 9\/16 de Nylon Importado<br \/>\nGarfo de suspens\u00e3o 29 Over em a\u00e7o preto Importado<br \/>\nFreio a disco dianteiro e traseiro Importado<br \/>\nGarantia: 03 meses contra defeito de fabrica\u00e7\u00e3o<br \/>\nPa\u00eds de Origem Brasil<\/p>\n<p>TAMANHO IDEAL DO QUADRO PARA SUA ALTURA<br \/>\nQuadro em alum\u00ednio tamanho 15, recomendado para pessoas de 1,50m a 1,60m.<br \/>\nQuadro em alum\u00ednio tamanho 17, recomendado para pessoas de 1,60m a 1,72m.<br \/>\nQuadro em alum\u00ednio tamanho 19, recomendado para pessoas de 1,72m a 1,83m.<br \/>\nQuadro em alum\u00ednio tamanho 21, recomendado para pessoas de 1,83m a 1,98m.<\/p>\n","protected":false},"excerpt":{"rendered":"<p>Descri\u00e7\u00e3o: BICICLETA ARO 29 ALUMINIO ALFAMEQ ATX FREIO A DISCO 24 MARCHAS nforma\u00e7\u00f5es T\u00e9cnicas: Marca: ALFAMEQ G\u00eanero: Unissex Aro Aero 29 alum\u00ednio (parede dupla) Cubo dianteiro\/traseiro sem blocagem Raio 290&#215;2.0 zincado C\u00e2mara de ar 29 Importada Pneu 29&#215;1.95 de preto Importado Selim Mtb Importado Canote de selim 27,2 alum\u00ednio Abra\u00e7adeira de alum\u00ednio com blocagem Movimento central selado Importado Movimento de Dire\u00e7\u00e3o Head Set Mega Over Importado Pedivela com Engrenagem Tripla em A\u00e7o encapado preto Alavanca 8 velocidades Importado Suporte de guid\u00e3o 31.8 Alum\u00ednio Preto Guid\u00e3o Curvo Expandido 31.8 em A\u00e7o Preto Roda livre 8 velocidades Index C\u00e2mbio dianteiro importado C\u00e2mbio traseiro sem gancheira importado Corrente fina Index Importada Pedal plataforma 9\/16 de Nylon Importado Garfo de suspens\u00e3o 29 Over em a\u00e7o preto Importado Freio a disco dianteiro e traseiro Importado Garantia: 03 meses contra defeito de fabrica\u00e7\u00e3o Pa\u00eds de Origem Brasil TAMANHO IDEAL DO QUADRO PARA SUA ALTURA Quadro em alum\u00ednio tamanho 15, recomendado para pessoas de 1,50m a 1,60m. Quadro em alum\u00ednio tamanho 17, recomendado para pessoas de 1,60m a 1,72m. Quadro em alum\u00ednio tamanho 19, recomendado para pessoas de 1,72m a 1,83m. Quadro em alum\u00ednio tamanho 21, recomendado para pessoas de 1,83m a 1,98m.<\/p>\n","protected":false},"featured_media":1249,"template":"","meta":{"_uag_custom_page_level_css":"","site-sidebar-layout":"default","site-content-layout":"default","ast-site-content-layout":"default","site-content-style":"default","site-sidebar-style":"default","ast-global-header-display":"","ast-banner-title-visibility":"","ast-main-header-display":"","ast-hfb-above-header-display":"","ast-hfb-below-header-display":"","ast-hfb-mobile-header-display":"","site-post-title":"","ast-breadcrumbs-content":"","ast-featured-img":"","footer-sml-layout":"","theme-transparent-header-meta":"default","adv-header-id-meta":"","stick-header-meta":"","header-above-stick-meta":"","header-main-stick-meta":"","header-below-stick-meta":"","astra-migrate-meta-layouts":"default","ast-page-background-enabled":"default","ast-page-background-meta":{"desktop":{"background-color":"","background-image":"","background-repeat":"repeat","background-position":"center center","background-size":"auto","background-attachment":"scroll","background-type":"","background-media":"","overlay-type":"","overlay-color":"","overlay-opacity":"","overlay-gradient":""},"tablet":{"background-color":"","background-image":"","background-repeat":"repeat","background-position":"center center","background-size":"auto","background-attachment":"scroll","background-type":"","background-media":"","overlay-type":"","overlay-color":"","overlay-opacity":"","overlay-gradient":""},"mobile":{"background-color":"","background-image":"","background-repeat":"repeat","background-position":"center center","background-size":"auto","background-attachment":"scroll","background-type":"","background-media":"","overlay-type":"","overlay-color":"","overlay-opacity":"","overlay-gradient":""}},"ast-content-background-meta":{"desktop":{"background-color":"var(--ast-global-color-5)","background-image":"","background-repeat":"repeat","background-position":"center center","background-size":"auto","background-attachment":"scroll","background-type":"","background-media":"","overlay-type":"","overlay-color":"","overlay-opacity":"","overlay-gradient":""},"tablet":{"background-color":"var(--ast-global-color-5)","background-image":"","background-repeat":"repeat","background-position":"center center","background-size":"auto","background-attachment":"scroll","background-type":"","background-media":"","overlay-type":"","overlay-color":"","overlay-opacity":"","overlay-gradient":""},"mobile":{"background-color":"var(--ast-global-color-5)","background-image":"","background-repeat":"repeat","background-position":"center center","background-size":"auto","background-attachment":"scroll","background-type":"","background-media":"","overlay-type":"","overlay-color":"","overlay-opacity":"","overlay-gradient":""}}},"product_brand":[],"product_cat":[50,196,51],"product_tag":[551,198,197,199],"class_list":{"0":"post-1248","1":"product","2":"type-product","3":"status-publish","4":"has-post-thumbnail","6":"product_cat-aventura-e-lazer","7":"product_cat-bicicletas","8":"product_cat-esporte-e-lazer","9":"product_tag-24-marchas","10":"product_tag-aro-29","11":"product_tag-bicicleta","12":"product_tag-freios-a-disco","13":"desktop-align-center","14":"tablet-align-left","15":"mobile-align-center","17":"first","18":"instock","19":"sale","20":"shipping-taxable","21":"product-type-external"},"uagb_featured_image_src":{"full":["https:\/\/promocaododia.com.br\/site\/wp-content\/uploads\/2022\/11\/Bicicleta-aro-29-aluminio-alfameq-atx-freio-a-disco-24-marchas.jpg",600,600,false],"thumbnail":["https:\/\/promocaododia.com.br\/site\/wp-content\/uploads\/2022\/11\/Bicicleta-aro-29-aluminio-alfameq-atx-freio-a-disco-24-marchas-150x150.jpg",150,150,true],"medium":["https:\/\/promocaododia.com.br\/site\/wp-content\/uploads\/2022\/11\/Bicicleta-aro-29-aluminio-alfameq-atx-freio-a-disco-24-marchas-300x300.jpg",300,300,true],"medium_large":["https:\/\/promocaododia.com.br\/site\/wp-content\/uploads\/2022\/11\/Bicicleta-aro-29-aluminio-alfameq-atx-freio-a-disco-24-marchas.jpg",600,600,false],"large":["https:\/\/promocaododia.com.br\/site\/wp-content\/uploads\/2022\/11\/Bicicleta-aro-29-aluminio-alfameq-atx-freio-a-disco-24-marchas.jpg",600,600,false],"1536x1536":["https:\/\/promocaododia.com.br\/site\/wp-content\/uploads\/2022\/11\/Bicicleta-aro-29-aluminio-alfameq-atx-freio-a-disco-24-marchas.jpg",600,600,false],"2048x2048":["https:\/\/promocaododia.com.br\/site\/wp-content\/uploads\/2022\/11\/Bicicleta-aro-29-aluminio-alfameq-atx-freio-a-disco-24-marchas.jpg",600,600,false],"woocommerce_thumbnail":["https:\/\/promocaododia.com.br\/site\/wp-content\/uploads\/2022\/11\/Bicicleta-aro-29-aluminio-alfameq-atx-freio-a-disco-24-marchas-250x250.jpg",250,250,true],"woocommerce_single":["https:\/\/promocaododia.com.br\/site\/wp-content\/uploads\/2022\/11\/Bicicleta-aro-29-aluminio-alfameq-atx-freio-a-disco-24-marchas-250x250.jpg",250,250,true],"woocommerce_gallery_thumbnail":["https:\/\/promocaododia.com.br\/site\/wp-content\/uploads\/2022\/11\/Bicicleta-aro-29-aluminio-alfameq-atx-freio-a-disco-24-marchas-100x100.jpg",100,100,true]},"uagb_author_info":{"display_name":"danilo.gbr","author_link":"https:\/\/promocaododia.com.br\/site\/author\/"},"uagb_comment_info":0,"uagb_excerpt":"Descri\u00e7\u00e3o: BICICLETA ARO 29 ALUMINIO ALFAMEQ ATX FREIO A DISCO 24 MARCHAS nforma\u00e7\u00f5es T\u00e9cnicas: Marca: ALFAMEQ G\u00eanero: Unissex Aro Aero 29 alum\u00ednio (parede dupla) Cubo dianteiro\/traseiro sem blocagem Raio 290&#215;2.0 zincado C\u00e2mara de ar 29 Importada Pneu 29&#215;1.95 de preto Importado Selim Mtb Importado Canote de selim 27,2 alum\u00ednio Abra\u00e7adeira de alum\u00ednio com blocagem Movimento&hellip;","_links":{"self":[{"href":"https:\/\/promocaododia.com.br\/site\/wp-json\/wp\/v2\/product\/1248","targetHints":{"allow":["GET"]}}],"collection":[{"href":"https:\/\/promocaododia.com.br\/site\/wp-json\/wp\/v2\/product"}],"about":[{"href":"https:\/\/promocaododia.com.br\/site\/wp-json\/wp\/v2\/types\/product"}],"wp:featuredmedia":[{"embeddable":true,"href":"https:\/\/promocaododia.com.br\/site\/wp-json\/wp\/v2\/media\/1249"}],"wp:attachment":[{"href":"https:\/\/promocaododia.com.br\/site\/wp-json\/wp\/v2\/media?parent=1248"}],"wp:term":[{"taxonomy":"product_brand","embeddable":true,"href":"https:\/\/promocaododia.com.br\/site\/wp-json\/wp\/v2\/product_brand?post=1248"},{"taxonomy":"product_cat","embeddable":true,"href":"https:\/\/promocaododia.com.br\/site\/wp-json\/wp\/v2\/product_cat?post=1248"},{"taxonomy":"product_tag","embeddable":true,"href":"https:\/\/promocaododia.com.br\/site\/wp-json\/wp\/v2\/product_tag?post=1248"}],"curies":[{"name":"wp","href":"https:\/\/api.w.org\/{rel}","templated":true}]}}