{"id":1250,"date":"2022-11-25T19:42:44","date_gmt":"2022-11-25T22:42:44","guid":{"rendered":"https:\/\/promocaododia.com.br\/site\/?post_type=product&#038;p=1250"},"modified":"2022-11-25T19:42:44","modified_gmt":"2022-11-25T22:42:44","slug":"cadeira-gamer-mx0-giratoria-preto-vermelho-mymax","status":"publish","type":"product","link":"https:\/\/promocaododia.com.br\/site\/produto\/cadeira-gamer-mx0-giratoria-preto-vermelho-mymax\/","title":{"rendered":"Cadeira Gamer MX0 Giratoria Preto\/Vermelho &#8211; MYMAX"},"content":{"rendered":"<p>A Cadeira Gamer MX0 \u00e9 recomendada para gamers, pois necessitam de uma cadeira ergon\u00f4mica e confort\u00e1vel. Escolhida tamb\u00e9m por profissionais que passam muito tempo sentado em frente ao computador. Com design que proporciona mais conforto e garante ao jogador longas partidas. Constru\u00edda com materiais premium, superf\u00edcie em tecido sint\u00e9tico e estrutura met\u00e1lica garante durabilidade ao produto.<\/p>\n","protected":false},"excerpt":{"rendered":"<p>A Cadeira Gamer MX0 \u00e9 recomendada para gamers, pois necessitam de uma cadeira ergon\u00f4mica e confort\u00e1vel. Escolhida tamb\u00e9m por profissionais que passam muito tempo sentado em frente ao computador. Com design que proporciona mais conforto e garante ao jogador longas partidas. Constru\u00edda com materiais premium, superf\u00edcie em tecido sint\u00e9tico e estrutura met\u00e1lica garante durabilidade ao produto.<\/p>\n","protected":false},"featured_media":1251,"template":"","meta":{"_uag_custom_page_level_css":"","site-sidebar-layout":"default","site-content-layout":"default","ast-site-content-layout":"default","site-content-style":"default","site-sidebar-style":"default","ast-global-header-display":"","ast-banner-title-visibility":"","ast-main-header-display":"","ast-hfb-above-header-display":"","ast-hfb-below-header-display":"","ast-hfb-mobile-header-display":"","site-post-title":"","ast-breadcrumbs-content":"","ast-featured-img":"","footer-sml-layout":"","theme-transparent-header-meta":"default","adv-header-id-meta":"","stick-header-meta":"","header-above-stick-meta":"","header-main-stick-meta":"","header-below-stick-meta":"","astra-migrate-meta-layouts":"default","ast-page-background-enabled":"default","ast-page-background-meta":{"desktop":{"background-color":"","background-image":"","background-repeat":"repeat","background-position":"center center","background-size":"auto","background-attachment":"scroll","background-type":"","background-media":"","overlay-type":"","overlay-color":"","overlay-opacity":"","overlay-gradient":""},"tablet":{"background-color":"","background-image":"","background-repeat":"repeat","background-position":"center center","background-size":"auto","background-attachment":"scroll","background-type":"","background-media":"","overlay-type":"","overlay-color":"","overlay-opacity":"","overlay-gradient":""},"mobile":{"background-color":"","background-image":"","background-repeat":"repeat","background-position":"center center","background-size":"auto","background-attachment":"scroll","background-type":"","background-media":"","overlay-type":"","overlay-color":"","overlay-opacity":"","overlay-gradient":""}},"ast-content-background-meta":{"desktop":{"background-color":"var(--ast-global-color-5)","background-image":"","background-repeat":"repeat","background-position":"center center","background-size":"auto","background-attachment":"scroll","background-type":"","background-media":"","overlay-type":"","overlay-color":"","overlay-opacity":"","overlay-gradient":""},"tablet":{"background-color":"var(--ast-global-color-5)","background-image":"","background-repeat":"repeat","background-position":"center center","background-size":"auto","background-attachment":"scroll","background-type":"","background-media":"","overlay-type":"","overlay-color":"","overlay-opacity":"","overlay-gradient":""},"mobile":{"background-color":"var(--ast-global-color-5)","background-image":"","background-repeat":"repeat","background-position":"center center","background-size":"auto","background-attachment":"scroll","background-type":"","background-media":"","overlay-type":"","overlay-color":"","overlay-opacity":"","overlay-gradient":""}}},"product_brand":[],"product_cat":[45,44],"product_tag":[387,388,391,389],"class_list":{"0":"post-1250","1":"product","2":"type-product","3":"status-publish","4":"has-post-thumbnail","6":"product_cat-escritorio","7":"product_cat-moveis","8":"product_tag-cadeira","9":"product_tag-cadeira-gamer","10":"product_tag-giratoria","11":"product_tag-racer","12":"desktop-align-center","13":"tablet-align-left","14":"mobile-align-center","16":"first","17":"instock","18":"sale","19":"shipping-taxable","20":"product-type-external"},"uagb_featured_image_src":{"full":["https:\/\/promocaododia.com.br\/site\/wp-content\/uploads\/2022\/11\/Cadeira-Gamer-MX0-Giratoria-PretoVermelho-MYMAX.jpg",600,600,false],"thumbnail":["https:\/\/promocaododia.com.br\/site\/wp-content\/uploads\/2022\/11\/Cadeira-Gamer-MX0-Giratoria-PretoVermelho-MYMAX-150x150.jpg",150,150,true],"medium":["https:\/\/promocaododia.com.br\/site\/wp-content\/uploads\/2022\/11\/Cadeira-Gamer-MX0-Giratoria-PretoVermelho-MYMAX-300x300.jpg",300,300,true],"medium_large":["https:\/\/promocaododia.com.br\/site\/wp-content\/uploads\/2022\/11\/Cadeira-Gamer-MX0-Giratoria-PretoVermelho-MYMAX.jpg",600,600,false],"large":["https:\/\/promocaododia.com.br\/site\/wp-content\/uploads\/2022\/11\/Cadeira-Gamer-MX0-Giratoria-PretoVermelho-MYMAX.jpg",600,600,false],"1536x1536":["https:\/\/promocaododia.com.br\/site\/wp-content\/uploads\/2022\/11\/Cadeira-Gamer-MX0-Giratoria-PretoVermelho-MYMAX.jpg",600,600,false],"2048x2048":["https:\/\/promocaododia.com.br\/site\/wp-content\/uploads\/2022\/11\/Cadeira-Gamer-MX0-Giratoria-PretoVermelho-MYMAX.jpg",600,600,false],"woocommerce_thumbnail":["https:\/\/promocaododia.com.br\/site\/wp-content\/uploads\/2022\/11\/Cadeira-Gamer-MX0-Giratoria-PretoVermelho-MYMAX-250x250.jpg",250,250,true],"woocommerce_single":["https:\/\/promocaododia.com.br\/site\/wp-content\/uploads\/2022\/11\/Cadeira-Gamer-MX0-Giratoria-PretoVermelho-MYMAX-250x250.jpg",250,250,true],"woocommerce_gallery_thumbnail":["https:\/\/promocaododia.com.br\/site\/wp-content\/uploads\/2022\/11\/Cadeira-Gamer-MX0-Giratoria-PretoVermelho-MYMAX-100x100.jpg",100,100,true]},"uagb_author_info":{"display_name":"danilo.gbr","author_link":"https:\/\/promocaododia.com.br\/site\/author\/"},"uagb_comment_info":0,"uagb_excerpt":"A Cadeira Gamer MX0 \u00e9 recomendada para gamers, pois necessitam de uma cadeira ergon\u00f4mica e confort\u00e1vel. Escolhida tamb\u00e9m por profissionais que passam muito tempo sentado em frente ao computador. Com design que proporciona mais conforto e garante ao jogador longas partidas. Constru\u00edda com materiais premium, superf\u00edcie em tecido sint\u00e9tico e estrutura met\u00e1lica garante durabilidade ao&hellip;","_links":{"self":[{"href":"https:\/\/promocaododia.com.br\/site\/wp-json\/wp\/v2\/product\/1250","targetHints":{"allow":["GET"]}}],"collection":[{"href":"https:\/\/promocaododia.com.br\/site\/wp-json\/wp\/v2\/product"}],"about":[{"href":"https:\/\/promocaododia.com.br\/site\/wp-json\/wp\/v2\/types\/product"}],"wp:featuredmedia":[{"embeddable":true,"href":"https:\/\/promocaododia.com.br\/site\/wp-json\/wp\/v2\/media\/1251"}],"wp:attachment":[{"href":"https:\/\/promocaododia.com.br\/site\/wp-json\/wp\/v2\/media?parent=1250"}],"wp:term":[{"taxonomy":"product_brand","embeddable":true,"href":"https:\/\/promocaododia.com.br\/site\/wp-json\/wp\/v2\/product_brand?post=1250"},{"taxonomy":"product_cat","embeddable":true,"href":"https:\/\/promocaododia.com.br\/site\/wp-json\/wp\/v2\/product_cat?post=1250"},{"taxonomy":"product_tag","embeddable":true,"href":"https:\/\/promocaododia.com.br\/site\/wp-json\/wp\/v2\/product_tag?post=1250"}],"curies":[{"name":"wp","href":"https:\/\/api.w.org\/{rel}","templated":true}]}}