{"id":1254,"date":"2022-11-25T19:50:27","date_gmt":"2022-11-25T22:50:27","guid":{"rendered":"https:\/\/promocaododia.com.br\/site\/?post_type=product&#038;p=1254"},"modified":"2022-11-25T19:50:28","modified_gmt":"2022-11-25T22:50:28","slug":"forno-e-fryer-25l-oster-multifuncoes-10-em-1","status":"publish","type":"product","link":"https:\/\/promocaododia.com.br\/site\/produto\/forno-e-fryer-25l-oster-multifuncoes-10-em-1\/","title":{"rendered":"Forno e Fryer 25L Oster Multifun\u00e7\u00f5es 10 em 1"},"content":{"rendered":"<p>Praticidade \u00e9 a palavra que define o novo Forno Fryer Multifun\u00e7\u00f5es da Oster. Um produto completo que re\u00fane diversas fun\u00e7\u00f5es para tornar o preparo das suas receitas mais simples e com qualidade digna de chef. 2 em 1: Forno e Fritadeira 25 litros de capacidade 10 Fun\u00e7\u00f5es manuais, mais 11 fun\u00e7\u00f5es pr\u00e9-programadas. Forno e Fritadeira: Mais versatilidade e praticidade para seus momentos na cozinha. Com o novo Forno Fryer Multifun\u00e7\u00f5es Oster \u00e9 poss\u00edvel fritar sem \u00f3leo e assar por convec\u00e7\u00e3o. S\u00e3o diversos preparos em um \u00fanico produto. Multifun\u00e7\u00f5es: &#8211; Fritadeira &#8211; Desidrata &#8211; Reaquecer &#8211; Forno &#8211; Grill &#8211; Grelhar &#8211; Turbo Convec\u00e7\u00e3o &#8211; Torrar &#8211; Descongela &#8211; Estufa E ainda tem 11 fun\u00e7\u00f5es pr\u00e9-programadas que v\u00e3o facilitar seus preparos: Frango, Peixe, Costela, Camar\u00e3o, Carne, Asa de Frango, Vegetais, Bacon, Batata Frita, Lasanha e Pizza. 1700W de pot\u00eancia e Supercapacidade de 25L: Perfeito para atender a fam\u00edlia toda. Alta pot\u00eancia e capacidade para preparar alimentos de grande porte e em quantidades maiores. Alerta Shaking Time! Emite um sinal sonoro avisando o momento exato de virar ou mexer os alimentos, para voc\u00ea deix\u00e1-los no ponto certo. E mais &#8230; Display Digital, Preaquecimento e ilumina\u00e7\u00e3o interna, Controle de tempo e temperatura, N\u00edveis de alturas ajust\u00e1veis. 5 Acess\u00f3rios: 1 Bandeja coletora de migalhas: Auxilia na coleta de res\u00edduos dos alimentos. Remov\u00edvel para limpeza 2 Assadeira coletora de gordura: Assadeira para preparar alimentos ou coletar gordura. 3 Gancho para cesto de fritura: Facilita a remo\u00e7\u00e3o do cesto de fritura e traz mais seguran\u00e7a para manuseio. 4 Cesto de Fritura: Cesto em a\u00e7o inoxid\u00e1vel para fritar e desidratar. 5 Prateleira: Prateleira em a\u00e7o inoxid\u00e1vel para apoiar o cesto de fritura, assadeiras ou para preparar alimentos grelhados. Selo de Seguran\u00e7a OCP SGS<\/p>\n","protected":false},"excerpt":{"rendered":"<p>Praticidade \u00e9 a palavra que define o novo Forno Fryer Multifun\u00e7\u00f5es da Oster. Um produto completo que re\u00fane diversas fun\u00e7\u00f5es para tornar o preparo das suas receitas mais simples e com qualidade digna de chef. 2 em 1: Forno e Fritadeira 25 litros de capacidade 10 Fun\u00e7\u00f5es manuais, mais 11 fun\u00e7\u00f5es pr\u00e9-programadas. Forno e Fritadeira: Mais versatilidade e praticidade para seus momentos na cozinha. Com o novo Forno Fryer Multifun\u00e7\u00f5es Oster \u00e9 poss\u00edvel fritar sem \u00f3leo e assar por convec\u00e7\u00e3o. S\u00e3o diversos preparos em um \u00fanico produto. Multifun\u00e7\u00f5es: &#8211; Fritadeira &#8211; Desidrata &#8211; Reaquecer &#8211; Forno &#8211; Grill &#8211; Grelhar &#8211; Turbo Convec\u00e7\u00e3o &#8211; Torrar &#8211; Descongela &#8211; Estufa E ainda tem 11 fun\u00e7\u00f5es pr\u00e9-programadas que v\u00e3o facilitar seus preparos: Frango, Peixe, Costela, Camar\u00e3o, Carne, Asa de Frango, Vegetais, Bacon, Batata Frita, Lasanha e Pizza. 1700W de pot\u00eancia e Supercapacidade de 25L: Perfeito para atender a fam\u00edlia toda. Alta pot\u00eancia e capacidade para preparar alimentos de grande porte e em quantidades maiores. Alerta Shaking Time! Emite um sinal sonoro avisando o momento exato de virar ou mexer os alimentos, para voc\u00ea deix\u00e1-los no ponto certo. E mais &#8230; Display Digital, Preaquecimento e ilumina\u00e7\u00e3o interna, Controle de tempo e temperatura, N\u00edveis de alturas ajust\u00e1veis. 5 Acess\u00f3rios: 1 Bandeja coletora de migalhas: Auxilia na coleta de res\u00edduos dos alimentos. Remov\u00edvel para limpeza 2 Assadeira coletora de gordura: Assadeira para preparar alimentos ou coletar gordura. 3 Gancho para cesto de fritura: Facilita a remo\u00e7\u00e3o do cesto de fritura e traz mais seguran\u00e7a para manuseio. 4 Cesto de Fritura: Cesto em a\u00e7o inoxid\u00e1vel para fritar e desidratar. 5 Prateleira: Prateleira em a\u00e7o inoxid\u00e1vel para apoiar o cesto de fritura, assadeiras ou para preparar alimentos grelhados. Selo de Seguran\u00e7a OCP SGS<\/p>\n","protected":false},"featured_media":1255,"template":"","meta":{"_uag_custom_page_level_css":"","site-sidebar-layout":"default","site-content-layout":"default","ast-site-content-layout":"default","site-content-style":"default","site-sidebar-style":"default","ast-global-header-display":"","ast-banner-title-visibility":"","ast-main-header-display":"","ast-hfb-above-header-display":"","ast-hfb-below-header-display":"","ast-hfb-mobile-header-display":"","site-post-title":"","ast-breadcrumbs-content":"","ast-featured-img":"","footer-sml-layout":"","theme-transparent-header-meta":"default","adv-header-id-meta":"","stick-header-meta":"","header-above-stick-meta":"","header-main-stick-meta":"","header-below-stick-meta":"","astra-migrate-meta-layouts":"default","ast-page-background-enabled":"default","ast-page-background-meta":{"desktop":{"background-color":"","background-image":"","background-repeat":"repeat","background-position":"center center","background-size":"auto","background-attachment":"scroll","background-type":"","background-media":"","overlay-type":"","overlay-color":"","overlay-opacity":"","overlay-gradient":""},"tablet":{"background-color":"","background-image":"","background-repeat":"repeat","background-position":"center center","background-size":"auto","background-attachment":"scroll","background-type":"","background-media":"","overlay-type":"","overlay-color":"","overlay-opacity":"","overlay-gradient":""},"mobile":{"background-color":"","background-image":"","background-repeat":"repeat","background-position":"center center","background-size":"auto","background-attachment":"scroll","background-type":"","background-media":"","overlay-type":"","overlay-color":"","overlay-opacity":"","overlay-gradient":""}},"ast-content-background-meta":{"desktop":{"background-color":"var(--ast-global-color-5)","background-image":"","background-repeat":"repeat","background-position":"center center","background-size":"auto","background-attachment":"scroll","background-type":"","background-media":"","overlay-type":"","overlay-color":"","overlay-opacity":"","overlay-gradient":""},"tablet":{"background-color":"var(--ast-global-color-5)","background-image":"","background-repeat":"repeat","background-position":"center center","background-size":"auto","background-attachment":"scroll","background-type":"","background-media":"","overlay-type":"","overlay-color":"","overlay-opacity":"","overlay-gradient":""},"mobile":{"background-color":"var(--ast-global-color-5)","background-image":"","background-repeat":"repeat","background-position":"center center","background-size":"auto","background-attachment":"scroll","background-type":"","background-media":"","overlay-type":"","overlay-color":"","overlay-opacity":"","overlay-gradient":""}}},"product_brand":[],"product_cat":[28,554],"product_tag":[489,547,555],"class_list":{"0":"post-1254","1":"product","2":"type-product","3":"status-publish","4":"has-post-thumbnail","6":"product_cat-eletrodomesticos","7":"product_cat-forno","8":"product_tag-casa-e-construcao","9":"product_tag-fogao","10":"product_tag-forno","11":"desktop-align-center","12":"tablet-align-left","13":"mobile-align-center","15":"first","16":"instock","17":"sale","18":"shipping-taxable","19":"product-type-external"},"uagb_featured_image_src":{"full":["https:\/\/promocaododia.com.br\/site\/wp-content\/uploads\/2022\/11\/Forno-e-Fryer-25L-Oster-Multifuncoes-10-em-1.jpg",600,600,false],"thumbnail":["https:\/\/promocaododia.com.br\/site\/wp-content\/uploads\/2022\/11\/Forno-e-Fryer-25L-Oster-Multifuncoes-10-em-1-150x150.jpg",150,150,true],"medium":["https:\/\/promocaododia.com.br\/site\/wp-content\/uploads\/2022\/11\/Forno-e-Fryer-25L-Oster-Multifuncoes-10-em-1-300x300.jpg",300,300,true],"medium_large":["https:\/\/promocaododia.com.br\/site\/wp-content\/uploads\/2022\/11\/Forno-e-Fryer-25L-Oster-Multifuncoes-10-em-1.jpg",600,600,false],"large":["https:\/\/promocaododia.com.br\/site\/wp-content\/uploads\/2022\/11\/Forno-e-Fryer-25L-Oster-Multifuncoes-10-em-1.jpg",600,600,false],"1536x1536":["https:\/\/promocaododia.com.br\/site\/wp-content\/uploads\/2022\/11\/Forno-e-Fryer-25L-Oster-Multifuncoes-10-em-1.jpg",600,600,false],"2048x2048":["https:\/\/promocaododia.com.br\/site\/wp-content\/uploads\/2022\/11\/Forno-e-Fryer-25L-Oster-Multifuncoes-10-em-1.jpg",600,600,false],"woocommerce_thumbnail":["https:\/\/promocaododia.com.br\/site\/wp-content\/uploads\/2022\/11\/Forno-e-Fryer-25L-Oster-Multifuncoes-10-em-1-250x250.jpg",250,250,true],"woocommerce_single":["https:\/\/promocaododia.com.br\/site\/wp-content\/uploads\/2022\/11\/Forno-e-Fryer-25L-Oster-Multifuncoes-10-em-1-250x250.jpg",250,250,true],"woocommerce_gallery_thumbnail":["https:\/\/promocaododia.com.br\/site\/wp-content\/uploads\/2022\/11\/Forno-e-Fryer-25L-Oster-Multifuncoes-10-em-1-100x100.jpg",100,100,true]},"uagb_author_info":{"display_name":"danilo.gbr","author_link":"https:\/\/promocaododia.com.br\/site\/author\/"},"uagb_comment_info":0,"uagb_excerpt":"Praticidade \u00e9 a palavra que define o novo Forno Fryer Multifun\u00e7\u00f5es da Oster. Um produto completo que re\u00fane diversas fun\u00e7\u00f5es para tornar o preparo das suas receitas mais simples e com qualidade digna de chef. 2 em 1: Forno e Fritadeira 25 litros de capacidade 10 Fun\u00e7\u00f5es manuais, mais 11 fun\u00e7\u00f5es pr\u00e9-programadas. Forno e Fritadeira:&hellip;","_links":{"self":[{"href":"https:\/\/promocaododia.com.br\/site\/wp-json\/wp\/v2\/product\/1254","targetHints":{"allow":["GET"]}}],"collection":[{"href":"https:\/\/promocaododia.com.br\/site\/wp-json\/wp\/v2\/product"}],"about":[{"href":"https:\/\/promocaododia.com.br\/site\/wp-json\/wp\/v2\/types\/product"}],"wp:featuredmedia":[{"embeddable":true,"href":"https:\/\/promocaododia.com.br\/site\/wp-json\/wp\/v2\/media\/1255"}],"wp:attachment":[{"href":"https:\/\/promocaododia.com.br\/site\/wp-json\/wp\/v2\/media?parent=1254"}],"wp:term":[{"taxonomy":"product_brand","embeddable":true,"href":"https:\/\/promocaododia.com.br\/site\/wp-json\/wp\/v2\/product_brand?post=1254"},{"taxonomy":"product_cat","embeddable":true,"href":"https:\/\/promocaododia.com.br\/site\/wp-json\/wp\/v2\/product_cat?post=1254"},{"taxonomy":"product_tag","embeddable":true,"href":"https:\/\/promocaododia.com.br\/site\/wp-json\/wp\/v2\/product_tag?post=1254"}],"curies":[{"name":"wp","href":"https:\/\/api.w.org\/{rel}","templated":true}]}}