{"id":1256,"date":"2022-11-25T19:54:42","date_gmt":"2022-11-25T22:54:42","guid":{"rendered":"https:\/\/promocaododia.com.br\/site\/?post_type=product&#038;p=1256"},"modified":"2022-11-25T19:54:43","modified_gmt":"2022-11-25T22:54:43","slug":"controle-para-ps4-sem-fio-dualshock-4-sony-sony-god-of-war-ragnarok-para-ps4","status":"publish","type":"product","link":"https:\/\/promocaododia.com.br\/site\/produto\/controle-para-ps4-sem-fio-dualshock-4-sony-sony-god-of-war-ragnarok-para-ps4\/","title":{"rendered":"Controle para PS4 Sem Fio Dualshock 4 Sony &#8211; Sony + God of War Ragnar\u00f6k para PS4"},"content":{"rendered":"<div class=\"product\">\n<div class=\"ptabs\">\n<div class=\"product-factsheet \" data-factsheet-id=\"043179500\">\n<div class=\"tab-content\">\n<div id=\"tab-apresentacao043179500\" class=\"tab-pane active\">\n<table class=\"tab apresentacao\">\n<tbody>\n<tr class=\"attribute level1\">\n<td>O controle para PS4 e PC da Sony sem fio Dualshock 4 preto combina recursos revolucion\u00e1rios e conforto com precis\u00e3o e intui\u00e7\u00e3o. O seu formato e a sensibilidade dos controles anal\u00f3gicos e bot\u00f5es com gatilho d\u00e3o ao jogador um controle em todos os jogos do PS4.<br \/>\nO bot\u00e3o share facilita o compartilhamento dos melhores momentos do jogo, basta pressionar um bot\u00e3o. E voc\u00ea pode fazer upload de videos de gameplay e capturas de tela diretamente do seu sistema ou transmitir seu gameplay ao vivo, sem afetar o andamento da partida.<br \/>\nO touchpad, a barra de luz e os alto-falantes integrados proporcionam formas incr\u00edveis de interagir com os jogos. Agora, se desejar mais privacidades, o conector de \u00e1udio de 3,5mm oferece uma pr\u00e1tica solu\u00e7\u00e3o de \u00e1udio.<br \/>\nE para carregar \u00e9 super simples: basta conect\u00e1-lo ao seu sistema PS4, mesmo em modo de espera, ou qualquer carregador padr\u00e3o com porta micro USB.<\/td>\n<\/tr>\n<\/tbody>\n<\/table>\n<\/div>\n<\/div>\n<\/div>\n<\/div>\n<\/div>\n<div class=\"row recomm-white-box recomm-cross\"><\/div>\n","protected":false},"excerpt":{"rendered":"<p>O controle para PS4 e PC da Sony sem fio Dualshock 4 preto combina recursos revolucion\u00e1rios e conforto com precis\u00e3o e intui\u00e7\u00e3o. O seu formato e a sensibilidade dos controles anal\u00f3gicos e bot\u00f5es com gatilho d\u00e3o ao jogador um controle em todos os jogos do PS4. O bot\u00e3o share facilita o compartilhamento dos melhores momentos do jogo, basta pressionar um bot\u00e3o. E voc\u00ea pode fazer upload de videos de gameplay e capturas de tela diretamente do seu sistema ou transmitir seu gameplay ao vivo, sem afetar o andamento da partida. O touchpad, a barra de luz e os alto-falantes integrados proporcionam formas incr\u00edveis de interagir com os jogos. Agora, se desejar mais privacidades, o conector de \u00e1udio de 3,5mm oferece uma pr\u00e1tica solu\u00e7\u00e3o de \u00e1udio. E para carregar \u00e9 super simples: basta conect\u00e1-lo ao seu sistema PS4, mesmo em modo de espera, ou qualquer carregador padr\u00e3o com porta micro USB.<\/p>\n","protected":false},"featured_media":1257,"template":"","meta":{"_uag_custom_page_level_css":"","site-sidebar-layout":"default","site-content-layout":"default","ast-site-content-layout":"default","site-content-style":"default","site-sidebar-style":"default","ast-global-header-display":"","ast-banner-title-visibility":"","ast-main-header-display":"","ast-hfb-above-header-display":"","ast-hfb-below-header-display":"","ast-hfb-mobile-header-display":"","site-post-title":"","ast-breadcrumbs-content":"","ast-featured-img":"","footer-sml-layout":"","theme-transparent-header-meta":"default","adv-header-id-meta":"","stick-header-meta":"","header-above-stick-meta":"","header-main-stick-meta":"","header-below-stick-meta":"","astra-migrate-meta-layouts":"default","ast-page-background-enabled":"default","ast-page-background-meta":{"desktop":{"background-color":"","background-image":"","background-repeat":"repeat","background-position":"center center","background-size":"auto","background-attachment":"scroll","background-type":"","background-media":"","overlay-type":"","overlay-color":"","overlay-opacity":"","overlay-gradient":""},"tablet":{"background-color":"","background-image":"","background-repeat":"repeat","background-position":"center center","background-size":"auto","background-attachment":"scroll","background-type":"","background-media":"","overlay-type":"","overlay-color":"","overlay-opacity":"","overlay-gradient":""},"mobile":{"background-color":"","background-image":"","background-repeat":"repeat","background-position":"center center","background-size":"auto","background-attachment":"scroll","background-type":"","background-media":"","overlay-type":"","overlay-color":"","overlay-opacity":"","overlay-gradient":""}},"ast-content-background-meta":{"desktop":{"background-color":"var(--ast-global-color-5)","background-image":"","background-repeat":"repeat","background-position":"center center","background-size":"auto","background-attachment":"scroll","background-type":"","background-media":"","overlay-type":"","overlay-color":"","overlay-opacity":"","overlay-gradient":""},"tablet":{"background-color":"var(--ast-global-color-5)","background-image":"","background-repeat":"repeat","background-position":"center center","background-size":"auto","background-attachment":"scroll","background-type":"","background-media":"","overlay-type":"","overlay-color":"","overlay-opacity":"","overlay-gradient":""},"mobile":{"background-color":"var(--ast-global-color-5)","background-image":"","background-repeat":"repeat","background-position":"center center","background-size":"auto","background-attachment":"scroll","background-type":"","background-media":"","overlay-type":"","overlay-color":"","overlay-opacity":"","overlay-gradient":""}}},"product_brand":[],"product_cat":[38,244,251],"product_tag":[556,252,254],"class_list":{"0":"post-1256","1":"product","2":"type-product","3":"status-publish","4":"has-post-thumbnail","6":"product_cat-eletronicos","7":"product_cat-games","8":"product_cat-playstation","9":"product_tag-controle","10":"product_tag-playstation","11":"product_tag-video-game","12":"desktop-align-center","13":"tablet-align-left","14":"mobile-align-center","16":"first","17":"instock","18":"sale","19":"shipping-taxable","20":"product-type-external"},"uagb_featured_image_src":{"full":["https:\/\/promocaododia.com.br\/site\/wp-content\/uploads\/2022\/11\/Controle-para-PS4-Sem-Fio-Dualshock-4-Sony-Sony-God-of-War-Ragnarok-para-PS4.jpg",600,600,false],"thumbnail":["https:\/\/promocaododia.com.br\/site\/wp-content\/uploads\/2022\/11\/Controle-para-PS4-Sem-Fio-Dualshock-4-Sony-Sony-God-of-War-Ragnarok-para-PS4-150x150.jpg",150,150,true],"medium":["https:\/\/promocaododia.com.br\/site\/wp-content\/uploads\/2022\/11\/Controle-para-PS4-Sem-Fio-Dualshock-4-Sony-Sony-God-of-War-Ragnarok-para-PS4-300x300.jpg",300,300,true],"medium_large":["https:\/\/promocaododia.com.br\/site\/wp-content\/uploads\/2022\/11\/Controle-para-PS4-Sem-Fio-Dualshock-4-Sony-Sony-God-of-War-Ragnarok-para-PS4.jpg",600,600,false],"large":["https:\/\/promocaododia.com.br\/site\/wp-content\/uploads\/2022\/11\/Controle-para-PS4-Sem-Fio-Dualshock-4-Sony-Sony-God-of-War-Ragnarok-para-PS4.jpg",600,600,false],"1536x1536":["https:\/\/promocaododia.com.br\/site\/wp-content\/uploads\/2022\/11\/Controle-para-PS4-Sem-Fio-Dualshock-4-Sony-Sony-God-of-War-Ragnarok-para-PS4.jpg",600,600,false],"2048x2048":["https:\/\/promocaododia.com.br\/site\/wp-content\/uploads\/2022\/11\/Controle-para-PS4-Sem-Fio-Dualshock-4-Sony-Sony-God-of-War-Ragnarok-para-PS4.jpg",600,600,false],"woocommerce_thumbnail":["https:\/\/promocaododia.com.br\/site\/wp-content\/uploads\/2022\/11\/Controle-para-PS4-Sem-Fio-Dualshock-4-Sony-Sony-God-of-War-Ragnarok-para-PS4-250x250.jpg",250,250,true],"woocommerce_single":["https:\/\/promocaododia.com.br\/site\/wp-content\/uploads\/2022\/11\/Controle-para-PS4-Sem-Fio-Dualshock-4-Sony-Sony-God-of-War-Ragnarok-para-PS4-250x250.jpg",250,250,true],"woocommerce_gallery_thumbnail":["https:\/\/promocaododia.com.br\/site\/wp-content\/uploads\/2022\/11\/Controle-para-PS4-Sem-Fio-Dualshock-4-Sony-Sony-God-of-War-Ragnarok-para-PS4-100x100.jpg",100,100,true]},"uagb_author_info":{"display_name":"danilo.gbr","author_link":"https:\/\/promocaododia.com.br\/site\/author\/"},"uagb_comment_info":0,"uagb_excerpt":"O controle para PS4 e PC da Sony sem fio Dualshock 4 preto combina recursos revolucion\u00e1rios e conforto com precis\u00e3o e intui\u00e7\u00e3o. O seu formato e a sensibilidade dos controles anal\u00f3gicos e bot\u00f5es com gatilho d\u00e3o ao jogador um controle em todos os jogos do PS4. O bot\u00e3o share facilita o compartilhamento dos melhores momentos&hellip;","_links":{"self":[{"href":"https:\/\/promocaododia.com.br\/site\/wp-json\/wp\/v2\/product\/1256","targetHints":{"allow":["GET"]}}],"collection":[{"href":"https:\/\/promocaododia.com.br\/site\/wp-json\/wp\/v2\/product"}],"about":[{"href":"https:\/\/promocaododia.com.br\/site\/wp-json\/wp\/v2\/types\/product"}],"wp:featuredmedia":[{"embeddable":true,"href":"https:\/\/promocaododia.com.br\/site\/wp-json\/wp\/v2\/media\/1257"}],"wp:attachment":[{"href":"https:\/\/promocaododia.com.br\/site\/wp-json\/wp\/v2\/media?parent=1256"}],"wp:term":[{"taxonomy":"product_brand","embeddable":true,"href":"https:\/\/promocaododia.com.br\/site\/wp-json\/wp\/v2\/product_brand?post=1256"},{"taxonomy":"product_cat","embeddable":true,"href":"https:\/\/promocaododia.com.br\/site\/wp-json\/wp\/v2\/product_cat?post=1256"},{"taxonomy":"product_tag","embeddable":true,"href":"https:\/\/promocaododia.com.br\/site\/wp-json\/wp\/v2\/product_tag?post=1256"}],"curies":[{"name":"wp","href":"https:\/\/api.w.org\/{rel}","templated":true}]}}