{"id":1258,"date":"2022-11-25T20:01:52","date_gmt":"2022-11-25T23:01:52","guid":{"rendered":"https:\/\/promocaododia.com.br\/site\/?post_type=product&#038;p=1258"},"modified":"2022-11-25T20:01:53","modified_gmt":"2022-11-25T23:01:53","slug":"console-playstation-5-digital-edition-fifa-23-ps5","status":"publish","type":"product","link":"https:\/\/promocaododia.com.br\/site\/produto\/console-playstation-5-digital-edition-fifa-23-ps5\/","title":{"rendered":"Console Playstation 5 Digital Edition + FIFA 23 &#8211; PS5"},"content":{"rendered":"<p><b>Play Has No Limits\u2122 Jogar N\u00e3o Tem Limites<\/b><\/p>\n<p><b>PlayStation\u00ae5 Edi\u00e7\u00e3o Digital<\/b><br \/>\nO PS5\u2122 Edi\u00e7\u00e3o Digital oferece novas possibilidades de jogabilidade que voc\u00ea nunca imaginou.<\/p>\n<p>Uma vers\u00e3o totalmente digital do console PS5 sem unidade de disco. Voc\u00ea pode baixar jogos digitais para PS5 e PS4 pela PlayStation Store.<\/p>\n<p>Experimente o carregamento extremamente r\u00e1pido do SSD de ultra-velocidade, uma imers\u00e3o mais profunda com suporte \u00e0 resposta t\u00e1til, gatilhos adapt\u00e1veis e \u00e1udio 3D. Al\u00e9m de uma gera\u00e7\u00e3o totalmente nova de jogos incr\u00edveis PlayStation\u00ae.<\/p>\n<p>PS5\u2122 Edi\u00e7\u00e3o Digital \u00e9 uma vers\u00e3o totalmente digital do console PS5\u2122 sem unidade de disco. Inicie sua sess\u00e3o na conta da PlayStation Network e v\u00e1 \u00e0 PlayStation\u00aeStore para comprar e baixar jogos.*<\/p>\n<p>Na velocidade da luz: Domine o poder das CPU e GPU personalizadas e do SSD com E\/S integradas que redefinem as regras do que o console PlayStation pode fazer.<\/p>\n<p>Jogos deslumbrantes: Maravilhe-se com os gr\u00e1ficos incr\u00edveis e experimente os recursos do novo PS5. Imers\u00e3o de tirar o f\u00f4lego: Descubra uma experi\u00eancia de jogos ainda mais profunda com a ajuda da resposta t\u00e1til, dos gatilhos adapt\u00e1veis e da tecnologia de \u00e1udio 3D.<\/p>\n<p><b>FIFA 23<\/b><br \/>\nO que \u00e9 o EA SPORTS\u2122 FIFA 23? O Jogo de Todo Mundo.<\/p>\n<p>O EA SPORTS\u2122 FIFA 23 coloca o maior jogo do mundo em campo, com torneios da Copa do Mundo FIFA\u2122 de futebol masculino e feminino, adi\u00e7\u00e3o de clubes femininos e novas formas de jogar os seus modos favoritos.<\/p>\n<p>Os avan\u00e7os na tecnologia HyperMotion2 trazem ainda mais a\u00e7\u00e3o e realismo do futebol para o campo no PS5. Com o dobro de captura de movimentos do mundo real, agora, mais do que nunca, h\u00e1 mais anima\u00e7\u00f5es de futebol real em cada partida.<\/p>\n<p><b>Imagens meramente ilustrativas.<\/b><br \/>\n<b>Todas as informa\u00e7\u00f5es divulgadas s\u00e3o de responsabilidade do Fabricante\/Fornecedor.<\/b><br \/>\n<b>Verifique com os fabricantes do produto e de seus componentes eventuais limita\u00e7\u00f5es \u00e0 utiliza\u00e7\u00e3o de todos os recursos e funcionalidades.<\/b><\/p>\n","protected":false},"excerpt":{"rendered":"<p>Play Has No Limits\u2122 Jogar N\u00e3o Tem Limites PlayStation\u00ae5 Edi\u00e7\u00e3o Digital O PS5\u2122 Edi\u00e7\u00e3o Digital oferece novas possibilidades de jogabilidade que voc\u00ea nunca imaginou. Uma vers\u00e3o totalmente digital do console PS5 sem unidade de disco. Voc\u00ea pode baixar jogos digitais para PS5 e PS4 pela PlayStation Store. Experimente o carregamento extremamente r\u00e1pido do SSD de ultra-velocidade, uma imers\u00e3o mais profunda com suporte \u00e0 resposta t\u00e1til, gatilhos adapt\u00e1veis e \u00e1udio 3D. Al\u00e9m de uma gera\u00e7\u00e3o totalmente nova de jogos incr\u00edveis PlayStation\u00ae. PS5\u2122 Edi\u00e7\u00e3o Digital \u00e9 uma vers\u00e3o totalmente digital do console PS5\u2122 sem unidade de disco. Inicie sua sess\u00e3o na conta da PlayStation Network e v\u00e1 \u00e0 PlayStation\u00aeStore para comprar e baixar jogos.* Na velocidade da luz: Domine o poder das CPU e GPU personalizadas e do SSD com E\/S integradas que redefinem as regras do que o console PlayStation pode fazer. Jogos deslumbrantes: Maravilhe-se com os gr\u00e1ficos incr\u00edveis e experimente os recursos do novo PS5. Imers\u00e3o de tirar o f\u00f4lego: Descubra uma experi\u00eancia de jogos ainda mais profunda com a ajuda da resposta t\u00e1til, dos gatilhos adapt\u00e1veis e da tecnologia de \u00e1udio 3D. FIFA 23 O que \u00e9 o EA SPORTS\u2122 FIFA 23? O Jogo de Todo Mundo. O EA SPORTS\u2122 FIFA 23 coloca o maior jogo do mundo em campo, com torneios da Copa do Mundo FIFA\u2122 de futebol masculino e feminino, adi\u00e7\u00e3o de clubes femininos e novas formas de jogar os seus modos favoritos. Os avan\u00e7os na tecnologia HyperMotion2 trazem ainda mais a\u00e7\u00e3o e realismo do futebol para o campo no PS5. Com o dobro de captura de movimentos do mundo real, agora, mais do que nunca, h\u00e1 mais anima\u00e7\u00f5es de futebol real em cada partida. Imagens meramente ilustrativas. Todas as informa\u00e7\u00f5es divulgadas s\u00e3o de responsabilidade do Fabricante\/Fornecedor. Verifique com os fabricantes do produto e de seus componentes eventuais limita\u00e7\u00f5es \u00e0 utiliza\u00e7\u00e3o de todos os recursos e funcionalidades.<\/p>\n","protected":false},"featured_media":1259,"template":"","meta":{"_uag_custom_page_level_css":"","site-sidebar-layout":"default","site-content-layout":"default","ast-site-content-layout":"default","site-content-style":"default","site-sidebar-style":"default","ast-global-header-display":"","ast-banner-title-visibility":"","ast-main-header-display":"","ast-hfb-above-header-display":"","ast-hfb-below-header-display":"","ast-hfb-mobile-header-display":"","site-post-title":"","ast-breadcrumbs-content":"","ast-featured-img":"","footer-sml-layout":"","theme-transparent-header-meta":"default","adv-header-id-meta":"","stick-header-meta":"","header-above-stick-meta":"","header-main-stick-meta":"","header-below-stick-meta":"","astra-migrate-meta-layouts":"default","ast-page-background-enabled":"default","ast-page-background-meta":{"desktop":{"background-color":"","background-image":"","background-repeat":"repeat","background-position":"center center","background-size":"auto","background-attachment":"scroll","background-type":"","background-media":"","overlay-type":"","overlay-color":"","overlay-opacity":"","overlay-gradient":""},"tablet":{"background-color":"","background-image":"","background-repeat":"repeat","background-position":"center center","background-size":"auto","background-attachment":"scroll","background-type":"","background-media":"","overlay-type":"","overlay-color":"","overlay-opacity":"","overlay-gradient":""},"mobile":{"background-color":"","background-image":"","background-repeat":"repeat","background-position":"center center","background-size":"auto","background-attachment":"scroll","background-type":"","background-media":"","overlay-type":"","overlay-color":"","overlay-opacity":"","overlay-gradient":""}},"ast-content-background-meta":{"desktop":{"background-color":"var(--ast-global-color-5)","background-image":"","background-repeat":"repeat","background-position":"center center","background-size":"auto","background-attachment":"scroll","background-type":"","background-media":"","overlay-type":"","overlay-color":"","overlay-opacity":"","overlay-gradient":""},"tablet":{"background-color":"var(--ast-global-color-5)","background-image":"","background-repeat":"repeat","background-position":"center center","background-size":"auto","background-attachment":"scroll","background-type":"","background-media":"","overlay-type":"","overlay-color":"","overlay-opacity":"","overlay-gradient":""},"mobile":{"background-color":"var(--ast-global-color-5)","background-image":"","background-repeat":"repeat","background-position":"center center","background-size":"auto","background-attachment":"scroll","background-type":"","background-media":"","overlay-type":"","overlay-color":"","overlay-opacity":"","overlay-gradient":""}}},"product_brand":[],"product_cat":[38,244,251],"product_tag":[253,254],"class_list":{"0":"post-1258","1":"product","2":"type-product","3":"status-publish","4":"has-post-thumbnail","6":"product_cat-eletronicos","7":"product_cat-games","8":"product_cat-playstation","9":"product_tag-playstation-5","10":"product_tag-video-game","11":"desktop-align-center","12":"tablet-align-left","13":"mobile-align-center","15":"first","16":"instock","17":"sale","18":"shipping-taxable","19":"product-type-external"},"uagb_featured_image_src":{"full":["https:\/\/promocaododia.com.br\/site\/wp-content\/uploads\/2022\/11\/Console-Playstation-5-Digital-Edition-FIFA-23-PS5.jpg",600,600,false],"thumbnail":["https:\/\/promocaododia.com.br\/site\/wp-content\/uploads\/2022\/11\/Console-Playstation-5-Digital-Edition-FIFA-23-PS5-150x150.jpg",150,150,true],"medium":["https:\/\/promocaododia.com.br\/site\/wp-content\/uploads\/2022\/11\/Console-Playstation-5-Digital-Edition-FIFA-23-PS5-300x300.jpg",300,300,true],"medium_large":["https:\/\/promocaododia.com.br\/site\/wp-content\/uploads\/2022\/11\/Console-Playstation-5-Digital-Edition-FIFA-23-PS5.jpg",600,600,false],"large":["https:\/\/promocaododia.com.br\/site\/wp-content\/uploads\/2022\/11\/Console-Playstation-5-Digital-Edition-FIFA-23-PS5.jpg",600,600,false],"1536x1536":["https:\/\/promocaododia.com.br\/site\/wp-content\/uploads\/2022\/11\/Console-Playstation-5-Digital-Edition-FIFA-23-PS5.jpg",600,600,false],"2048x2048":["https:\/\/promocaododia.com.br\/site\/wp-content\/uploads\/2022\/11\/Console-Playstation-5-Digital-Edition-FIFA-23-PS5.jpg",600,600,false],"woocommerce_thumbnail":["https:\/\/promocaododia.com.br\/site\/wp-content\/uploads\/2022\/11\/Console-Playstation-5-Digital-Edition-FIFA-23-PS5-250x250.jpg",250,250,true],"woocommerce_single":["https:\/\/promocaododia.com.br\/site\/wp-content\/uploads\/2022\/11\/Console-Playstation-5-Digital-Edition-FIFA-23-PS5-250x250.jpg",250,250,true],"woocommerce_gallery_thumbnail":["https:\/\/promocaododia.com.br\/site\/wp-content\/uploads\/2022\/11\/Console-Playstation-5-Digital-Edition-FIFA-23-PS5-100x100.jpg",100,100,true]},"uagb_author_info":{"display_name":"danilo.gbr","author_link":"https:\/\/promocaododia.com.br\/site\/author\/"},"uagb_comment_info":0,"uagb_excerpt":"Play Has No Limits\u2122 Jogar N\u00e3o Tem Limites PlayStation\u00ae5 Edi\u00e7\u00e3o Digital O PS5\u2122 Edi\u00e7\u00e3o Digital oferece novas possibilidades de jogabilidade que voc\u00ea nunca imaginou. Uma vers\u00e3o totalmente digital do console PS5 sem unidade de disco. Voc\u00ea pode baixar jogos digitais para PS5 e PS4 pela PlayStation Store. Experimente o carregamento extremamente r\u00e1pido do SSD de&hellip;","_links":{"self":[{"href":"https:\/\/promocaododia.com.br\/site\/wp-json\/wp\/v2\/product\/1258","targetHints":{"allow":["GET"]}}],"collection":[{"href":"https:\/\/promocaododia.com.br\/site\/wp-json\/wp\/v2\/product"}],"about":[{"href":"https:\/\/promocaododia.com.br\/site\/wp-json\/wp\/v2\/types\/product"}],"wp:featuredmedia":[{"embeddable":true,"href":"https:\/\/promocaododia.com.br\/site\/wp-json\/wp\/v2\/media\/1259"}],"wp:attachment":[{"href":"https:\/\/promocaododia.com.br\/site\/wp-json\/wp\/v2\/media?parent=1258"}],"wp:term":[{"taxonomy":"product_brand","embeddable":true,"href":"https:\/\/promocaododia.com.br\/site\/wp-json\/wp\/v2\/product_brand?post=1258"},{"taxonomy":"product_cat","embeddable":true,"href":"https:\/\/promocaododia.com.br\/site\/wp-json\/wp\/v2\/product_cat?post=1258"},{"taxonomy":"product_tag","embeddable":true,"href":"https:\/\/promocaododia.com.br\/site\/wp-json\/wp\/v2\/product_tag?post=1258"}],"curies":[{"name":"wp","href":"https:\/\/api.w.org\/{rel}","templated":true}]}}