{"id":1260,"date":"2022-11-25T20:05:40","date_gmt":"2022-11-25T23:05:40","guid":{"rendered":"https:\/\/promocaododia.com.br\/site\/?post_type=product&#038;p=1260"},"modified":"2022-11-25T20:05:41","modified_gmt":"2022-11-25T23:05:41","slug":"console-xbox-series-s-512gb-controle-sem-fio-branco","status":"publish","type":"product","link":"https:\/\/promocaododia.com.br\/site\/produto\/console-xbox-series-s-512gb-controle-sem-fio-branco\/","title":{"rendered":"Console Xbox Series S 512gb + Controle Sem Fio &#8211; Branco"},"content":{"rendered":"<div id=\"info-section\" class=\"src__WrapperProductInfo-sc-f7cihn-0 fEJMrT\">\n<div class=\"src__Container-sc-f7cihn-1 fEUGqX\">\n<div class=\"description__HTMLContent-sc-1o6bsvv-1 dGafvC\">Apresentamos o Xbox Series s, o menor e mais elegante Xbox de todos tempos. Experimente a velocidade e desempenho de um console de pr\u00f3xima gera\u00e7\u00e3o totalmente digital. Xbox Series s, nosso Xbox menor e mais elegante de todos os tempos. Com taxas de quadros mais altas, tempos de carregamento mais r\u00e1pidos e mundos mais ricos e din\u00e2micos, o Xbox Series S oferece desempenho e velocidade de \u00faltima gera\u00e7\u00e3o em um formato compacto e totalmente digital. O Xbox Series S \u00e9 compat\u00edvel com os acess\u00f3rios para jogos do Xbox One e oferece um tempo de resposta mais r\u00e1pido do que nunca. retrocompatibilidade com milhares de jogos Prepare-se para tempos de carregamento mais r\u00e1pidos, resolu\u00e7\u00e3o mais alta, taxas de quadros mais est\u00e1veis e melhor lat\u00eancia de entrada em milhares de jogos Xbox One, Xbox 360 e Xbox Original<\/div>\n<\/div>\n<\/div>\n<div class=\"src__TextWrapper-sc-10qje1m-8 guiktZ\">\n<h2 class=\"src__Title-sc-10qje1m-1 fThxDu\">Ficha t\u00e9cnica<\/h2>\n<\/div>\n<div class=\"src__DeskWrapper-sc-10qje1m-0 bGsyxx\">\n<table class=\"src__SpecsCell-sc-10qje1m-2 bqHqeR\">\n<tbody>\n<tr class=\"src__View-sc-10qje1m-3 hIUuMp\">\n<td class=\"src__Text-sc-10qje1m-4 fyapQy\">C\u00f3digo<\/td>\n<td class=\"src__Text-sc-10qje1m-4 fyapQy\">3226676978<\/td>\n<\/tr>\n<tr class=\"src__View-sc-10qje1m-3 hIUuMp\">\n<td class=\"src__Text-sc-10qje1m-4 fyapQy\">Cor<\/td>\n<td class=\"src__Text-sc-10qje1m-4 fyapQy\">Branco<\/td>\n<\/tr>\n<tr class=\"src__View-sc-10qje1m-3 hIUuMp\">\n<td class=\"src__Text-sc-10qje1m-4 fyapQy\">Altura<\/td>\n<td class=\"src__Text-sc-10qje1m-4 fyapQy\">36 cm<\/td>\n<\/tr>\n<tr class=\"src__View-sc-10qje1m-3 hIUuMp\">\n<td class=\"src__Text-sc-10qje1m-4 fyapQy\">Marca<\/td>\n<td class=\"src__Text-sc-10qje1m-4 fyapQy\">Microsoft<\/td>\n<\/tr>\n<tr class=\"src__View-sc-10qje1m-3 hIUuMp\">\n<td class=\"src__Text-sc-10qje1m-4 fyapQy\">Bluetooth<\/td>\n<td class=\"src__Text-sc-10qje1m-4 fyapQy\">Sim<\/td>\n<\/tr>\n<tr class=\"src__View-sc-10qje1m-3 hIUuMp\">\n<td class=\"src__Text-sc-10qje1m-4 fyapQy\">Largura<\/td>\n<td class=\"src__Text-sc-10qje1m-4 fyapQy\">29 cm<\/td>\n<\/tr>\n<tr class=\"src__View-sc-10qje1m-3 hIUuMp\">\n<td class=\"src__Text-sc-10qje1m-4 fyapQy\">Fornecedor<\/td>\n<td class=\"src__Text-sc-10qje1m-4 fyapQy\">Microsoft<\/td>\n<\/tr>\n<tr class=\"src__View-sc-10qje1m-3 hIUuMp\">\n<td class=\"src__Text-sc-10qje1m-4 fyapQy\">Fabricante<\/td>\n<td class=\"src__Text-sc-10qje1m-4 fyapQy\">Microsoft<\/td>\n<\/tr>\n<tr class=\"src__View-sc-10qje1m-3 hIUuMp\">\n<td class=\"src__Text-sc-10qje1m-4 fyapQy\">HD<\/td>\n<td class=\"src__Text-sc-10qje1m-4 fyapQy\">500 GB<\/td>\n<\/tr>\n<tr class=\"src__View-sc-10qje1m-3 hIUuMp\">\n<td class=\"src__Text-sc-10qje1m-4 fyapQy\">Comprimento<\/td>\n<td class=\"src__Text-sc-10qje1m-4 fyapQy\">12,5 cm<\/td>\n<\/tr>\n<tr class=\"src__View-sc-10qje1m-3 hIUuMp\">\n<td class=\"src__Text-sc-10qje1m-4 fyapQy\">Cor do Produto<\/td>\n<td class=\"src__Text-sc-10qje1m-4 fyapQy\">Branco<\/td>\n<\/tr>\n<\/tbody>\n<\/table>\n<\/div>\n","protected":false},"excerpt":{"rendered":"<p>Apresentamos o Xbox Series s, o menor e mais elegante Xbox de todos tempos. Experimente a velocidade e desempenho de um console de pr\u00f3xima gera\u00e7\u00e3o totalmente digital. Xbox Series s, nosso Xbox menor e mais elegante de todos os tempos. Com taxas de quadros mais altas, tempos de carregamento mais r\u00e1pidos e mundos mais ricos e din\u00e2micos, o Xbox Series S oferece desempenho e velocidade de \u00faltima gera\u00e7\u00e3o em um formato compacto e totalmente digital. O Xbox Series S \u00e9 compat\u00edvel com os acess\u00f3rios para jogos do Xbox One e oferece um tempo de resposta mais r\u00e1pido do que nunca. retrocompatibilidade com milhares de jogos Prepare-se para tempos de carregamento mais r\u00e1pidos, resolu\u00e7\u00e3o mais alta, taxas de quadros mais est\u00e1veis e melhor lat\u00eancia de entrada em milhares de jogos Xbox One, Xbox 360 e Xbox Original Ficha t\u00e9cnica C\u00f3digo 3226676978 Cor Branco Altura 36 cm Marca Microsoft Bluetooth Sim Largura 29 cm Fornecedor Microsoft Fabricante Microsoft HD 500 GB Comprimento 12,5 cm Cor do Produto Branco<\/p>\n","protected":false},"featured_media":1261,"template":"","meta":{"_uag_custom_page_level_css":"","site-sidebar-layout":"default","site-content-layout":"default","ast-site-content-layout":"default","site-content-style":"default","site-sidebar-style":"default","ast-global-header-display":"","ast-banner-title-visibility":"","ast-main-header-display":"","ast-hfb-above-header-display":"","ast-hfb-below-header-display":"","ast-hfb-mobile-header-display":"","site-post-title":"","ast-breadcrumbs-content":"","ast-featured-img":"","footer-sml-layout":"","theme-transparent-header-meta":"default","adv-header-id-meta":"","stick-header-meta":"","header-above-stick-meta":"","header-main-stick-meta":"","header-below-stick-meta":"","astra-migrate-meta-layouts":"default","ast-page-background-enabled":"default","ast-page-background-meta":{"desktop":{"background-color":"","background-image":"","background-repeat":"repeat","background-position":"center center","background-size":"auto","background-attachment":"scroll","background-type":"","background-media":"","overlay-type":"","overlay-color":"","overlay-opacity":"","overlay-gradient":""},"tablet":{"background-color":"","background-image":"","background-repeat":"repeat","background-position":"center center","background-size":"auto","background-attachment":"scroll","background-type":"","background-media":"","overlay-type":"","overlay-color":"","overlay-opacity":"","overlay-gradient":""},"mobile":{"background-color":"","background-image":"","background-repeat":"repeat","background-position":"center center","background-size":"auto","background-attachment":"scroll","background-type":"","background-media":"","overlay-type":"","overlay-color":"","overlay-opacity":"","overlay-gradient":""}},"ast-content-background-meta":{"desktop":{"background-color":"var(--ast-global-color-5)","background-image":"","background-repeat":"repeat","background-position":"center center","background-size":"auto","background-attachment":"scroll","background-type":"","background-media":"","overlay-type":"","overlay-color":"","overlay-opacity":"","overlay-gradient":""},"tablet":{"background-color":"var(--ast-global-color-5)","background-image":"","background-repeat":"repeat","background-position":"center center","background-size":"auto","background-attachment":"scroll","background-type":"","background-media":"","overlay-type":"","overlay-color":"","overlay-opacity":"","overlay-gradient":""},"mobile":{"background-color":"var(--ast-global-color-5)","background-image":"","background-repeat":"repeat","background-position":"center center","background-size":"auto","background-attachment":"scroll","background-type":"","background-media":"","overlay-type":"","overlay-color":"","overlay-opacity":"","overlay-gradient":""}}},"product_brand":[],"product_cat":[38,244,245],"product_tag":[254,247],"class_list":{"0":"post-1260","1":"product","2":"type-product","3":"status-publish","4":"has-post-thumbnail","6":"product_cat-eletronicos","7":"product_cat-games","8":"product_cat-xbox","9":"product_tag-video-game","10":"product_tag-xbox-series-s","11":"desktop-align-center","12":"tablet-align-left","13":"mobile-align-center","15":"first","16":"instock","17":"sale","18":"shipping-taxable","19":"product-type-external"},"uagb_featured_image_src":{"full":["https:\/\/promocaododia.com.br\/site\/wp-content\/uploads\/2022\/11\/Console-Xbox-Series-S-512gb-Controle-Sem-Fio-Branco.jpg",600,600,false],"thumbnail":["https:\/\/promocaododia.com.br\/site\/wp-content\/uploads\/2022\/11\/Console-Xbox-Series-S-512gb-Controle-Sem-Fio-Branco-150x150.jpg",150,150,true],"medium":["https:\/\/promocaododia.com.br\/site\/wp-content\/uploads\/2022\/11\/Console-Xbox-Series-S-512gb-Controle-Sem-Fio-Branco-300x300.jpg",300,300,true],"medium_large":["https:\/\/promocaododia.com.br\/site\/wp-content\/uploads\/2022\/11\/Console-Xbox-Series-S-512gb-Controle-Sem-Fio-Branco.jpg",600,600,false],"large":["https:\/\/promocaododia.com.br\/site\/wp-content\/uploads\/2022\/11\/Console-Xbox-Series-S-512gb-Controle-Sem-Fio-Branco.jpg",600,600,false],"1536x1536":["https:\/\/promocaododia.com.br\/site\/wp-content\/uploads\/2022\/11\/Console-Xbox-Series-S-512gb-Controle-Sem-Fio-Branco.jpg",600,600,false],"2048x2048":["https:\/\/promocaododia.com.br\/site\/wp-content\/uploads\/2022\/11\/Console-Xbox-Series-S-512gb-Controle-Sem-Fio-Branco.jpg",600,600,false],"woocommerce_thumbnail":["https:\/\/promocaododia.com.br\/site\/wp-content\/uploads\/2022\/11\/Console-Xbox-Series-S-512gb-Controle-Sem-Fio-Branco-250x250.jpg",250,250,true],"woocommerce_single":["https:\/\/promocaododia.com.br\/site\/wp-content\/uploads\/2022\/11\/Console-Xbox-Series-S-512gb-Controle-Sem-Fio-Branco-250x250.jpg",250,250,true],"woocommerce_gallery_thumbnail":["https:\/\/promocaododia.com.br\/site\/wp-content\/uploads\/2022\/11\/Console-Xbox-Series-S-512gb-Controle-Sem-Fio-Branco-100x100.jpg",100,100,true]},"uagb_author_info":{"display_name":"danilo.gbr","author_link":"https:\/\/promocaododia.com.br\/site\/author\/"},"uagb_comment_info":0,"uagb_excerpt":"Apresentamos o Xbox Series s, o menor e mais elegante Xbox de todos tempos. Experimente a velocidade e desempenho de um console de pr\u00f3xima gera\u00e7\u00e3o totalmente digital. Xbox Series s, nosso Xbox menor e mais elegante de todos os tempos. Com taxas de quadros mais altas, tempos de carregamento mais r\u00e1pidos e mundos mais ricos&hellip;","_links":{"self":[{"href":"https:\/\/promocaododia.com.br\/site\/wp-json\/wp\/v2\/product\/1260","targetHints":{"allow":["GET"]}}],"collection":[{"href":"https:\/\/promocaododia.com.br\/site\/wp-json\/wp\/v2\/product"}],"about":[{"href":"https:\/\/promocaododia.com.br\/site\/wp-json\/wp\/v2\/types\/product"}],"wp:featuredmedia":[{"embeddable":true,"href":"https:\/\/promocaododia.com.br\/site\/wp-json\/wp\/v2\/media\/1261"}],"wp:attachment":[{"href":"https:\/\/promocaododia.com.br\/site\/wp-json\/wp\/v2\/media?parent=1260"}],"wp:term":[{"taxonomy":"product_brand","embeddable":true,"href":"https:\/\/promocaododia.com.br\/site\/wp-json\/wp\/v2\/product_brand?post=1260"},{"taxonomy":"product_cat","embeddable":true,"href":"https:\/\/promocaododia.com.br\/site\/wp-json\/wp\/v2\/product_cat?post=1260"},{"taxonomy":"product_tag","embeddable":true,"href":"https:\/\/promocaododia.com.br\/site\/wp-json\/wp\/v2\/product_tag?post=1260"}],"curies":[{"name":"wp","href":"https:\/\/api.w.org\/{rel}","templated":true}]}}