{"id":1262,"date":"2022-11-25T20:13:05","date_gmt":"2022-11-25T23:13:05","guid":{"rendered":"https:\/\/promocaododia.com.br\/site\/?post_type=product&#038;p=1262"},"modified":"2022-11-25T20:13:05","modified_gmt":"2022-11-25T23:13:05","slug":"smartphone-motorola-moto-g41-xt2167-1-tela-6-4-4gb-ram-128gb-champagne","status":"publish","type":"product","link":"https:\/\/promocaododia.com.br\/site\/produto\/smartphone-motorola-moto-g41-xt2167-1-tela-6-4-4gb-ram-128gb-champagne\/","title":{"rendered":"Smartphone Motorola Moto G41 XT2167-1 Tela 6.4 4GB ram 128GB Champagne"},"content":{"rendered":"<p>Tire fotos ultra-wide com grande-angular, registre momentos mais n\u00edtidos com pouca luz, fa\u00e7a retratos com apar\u00eancia profissional e capture detalhes bem de perto. A Estabiliza\u00e7\u00e3o \u00f3ptica de imagem (ois) corrige automaticamente os v\u00eddeos e fotos desfocados por movimento acidental da c\u00e2mera. Assista a seus seriados e filmes favoritos na tela brilhante que eles merecem. A tela Max Vision de 6,4 tem a tecnologia oled para produzir imagens cristalinas e pretos mais escuros com brilho e contraste impressionantes. J\u00e1 a gama de cores 25% mais ampla garante tons vibrantes e realistas com a resolu\u00e7\u00e3o Full hd +. Voc\u00ea tem energia para fazer tudo que quiser sem se preocupar em recarregar. Com 5000 mAh, a bateria dura um dia e meio. Ningu\u00e9m merece se estressar com pouca bateria, principalmente antes de sair \u00e0 noite ou durante um dia agitado no trabalho. O carregador TurboPower 30 proporciona horas de bateria em apenas alguns minutos. Moderno por dentro e por fora, o moto g41 tem um design sofisticado com estrutura curvas e bordas arredondadas. Caracter\u00edsticas: &#8211; Sistema de c\u00e2mera tripla + Estabiliza\u00e7\u00e3o \u00f3ptica &#8211; Cores surreais na tela oled Full hd + de 6,4 &#8211; Superbateria de 5000 mAh + Carregamento TurboPower 30 &#8211; Processador de alta performance Especifica\u00e7\u00f5es T\u00e9cnicas: Marca: Motorola Modelo: G41 Voltagem: Bivolt Cor: Champagne Certificado Anatel: 11279-21-00330 Tipo de Tela: Max Vision Tamanho da Tela: 6,4&#8243; Resolu\u00e7\u00e3o da Tela: fhd + (1080 x 2400) Propor\u00e7\u00e3o da Tela: 20:9 Densidade de Pixels da Tela: 409 ppi N\u00famero de cores da Tela: 16 m Sistema Operacional: Android 11 gpu: arm Mali-G52 MC2 Armazenamento Total: 128 gb Armazenamento Dispon\u00edvel: 108 gb Mem\u00f3ria ram: 4 gb Modelo sim Card (Chip): Nano sim (4FF) Mem\u00f3ria Externa: Micro sd 256 gb Entrada do Chip: Entrada do Chip 1: Chip 1 \/ Entrada do Chip 2: Chip 2 ou sd Card (H\u00edbrido) C\u00e2mera Frontal: 13 mp C\u00e2mera Principal Frontal: 13 mp Lente 74\u00b0 Abertura f\/2,2 Flash Frontal: Na Tela Formato de Grava\u00e7\u00e3o de V\u00eddeo:. Mp4 Resolu\u00e7\u00e3o de Grava\u00e7\u00e3o de V\u00eddeo: Full HD (30fps) C\u00e2meras Traseiras: 48 mp ois + 8 mp + 2 mp Camera Principal: 48 mp Lente 74\u00b0 Abertura f\/1,8 ois C\u00e2mera H\u00edbrida Ultra-wide &amp; Sensor de Profundidade: 8 mp Lente 118\u00b0 Abertura f\/2,2 C\u00e2mera Macro: 2 mp Lente 78\u00b0 Abertura f\/2,4 Zoom Digital: 8x Zoom \u00d3ptico: N\u00e3o Zoom Combinado: N\u00e3o Flash: Sim led Foco: Auto Foco af Formato de Grava\u00e7\u00e3o de V\u00eddeo:. Mp4 Resolu\u00e7\u00e3o de Grava\u00e7\u00e3o de V\u00eddeo: Full HD (30fps) Bateria: 5000 mAh Tipo de Conector: usb-c Tipo de Carregador: TurboPower 30 w Bluetooth: Bluetooth 5.0 Wi-Fi: 802.11 a\/b\/g\/n\/ac 2,4 GHz e 5 GHz gps: gps, agps, lteppp, supl, glonass, Galileo nfc: Sim R\u00e1dio fm: Sim Com banda estendida tv Digital: N\u00e3o Entrada P2 Fone de Ouvido: Sim Microfone: 2 Microfones Alto-falante: 1 Alto-falante Bandas: 2G &#8211; gsm 850\/900\/1800\/1900 MHz 3G &#8211; wcdma 850\/900\/1700\/1900\/2100 MHz 4G &#8211; lte B1\/B2\/B3\/B4\/B5\/B7\/B8\/B12\/B13\/B26\/B28\/B40\/B66 Sensores: Aceler\u00f4metro, Proximidadem, Luz Ambiente, Girosc\u00f3pio e Impress\u00e3o Digital Gestos: Camera instant\u00e2nea, Bot\u00e3o interativo, Lanterna r\u00e1pida, Captura de tela com tr\u00eas dedos, Pegue para desbloquear, Vire para n\u00e3o perturbe, Pegue para silenciar e Deslize para dividir a tela Dimens\u00f5es do Produto: 16,19 x 7,39 x 0,83 cm Peso Liquido: 0,178 kg Dimens\u00f5es da Embalagem: 17,2 x 8,6 x 5,2 cm Peso Bruto: 0,450 kg Garantia: 12 Meses Conte\u00fado da embalagem: 01 Smartphone Motorola Moto G41 XT2167-1 Tela 6.4&#8243; 4GB ram 128GB Champagne 01 Capa protetora 01 Kit de manuais 01 Fone de ouvido estereo 01 Cabo usb-a \/ usb-c 01 Carregador Turbo Power 01 Ferramenta de remo\u00e7\u00e3o do chip<\/p>\n","protected":false},"excerpt":{"rendered":"<p>Tire fotos ultra-wide com grande-angular, registre momentos mais n\u00edtidos com pouca luz, fa\u00e7a retratos com apar\u00eancia profissional e capture detalhes bem de perto. A Estabiliza\u00e7\u00e3o \u00f3ptica de imagem (ois) corrige automaticamente os v\u00eddeos e fotos desfocados por movimento acidental da c\u00e2mera. Assista a seus seriados e filmes favoritos na tela brilhante que eles merecem. A tela Max Vision de 6,4 tem a tecnologia oled para produzir imagens cristalinas e pretos mais escuros com brilho e contraste impressionantes. J\u00e1 a gama de cores 25% mais ampla garante tons vibrantes e realistas com a resolu\u00e7\u00e3o Full hd +. Voc\u00ea tem energia para fazer tudo que quiser sem se preocupar em recarregar. Com 5000 mAh, a bateria dura um dia e meio. Ningu\u00e9m merece se estressar com pouca bateria, principalmente antes de sair \u00e0 noite ou durante um dia agitado no trabalho. O carregador TurboPower 30 proporciona horas de bateria em apenas alguns minutos. Moderno por dentro e por fora, o moto g41 tem um design sofisticado com estrutura curvas e bordas arredondadas. Caracter\u00edsticas: &#8211; Sistema de c\u00e2mera tripla + Estabiliza\u00e7\u00e3o \u00f3ptica &#8211; Cores surreais na tela oled Full hd + de 6,4 &#8211; Superbateria de 5000 mAh + Carregamento TurboPower 30 &#8211; Processador de alta performance Especifica\u00e7\u00f5es T\u00e9cnicas: Marca: Motorola Modelo: G41 Voltagem: Bivolt Cor: Champagne Certificado Anatel: 11279-21-00330 Tipo de Tela: Max Vision Tamanho da Tela: 6,4&#8243; Resolu\u00e7\u00e3o da Tela: fhd + (1080 x 2400) Propor\u00e7\u00e3o da Tela: 20:9 Densidade de Pixels da Tela: 409 ppi N\u00famero de cores da Tela: 16 m Sistema Operacional: Android 11 gpu: arm Mali-G52 MC2 Armazenamento Total: 128 gb Armazenamento Dispon\u00edvel: 108 gb Mem\u00f3ria ram: 4 gb Modelo sim Card (Chip): Nano sim (4FF) Mem\u00f3ria Externa: Micro sd 256 gb Entrada do Chip: Entrada do Chip 1: Chip 1 \/ Entrada do Chip 2: Chip 2 ou sd Card (H\u00edbrido) C\u00e2mera Frontal: 13 mp C\u00e2mera Principal Frontal: 13 mp Lente 74\u00b0 Abertura f\/2,2 Flash Frontal: Na Tela Formato de Grava\u00e7\u00e3o de V\u00eddeo:. Mp4 Resolu\u00e7\u00e3o de Grava\u00e7\u00e3o de V\u00eddeo: Full HD (30fps) C\u00e2meras Traseiras: 48 mp ois + 8 mp + 2 mp Camera Principal: 48 mp Lente 74\u00b0 Abertura f\/1,8 ois C\u00e2mera H\u00edbrida Ultra-wide &amp; Sensor de Profundidade: 8 mp Lente 118\u00b0 Abertura f\/2,2 C\u00e2mera Macro: 2 mp Lente 78\u00b0 Abertura f\/2,4 Zoom Digital: 8x Zoom \u00d3ptico: N\u00e3o Zoom Combinado: N\u00e3o Flash: Sim led Foco: Auto Foco af Formato de Grava\u00e7\u00e3o de V\u00eddeo:. Mp4 Resolu\u00e7\u00e3o de Grava\u00e7\u00e3o de V\u00eddeo: Full HD (30fps) Bateria: 5000 mAh Tipo de Conector: usb-c Tipo de Carregador: TurboPower 30 w Bluetooth: Bluetooth 5.0 Wi-Fi: 802.11 a\/b\/g\/n\/ac 2,4 GHz e 5 GHz gps: gps, agps, lteppp, supl, glonass, Galileo nfc: Sim R\u00e1dio fm: Sim Com banda estendida tv Digital: N\u00e3o Entrada P2 Fone de Ouvido: Sim Microfone: 2 Microfones Alto-falante: 1 Alto-falante Bandas: 2G &#8211; gsm 850\/900\/1800\/1900 MHz 3G &#8211; wcdma 850\/900\/1700\/1900\/2100 MHz 4G &#8211; lte B1\/B2\/B3\/B4\/B5\/B7\/B8\/B12\/B13\/B26\/B28\/B40\/B66 Sensores: Aceler\u00f4metro, Proximidadem, Luz Ambiente, Girosc\u00f3pio e Impress\u00e3o Digital Gestos: Camera instant\u00e2nea, Bot\u00e3o interativo, Lanterna r\u00e1pida, Captura de tela com tr\u00eas dedos, Pegue para desbloquear, Vire para n\u00e3o perturbe, Pegue para silenciar e Deslize para dividir a tela Dimens\u00f5es do Produto: 16,19 x 7,39 x 0,83 cm Peso Liquido: 0,178 kg Dimens\u00f5es da Embalagem: 17,2 x 8,6 x 5,2 cm Peso Bruto: 0,450 kg Garantia: 12 Meses Conte\u00fado da embalagem: 01 Smartphone Motorola Moto G41 XT2167-1 Tela 6.4&#8243; 4GB ram 128GB Champagne 01 Capa protetora 01 Kit de manuais 01 Fone de ouvido estereo 01 Cabo usb-a \/ usb-c 01 Carregador Turbo Power 01 Ferramenta de remo\u00e7\u00e3o do chip<\/p>\n","protected":false},"featured_media":1263,"template":"","meta":{"_uag_custom_page_level_css":"","site-sidebar-layout":"default","site-content-layout":"default","ast-site-content-layout":"default","site-content-style":"default","site-sidebar-style":"default","ast-global-header-display":"","ast-banner-title-visibility":"","ast-main-header-display":"","ast-hfb-above-header-display":"","ast-hfb-below-header-display":"","ast-hfb-mobile-header-display":"","site-post-title":"","ast-breadcrumbs-content":"","ast-featured-img":"","footer-sml-layout":"","theme-transparent-header-meta":"default","adv-header-id-meta":"","stick-header-meta":"","header-above-stick-meta":"","header-main-stick-meta":"","header-below-stick-meta":"","astra-migrate-meta-layouts":"default","ast-page-background-enabled":"default","ast-page-background-meta":{"desktop":{"background-color":"","background-image":"","background-repeat":"repeat","background-position":"center center","background-size":"auto","background-attachment":"scroll","background-type":"","background-media":"","overlay-type":"","overlay-color":"","overlay-opacity":"","overlay-gradient":""},"tablet":{"background-color":"","background-image":"","background-repeat":"repeat","background-position":"center center","background-size":"auto","background-attachment":"scroll","background-type":"","background-media":"","overlay-type":"","overlay-color":"","overlay-opacity":"","overlay-gradient":""},"mobile":{"background-color":"","background-image":"","background-repeat":"repeat","background-position":"center center","background-size":"auto","background-attachment":"scroll","background-type":"","background-media":"","overlay-type":"","overlay-color":"","overlay-opacity":"","overlay-gradient":""}},"ast-content-background-meta":{"desktop":{"background-color":"var(--ast-global-color-5)","background-image":"","background-repeat":"repeat","background-position":"center center","background-size":"auto","background-attachment":"scroll","background-type":"","background-media":"","overlay-type":"","overlay-color":"","overlay-opacity":"","overlay-gradient":""},"tablet":{"background-color":"var(--ast-global-color-5)","background-image":"","background-repeat":"repeat","background-position":"center center","background-size":"auto","background-attachment":"scroll","background-type":"","background-media":"","overlay-type":"","overlay-color":"","overlay-opacity":"","overlay-gradient":""},"mobile":{"background-color":"var(--ast-global-color-5)","background-image":"","background-repeat":"repeat","background-position":"center center","background-size":"auto","background-attachment":"scroll","background-type":"","background-media":"","overlay-type":"","overlay-color":"","overlay-opacity":"","overlay-gradient":""}}},"product_brand":[],"product_cat":[23,35],"product_tag":[260,238,91,378,140,90],"class_list":{"0":"post-1262","1":"product","2":"type-product","3":"status-publish","4":"has-post-thumbnail","6":"product_cat-celulares-e-tablets","7":"product_cat-smartphone","8":"product_tag-128gb","9":"product_tag-4gb-ram","10":"product_tag-celular","11":"product_tag-moto-g41","12":"product_tag-motorola","13":"product_tag-smartphone","14":"desktop-align-center","15":"tablet-align-left","16":"mobile-align-center","18":"first","19":"instock","20":"sale","21":"shipping-taxable","22":"product-type-external"},"uagb_featured_image_src":{"full":["https:\/\/promocaododia.com.br\/site\/wp-content\/uploads\/2022\/11\/Smartphone-Motorola-Moto-G41-XT2167-1-Tela-6.4-4GB-ram-128GB-Champagne.jpg",600,600,false],"thumbnail":["https:\/\/promocaododia.com.br\/site\/wp-content\/uploads\/2022\/11\/Smartphone-Motorola-Moto-G41-XT2167-1-Tela-6.4-4GB-ram-128GB-Champagne-150x150.jpg",150,150,true],"medium":["https:\/\/promocaododia.com.br\/site\/wp-content\/uploads\/2022\/11\/Smartphone-Motorola-Moto-G41-XT2167-1-Tela-6.4-4GB-ram-128GB-Champagne-300x300.jpg",300,300,true],"medium_large":["https:\/\/promocaododia.com.br\/site\/wp-content\/uploads\/2022\/11\/Smartphone-Motorola-Moto-G41-XT2167-1-Tela-6.4-4GB-ram-128GB-Champagne.jpg",600,600,false],"large":["https:\/\/promocaododia.com.br\/site\/wp-content\/uploads\/2022\/11\/Smartphone-Motorola-Moto-G41-XT2167-1-Tela-6.4-4GB-ram-128GB-Champagne.jpg",600,600,false],"1536x1536":["https:\/\/promocaododia.com.br\/site\/wp-content\/uploads\/2022\/11\/Smartphone-Motorola-Moto-G41-XT2167-1-Tela-6.4-4GB-ram-128GB-Champagne.jpg",600,600,false],"2048x2048":["https:\/\/promocaododia.com.br\/site\/wp-content\/uploads\/2022\/11\/Smartphone-Motorola-Moto-G41-XT2167-1-Tela-6.4-4GB-ram-128GB-Champagne.jpg",600,600,false],"woocommerce_thumbnail":["https:\/\/promocaododia.com.br\/site\/wp-content\/uploads\/2022\/11\/Smartphone-Motorola-Moto-G41-XT2167-1-Tela-6.4-4GB-ram-128GB-Champagne-250x250.jpg",250,250,true],"woocommerce_single":["https:\/\/promocaododia.com.br\/site\/wp-content\/uploads\/2022\/11\/Smartphone-Motorola-Moto-G41-XT2167-1-Tela-6.4-4GB-ram-128GB-Champagne-250x250.jpg",250,250,true],"woocommerce_gallery_thumbnail":["https:\/\/promocaododia.com.br\/site\/wp-content\/uploads\/2022\/11\/Smartphone-Motorola-Moto-G41-XT2167-1-Tela-6.4-4GB-ram-128GB-Champagne-100x100.jpg",100,100,true]},"uagb_author_info":{"display_name":"danilo.gbr","author_link":"https:\/\/promocaododia.com.br\/site\/author\/"},"uagb_comment_info":0,"uagb_excerpt":"Tire fotos ultra-wide com grande-angular, registre momentos mais n\u00edtidos com pouca luz, fa\u00e7a retratos com apar\u00eancia profissional e capture detalhes bem de perto. A Estabiliza\u00e7\u00e3o \u00f3ptica de imagem (ois) corrige automaticamente os v\u00eddeos e fotos desfocados por movimento acidental da c\u00e2mera. Assista a seus seriados e filmes favoritos na tela brilhante que eles merecem. A&hellip;","_links":{"self":[{"href":"https:\/\/promocaododia.com.br\/site\/wp-json\/wp\/v2\/product\/1262","targetHints":{"allow":["GET"]}}],"collection":[{"href":"https:\/\/promocaododia.com.br\/site\/wp-json\/wp\/v2\/product"}],"about":[{"href":"https:\/\/promocaododia.com.br\/site\/wp-json\/wp\/v2\/types\/product"}],"wp:featuredmedia":[{"embeddable":true,"href":"https:\/\/promocaododia.com.br\/site\/wp-json\/wp\/v2\/media\/1263"}],"wp:attachment":[{"href":"https:\/\/promocaododia.com.br\/site\/wp-json\/wp\/v2\/media?parent=1262"}],"wp:term":[{"taxonomy":"product_brand","embeddable":true,"href":"https:\/\/promocaododia.com.br\/site\/wp-json\/wp\/v2\/product_brand?post=1262"},{"taxonomy":"product_cat","embeddable":true,"href":"https:\/\/promocaododia.com.br\/site\/wp-json\/wp\/v2\/product_cat?post=1262"},{"taxonomy":"product_tag","embeddable":true,"href":"https:\/\/promocaododia.com.br\/site\/wp-json\/wp\/v2\/product_tag?post=1262"}],"curies":[{"name":"wp","href":"https:\/\/api.w.org\/{rel}","templated":true}]}}