{"id":1270,"date":"2022-11-26T12:44:09","date_gmt":"2022-11-26T15:44:09","guid":{"rendered":"https:\/\/promocaododia.com.br\/site\/?post_type=product&#038;p=1270"},"modified":"2022-11-26T13:00:13","modified_gmt":"2022-11-26T16:00:13","slug":"fritadeira-eletrica-sem-oleo-air-fryer-nell-smart-preta-24l-com-timer-2","status":"publish","type":"product","link":"https:\/\/promocaododia.com.br\/site\/produto\/fritadeira-eletrica-sem-oleo-air-fryer-nell-smart-preta-24l-com-timer-2\/","title":{"rendered":"Fritadeira El\u00e9trica sem \u00d3leo\/Air Fryer Nell Smart &#8211; Preta 2,4L com Timer"},"content":{"rendered":"<p>A fritadeira el\u00e9trica Nell Smart \u00e9 um eletroport\u00e1til que n\u00e3o pode faltar na sua cozinha. O produto proporciona uma alimenta\u00e7\u00e3o mais saud\u00e1vel, pois n\u00e3o utiliza \u00f3leo\/Air Fryer em seu processo de cozimento. A fritadeira na cor preta \u00e9 compacta e produzida em PP, ocupando menos espa\u00e7o, possui luz indicadora de funcionamento, controle de temperatura, cesta remov\u00edvel antiaderente, capacidade total de 3,4L e cesto com capacidade de 2,4L. Sua al\u00e7a fria garante maior seguran\u00e7a ao manusear a fritadeira e al\u00e9m disso, ela possui timer de 30 minutos sonoro e com desligamento autom\u00e1tico. Agora \u00e9 s\u00f3 preparar batatinha frita, coxinha, bolinha de queijo e pastel na sua fritadeira el\u00e9trica!<\/p>\n","protected":false},"excerpt":{"rendered":"<p>A fritadeira el\u00e9trica Nell Smart \u00e9 um eletroport\u00e1til que n\u00e3o pode faltar na sua cozinha. O produto proporciona uma alimenta\u00e7\u00e3o mais saud\u00e1vel, pois n\u00e3o utiliza \u00f3leo\/Air Fryer em seu processo de cozimento. A fritadeira na cor preta \u00e9 compacta e produzida em PP, ocupando menos espa\u00e7o, possui luz indicadora de funcionamento, controle de temperatura, cesta remov\u00edvel antiaderente, capacidade total de 3,4L e cesto com capacidade de 2,4L. Sua al\u00e7a fria garante maior seguran\u00e7a ao manusear a fritadeira e al\u00e9m disso, ela possui timer de 30 minutos sonoro e com desligamento autom\u00e1tico. Agora \u00e9 s\u00f3 preparar batatinha frita, coxinha, bolinha de queijo e pastel na sua fritadeira el\u00e9trica!<\/p>\n","protected":false},"featured_media":1275,"template":"","meta":{"_uag_custom_page_level_css":"","site-sidebar-layout":"default","site-content-layout":"default","ast-site-content-layout":"default","site-content-style":"default","site-sidebar-style":"default","ast-global-header-display":"","ast-banner-title-visibility":"","ast-main-header-display":"","ast-hfb-above-header-display":"","ast-hfb-below-header-display":"","ast-hfb-mobile-header-display":"","site-post-title":"","ast-breadcrumbs-content":"","ast-featured-img":"","footer-sml-layout":"","theme-transparent-header-meta":"default","adv-header-id-meta":"","stick-header-meta":"","header-above-stick-meta":"","header-main-stick-meta":"","header-below-stick-meta":"","astra-migrate-meta-layouts":"default","ast-page-background-enabled":"default","ast-page-background-meta":{"desktop":{"background-color":"","background-image":"","background-repeat":"repeat","background-position":"center center","background-size":"auto","background-attachment":"scroll","background-type":"","background-media":"","overlay-type":"","overlay-color":"","overlay-opacity":"","overlay-gradient":""},"tablet":{"background-color":"","background-image":"","background-repeat":"repeat","background-position":"center center","background-size":"auto","background-attachment":"scroll","background-type":"","background-media":"","overlay-type":"","overlay-color":"","overlay-opacity":"","overlay-gradient":""},"mobile":{"background-color":"","background-image":"","background-repeat":"repeat","background-position":"center center","background-size":"auto","background-attachment":"scroll","background-type":"","background-media":"","overlay-type":"","overlay-color":"","overlay-opacity":"","overlay-gradient":""}},"ast-content-background-meta":{"desktop":{"background-color":"var(--ast-global-color-5)","background-image":"","background-repeat":"repeat","background-position":"center center","background-size":"auto","background-attachment":"scroll","background-type":"","background-media":"","overlay-type":"","overlay-color":"","overlay-opacity":"","overlay-gradient":""},"tablet":{"background-color":"var(--ast-global-color-5)","background-image":"","background-repeat":"repeat","background-position":"center center","background-size":"auto","background-attachment":"scroll","background-type":"","background-media":"","overlay-type":"","overlay-color":"","overlay-opacity":"","overlay-gradient":""},"mobile":{"background-color":"var(--ast-global-color-5)","background-image":"","background-repeat":"repeat","background-position":"center center","background-size":"auto","background-attachment":"scroll","background-type":"","background-media":"","overlay-type":"","overlay-color":"","overlay-opacity":"","overlay-gradient":""}}},"product_brand":[],"product_cat":[28,110],"product_tag":[113,117,111,325],"class_list":{"0":"post-1270","1":"product","2":"type-product","3":"status-publish","4":"has-post-thumbnail","6":"product_cat-eletrodomesticos","7":"product_cat-fritadeira","8":"product_tag-air-fryer","9":"product_tag-cozinha","10":"product_tag-fritadeira","11":"product_tag-utencilios","12":"desktop-align-center","13":"tablet-align-left","14":"mobile-align-center","16":"first","17":"instock","18":"sale","19":"shipping-taxable","20":"product-type-external"},"uagb_featured_image_src":{"full":["https:\/\/promocaododia.com.br\/site\/wp-content\/uploads\/2022\/11\/Fritadeira-Eletrica-sem-Oleo-Air-Fryer-Nell-Smart-Preta-24L-com-Timer-1.jpg",600,600,false],"thumbnail":["https:\/\/promocaododia.com.br\/site\/wp-content\/uploads\/2022\/11\/Fritadeira-Eletrica-sem-Oleo-Air-Fryer-Nell-Smart-Preta-24L-com-Timer-1-150x150.jpg",150,150,true],"medium":["https:\/\/promocaododia.com.br\/site\/wp-content\/uploads\/2022\/11\/Fritadeira-Eletrica-sem-Oleo-Air-Fryer-Nell-Smart-Preta-24L-com-Timer-1-300x300.jpg",300,300,true],"medium_large":["https:\/\/promocaododia.com.br\/site\/wp-content\/uploads\/2022\/11\/Fritadeira-Eletrica-sem-Oleo-Air-Fryer-Nell-Smart-Preta-24L-com-Timer-1.jpg",600,600,false],"large":["https:\/\/promocaododia.com.br\/site\/wp-content\/uploads\/2022\/11\/Fritadeira-Eletrica-sem-Oleo-Air-Fryer-Nell-Smart-Preta-24L-com-Timer-1.jpg",600,600,false],"1536x1536":["https:\/\/promocaododia.com.br\/site\/wp-content\/uploads\/2022\/11\/Fritadeira-Eletrica-sem-Oleo-Air-Fryer-Nell-Smart-Preta-24L-com-Timer-1.jpg",600,600,false],"2048x2048":["https:\/\/promocaododia.com.br\/site\/wp-content\/uploads\/2022\/11\/Fritadeira-Eletrica-sem-Oleo-Air-Fryer-Nell-Smart-Preta-24L-com-Timer-1.jpg",600,600,false],"woocommerce_thumbnail":["https:\/\/promocaododia.com.br\/site\/wp-content\/uploads\/2022\/11\/Fritadeira-Eletrica-sem-Oleo-Air-Fryer-Nell-Smart-Preta-24L-com-Timer-1-250x250.jpg",250,250,true],"woocommerce_single":["https:\/\/promocaododia.com.br\/site\/wp-content\/uploads\/2022\/11\/Fritadeira-Eletrica-sem-Oleo-Air-Fryer-Nell-Smart-Preta-24L-com-Timer-1-250x250.jpg",250,250,true],"woocommerce_gallery_thumbnail":["https:\/\/promocaododia.com.br\/site\/wp-content\/uploads\/2022\/11\/Fritadeira-Eletrica-sem-Oleo-Air-Fryer-Nell-Smart-Preta-24L-com-Timer-1-100x100.jpg",100,100,true]},"uagb_author_info":{"display_name":"danilo.gbr","author_link":"https:\/\/promocaododia.com.br\/site\/author\/"},"uagb_comment_info":0,"uagb_excerpt":"A fritadeira el\u00e9trica Nell Smart \u00e9 um eletroport\u00e1til que n\u00e3o pode faltar na sua cozinha. O produto proporciona uma alimenta\u00e7\u00e3o mais saud\u00e1vel, pois n\u00e3o utiliza \u00f3leo\/Air Fryer em seu processo de cozimento. A fritadeira na cor preta \u00e9 compacta e produzida em PP, ocupando menos espa\u00e7o, possui luz indicadora de funcionamento, controle de temperatura, cesta&hellip;","_links":{"self":[{"href":"https:\/\/promocaododia.com.br\/site\/wp-json\/wp\/v2\/product\/1270","targetHints":{"allow":["GET"]}}],"collection":[{"href":"https:\/\/promocaododia.com.br\/site\/wp-json\/wp\/v2\/product"}],"about":[{"href":"https:\/\/promocaododia.com.br\/site\/wp-json\/wp\/v2\/types\/product"}],"wp:featuredmedia":[{"embeddable":true,"href":"https:\/\/promocaododia.com.br\/site\/wp-json\/wp\/v2\/media\/1275"}],"wp:attachment":[{"href":"https:\/\/promocaododia.com.br\/site\/wp-json\/wp\/v2\/media?parent=1270"}],"wp:term":[{"taxonomy":"product_brand","embeddable":true,"href":"https:\/\/promocaododia.com.br\/site\/wp-json\/wp\/v2\/product_brand?post=1270"},{"taxonomy":"product_cat","embeddable":true,"href":"https:\/\/promocaododia.com.br\/site\/wp-json\/wp\/v2\/product_cat?post=1270"},{"taxonomy":"product_tag","embeddable":true,"href":"https:\/\/promocaododia.com.br\/site\/wp-json\/wp\/v2\/product_tag?post=1270"}],"curies":[{"name":"wp","href":"https:\/\/api.w.org\/{rel}","templated":true}]}}