{"id":1278,"date":"2022-11-26T13:08:11","date_gmt":"2022-11-26T16:08:11","guid":{"rendered":"https:\/\/promocaododia.com.br\/site\/?post_type=product&#038;p=1278"},"modified":"2022-11-26T13:08:11","modified_gmt":"2022-11-26T16:08:11","slug":"headset-gamer-philco-phs11v-pc-5-1-p2-preto-e-vermelho","status":"publish","type":"product","link":"https:\/\/promocaododia.com.br\/site\/produto\/headset-gamer-philco-phs11v-pc-5-1-p2-preto-e-vermelho\/","title":{"rendered":"Headset Gamer Philco PHS11V PC 5.1 P2 &#8211; Preto e Vermelho"},"content":{"rendered":"<p>Na hora de arrasar no mundo dos games, contar com acess\u00f3rios que elevem a nossa experi\u00eancia e ajudem na imers\u00e3o \u00e9 sempre muito bom n\u00e3o \u00e9 mesmo? Por isso vale a pena conferir o Headset Gamer PHS11V da Philco. Trata-se de um Headset preto e vermelho, com conex\u00f5es de plugue P2 separados para microfone e fone e conector USB para alimenta\u00e7\u00e3o do LED. Indicado para PC, possui 5.1 canais de som surround que elevar\u00e3o sua experiencia de \u00e1udio e deixar\u00e1 sua imers\u00e3o muito mais realista.<\/p>\n","protected":false},"excerpt":{"rendered":"<p>Na hora de arrasar no mundo dos games, contar com acess\u00f3rios que elevem a nossa experi\u00eancia e ajudem na imers\u00e3o \u00e9 sempre muito bom n\u00e3o \u00e9 mesmo? Por isso vale a pena conferir o Headset Gamer PHS11V da Philco. Trata-se de um Headset preto e vermelho, com conex\u00f5es de plugue P2 separados para microfone e fone e conector USB para alimenta\u00e7\u00e3o do LED. Indicado para PC, possui 5.1 canais de som surround que elevar\u00e3o sua experiencia de \u00e1udio e deixar\u00e1 sua imers\u00e3o muito mais realista.<\/p>\n","protected":false},"featured_media":1279,"template":"","meta":{"_uag_custom_page_level_css":"","site-sidebar-layout":"default","site-content-layout":"default","ast-site-content-layout":"default","site-content-style":"default","site-sidebar-style":"default","ast-global-header-display":"","ast-banner-title-visibility":"","ast-main-header-display":"","ast-hfb-above-header-display":"","ast-hfb-below-header-display":"","ast-hfb-mobile-header-display":"","site-post-title":"","ast-breadcrumbs-content":"","ast-featured-img":"","footer-sml-layout":"","theme-transparent-header-meta":"default","adv-header-id-meta":"","stick-header-meta":"","header-above-stick-meta":"","header-main-stick-meta":"","header-below-stick-meta":"","astra-migrate-meta-layouts":"default","ast-page-background-enabled":"default","ast-page-background-meta":{"desktop":{"background-color":"","background-image":"","background-repeat":"repeat","background-position":"center center","background-size":"auto","background-attachment":"scroll","background-type":"","background-media":"","overlay-type":"","overlay-color":"","overlay-opacity":"","overlay-gradient":""},"tablet":{"background-color":"","background-image":"","background-repeat":"repeat","background-position":"center center","background-size":"auto","background-attachment":"scroll","background-type":"","background-media":"","overlay-type":"","overlay-color":"","overlay-opacity":"","overlay-gradient":""},"mobile":{"background-color":"","background-image":"","background-repeat":"repeat","background-position":"center center","background-size":"auto","background-attachment":"scroll","background-type":"","background-media":"","overlay-type":"","overlay-color":"","overlay-opacity":"","overlay-gradient":""}},"ast-content-background-meta":{"desktop":{"background-color":"var(--ast-global-color-5)","background-image":"","background-repeat":"repeat","background-position":"center center","background-size":"auto","background-attachment":"scroll","background-type":"","background-media":"","overlay-type":"","overlay-color":"","overlay-opacity":"","overlay-gradient":""},"tablet":{"background-color":"var(--ast-global-color-5)","background-image":"","background-repeat":"repeat","background-position":"center center","background-size":"auto","background-attachment":"scroll","background-type":"","background-media":"","overlay-type":"","overlay-color":"","overlay-opacity":"","overlay-gradient":""},"mobile":{"background-color":"var(--ast-global-color-5)","background-image":"","background-repeat":"repeat","background-position":"center center","background-size":"auto","background-attachment":"scroll","background-type":"","background-media":"","overlay-type":"","overlay-color":"","overlay-opacity":"","overlay-gradient":""}}},"product_brand":[],"product_cat":[66,244,75],"product_tag":[81,419],"class_list":{"0":"post-1278","1":"product","2":"type-product","3":"status-publish","4":"has-post-thumbnail","6":"product_cat-acessorios-informatica","7":"product_cat-games","8":"product_cat-informatica-e-acessorios","9":"product_tag-gamer","10":"product_tag-headset-gamer","11":"desktop-align-center","12":"tablet-align-left","13":"mobile-align-center","15":"first","16":"instock","17":"shipping-taxable","18":"product-type-external"},"uagb_featured_image_src":{"full":["https:\/\/promocaododia.com.br\/site\/wp-content\/uploads\/2022\/11\/Headset-Gamer-Philco-PHS11V-PC-5.1-P2-Preto-e-Vermelho.jpg",600,600,false],"thumbnail":["https:\/\/promocaododia.com.br\/site\/wp-content\/uploads\/2022\/11\/Headset-Gamer-Philco-PHS11V-PC-5.1-P2-Preto-e-Vermelho-150x150.jpg",150,150,true],"medium":["https:\/\/promocaododia.com.br\/site\/wp-content\/uploads\/2022\/11\/Headset-Gamer-Philco-PHS11V-PC-5.1-P2-Preto-e-Vermelho-300x300.jpg",300,300,true],"medium_large":["https:\/\/promocaododia.com.br\/site\/wp-content\/uploads\/2022\/11\/Headset-Gamer-Philco-PHS11V-PC-5.1-P2-Preto-e-Vermelho.jpg",600,600,false],"large":["https:\/\/promocaododia.com.br\/site\/wp-content\/uploads\/2022\/11\/Headset-Gamer-Philco-PHS11V-PC-5.1-P2-Preto-e-Vermelho.jpg",600,600,false],"1536x1536":["https:\/\/promocaododia.com.br\/site\/wp-content\/uploads\/2022\/11\/Headset-Gamer-Philco-PHS11V-PC-5.1-P2-Preto-e-Vermelho.jpg",600,600,false],"2048x2048":["https:\/\/promocaododia.com.br\/site\/wp-content\/uploads\/2022\/11\/Headset-Gamer-Philco-PHS11V-PC-5.1-P2-Preto-e-Vermelho.jpg",600,600,false],"woocommerce_thumbnail":["https:\/\/promocaododia.com.br\/site\/wp-content\/uploads\/2022\/11\/Headset-Gamer-Philco-PHS11V-PC-5.1-P2-Preto-e-Vermelho-250x250.jpg",250,250,true],"woocommerce_single":["https:\/\/promocaododia.com.br\/site\/wp-content\/uploads\/2022\/11\/Headset-Gamer-Philco-PHS11V-PC-5.1-P2-Preto-e-Vermelho-250x250.jpg",250,250,true],"woocommerce_gallery_thumbnail":["https:\/\/promocaododia.com.br\/site\/wp-content\/uploads\/2022\/11\/Headset-Gamer-Philco-PHS11V-PC-5.1-P2-Preto-e-Vermelho-100x100.jpg",100,100,true]},"uagb_author_info":{"display_name":"danilo.gbr","author_link":"https:\/\/promocaododia.com.br\/site\/author\/"},"uagb_comment_info":0,"uagb_excerpt":"Na hora de arrasar no mundo dos games, contar com acess\u00f3rios que elevem a nossa experi\u00eancia e ajudem na imers\u00e3o \u00e9 sempre muito bom n\u00e3o \u00e9 mesmo? Por isso vale a pena conferir o Headset Gamer PHS11V da Philco. Trata-se de um Headset preto e vermelho, com conex\u00f5es de plugue P2 separados para microfone e&hellip;","_links":{"self":[{"href":"https:\/\/promocaododia.com.br\/site\/wp-json\/wp\/v2\/product\/1278","targetHints":{"allow":["GET"]}}],"collection":[{"href":"https:\/\/promocaododia.com.br\/site\/wp-json\/wp\/v2\/product"}],"about":[{"href":"https:\/\/promocaododia.com.br\/site\/wp-json\/wp\/v2\/types\/product"}],"wp:featuredmedia":[{"embeddable":true,"href":"https:\/\/promocaododia.com.br\/site\/wp-json\/wp\/v2\/media\/1279"}],"wp:attachment":[{"href":"https:\/\/promocaododia.com.br\/site\/wp-json\/wp\/v2\/media?parent=1278"}],"wp:term":[{"taxonomy":"product_brand","embeddable":true,"href":"https:\/\/promocaododia.com.br\/site\/wp-json\/wp\/v2\/product_brand?post=1278"},{"taxonomy":"product_cat","embeddable":true,"href":"https:\/\/promocaododia.com.br\/site\/wp-json\/wp\/v2\/product_cat?post=1278"},{"taxonomy":"product_tag","embeddable":true,"href":"https:\/\/promocaododia.com.br\/site\/wp-json\/wp\/v2\/product_tag?post=1278"}],"curies":[{"name":"wp","href":"https:\/\/api.w.org\/{rel}","templated":true}]}}