{"id":1281,"date":"2022-11-27T14:17:50","date_gmt":"2022-11-27T17:17:50","guid":{"rendered":"https:\/\/promocaododia.com.br\/site\/?post_type=product&#038;p=1281"},"modified":"2022-11-27T14:18:16","modified_gmt":"2022-11-27T17:18:16","slug":"smart-tv-led-32-design-sem-bordas-google-assistant-e-android-tv-com-bluetooth-konka-kdg32","status":"publish","type":"product","link":"https:\/\/promocaododia.com.br\/site\/produto\/smart-tv-led-32-design-sem-bordas-google-assistant-e-android-tv-com-bluetooth-konka-kdg32\/","title":{"rendered":"Smart TV LED 32&#8243; Design sem bordas, Google Assistant e Android TV com Bluetooth Konka KDG32"},"content":{"rendered":"<p><strong>A Konka apresenta a voc\u00ea o novo lan\u00e7amento:<\/strong><\/p>\n<p>Tela Smart serie 680<\/p>\n<p><em>Completa em todos os sentidos!<\/em><\/p>\n<p><strong>Controle total atrav\u00e9s do seu smartphone<\/strong><\/p>\n<p>Com aux\u00edlio do Google Assistente, \u00e9 poss\u00edvel controlar a sua Tela Smart com comandos de voz. Abra aplicativos, execute comandos, altere configura\u00e7\u00f5es, tudo de maneira simples e intuitiva.<\/p>\n<p><strong>Google Chromecast<\/strong><\/p>\n<p>O Google Chromecast built-in \u00e9 uma tecnologia que oferece experi\u00eancias em diversas telas e permite a voc\u00ea espelhar e controlar conte\u00fados como v\u00eddeos, de um dispositivo como smartphone, tablet ou laptop, por exemplo, para a sua Tela Smart Konka KDG32.<\/p>\n<p><strong>HDR<\/strong><\/p>\n<p>Imagens com cores vivas e incr\u00edveis.<\/p>\n<p>Vivencie cada detalhe ao assistir v\u00eddeos em resolu\u00e7\u00e3o HD sendo capaz de perceber todo e qualquer detalhe.<\/p>\n<p>O sistema HDR \u201cHigh Dynamic Range\u201d, presente na Smart Tela Konka KDG32, \u00e9 respons\u00e1vel pela quantidade de cores que cada pixel pode assumir. Esse formato \u00e9 capaz de deixar a imagem do televisor com excelente resultado de brilho e contraste, j\u00e1 que as imagens ficam com cores mais vivas, os tons mais claros possuem mais brilho e os tons pretos, mais contraste. O resultado s\u00e3o imagens mais realistas e uma melhor experi\u00eancia para o espectador!<\/p>\n<p><strong>Alto desempenho<\/strong><\/p>\n<p>Navegue entre os aplicativos sem lentid\u00e3o ou travamentos, o processador CA55 possui 4 n\u00facleos de processamento, o que permite a voc\u00ea executar v\u00e1rias aplica\u00e7\u00f5es sem nenhum problema.<\/p>\n<p><strong>O sistema ideal<\/strong><\/p>\n<p>A Tela Smart Konka Serie 680 vem equipada com o sistema operacional mais popular do mundo: o Android.<\/p>\n<p>Com uma loja de aplicativos repleta de milhares de aplicativos compat\u00edveis prontos para serem instalados e utilizados.<\/p>\n<p><strong>Tudo fica melhor<\/strong><\/p>\n<p>M\u00fasicas com som de alta qualidade, filmes e s\u00e9ries com imagens em HD e TV ao vivo em alta defini\u00e7\u00e3o, a sua disposi\u00e7\u00e3o com a Tela Smart Konka KDG32.<\/p>\n<p><strong>Design moderno<\/strong><\/p>\n<p>Com a borda infinita, a imers\u00e3o \u00e9 total. Sinta-se dentro da cena quando estiver assistindo os seus programas prediletos. O Design frameless (sem bordas) permite a voc\u00ea o aproveitamento de 100% da tela.<\/p>\n<p><strong>Conex\u00e3o sem limites<\/strong><\/p>\n<p>Conecte-se a internet de alta velocidade gra\u00e7as ao adaptador wireless dual band. Ela est\u00e1 pronta para redes 2.40Ghz e 5.0Ghz. Com a Tela Smart Konka KDG32, voc\u00ea jamais ter\u00e1 que esperar seus v\u00eddeos ficarem carregando.<\/p>\n<p>Al\u00e9m da wifi de alta velocidade, voc\u00ea ainda conta com conex\u00e3o Bluetooth para que possa conectar gadgets como caixas de som, soundbars, etc.<\/p>\n<p>Solta o som!<\/p>\n<p>Dois potentes com alto falantes est\u00e9reos com simula\u00e7\u00e3o surround acompanham a sua Tela Smart Konka KDG32, pois uma imagem perfeita merece um \u00e1udio sensacional.<\/p>\n<p>E ainda tem mais, acredita?<\/p>\n<p>S\u00e3o tantos recursos que uma funcionalidade muito importante quase escapou.<\/p>\n<p>Ela tamb\u00e9m \u00e9 uma TV, n\u00e9 gente?<\/p>\n<p>A sua Tela Smart Konka vem acompanhada de um conversor digital remov\u00edvel externo.<\/p>\n<p>Assista TV ao vivo em alta defini\u00e7\u00e3o, acompanhe aquela novela, telejornais, enfim, s\u00e3o diversos canais a sua disposi\u00e7\u00e3o.<\/p>\n<p><em>Agora, depois de descobrir tudo que a Tela Smart Konka KDG32 tem a oferecer, fica imposs\u00edvel n\u00e3o garantir a sua, n\u00e3o \u00e9?<\/em><\/p>\n<p><strong>Garantia: 12 Meses para defeito de fabrica\u00e7\u00e3o.<\/strong><\/p>\n","protected":false},"excerpt":{"rendered":"<p>A Konka apresenta a voc\u00ea o novo lan\u00e7amento: Tela Smart serie 680 Completa em todos os sentidos! Controle total atrav\u00e9s do seu smartphone Com aux\u00edlio do Google Assistente, \u00e9 poss\u00edvel controlar a sua Tela Smart com comandos de voz. Abra aplicativos, execute comandos, altere configura\u00e7\u00f5es, tudo de maneira simples e intuitiva. Google Chromecast O Google Chromecast built-in \u00e9 uma tecnologia que oferece experi\u00eancias em diversas telas e permite a voc\u00ea espelhar e controlar conte\u00fados como v\u00eddeos, de um dispositivo como smartphone, tablet ou laptop, por exemplo, para a sua Tela Smart Konka KDG32. HDR Imagens com cores vivas e incr\u00edveis. Vivencie cada detalhe ao assistir v\u00eddeos em resolu\u00e7\u00e3o HD sendo capaz de perceber todo e qualquer detalhe. O sistema HDR \u201cHigh Dynamic Range\u201d, presente na Smart Tela Konka KDG32, \u00e9 respons\u00e1vel pela quantidade de cores que cada pixel pode assumir. Esse formato \u00e9 capaz de deixar a imagem do televisor com excelente resultado de brilho e contraste, j\u00e1 que as imagens ficam com cores mais vivas, os tons mais claros possuem mais brilho e os tons pretos, mais contraste. O resultado s\u00e3o imagens mais realistas e uma melhor experi\u00eancia para o espectador! Alto desempenho Navegue entre os aplicativos sem lentid\u00e3o ou travamentos, o processador CA55 possui 4 n\u00facleos de processamento, o que permite a voc\u00ea executar v\u00e1rias aplica\u00e7\u00f5es sem nenhum problema. O sistema ideal A Tela Smart Konka Serie 680 vem equipada com o sistema operacional mais popular do mundo: o Android. Com uma loja de aplicativos repleta de milhares de aplicativos compat\u00edveis prontos para serem instalados e utilizados. Tudo fica melhor M\u00fasicas com som de alta qualidade, filmes e s\u00e9ries com imagens em HD e TV ao vivo em alta defini\u00e7\u00e3o, a sua disposi\u00e7\u00e3o com a Tela Smart Konka KDG32. Design moderno Com a borda infinita, a imers\u00e3o \u00e9 total. Sinta-se dentro da cena quando estiver assistindo os seus programas prediletos. O Design frameless (sem bordas) permite a voc\u00ea o aproveitamento de 100% da tela. Conex\u00e3o sem limites Conecte-se a internet de alta velocidade gra\u00e7as ao adaptador wireless dual band. Ela est\u00e1 pronta para redes 2.40Ghz e 5.0Ghz. Com a Tela Smart Konka KDG32, voc\u00ea jamais ter\u00e1 que esperar seus v\u00eddeos ficarem carregando. Al\u00e9m da wifi de alta velocidade, voc\u00ea ainda conta com conex\u00e3o Bluetooth para que possa conectar gadgets como caixas de som, soundbars, etc. Solta o som! Dois potentes com alto falantes est\u00e9reos com simula\u00e7\u00e3o surround acompanham a sua Tela Smart Konka KDG32, pois uma imagem perfeita merece um \u00e1udio sensacional. E ainda tem mais, acredita? S\u00e3o tantos recursos que uma funcionalidade muito importante quase escapou. Ela tamb\u00e9m \u00e9 uma TV, n\u00e9 gente? A sua Tela Smart Konka vem acompanhada de um conversor digital remov\u00edvel externo. Assista TV ao vivo em alta defini\u00e7\u00e3o, acompanhe aquela novela, telejornais, enfim, s\u00e3o diversos canais a sua disposi\u00e7\u00e3o. Agora, depois de descobrir tudo que a Tela Smart Konka KDG32 tem a oferecer, fica imposs\u00edvel n\u00e3o garantir a sua, n\u00e3o \u00e9? Garantia: 12 Meses para defeito de fabrica\u00e7\u00e3o.<\/p>\n","protected":false},"featured_media":1282,"template":"","meta":{"_uag_custom_page_level_css":"","site-sidebar-layout":"default","site-content-layout":"default","ast-site-content-layout":"default","site-content-style":"default","site-sidebar-style":"default","ast-global-header-display":"","ast-banner-title-visibility":"","ast-main-header-display":"","ast-hfb-above-header-display":"","ast-hfb-below-header-display":"","ast-hfb-mobile-header-display":"","site-post-title":"","ast-breadcrumbs-content":"","ast-featured-img":"","footer-sml-layout":"","theme-transparent-header-meta":"default","adv-header-id-meta":"","stick-header-meta":"","header-above-stick-meta":"","header-main-stick-meta":"","header-below-stick-meta":"","astra-migrate-meta-layouts":"default","ast-page-background-enabled":"default","ast-page-background-meta":{"desktop":{"background-color":"","background-image":"","background-repeat":"repeat","background-position":"center center","background-size":"auto","background-attachment":"scroll","background-type":"","background-media":"","overlay-type":"","overlay-color":"","overlay-opacity":"","overlay-gradient":""},"tablet":{"background-color":"","background-image":"","background-repeat":"repeat","background-position":"center center","background-size":"auto","background-attachment":"scroll","background-type":"","background-media":"","overlay-type":"","overlay-color":"","overlay-opacity":"","overlay-gradient":""},"mobile":{"background-color":"","background-image":"","background-repeat":"repeat","background-position":"center center","background-size":"auto","background-attachment":"scroll","background-type":"","background-media":"","overlay-type":"","overlay-color":"","overlay-opacity":"","overlay-gradient":""}},"ast-content-background-meta":{"desktop":{"background-color":"var(--ast-global-color-5)","background-image":"","background-repeat":"repeat","background-position":"center center","background-size":"auto","background-attachment":"scroll","background-type":"","background-media":"","overlay-type":"","overlay-color":"","overlay-opacity":"","overlay-gradient":""},"tablet":{"background-color":"var(--ast-global-color-5)","background-image":"","background-repeat":"repeat","background-position":"center center","background-size":"auto","background-attachment":"scroll","background-type":"","background-media":"","overlay-type":"","overlay-color":"","overlay-opacity":"","overlay-gradient":""},"mobile":{"background-color":"var(--ast-global-color-5)","background-image":"","background-repeat":"repeat","background-position":"center center","background-size":"auto","background-attachment":"scroll","background-type":"","background-media":"","overlay-type":"","overlay-color":"","overlay-opacity":"","overlay-gradient":""}}},"product_brand":[],"product_cat":[38,25,76],"product_tag":[125,493],"class_list":{"0":"post-1281","1":"product","2":"type-product","3":"status-publish","4":"has-post-thumbnail","6":"product_cat-eletronicos","7":"product_cat-smart-tv","8":"product_cat-tv-e-video","9":"product_tag-smart-tv","10":"product_tag-tv-32","11":"desktop-align-center","12":"tablet-align-left","13":"mobile-align-center","15":"first","16":"instock","17":"sale","18":"shipping-taxable","19":"product-type-external"},"uagb_featured_image_src":{"full":["https:\/\/promocaododia.com.br\/site\/wp-content\/uploads\/2022\/11\/Smart-TV-LED-32-Design-sem-bordas-Google-Assistant-e-Android-TV-com-Bluetooth-Konka-KDG32.jpg",600,600,false],"thumbnail":["https:\/\/promocaododia.com.br\/site\/wp-content\/uploads\/2022\/11\/Smart-TV-LED-32-Design-sem-bordas-Google-Assistant-e-Android-TV-com-Bluetooth-Konka-KDG32-150x150.jpg",150,150,true],"medium":["https:\/\/promocaododia.com.br\/site\/wp-content\/uploads\/2022\/11\/Smart-TV-LED-32-Design-sem-bordas-Google-Assistant-e-Android-TV-com-Bluetooth-Konka-KDG32-300x300.jpg",300,300,true],"medium_large":["https:\/\/promocaododia.com.br\/site\/wp-content\/uploads\/2022\/11\/Smart-TV-LED-32-Design-sem-bordas-Google-Assistant-e-Android-TV-com-Bluetooth-Konka-KDG32.jpg",600,600,false],"large":["https:\/\/promocaododia.com.br\/site\/wp-content\/uploads\/2022\/11\/Smart-TV-LED-32-Design-sem-bordas-Google-Assistant-e-Android-TV-com-Bluetooth-Konka-KDG32.jpg",600,600,false],"1536x1536":["https:\/\/promocaododia.com.br\/site\/wp-content\/uploads\/2022\/11\/Smart-TV-LED-32-Design-sem-bordas-Google-Assistant-e-Android-TV-com-Bluetooth-Konka-KDG32.jpg",600,600,false],"2048x2048":["https:\/\/promocaododia.com.br\/site\/wp-content\/uploads\/2022\/11\/Smart-TV-LED-32-Design-sem-bordas-Google-Assistant-e-Android-TV-com-Bluetooth-Konka-KDG32.jpg",600,600,false],"woocommerce_thumbnail":["https:\/\/promocaododia.com.br\/site\/wp-content\/uploads\/2022\/11\/Smart-TV-LED-32-Design-sem-bordas-Google-Assistant-e-Android-TV-com-Bluetooth-Konka-KDG32-250x250.jpg",250,250,true],"woocommerce_single":["https:\/\/promocaododia.com.br\/site\/wp-content\/uploads\/2022\/11\/Smart-TV-LED-32-Design-sem-bordas-Google-Assistant-e-Android-TV-com-Bluetooth-Konka-KDG32-250x250.jpg",250,250,true],"woocommerce_gallery_thumbnail":["https:\/\/promocaododia.com.br\/site\/wp-content\/uploads\/2022\/11\/Smart-TV-LED-32-Design-sem-bordas-Google-Assistant-e-Android-TV-com-Bluetooth-Konka-KDG32-100x100.jpg",100,100,true]},"uagb_author_info":{"display_name":"danilo.gbr","author_link":"https:\/\/promocaododia.com.br\/site\/author\/"},"uagb_comment_info":0,"uagb_excerpt":"A Konka apresenta a voc\u00ea o novo lan\u00e7amento: Tela Smart serie 680 Completa em todos os sentidos! Controle total atrav\u00e9s do seu smartphone Com aux\u00edlio do Google Assistente, \u00e9 poss\u00edvel controlar a sua Tela Smart com comandos de voz. Abra aplicativos, execute comandos, altere configura\u00e7\u00f5es, tudo de maneira simples e intuitiva. Google Chromecast O Google&hellip;","_links":{"self":[{"href":"https:\/\/promocaododia.com.br\/site\/wp-json\/wp\/v2\/product\/1281","targetHints":{"allow":["GET"]}}],"collection":[{"href":"https:\/\/promocaododia.com.br\/site\/wp-json\/wp\/v2\/product"}],"about":[{"href":"https:\/\/promocaododia.com.br\/site\/wp-json\/wp\/v2\/types\/product"}],"wp:featuredmedia":[{"embeddable":true,"href":"https:\/\/promocaododia.com.br\/site\/wp-json\/wp\/v2\/media\/1282"}],"wp:attachment":[{"href":"https:\/\/promocaododia.com.br\/site\/wp-json\/wp\/v2\/media?parent=1281"}],"wp:term":[{"taxonomy":"product_brand","embeddable":true,"href":"https:\/\/promocaododia.com.br\/site\/wp-json\/wp\/v2\/product_brand?post=1281"},{"taxonomy":"product_cat","embeddable":true,"href":"https:\/\/promocaododia.com.br\/site\/wp-json\/wp\/v2\/product_cat?post=1281"},{"taxonomy":"product_tag","embeddable":true,"href":"https:\/\/promocaododia.com.br\/site\/wp-json\/wp\/v2\/product_tag?post=1281"}],"curies":[{"name":"wp","href":"https:\/\/api.w.org\/{rel}","templated":true}]}}