{"id":1283,"date":"2022-11-27T14:27:20","date_gmt":"2022-11-27T17:27:20","guid":{"rendered":"https:\/\/promocaododia.com.br\/site\/?post_type=product&#038;p=1283"},"modified":"2022-11-27T14:27:20","modified_gmt":"2022-11-27T17:27:20","slug":"smartphone-samsung-galaxy-a03-4g-64-gb-6-5-preto","status":"publish","type":"product","link":"https:\/\/promocaododia.com.br\/site\/produto\/smartphone-samsung-galaxy-a03-4g-64-gb-6-5-preto\/","title":{"rendered":"Smartphone Samsung Galaxy A03 4G 64 GB 6.5&#8243; Preto"},"content":{"rendered":"<div class=\"text-produto\"><strong>Smartphone Samsung Galaxy A03 Preto 64GB 4GB RAM Octa Core Tela 6.5&#8243;C\u00e2m. Dupla Traseira 48MP 2MP Selfie de 5MP<\/strong><\/p>\n<p><strong>Mais display, mais espa\u00e7o para jogar<\/strong><br \/>\nAmplie a sua vis\u00e3o para o display infinito de 6,5 polegadas do Galaxy A03 e veja o que voc\u00ea pode estar perdendo. E, com a tecnologia HD; seu conte\u00fado aparece n\u00edtido, com contraste e claro.<\/p>\n<p><strong>Apar\u00eancia t\u00e3o incr\u00edvel quanto o toque<\/strong><br \/>\nO Galaxy A03 combina uma est\u00e9tica de design fino com acabamento fosco suave na parte traseira. As curvas refinadas o tornam confort\u00e1vel de segurar e fornecem uma navega\u00e7\u00e3o f\u00e1cil na tela.<\/p>\n<p><strong>Capture seu mundo de diversas maneiras com a C\u00e2mera Dupla<\/strong><br \/>\nO Galaxy A03 possui uma C\u00e2mera Principal de 48 MP para fotos incr\u00edveis do dia a dia. Voc\u00ea pode inclusive ajustar o foco de fundo e primeiro plano com os efeitos Live Focus da C\u00e2mera de Profundidade de 2MP.<\/p>\n<p><strong>Traga o foco \u00e0 frente, com a C\u00e2mera de Profundidade<\/strong><br \/>\nA C\u00e2mera de Profundidade de 2MP permite ajustar a profundidade de campo em suas fotos.<br \/>\nCom um simples toque, voc\u00ea pode facilmente ajustar o desfoque de fundo atr\u00e1s do seu modelo para retratos de alta qualidade.<\/p>\n<p><strong>Selfies que se destacam com a C\u00e2mera Frontal<\/strong><br \/>\nCom o efeito Live Focus adicionado \u00e0 C\u00e2mera Frontal de 5MP, voc\u00ea pode tirar selfies impressionantes que exibem mais voc\u00ea e menos o fundo.<\/p>\n<p><strong>V\u00e1 al\u00e9m da experi\u00eancia de \u00e1udio comum com Dolby Atmos<\/strong><br \/>\nBasta conectar seus fones de ouvido para ser transportado para dentro de suas m\u00fasicas e filmes. Com o Dolby Atmos, voc\u00ea ouvir\u00e1 um som claro, que parece te incorporar \u00e0 cena.<\/p>\n<p><strong>Armazenamento e velocidade que n\u00e3o te deixam na m\u00e3o<\/strong><br \/>\nO Galaxy A03 combina a pot\u00eancia de processamento Octa-core com at\u00e9 4GB de RAM para um desempenho r\u00e1pido e eficiente. Aproveite os 64GB de armazenamento interno ou adicione ainda mais espa\u00e7o com um cart\u00e3o microSD de at\u00e9 1 TB.<\/p>\n<p><strong>Siga em frente com uma bateria potente<\/strong><br \/>\nFique \u00e0 frente do dia com uma bateria que n\u00e3o vai te deixar na m\u00e3o. A bateria de 5.000 mAh (t\u00edpica) permite que voc\u00ea continue realizando suas atividades, por horas.<\/p>\n<p><strong>Concentre-se com o One Ul Core<\/strong><br \/>\nAproveite movimentos suaves e um design encantador com One Ul Core. Otimizado para qualquer tamanho de tela, ele permite que voc\u00ea se concentre no que importa de maneira confort\u00e1vel e intuitiva. Com One Ul Core, voc\u00ea pode personalizar seu celular como quiser e aproveitar totalmente sua experi\u00eancia Galaxy.<\/p>\n<p><strong>Caracter\u00edsticas:<\/strong><\/p>\n<p>-Modelo:SM-A035M\/DS<br \/>\n-Marca: Samsung<br \/>\n-Cor: Preto<\/p>\n<p><strong>Conectividade:<\/strong><br \/>\n-Bluetooth 5.0<br \/>\n-Wi-Fi: 802.11 a\/b\/g\/n\/ac 2.4 5GHz<br \/>\n-Dual Chip<br \/>\n-Nano-SIM (4FF)<br \/>\n-Entrada do Chip 1: Chip 1<br \/>\n-Entrada do Chip 2: Chip 2 ou eSIM<br \/>\n-Banda: 4G<br \/>\n-Tipo de Conector: Micro USB<\/p>\n<p><strong>Sistema:<\/strong><br \/>\n-Sistema Operacional: Android 11<br \/>\n-Processador: Octa-Core 1.6 GHz<\/p>\n<p><strong>Mem\u00f3ria:<\/strong><br \/>\n-Armazenamento Interno: 64 GB<br \/>\n-Mem\u00f3ria RAM: 4 GB<br \/>\n-Cart\u00e3o de Mem\u00f3ria Suportado: MicroSD<\/p>\n<p><strong>Recursos:<\/strong><br \/>\n-Aceler\u00f4metro<br \/>\n-Proximidade<br \/>\n-Luminosidade<br \/>\n-Reconhecimento Facial<\/p>\n<p><strong>Tela:<\/strong><br \/>\n-Tamanho do Display: 6.5&#8243;<br \/>\n-Resolu\u00e7\u00e3o: 720 x 1600 (HD )<br \/>\n-Tecnologia: PLS TFT LCD<br \/>\n-Quantidade de Cores: 16M<\/p>\n<p><strong>C\u00e2meras:<\/strong><br \/>\n-C\u00e2mera Traseira: 48MP 2MP (Duas C\u00e2meras)<br \/>\n-Abertura: F1.8 F2.4<br \/>\n-Zoom Digital 10x<br \/>\n-Foco Autom\u00e1tico (AF)<br \/>\n-Flash Traseiro: Flash LED<\/p>\n<p>-C\u00e2mera Frontal: 5 MP<br \/>\n-Abertura: F2.2<br \/>\n-Flash Frontal: Na Tela<\/p>\n<p><strong>Bateria:<\/strong><br \/>\n-Capacidade da Bateria: 5000 mAh<br \/>\n-Tipo de Bateria: \u00cdons de L\u00edtio<br \/>\n-Tipo de Conector: Micro USB<br \/>\n-Carregamento Sem Fio: N\u00e3o<\/p>\n<p><strong>Conte\u00fado da Embalagem:<\/strong><br \/>\n-01 Smartphone Samsung Galaxy A03 64 GB Preto<br \/>\n-01 Carregador<br \/>\n-01 Cabo USB<br \/>\n-01 Extrator de Chip<br \/>\n-01 Manual do Usu\u00e1rio<br \/>\n*N\u00e3o acompanha Fone de Ouvido<\/p>\n<p><strong>Dimens\u00f5es do Produto sem Embalagem:<\/strong><br \/>\n-Altura: 164,2 mm<br \/>\n-Largura: 75,9 mm<br \/>\n-Profundidade: 9,1 mm<br \/>\n-Peso: 0,196 kg<\/p>\n<p><strong>Dimens\u00f5es do Produto com Embalagem:<\/strong><br \/>\n-Altura: 168,8 mm<br \/>\n-Largura: 80,6 mm<br \/>\n-Profundidade: 36 mm<br \/>\n-Peso: 0,376 kg<\/p>\n<p><strong>Garantia:<\/strong><br \/>\n-12 meses<\/div>\n<div class=\"infos-fabricante\">\n<p>Todas as informa\u00e7\u00f5es divulgadas s\u00e3o de responsabilidade do fabricante\/fornecedor.<br \/>\nVerifique com os fabricantes do produto e de seus componentes eventuais limita\u00e7\u00f5es \u00e0 utiliza\u00e7\u00e3o de todos os recursos e funcionalidades.<br \/>\nImagens Meramente Ilustrativas.<\/p>\n<\/div>\n","protected":false},"excerpt":{"rendered":"<p>Smartphone Samsung Galaxy A03 Preto 64GB 4GB RAM Octa Core Tela 6.5&#8243;C\u00e2m. Dupla Traseira 48MP 2MP Selfie de 5MP Mais display, mais espa\u00e7o para jogar Amplie a sua vis\u00e3o para o display infinito de 6,5 polegadas do Galaxy A03 e veja o que voc\u00ea pode estar perdendo. E, com a tecnologia HD; seu conte\u00fado aparece n\u00edtido, com contraste e claro. Apar\u00eancia t\u00e3o incr\u00edvel quanto o toque O Galaxy A03 combina uma est\u00e9tica de design fino com acabamento fosco suave na parte traseira. As curvas refinadas o tornam confort\u00e1vel de segurar e fornecem uma navega\u00e7\u00e3o f\u00e1cil na tela. Capture seu mundo de diversas maneiras com a C\u00e2mera Dupla O Galaxy A03 possui uma C\u00e2mera Principal de 48 MP para fotos incr\u00edveis do dia a dia. Voc\u00ea pode inclusive ajustar o foco de fundo e primeiro plano com os efeitos Live Focus da C\u00e2mera de Profundidade de 2MP. Traga o foco \u00e0 frente, com a C\u00e2mera de Profundidade A C\u00e2mera de Profundidade de 2MP permite ajustar a profundidade de campo em suas fotos. Com um simples toque, voc\u00ea pode facilmente ajustar o desfoque de fundo atr\u00e1s do seu modelo para retratos de alta qualidade. Selfies que se destacam com a C\u00e2mera Frontal Com o efeito Live Focus adicionado \u00e0 C\u00e2mera Frontal de 5MP, voc\u00ea pode tirar selfies impressionantes que exibem mais voc\u00ea e menos o fundo. V\u00e1 al\u00e9m da experi\u00eancia de \u00e1udio comum com Dolby Atmos Basta conectar seus fones de ouvido para ser transportado para dentro de suas m\u00fasicas e filmes. Com o Dolby Atmos, voc\u00ea ouvir\u00e1 um som claro, que parece te incorporar \u00e0 cena. Armazenamento e velocidade que n\u00e3o te deixam na m\u00e3o O Galaxy A03 combina a pot\u00eancia de processamento Octa-core com at\u00e9 4GB de RAM para um desempenho r\u00e1pido e eficiente. Aproveite os 64GB de armazenamento interno ou adicione ainda mais espa\u00e7o com um cart\u00e3o microSD de at\u00e9 1 TB. Siga em frente com uma bateria potente Fique \u00e0 frente do dia com uma bateria que n\u00e3o vai te deixar na m\u00e3o. A bateria de 5.000 mAh (t\u00edpica) permite que voc\u00ea continue realizando suas atividades, por horas. Concentre-se com o One Ul Core Aproveite movimentos suaves e um design encantador com One Ul Core. Otimizado para qualquer tamanho de tela, ele permite que voc\u00ea se concentre no que importa de maneira confort\u00e1vel e intuitiva. Com One Ul Core, voc\u00ea pode personalizar seu celular como quiser e aproveitar totalmente sua experi\u00eancia Galaxy. Caracter\u00edsticas: -Modelo:SM-A035M\/DS -Marca: Samsung -Cor: Preto Conectividade: -Bluetooth 5.0 -Wi-Fi: 802.11 a\/b\/g\/n\/ac 2.4 5GHz -Dual Chip -Nano-SIM (4FF) -Entrada do Chip 1: Chip 1 -Entrada do Chip 2: Chip 2 ou eSIM -Banda: 4G -Tipo de Conector: Micro USB Sistema: -Sistema Operacional: Android 11 -Processador: Octa-Core 1.6 GHz Mem\u00f3ria: -Armazenamento Interno: 64 GB -Mem\u00f3ria RAM: 4 GB -Cart\u00e3o de Mem\u00f3ria Suportado: MicroSD Recursos: -Aceler\u00f4metro -Proximidade -Luminosidade -Reconhecimento Facial Tela: -Tamanho do Display: 6.5&#8243; -Resolu\u00e7\u00e3o: 720 x 1600 (HD ) -Tecnologia: PLS TFT LCD -Quantidade de Cores: 16M C\u00e2meras: -C\u00e2mera Traseira: 48MP 2MP (Duas C\u00e2meras) -Abertura: F1.8 F2.4 -Zoom Digital 10x -Foco Autom\u00e1tico (AF) -Flash Traseiro: Flash LED -C\u00e2mera Frontal: 5 MP -Abertura: F2.2 -Flash Frontal: Na Tela Bateria: -Capacidade da Bateria: 5000 mAh -Tipo de Bateria: \u00cdons de L\u00edtio -Tipo de Conector: Micro USB -Carregamento Sem Fio: N\u00e3o Conte\u00fado da Embalagem: -01 Smartphone Samsung Galaxy A03 64 GB Preto -01 Carregador -01 Cabo USB -01 Extrator de Chip -01 Manual do Usu\u00e1rio *N\u00e3o acompanha Fone de Ouvido Dimens\u00f5es do Produto sem Embalagem: -Altura: 164,2 mm -Largura: 75,9 mm -Profundidade: 9,1 mm -Peso: 0,196 kg Dimens\u00f5es do Produto com Embalagem: -Altura: 168,8 mm -Largura: 80,6 mm -Profundidade: 36 mm -Peso: 0,376 kg Garantia: -12 meses Todas as informa\u00e7\u00f5es divulgadas s\u00e3o de responsabilidade do fabricante\/fornecedor. Verifique com os fabricantes do produto e de seus componentes eventuais limita\u00e7\u00f5es \u00e0 utiliza\u00e7\u00e3o de todos os recursos e funcionalidades. Imagens Meramente Ilustrativas.<\/p>\n","protected":false},"featured_media":1284,"template":"","meta":{"_uag_custom_page_level_css":"","site-sidebar-layout":"default","site-content-layout":"default","ast-site-content-layout":"default","site-content-style":"default","site-sidebar-style":"default","ast-global-header-display":"","ast-banner-title-visibility":"","ast-main-header-display":"","ast-hfb-above-header-display":"","ast-hfb-below-header-display":"","ast-hfb-mobile-header-display":"","site-post-title":"","ast-breadcrumbs-content":"","ast-featured-img":"","footer-sml-layout":"","theme-transparent-header-meta":"default","adv-header-id-meta":"","stick-header-meta":"","header-above-stick-meta":"","header-main-stick-meta":"","header-below-stick-meta":"","astra-migrate-meta-layouts":"default","ast-page-background-enabled":"default","ast-page-background-meta":{"desktop":{"background-color":"","background-image":"","background-repeat":"repeat","background-position":"center center","background-size":"auto","background-attachment":"scroll","background-type":"","background-media":"","overlay-type":"","overlay-color":"","overlay-opacity":"","overlay-gradient":""},"tablet":{"background-color":"","background-image":"","background-repeat":"repeat","background-position":"center center","background-size":"auto","background-attachment":"scroll","background-type":"","background-media":"","overlay-type":"","overlay-color":"","overlay-opacity":"","overlay-gradient":""},"mobile":{"background-color":"","background-image":"","background-repeat":"repeat","background-position":"center center","background-size":"auto","background-attachment":"scroll","background-type":"","background-media":"","overlay-type":"","overlay-color":"","overlay-opacity":"","overlay-gradient":""}},"ast-content-background-meta":{"desktop":{"background-color":"var(--ast-global-color-5)","background-image":"","background-repeat":"repeat","background-position":"center center","background-size":"auto","background-attachment":"scroll","background-type":"","background-media":"","overlay-type":"","overlay-color":"","overlay-opacity":"","overlay-gradient":""},"tablet":{"background-color":"var(--ast-global-color-5)","background-image":"","background-repeat":"repeat","background-position":"center center","background-size":"auto","background-attachment":"scroll","background-type":"","background-media":"","overlay-type":"","overlay-color":"","overlay-opacity":"","overlay-gradient":""},"mobile":{"background-color":"var(--ast-global-color-5)","background-image":"","background-repeat":"repeat","background-position":"center center","background-size":"auto","background-attachment":"scroll","background-type":"","background-media":"","overlay-type":"","overlay-color":"","overlay-opacity":"","overlay-gradient":""}}},"product_brand":[],"product_cat":[23,35],"product_tag":[91,133,132,89,88,90],"class_list":{"0":"post-1283","1":"product","2":"type-product","3":"status-publish","4":"has-post-thumbnail","6":"product_cat-celulares-e-tablets","7":"product_cat-smartphone","8":"product_tag-celular","9":"product_tag-galaxy","10":"product_tag-galaxy-a03s","11":"product_tag-samsung","12":"product_tag-samsung-galaxy","13":"product_tag-smartphone","14":"desktop-align-center","15":"tablet-align-left","16":"mobile-align-center","18":"first","19":"instock","20":"sale","21":"shipping-taxable","22":"product-type-external"},"uagb_featured_image_src":{"full":["https:\/\/promocaododia.com.br\/site\/wp-content\/uploads\/2022\/11\/Smartphone-Samsung-Galaxy-A03-4G-64-GB-6.5-Preto.jpg",600,600,false],"thumbnail":["https:\/\/promocaododia.com.br\/site\/wp-content\/uploads\/2022\/11\/Smartphone-Samsung-Galaxy-A03-4G-64-GB-6.5-Preto-150x150.jpg",150,150,true],"medium":["https:\/\/promocaododia.com.br\/site\/wp-content\/uploads\/2022\/11\/Smartphone-Samsung-Galaxy-A03-4G-64-GB-6.5-Preto-300x300.jpg",300,300,true],"medium_large":["https:\/\/promocaododia.com.br\/site\/wp-content\/uploads\/2022\/11\/Smartphone-Samsung-Galaxy-A03-4G-64-GB-6.5-Preto.jpg",600,600,false],"large":["https:\/\/promocaododia.com.br\/site\/wp-content\/uploads\/2022\/11\/Smartphone-Samsung-Galaxy-A03-4G-64-GB-6.5-Preto.jpg",600,600,false],"1536x1536":["https:\/\/promocaododia.com.br\/site\/wp-content\/uploads\/2022\/11\/Smartphone-Samsung-Galaxy-A03-4G-64-GB-6.5-Preto.jpg",600,600,false],"2048x2048":["https:\/\/promocaododia.com.br\/site\/wp-content\/uploads\/2022\/11\/Smartphone-Samsung-Galaxy-A03-4G-64-GB-6.5-Preto.jpg",600,600,false],"woocommerce_thumbnail":["https:\/\/promocaododia.com.br\/site\/wp-content\/uploads\/2022\/11\/Smartphone-Samsung-Galaxy-A03-4G-64-GB-6.5-Preto-250x250.jpg",250,250,true],"woocommerce_single":["https:\/\/promocaododia.com.br\/site\/wp-content\/uploads\/2022\/11\/Smartphone-Samsung-Galaxy-A03-4G-64-GB-6.5-Preto-250x250.jpg",250,250,true],"woocommerce_gallery_thumbnail":["https:\/\/promocaododia.com.br\/site\/wp-content\/uploads\/2022\/11\/Smartphone-Samsung-Galaxy-A03-4G-64-GB-6.5-Preto-100x100.jpg",100,100,true]},"uagb_author_info":{"display_name":"danilo.gbr","author_link":"https:\/\/promocaododia.com.br\/site\/author\/"},"uagb_comment_info":0,"uagb_excerpt":"Smartphone Samsung Galaxy A03 Preto 64GB 4GB RAM Octa Core Tela 6.5&#8243;C\u00e2m. Dupla Traseira 48MP 2MP Selfie de 5MP Mais display, mais espa\u00e7o para jogar Amplie a sua vis\u00e3o para o display infinito de 6,5 polegadas do Galaxy A03 e veja o que voc\u00ea pode estar perdendo. E, com a tecnologia HD; seu conte\u00fado aparece&hellip;","_links":{"self":[{"href":"https:\/\/promocaododia.com.br\/site\/wp-json\/wp\/v2\/product\/1283","targetHints":{"allow":["GET"]}}],"collection":[{"href":"https:\/\/promocaododia.com.br\/site\/wp-json\/wp\/v2\/product"}],"about":[{"href":"https:\/\/promocaododia.com.br\/site\/wp-json\/wp\/v2\/types\/product"}],"wp:featuredmedia":[{"embeddable":true,"href":"https:\/\/promocaododia.com.br\/site\/wp-json\/wp\/v2\/media\/1284"}],"wp:attachment":[{"href":"https:\/\/promocaododia.com.br\/site\/wp-json\/wp\/v2\/media?parent=1283"}],"wp:term":[{"taxonomy":"product_brand","embeddable":true,"href":"https:\/\/promocaododia.com.br\/site\/wp-json\/wp\/v2\/product_brand?post=1283"},{"taxonomy":"product_cat","embeddable":true,"href":"https:\/\/promocaododia.com.br\/site\/wp-json\/wp\/v2\/product_cat?post=1283"},{"taxonomy":"product_tag","embeddable":true,"href":"https:\/\/promocaododia.com.br\/site\/wp-json\/wp\/v2\/product_tag?post=1283"}],"curies":[{"name":"wp","href":"https:\/\/api.w.org\/{rel}","templated":true}]}}