{"id":1285,"date":"2022-11-27T14:41:20","date_gmt":"2022-11-27T17:41:20","guid":{"rendered":"https:\/\/promocaododia.com.br\/site\/?post_type=product&#038;p=1285"},"modified":"2022-11-27T14:41:20","modified_gmt":"2022-11-27T17:41:20","slug":"lava-e-seca-midea-11kg-storm-wash-inverter-tambor-4d-preta-lse11p1-127-volts-2","status":"publish","type":"product","link":"https:\/\/promocaododia.com.br\/site\/produto\/lava-e-seca-midea-11kg-storm-wash-inverter-tambor-4d-preta-lse11p1-127-volts-2\/","title":{"rendered":"Lava e Seca Midea 11Kg Storm Wash Inverter Tambor 4D Preta LSE11P1 127 Volts"},"content":{"rendered":"<p>Lava e Seca Midea 11Kg Storm Wash Inverter Tambor 4D Preta LSE11P1 \u2013 127 Volts<\/p>\n<p>A nova Lava e Seca Midea 11Kg Storm Wash Inverter Tambor 4D Preta LSE11P1 traz tecnologias exclusivas e solu\u00e7\u00f5es inteligentes que entregam uma excelente performance de lavagem e secagem com muita efici\u00eancia.<\/p>\n<p>A tecnologia Storm Wash com o exclusivo design do tambor 4D que combinado a altas velocidades de rota\u00e7\u00e3o, cria poderosas ondas de \u00e1gua e sab\u00e3o, entregando uma performance \u00fanica de lavagem. Possui tamb\u00e9m a tecnologia Smart SEC, sensores inteligentes de temperatura, umidade e peso que fazem com que as roupas fiquem secas no tempo necess\u00e1rio. Al\u00e9m disso, conta com 16 programas de lavagem e 8 de secagem.<\/p>\n<p>Storm Wash:<\/p>\n<p>O exclusivo Tambor 4D em altas velocidades de rota\u00e7\u00e3o.<\/p>\n<p>Motor Inverter:<\/p>\n<p>Motor mais silencioso, est\u00e1vel e econ\u00f4mico.<\/p>\n<p>Tambor 4D:<\/p>\n<p>Relevo do tambor mais os exclusivos washers elevators.<\/p>\n<p>Tecnologia Smart Sec:<\/p>\n<p>Regula o ciclo de secagem garantindo economia de energia (nas op\u00e7\u00f5es suave e normal).<\/p>\n<p>Display Total LED.<\/p>\n<p>Modo Eco R\u00e1pido:<\/p>\n<p>Roupas Limpas e Secas em at\u00e9 uma hora.<\/p>\n<p>Perfeita para sua casa:<\/p>\n<p>Tamanho externo compacto. Perfeito encaixe na sua lavanderia.<\/p>\n<p>Classifica\u00e7\u00e3o Energ\u00e9tica A:<\/p>\n<p>Selo PROCEL de Economia de Energia em todas as capacidades.<\/p>\n<p>Fun\u00e7\u00e3o Lavar T\u00eanis:<\/p>\n<p>Lava at\u00e9 dois pares simultaneamente.<\/p>\n<p>Alta Velocidade de centrifuga\u00e7\u00e3o:<\/p>\n<p>Cinco velocidades de centrifuga\u00e7\u00e3o, com m\u00e1xima de at\u00e9 1200 rota\u00e7\u00f5es por minuto.<\/p>\n<p>Baixo consumo de energia e de \u00e1gua.<\/p>\n<p>Modo Super R\u00e1pido:<\/p>\n<p>Reduza o tempo de lavagem da fun\u00e7\u00e3o escolhida em apenas um toque.<\/p>\n<p>Programe o in\u00edcio de lavagem:<\/p>\n<p>Fun\u00e7\u00e3o \u2018Adiar In\u00edcio\u2019 at\u00e9 24 horas.<\/p>\n<p>16 fun\u00e7\u00f5es pr\u00e9-programadas para atender as necessidades do dia a dia.<\/p>\n<p>Autolimpeza:<\/p>\n<p>Limpeza do tambor e mangueiras, sem uso de produtos qu\u00edmicos.<\/p>\n<p>Mais Seguran\u00e7a:<\/p>\n<p>Porta com trava de Seguran\u00e7a que impede o acionamento do cesto quando est\u00e1 em alta temperatura ou rota\u00e7\u00e3o.<\/p>\n","protected":false},"excerpt":{"rendered":"<p>Lava e Seca Midea 11Kg Storm Wash Inverter Tambor 4D Preta LSE11P1 \u2013 127 Volts A nova Lava e Seca Midea 11Kg Storm Wash Inverter Tambor 4D Preta LSE11P1 traz tecnologias exclusivas e solu\u00e7\u00f5es inteligentes que entregam uma excelente performance de lavagem e secagem com muita efici\u00eancia. A tecnologia Storm Wash com o exclusivo design do tambor 4D que combinado a altas velocidades de rota\u00e7\u00e3o, cria poderosas ondas de \u00e1gua e sab\u00e3o, entregando uma performance \u00fanica de lavagem. Possui tamb\u00e9m a tecnologia Smart SEC, sensores inteligentes de temperatura, umidade e peso que fazem com que as roupas fiquem secas no tempo necess\u00e1rio. Al\u00e9m disso, conta com 16 programas de lavagem e 8 de secagem. Storm Wash: O exclusivo Tambor 4D em altas velocidades de rota\u00e7\u00e3o. Motor Inverter: Motor mais silencioso, est\u00e1vel e econ\u00f4mico. Tambor 4D: Relevo do tambor mais os exclusivos washers elevators. Tecnologia Smart Sec: Regula o ciclo de secagem garantindo economia de energia (nas op\u00e7\u00f5es suave e normal). Display Total LED. Modo Eco R\u00e1pido: Roupas Limpas e Secas em at\u00e9 uma hora. Perfeita para sua casa: Tamanho externo compacto. Perfeito encaixe na sua lavanderia. Classifica\u00e7\u00e3o Energ\u00e9tica A: Selo PROCEL de Economia de Energia em todas as capacidades. Fun\u00e7\u00e3o Lavar T\u00eanis: Lava at\u00e9 dois pares simultaneamente. Alta Velocidade de centrifuga\u00e7\u00e3o: Cinco velocidades de centrifuga\u00e7\u00e3o, com m\u00e1xima de at\u00e9 1200 rota\u00e7\u00f5es por minuto. Baixo consumo de energia e de \u00e1gua. Modo Super R\u00e1pido: Reduza o tempo de lavagem da fun\u00e7\u00e3o escolhida em apenas um toque. Programe o in\u00edcio de lavagem: Fun\u00e7\u00e3o \u2018Adiar In\u00edcio\u2019 at\u00e9 24 horas. 16 fun\u00e7\u00f5es pr\u00e9-programadas para atender as necessidades do dia a dia. Autolimpeza: Limpeza do tambor e mangueiras, sem uso de produtos qu\u00edmicos. Mais Seguran\u00e7a: Porta com trava de Seguran\u00e7a que impede o acionamento do cesto quando est\u00e1 em alta temperatura ou rota\u00e7\u00e3o.<\/p>\n","protected":false},"featured_media":1286,"template":"","meta":{"_uag_custom_page_level_css":"","site-sidebar-layout":"default","site-content-layout":"default","ast-site-content-layout":"default","site-content-style":"default","site-sidebar-style":"default","ast-global-header-display":"","ast-banner-title-visibility":"","ast-main-header-display":"","ast-hfb-above-header-display":"","ast-hfb-below-header-display":"","ast-hfb-mobile-header-display":"","site-post-title":"","ast-breadcrumbs-content":"","ast-featured-img":"","footer-sml-layout":"","theme-transparent-header-meta":"default","adv-header-id-meta":"","stick-header-meta":"","header-above-stick-meta":"","header-main-stick-meta":"","header-below-stick-meta":"","astra-migrate-meta-layouts":"default","ast-page-background-enabled":"default","ast-page-background-meta":{"desktop":{"background-color":"","background-image":"","background-repeat":"repeat","background-position":"center center","background-size":"auto","background-attachment":"scroll","background-type":"","background-media":"","overlay-type":"","overlay-color":"","overlay-opacity":"","overlay-gradient":""},"tablet":{"background-color":"","background-image":"","background-repeat":"repeat","background-position":"center center","background-size":"auto","background-attachment":"scroll","background-type":"","background-media":"","overlay-type":"","overlay-color":"","overlay-opacity":"","overlay-gradient":""},"mobile":{"background-color":"","background-image":"","background-repeat":"repeat","background-position":"center center","background-size":"auto","background-attachment":"scroll","background-type":"","background-media":"","overlay-type":"","overlay-color":"","overlay-opacity":"","overlay-gradient":""}},"ast-content-background-meta":{"desktop":{"background-color":"var(--ast-global-color-5)","background-image":"","background-repeat":"repeat","background-position":"center center","background-size":"auto","background-attachment":"scroll","background-type":"","background-media":"","overlay-type":"","overlay-color":"","overlay-opacity":"","overlay-gradient":""},"tablet":{"background-color":"var(--ast-global-color-5)","background-image":"","background-repeat":"repeat","background-position":"center center","background-size":"auto","background-attachment":"scroll","background-type":"","background-media":"","overlay-type":"","overlay-color":"","overlay-opacity":"","overlay-gradient":""},"mobile":{"background-color":"var(--ast-global-color-5)","background-image":"","background-repeat":"repeat","background-position":"center center","background-size":"auto","background-attachment":"scroll","background-type":"","background-media":"","overlay-type":"","overlay-color":"","overlay-opacity":"","overlay-gradient":""}}},"product_brand":[],"product_cat":[28,29],"product_tag":[267,482,507],"class_list":{"0":"post-1285","1":"product","2":"type-product","3":"status-publish","4":"has-post-thumbnail","6":"product_cat-eletrodomesticos","7":"product_cat-lavadora","8":"product_tag-lava-e-seca","9":"product_tag-lavadora","10":"product_tag-midea","11":"desktop-align-center","12":"tablet-align-left","13":"mobile-align-center","15":"first","16":"instock","17":"sale","18":"shipping-taxable","19":"product-type-external"},"uagb_featured_image_src":{"full":["https:\/\/promocaododia.com.br\/site\/wp-content\/uploads\/2022\/11\/Lava-e-Seca-Midea-11Kg-Storm-Wash-Inverter-Tambor-4D-Preta-LSE11P1-127-Volts.jpg",600,600,false],"thumbnail":["https:\/\/promocaododia.com.br\/site\/wp-content\/uploads\/2022\/11\/Lava-e-Seca-Midea-11Kg-Storm-Wash-Inverter-Tambor-4D-Preta-LSE11P1-127-Volts-150x150.jpg",150,150,true],"medium":["https:\/\/promocaododia.com.br\/site\/wp-content\/uploads\/2022\/11\/Lava-e-Seca-Midea-11Kg-Storm-Wash-Inverter-Tambor-4D-Preta-LSE11P1-127-Volts-300x300.jpg",300,300,true],"medium_large":["https:\/\/promocaododia.com.br\/site\/wp-content\/uploads\/2022\/11\/Lava-e-Seca-Midea-11Kg-Storm-Wash-Inverter-Tambor-4D-Preta-LSE11P1-127-Volts.jpg",600,600,false],"large":["https:\/\/promocaododia.com.br\/site\/wp-content\/uploads\/2022\/11\/Lava-e-Seca-Midea-11Kg-Storm-Wash-Inverter-Tambor-4D-Preta-LSE11P1-127-Volts.jpg",600,600,false],"1536x1536":["https:\/\/promocaododia.com.br\/site\/wp-content\/uploads\/2022\/11\/Lava-e-Seca-Midea-11Kg-Storm-Wash-Inverter-Tambor-4D-Preta-LSE11P1-127-Volts.jpg",600,600,false],"2048x2048":["https:\/\/promocaododia.com.br\/site\/wp-content\/uploads\/2022\/11\/Lava-e-Seca-Midea-11Kg-Storm-Wash-Inverter-Tambor-4D-Preta-LSE11P1-127-Volts.jpg",600,600,false],"woocommerce_thumbnail":["https:\/\/promocaododia.com.br\/site\/wp-content\/uploads\/2022\/11\/Lava-e-Seca-Midea-11Kg-Storm-Wash-Inverter-Tambor-4D-Preta-LSE11P1-127-Volts-250x250.jpg",250,250,true],"woocommerce_single":["https:\/\/promocaododia.com.br\/site\/wp-content\/uploads\/2022\/11\/Lava-e-Seca-Midea-11Kg-Storm-Wash-Inverter-Tambor-4D-Preta-LSE11P1-127-Volts-250x250.jpg",250,250,true],"woocommerce_gallery_thumbnail":["https:\/\/promocaododia.com.br\/site\/wp-content\/uploads\/2022\/11\/Lava-e-Seca-Midea-11Kg-Storm-Wash-Inverter-Tambor-4D-Preta-LSE11P1-127-Volts-100x100.jpg",100,100,true]},"uagb_author_info":{"display_name":"danilo.gbr","author_link":"https:\/\/promocaododia.com.br\/site\/author\/"},"uagb_comment_info":0,"uagb_excerpt":"Lava e Seca Midea 11Kg Storm Wash Inverter Tambor 4D Preta LSE11P1 \u2013 127 Volts A nova Lava e Seca Midea 11Kg Storm Wash Inverter Tambor 4D Preta LSE11P1 traz tecnologias exclusivas e solu\u00e7\u00f5es inteligentes que entregam uma excelente performance de lavagem e secagem com muita efici\u00eancia. A tecnologia Storm Wash com o exclusivo design&hellip;","_links":{"self":[{"href":"https:\/\/promocaododia.com.br\/site\/wp-json\/wp\/v2\/product\/1285","targetHints":{"allow":["GET"]}}],"collection":[{"href":"https:\/\/promocaododia.com.br\/site\/wp-json\/wp\/v2\/product"}],"about":[{"href":"https:\/\/promocaododia.com.br\/site\/wp-json\/wp\/v2\/types\/product"}],"wp:featuredmedia":[{"embeddable":true,"href":"https:\/\/promocaododia.com.br\/site\/wp-json\/wp\/v2\/media\/1286"}],"wp:attachment":[{"href":"https:\/\/promocaododia.com.br\/site\/wp-json\/wp\/v2\/media?parent=1285"}],"wp:term":[{"taxonomy":"product_brand","embeddable":true,"href":"https:\/\/promocaododia.com.br\/site\/wp-json\/wp\/v2\/product_brand?post=1285"},{"taxonomy":"product_cat","embeddable":true,"href":"https:\/\/promocaododia.com.br\/site\/wp-json\/wp\/v2\/product_cat?post=1285"},{"taxonomy":"product_tag","embeddable":true,"href":"https:\/\/promocaododia.com.br\/site\/wp-json\/wp\/v2\/product_tag?post=1285"}],"curies":[{"name":"wp","href":"https:\/\/api.w.org\/{rel}","templated":true}]}}