{"id":1291,"date":"2022-11-27T15:11:56","date_gmt":"2022-11-27T18:11:56","guid":{"rendered":"https:\/\/promocaododia.com.br\/site\/?post_type=product&#038;p=1291"},"modified":"2022-11-27T15:11:56","modified_gmt":"2022-11-27T18:11:56","slug":"kit-invigo-enrich-shampoo-250ml-cond-200ml-e-masc-150ml-wella-wella-professionals","status":"publish","type":"product","link":"https:\/\/promocaododia.com.br\/site\/produto\/kit-invigo-enrich-shampoo-250ml-cond-200ml-e-masc-150ml-wella-wella-professionals\/","title":{"rendered":"Kit Invigo Enrich Shampoo 250ml, Cond 200ml e M\u00e1sc 150ml &#8211; Wella &#8211; Wella Professionals"},"content":{"rendered":"<p>Este Kit Cont\u00e9m:<br \/>\n1 &#8211; Shampoo Invigo Nutri-Enrich 250ml &#8211; Wella Professionals<br \/>\n1 &#8211; Condicionador Invigo Nutri-Enrich 200ml &#8211; Wella Professionals<br \/>\n1 &#8211; M\u00e1scara Condicionadora Invigo Nutri-Enrich 150ml &#8211; Wella Professionals<\/p>\n<p>Sobre o Produto: Kit de Nutri\u00e7\u00e3o Intensiva. Indicado para cabelos secos e\/ou ressecados. F\u00f3rmula profissional enriquecida com Oxidantes que protege a fibra, devolvendo a vitalidade e brilho dos cabelos.<\/p>\n<p>Modo de usar: Aplicar com os cabelos molhados. Massagear suavemente at\u00e9 fazer espuma. Em seguida Enxague. Repita se necess\u00e1rio. Ap\u00f3s a lavagem dos cabelos, aplique uma pequena quantidade da Mascara Nutri Enrich com os cabelos ainda umidos, Deixe agir por 5 minutos e enxague abundantemente. Depois utilize uma pequena quantidade do condicionador (se achar necess\u00e1rio). Finalize com o Oleo Reflections.<\/p>\n<p>Ingredientes:<\/p>\n<p>Shampoo &#8211; AQUA \/ WATER \u2022 SODIUM LAURETH SULFATE \u2022 SODIUM CHLORIDE, COCAMIDE MEA, SODIUM XYLENESULFONATE, SODIUM BENZOATE, PANTHENOL, PARFUM \/ FRAGRANCE, GLYCERIN, GUAR HYDROXYPROPYLTRIMONIUM CHLORIDE, SALICYLIC ACID, TETRASODIUM EDTA, TRISODIUM ETHYLENEDIAMINE DISUCCINATE.<\/p>\n<p>Condicionador &#8211; AQUA (WATER), EAU STEARYL ALCOHOL, CETYL ALCOHOL, STEARAMIDOPROPYL DIMETHYLAMINE, BIS-AMINOPROPYL DIMETHICONE, FRAGANCE\/PARFUM, BENZYL ALCOHOL, PHENOXYETHANOL, GLYCERIN, DICETYLDIMONIUM CHLORIDE, GLUTAMIC ACID, METHYLPARABEN, TOCOPHERYL SCETATE, PROPYLPARABEN, HISTIDINE, EDTA, PROPYLENE GLYCOL, LIMONENE, SODIUM CHLORIDE, LINALOOL, HEXYL CINNAMAL, MICROCITRUS AUSTRALASICA FRUIT EXTRACT.<\/p>\n<p>M\u00e1scara &#8211; WATER\/AQUA\/EAU, STEARYL ALCOHOL, BIS-AMINOPROPYL DIMETHICONE, BEHENTRIMONIUM CHLORIDE, CETYL ALCOHOL, PANTHENOL, ISOPROPYL ALCOHOL, BENZYL ALCOHOL, PHENOXYETHANOL,GLYCERIN, FRAGANCE\/PARFUM, METHYLPARABEN, TOCOPHERYL ACETATE, GLYCERIN, PROPYLPARABEN, DISSODIUM EDTA, OLEIC ACID, LIMONENE, BENZYL SALICYLATE, HEXYL CINNAMAL, LYCIUM BARBARUM FRUIT EXTRACT, CITRIC ACID, SODIUM BENZOATE, LACTI ACID, POTASSIUM SORBATE.<\/p>\n<p>Cuidados\/Restri\u00e7\u00f5es: Evite o contato com os olhos. Caso isso aconte\u00e7a, enx\u00e1gue com \u00e1gua em abund\u00e2ncia. Havendo irrita\u00e7\u00e3o, suspender o uso e procurar orienta\u00e7\u00e3o m\u00e9dica. N\u00e3o ingerir. Manter fora do alcance de crian\u00e7as. Uso externo.<\/p>\n","protected":false},"excerpt":{"rendered":"<p>Este Kit Cont\u00e9m: 1 &#8211; Shampoo Invigo Nutri-Enrich 250ml &#8211; Wella Professionals 1 &#8211; Condicionador Invigo Nutri-Enrich 200ml &#8211; Wella Professionals 1 &#8211; M\u00e1scara Condicionadora Invigo Nutri-Enrich 150ml &#8211; Wella Professionals Sobre o Produto: Kit de Nutri\u00e7\u00e3o Intensiva. Indicado para cabelos secos e\/ou ressecados. F\u00f3rmula profissional enriquecida com Oxidantes que protege a fibra, devolvendo a vitalidade e brilho dos cabelos. Modo de usar: Aplicar com os cabelos molhados. Massagear suavemente at\u00e9 fazer espuma. Em seguida Enxague. Repita se necess\u00e1rio. Ap\u00f3s a lavagem dos cabelos, aplique uma pequena quantidade da Mascara Nutri Enrich com os cabelos ainda umidos, Deixe agir por 5 minutos e enxague abundantemente. Depois utilize uma pequena quantidade do condicionador (se achar necess\u00e1rio). Finalize com o Oleo Reflections. Ingredientes: Shampoo &#8211; AQUA \/ WATER \u2022 SODIUM LAURETH SULFATE \u2022 SODIUM CHLORIDE, COCAMIDE MEA, SODIUM XYLENESULFONATE, SODIUM BENZOATE, PANTHENOL, PARFUM \/ FRAGRANCE, GLYCERIN, GUAR HYDROXYPROPYLTRIMONIUM CHLORIDE, SALICYLIC ACID, TETRASODIUM EDTA, TRISODIUM ETHYLENEDIAMINE DISUCCINATE. Condicionador &#8211; AQUA (WATER), EAU STEARYL ALCOHOL, CETYL ALCOHOL, STEARAMIDOPROPYL DIMETHYLAMINE, BIS-AMINOPROPYL DIMETHICONE, FRAGANCE\/PARFUM, BENZYL ALCOHOL, PHENOXYETHANOL, GLYCERIN, DICETYLDIMONIUM CHLORIDE, GLUTAMIC ACID, METHYLPARABEN, TOCOPHERYL SCETATE, PROPYLPARABEN, HISTIDINE, EDTA, PROPYLENE GLYCOL, LIMONENE, SODIUM CHLORIDE, LINALOOL, HEXYL CINNAMAL, MICROCITRUS AUSTRALASICA FRUIT EXTRACT. M\u00e1scara &#8211; WATER\/AQUA\/EAU, STEARYL ALCOHOL, BIS-AMINOPROPYL DIMETHICONE, BEHENTRIMONIUM CHLORIDE, CETYL ALCOHOL, PANTHENOL, ISOPROPYL ALCOHOL, BENZYL ALCOHOL, PHENOXYETHANOL,GLYCERIN, FRAGANCE\/PARFUM, METHYLPARABEN, TOCOPHERYL ACETATE, GLYCERIN, PROPYLPARABEN, DISSODIUM EDTA, OLEIC ACID, LIMONENE, BENZYL SALICYLATE, HEXYL CINNAMAL, LYCIUM BARBARUM FRUIT EXTRACT, CITRIC ACID, SODIUM BENZOATE, LACTI ACID, POTASSIUM SORBATE. Cuidados\/Restri\u00e7\u00f5es: Evite o contato com os olhos. Caso isso aconte\u00e7a, enx\u00e1gue com \u00e1gua em abund\u00e2ncia. Havendo irrita\u00e7\u00e3o, suspender o uso e procurar orienta\u00e7\u00e3o m\u00e9dica. N\u00e3o ingerir. Manter fora do alcance de crian\u00e7as. Uso externo.<\/p>\n","protected":false},"featured_media":1292,"template":"","meta":{"_uag_custom_page_level_css":"","site-sidebar-layout":"default","site-content-layout":"default","ast-site-content-layout":"default","site-content-style":"default","site-sidebar-style":"default","ast-global-header-display":"","ast-banner-title-visibility":"","ast-main-header-display":"","ast-hfb-above-header-display":"","ast-hfb-below-header-display":"","ast-hfb-mobile-header-display":"","site-post-title":"","ast-breadcrumbs-content":"","ast-featured-img":"","footer-sml-layout":"","theme-transparent-header-meta":"default","adv-header-id-meta":"","stick-header-meta":"","header-above-stick-meta":"","header-main-stick-meta":"","header-below-stick-meta":"","astra-migrate-meta-layouts":"default","ast-page-background-enabled":"default","ast-page-background-meta":{"desktop":{"background-color":"","background-image":"","background-repeat":"repeat","background-position":"center center","background-size":"auto","background-attachment":"scroll","background-type":"","background-media":"","overlay-type":"","overlay-color":"","overlay-opacity":"","overlay-gradient":""},"tablet":{"background-color":"","background-image":"","background-repeat":"repeat","background-position":"center center","background-size":"auto","background-attachment":"scroll","background-type":"","background-media":"","overlay-type":"","overlay-color":"","overlay-opacity":"","overlay-gradient":""},"mobile":{"background-color":"","background-image":"","background-repeat":"repeat","background-position":"center center","background-size":"auto","background-attachment":"scroll","background-type":"","background-media":"","overlay-type":"","overlay-color":"","overlay-opacity":"","overlay-gradient":""}},"ast-content-background-meta":{"desktop":{"background-color":"var(--ast-global-color-5)","background-image":"","background-repeat":"repeat","background-position":"center center","background-size":"auto","background-attachment":"scroll","background-type":"","background-media":"","overlay-type":"","overlay-color":"","overlay-opacity":"","overlay-gradient":""},"tablet":{"background-color":"var(--ast-global-color-5)","background-image":"","background-repeat":"repeat","background-position":"center center","background-size":"auto","background-attachment":"scroll","background-type":"","background-media":"","overlay-type":"","overlay-color":"","overlay-opacity":"","overlay-gradient":""},"mobile":{"background-color":"var(--ast-global-color-5)","background-image":"","background-repeat":"repeat","background-position":"center center","background-size":"auto","background-attachment":"scroll","background-type":"","background-media":"","overlay-type":"","overlay-color":"","overlay-opacity":"","overlay-gradient":""}}},"product_brand":[],"product_cat":[33,536,144],"product_tag":[147,119,146],"class_list":{"0":"post-1291","1":"product","2":"type-product","3":"status-publish","4":"has-post-thumbnail","6":"product_cat-beleza-e-perfumaria","7":"product_cat-cuidados","8":"product_cat-higiene-pessoal","9":"product_tag-condicionador","10":"product_tag-kit","11":"product_tag-shampoo","12":"desktop-align-center","13":"tablet-align-left","14":"mobile-align-center","16":"first","17":"instock","18":"sale","19":"shipping-taxable","20":"product-type-external"},"uagb_featured_image_src":{"full":["https:\/\/promocaododia.com.br\/site\/wp-content\/uploads\/2022\/11\/Kit-Invigo-Enrich-Shampoo-250ml-Cond-200ml-e-Masc-150ml-Wella-Wella-Professionals.jpg",600,600,false],"thumbnail":["https:\/\/promocaododia.com.br\/site\/wp-content\/uploads\/2022\/11\/Kit-Invigo-Enrich-Shampoo-250ml-Cond-200ml-e-Masc-150ml-Wella-Wella-Professionals-150x150.jpg",150,150,true],"medium":["https:\/\/promocaododia.com.br\/site\/wp-content\/uploads\/2022\/11\/Kit-Invigo-Enrich-Shampoo-250ml-Cond-200ml-e-Masc-150ml-Wella-Wella-Professionals-300x300.jpg",300,300,true],"medium_large":["https:\/\/promocaododia.com.br\/site\/wp-content\/uploads\/2022\/11\/Kit-Invigo-Enrich-Shampoo-250ml-Cond-200ml-e-Masc-150ml-Wella-Wella-Professionals.jpg",600,600,false],"large":["https:\/\/promocaododia.com.br\/site\/wp-content\/uploads\/2022\/11\/Kit-Invigo-Enrich-Shampoo-250ml-Cond-200ml-e-Masc-150ml-Wella-Wella-Professionals.jpg",600,600,false],"1536x1536":["https:\/\/promocaododia.com.br\/site\/wp-content\/uploads\/2022\/11\/Kit-Invigo-Enrich-Shampoo-250ml-Cond-200ml-e-Masc-150ml-Wella-Wella-Professionals.jpg",600,600,false],"2048x2048":["https:\/\/promocaododia.com.br\/site\/wp-content\/uploads\/2022\/11\/Kit-Invigo-Enrich-Shampoo-250ml-Cond-200ml-e-Masc-150ml-Wella-Wella-Professionals.jpg",600,600,false],"woocommerce_thumbnail":["https:\/\/promocaododia.com.br\/site\/wp-content\/uploads\/2022\/11\/Kit-Invigo-Enrich-Shampoo-250ml-Cond-200ml-e-Masc-150ml-Wella-Wella-Professionals-250x250.jpg",250,250,true],"woocommerce_single":["https:\/\/promocaododia.com.br\/site\/wp-content\/uploads\/2022\/11\/Kit-Invigo-Enrich-Shampoo-250ml-Cond-200ml-e-Masc-150ml-Wella-Wella-Professionals-250x250.jpg",250,250,true],"woocommerce_gallery_thumbnail":["https:\/\/promocaododia.com.br\/site\/wp-content\/uploads\/2022\/11\/Kit-Invigo-Enrich-Shampoo-250ml-Cond-200ml-e-Masc-150ml-Wella-Wella-Professionals-100x100.jpg",100,100,true]},"uagb_author_info":{"display_name":"danilo.gbr","author_link":"https:\/\/promocaododia.com.br\/site\/author\/"},"uagb_comment_info":0,"uagb_excerpt":"Este Kit Cont\u00e9m: 1 &#8211; Shampoo Invigo Nutri-Enrich 250ml &#8211; Wella Professionals 1 &#8211; Condicionador Invigo Nutri-Enrich 200ml &#8211; Wella Professionals 1 &#8211; M\u00e1scara Condicionadora Invigo Nutri-Enrich 150ml &#8211; Wella Professionals Sobre o Produto: Kit de Nutri\u00e7\u00e3o Intensiva. Indicado para cabelos secos e\/ou ressecados. F\u00f3rmula profissional enriquecida com Oxidantes que protege a fibra, devolvendo a&hellip;","_links":{"self":[{"href":"https:\/\/promocaododia.com.br\/site\/wp-json\/wp\/v2\/product\/1291","targetHints":{"allow":["GET"]}}],"collection":[{"href":"https:\/\/promocaododia.com.br\/site\/wp-json\/wp\/v2\/product"}],"about":[{"href":"https:\/\/promocaododia.com.br\/site\/wp-json\/wp\/v2\/types\/product"}],"wp:featuredmedia":[{"embeddable":true,"href":"https:\/\/promocaododia.com.br\/site\/wp-json\/wp\/v2\/media\/1292"}],"wp:attachment":[{"href":"https:\/\/promocaododia.com.br\/site\/wp-json\/wp\/v2\/media?parent=1291"}],"wp:term":[{"taxonomy":"product_brand","embeddable":true,"href":"https:\/\/promocaododia.com.br\/site\/wp-json\/wp\/v2\/product_brand?post=1291"},{"taxonomy":"product_cat","embeddable":true,"href":"https:\/\/promocaododia.com.br\/site\/wp-json\/wp\/v2\/product_cat?post=1291"},{"taxonomy":"product_tag","embeddable":true,"href":"https:\/\/promocaododia.com.br\/site\/wp-json\/wp\/v2\/product_tag?post=1291"}],"curies":[{"name":"wp","href":"https:\/\/api.w.org\/{rel}","templated":true}]}}