{"id":1293,"date":"2022-11-28T18:11:13","date_gmt":"2022-11-28T21:11:13","guid":{"rendered":"https:\/\/promocaododia.com.br\/site\/?post_type=product&#038;p=1293"},"modified":"2022-11-28T18:11:14","modified_gmt":"2022-11-28T21:11:14","slug":"bolsa-pien-matelasse-pequena-feminina","status":"publish","type":"product","link":"https:\/\/promocaododia.com.br\/site\/produto\/bolsa-pien-matelasse-pequena-feminina\/","title":{"rendered":"Bolsa PIEN Matelass\u00ea Pequena Feminina"},"content":{"rendered":"<p>A bolsa feminina Pien tem design em tamanho pequeno com compartimento \u00fanico, um acess\u00f3rio compacto e vers\u00e1til para voc\u00ea levar os objetos essenciais. Este modelo recebe acabamento em matelass\u00ea e conta com al\u00e7a corrente para usar na transversal ou a tiracolo, um estilo moderno e charmoso para acompanhar os looks. Garanta a sua!<\/p>\n","protected":false},"excerpt":{"rendered":"<p>A bolsa feminina Pien tem design em tamanho pequeno com compartimento \u00fanico, um acess\u00f3rio compacto e vers\u00e1til para voc\u00ea levar os objetos essenciais. Este modelo recebe acabamento em matelass\u00ea e conta com al\u00e7a corrente para usar na transversal ou a tiracolo, um estilo moderno e charmoso para acompanhar os looks. Garanta a sua!<\/p>\n","protected":false},"featured_media":1294,"template":"","meta":{"_uag_custom_page_level_css":"","site-sidebar-layout":"default","site-content-layout":"default","ast-site-content-layout":"default","site-content-style":"default","site-sidebar-style":"default","ast-global-header-display":"","ast-banner-title-visibility":"","ast-main-header-display":"","ast-hfb-above-header-display":"","ast-hfb-below-header-display":"","ast-hfb-mobile-header-display":"","site-post-title":"","ast-breadcrumbs-content":"","ast-featured-img":"","footer-sml-layout":"","theme-transparent-header-meta":"default","adv-header-id-meta":"","stick-header-meta":"","header-above-stick-meta":"","header-main-stick-meta":"","header-below-stick-meta":"","astra-migrate-meta-layouts":"default","ast-page-background-enabled":"default","ast-page-background-meta":{"desktop":{"background-color":"","background-image":"","background-repeat":"repeat","background-position":"center center","background-size":"auto","background-attachment":"scroll","background-type":"","background-media":"","overlay-type":"","overlay-color":"","overlay-opacity":"","overlay-gradient":""},"tablet":{"background-color":"","background-image":"","background-repeat":"repeat","background-position":"center center","background-size":"auto","background-attachment":"scroll","background-type":"","background-media":"","overlay-type":"","overlay-color":"","overlay-opacity":"","overlay-gradient":""},"mobile":{"background-color":"","background-image":"","background-repeat":"repeat","background-position":"center center","background-size":"auto","background-attachment":"scroll","background-type":"","background-media":"","overlay-type":"","overlay-color":"","overlay-opacity":"","overlay-gradient":""}},"ast-content-background-meta":{"desktop":{"background-color":"var(--ast-global-color-5)","background-image":"","background-repeat":"repeat","background-position":"center center","background-size":"auto","background-attachment":"scroll","background-type":"","background-media":"","overlay-type":"","overlay-color":"","overlay-opacity":"","overlay-gradient":""},"tablet":{"background-color":"var(--ast-global-color-5)","background-image":"","background-repeat":"repeat","background-position":"center center","background-size":"auto","background-attachment":"scroll","background-type":"","background-media":"","overlay-type":"","overlay-color":"","overlay-opacity":"","overlay-gradient":""},"mobile":{"background-color":"var(--ast-global-color-5)","background-image":"","background-repeat":"repeat","background-position":"center center","background-size":"auto","background-attachment":"scroll","background-type":"","background-media":"","overlay-type":"","overlay-color":"","overlay-opacity":"","overlay-gradient":""}}},"product_brand":[],"product_cat":[42,30],"product_tag":[349,182,119,184],"class_list":{"0":"post-1293","1":"product","2":"type-product","3":"status-publish","4":"has-post-thumbnail","6":"product_cat-bolsas","7":"product_cat-moda","8":"product_tag-bolsa","9":"product_tag-feminina","10":"product_tag-kit","11":"product_tag-moda","12":"desktop-align-center","13":"tablet-align-left","14":"mobile-align-center","16":"first","17":"instock","18":"shipping-taxable","19":"product-type-external"},"uagb_featured_image_src":{"full":["https:\/\/promocaododia.com.br\/site\/wp-content\/uploads\/2022\/11\/Bolsa-PIEN-Matelasse-Pequena-Feminina.jpg",600,600,false],"thumbnail":["https:\/\/promocaododia.com.br\/site\/wp-content\/uploads\/2022\/11\/Bolsa-PIEN-Matelasse-Pequena-Feminina-150x150.jpg",150,150,true],"medium":["https:\/\/promocaododia.com.br\/site\/wp-content\/uploads\/2022\/11\/Bolsa-PIEN-Matelasse-Pequena-Feminina-300x300.jpg",300,300,true],"medium_large":["https:\/\/promocaododia.com.br\/site\/wp-content\/uploads\/2022\/11\/Bolsa-PIEN-Matelasse-Pequena-Feminina.jpg",600,600,false],"large":["https:\/\/promocaododia.com.br\/site\/wp-content\/uploads\/2022\/11\/Bolsa-PIEN-Matelasse-Pequena-Feminina.jpg",600,600,false],"1536x1536":["https:\/\/promocaododia.com.br\/site\/wp-content\/uploads\/2022\/11\/Bolsa-PIEN-Matelasse-Pequena-Feminina.jpg",600,600,false],"2048x2048":["https:\/\/promocaododia.com.br\/site\/wp-content\/uploads\/2022\/11\/Bolsa-PIEN-Matelasse-Pequena-Feminina.jpg",600,600,false],"woocommerce_thumbnail":["https:\/\/promocaododia.com.br\/site\/wp-content\/uploads\/2022\/11\/Bolsa-PIEN-Matelasse-Pequena-Feminina-250x250.jpg",250,250,true],"woocommerce_single":["https:\/\/promocaododia.com.br\/site\/wp-content\/uploads\/2022\/11\/Bolsa-PIEN-Matelasse-Pequena-Feminina-250x250.jpg",250,250,true],"woocommerce_gallery_thumbnail":["https:\/\/promocaododia.com.br\/site\/wp-content\/uploads\/2022\/11\/Bolsa-PIEN-Matelasse-Pequena-Feminina-100x100.jpg",100,100,true]},"uagb_author_info":{"display_name":"danilo.gbr","author_link":"https:\/\/promocaododia.com.br\/site\/author\/"},"uagb_comment_info":0,"uagb_excerpt":"A bolsa feminina Pien tem design em tamanho pequeno com compartimento \u00fanico, um acess\u00f3rio compacto e vers\u00e1til para voc\u00ea levar os objetos essenciais. Este modelo recebe acabamento em matelass\u00ea e conta com al\u00e7a corrente para usar na transversal ou a tiracolo, um estilo moderno e charmoso para acompanhar os looks. Garanta a sua!","_links":{"self":[{"href":"https:\/\/promocaododia.com.br\/site\/wp-json\/wp\/v2\/product\/1293","targetHints":{"allow":["GET"]}}],"collection":[{"href":"https:\/\/promocaododia.com.br\/site\/wp-json\/wp\/v2\/product"}],"about":[{"href":"https:\/\/promocaododia.com.br\/site\/wp-json\/wp\/v2\/types\/product"}],"wp:featuredmedia":[{"embeddable":true,"href":"https:\/\/promocaododia.com.br\/site\/wp-json\/wp\/v2\/media\/1294"}],"wp:attachment":[{"href":"https:\/\/promocaododia.com.br\/site\/wp-json\/wp\/v2\/media?parent=1293"}],"wp:term":[{"taxonomy":"product_brand","embeddable":true,"href":"https:\/\/promocaododia.com.br\/site\/wp-json\/wp\/v2\/product_brand?post=1293"},{"taxonomy":"product_cat","embeddable":true,"href":"https:\/\/promocaododia.com.br\/site\/wp-json\/wp\/v2\/product_cat?post=1293"},{"taxonomy":"product_tag","embeddable":true,"href":"https:\/\/promocaododia.com.br\/site\/wp-json\/wp\/v2\/product_tag?post=1293"}],"curies":[{"name":"wp","href":"https:\/\/api.w.org\/{rel}","templated":true}]}}