{"id":1295,"date":"2022-11-28T18:16:40","date_gmt":"2022-11-28T21:16:40","guid":{"rendered":"https:\/\/promocaododia.com.br\/site\/?post_type=product&#038;p=1295"},"modified":"2022-11-28T18:16:40","modified_gmt":"2022-11-28T21:16:40","slug":"jogo-de-panelas-eirilar-antiaderente-de-aluminio-grafite-4-pecas-1448","status":"publish","type":"product","link":"https:\/\/promocaododia.com.br\/site\/produto\/jogo-de-panelas-eirilar-antiaderente-de-aluminio-grafite-4-pecas-1448\/","title":{"rendered":"Jogo de Panelas Eirilar Antiaderente de Alum\u00ednio &#8211; Grafite 4 Pe\u00e7as 1448"},"content":{"rendered":"<p>Hoje em dia, seja por lazer ou necessidade, todos n\u00f3s nos aventuramos na cozinha n\u00e3o \u00e9 mesmo? E para que tudo saia como planejamos, precisamos sempre contar com utens\u00edlios adequados e de qualidade. Por isso vale a pena conferir o Jogo de Panelas 1448 da Eirilar. Trata-se de um jogo de panelas feitas de alum\u00ednio com revestimento interno antiaderente que certamente encantar\u00e3o a todos pela beleza e a qualidade. S\u00e3o panelas com acabamento luxuoso, tornando o conjunto ideal para o dia a dia. Com 4 pe\u00e7as em uma linda cor grafite, essas panelas certamente far\u00e3o parte de grandes momentos na sua cozinha!<\/p>\n","protected":false},"excerpt":{"rendered":"<p>Hoje em dia, seja por lazer ou necessidade, todos n\u00f3s nos aventuramos na cozinha n\u00e3o \u00e9 mesmo? E para que tudo saia como planejamos, precisamos sempre contar com utens\u00edlios adequados e de qualidade. Por isso vale a pena conferir o Jogo de Panelas 1448 da Eirilar. Trata-se de um jogo de panelas feitas de alum\u00ednio com revestimento interno antiaderente que certamente encantar\u00e3o a todos pela beleza e a qualidade. S\u00e3o panelas com acabamento luxuoso, tornando o conjunto ideal para o dia a dia. Com 4 pe\u00e7as em uma linda cor grafite, essas panelas certamente far\u00e3o parte de grandes momentos na sua cozinha!<\/p>\n","protected":false},"featured_media":1296,"template":"","meta":{"_uag_custom_page_level_css":"","site-sidebar-layout":"default","site-content-layout":"default","ast-site-content-layout":"default","site-content-style":"default","site-sidebar-style":"default","ast-global-header-display":"","ast-banner-title-visibility":"","ast-main-header-display":"","ast-hfb-above-header-display":"","ast-hfb-below-header-display":"","ast-hfb-mobile-header-display":"","site-post-title":"","ast-breadcrumbs-content":"","ast-featured-img":"","footer-sml-layout":"","theme-transparent-header-meta":"default","adv-header-id-meta":"","stick-header-meta":"","header-above-stick-meta":"","header-main-stick-meta":"","header-below-stick-meta":"","astra-migrate-meta-layouts":"default","ast-page-background-enabled":"default","ast-page-background-meta":{"desktop":{"background-color":"","background-image":"","background-repeat":"repeat","background-position":"center center","background-size":"auto","background-attachment":"scroll","background-type":"","background-media":"","overlay-type":"","overlay-color":"","overlay-opacity":"","overlay-gradient":""},"tablet":{"background-color":"","background-image":"","background-repeat":"repeat","background-position":"center center","background-size":"auto","background-attachment":"scroll","background-type":"","background-media":"","overlay-type":"","overlay-color":"","overlay-opacity":"","overlay-gradient":""},"mobile":{"background-color":"","background-image":"","background-repeat":"repeat","background-position":"center center","background-size":"auto","background-attachment":"scroll","background-type":"","background-media":"","overlay-type":"","overlay-color":"","overlay-opacity":"","overlay-gradient":""}},"ast-content-background-meta":{"desktop":{"background-color":"var(--ast-global-color-5)","background-image":"","background-repeat":"repeat","background-position":"center center","background-size":"auto","background-attachment":"scroll","background-type":"","background-media":"","overlay-type":"","overlay-color":"","overlay-opacity":"","overlay-gradient":""},"tablet":{"background-color":"var(--ast-global-color-5)","background-image":"","background-repeat":"repeat","background-position":"center center","background-size":"auto","background-attachment":"scroll","background-type":"","background-media":"","overlay-type":"","overlay-color":"","overlay-opacity":"","overlay-gradient":""},"mobile":{"background-color":"var(--ast-global-color-5)","background-image":"","background-repeat":"repeat","background-position":"center center","background-size":"auto","background-attachment":"scroll","background-type":"","background-media":"","overlay-type":"","overlay-color":"","overlay-opacity":"","overlay-gradient":""}}},"product_brand":[],"product_cat":[19,18],"product_tag":[206,559],"class_list":{"0":"post-1295","1":"product","2":"type-product","3":"status-publish","4":"has-post-thumbnail","6":"product_cat-conjunto-de-panelas","7":"product_cat-utensilios-para-cozinhar","8":"product_tag-conjunto-de-panelas","9":"product_tag-utensilios-para-cozinha","10":"desktop-align-center","11":"tablet-align-left","12":"mobile-align-center","14":"first","15":"instock","16":"sale","17":"shipping-taxable","18":"product-type-external"},"uagb_featured_image_src":{"full":["https:\/\/promocaododia.com.br\/site\/wp-content\/uploads\/2022\/11\/Jogo-de-Panelas-Eirilar-Antiaderente-de-Aluminio-Grafite-4-Pecas-1448.jpg",600,600,false],"thumbnail":["https:\/\/promocaododia.com.br\/site\/wp-content\/uploads\/2022\/11\/Jogo-de-Panelas-Eirilar-Antiaderente-de-Aluminio-Grafite-4-Pecas-1448-150x150.jpg",150,150,true],"medium":["https:\/\/promocaododia.com.br\/site\/wp-content\/uploads\/2022\/11\/Jogo-de-Panelas-Eirilar-Antiaderente-de-Aluminio-Grafite-4-Pecas-1448-300x300.jpg",300,300,true],"medium_large":["https:\/\/promocaododia.com.br\/site\/wp-content\/uploads\/2022\/11\/Jogo-de-Panelas-Eirilar-Antiaderente-de-Aluminio-Grafite-4-Pecas-1448.jpg",600,600,false],"large":["https:\/\/promocaododia.com.br\/site\/wp-content\/uploads\/2022\/11\/Jogo-de-Panelas-Eirilar-Antiaderente-de-Aluminio-Grafite-4-Pecas-1448.jpg",600,600,false],"1536x1536":["https:\/\/promocaododia.com.br\/site\/wp-content\/uploads\/2022\/11\/Jogo-de-Panelas-Eirilar-Antiaderente-de-Aluminio-Grafite-4-Pecas-1448.jpg",600,600,false],"2048x2048":["https:\/\/promocaododia.com.br\/site\/wp-content\/uploads\/2022\/11\/Jogo-de-Panelas-Eirilar-Antiaderente-de-Aluminio-Grafite-4-Pecas-1448.jpg",600,600,false],"woocommerce_thumbnail":["https:\/\/promocaododia.com.br\/site\/wp-content\/uploads\/2022\/11\/Jogo-de-Panelas-Eirilar-Antiaderente-de-Aluminio-Grafite-4-Pecas-1448-250x250.jpg",250,250,true],"woocommerce_single":["https:\/\/promocaododia.com.br\/site\/wp-content\/uploads\/2022\/11\/Jogo-de-Panelas-Eirilar-Antiaderente-de-Aluminio-Grafite-4-Pecas-1448-250x250.jpg",250,250,true],"woocommerce_gallery_thumbnail":["https:\/\/promocaododia.com.br\/site\/wp-content\/uploads\/2022\/11\/Jogo-de-Panelas-Eirilar-Antiaderente-de-Aluminio-Grafite-4-Pecas-1448-100x100.jpg",100,100,true]},"uagb_author_info":{"display_name":"danilo.gbr","author_link":"https:\/\/promocaododia.com.br\/site\/author\/"},"uagb_comment_info":0,"uagb_excerpt":"Hoje em dia, seja por lazer ou necessidade, todos n\u00f3s nos aventuramos na cozinha n\u00e3o \u00e9 mesmo? E para que tudo saia como planejamos, precisamos sempre contar com utens\u00edlios adequados e de qualidade. Por isso vale a pena conferir o Jogo de Panelas 1448 da Eirilar. Trata-se de um jogo de panelas feitas de alum\u00ednio&hellip;","_links":{"self":[{"href":"https:\/\/promocaododia.com.br\/site\/wp-json\/wp\/v2\/product\/1295","targetHints":{"allow":["GET"]}}],"collection":[{"href":"https:\/\/promocaododia.com.br\/site\/wp-json\/wp\/v2\/product"}],"about":[{"href":"https:\/\/promocaododia.com.br\/site\/wp-json\/wp\/v2\/types\/product"}],"wp:featuredmedia":[{"embeddable":true,"href":"https:\/\/promocaododia.com.br\/site\/wp-json\/wp\/v2\/media\/1296"}],"wp:attachment":[{"href":"https:\/\/promocaododia.com.br\/site\/wp-json\/wp\/v2\/media?parent=1295"}],"wp:term":[{"taxonomy":"product_brand","embeddable":true,"href":"https:\/\/promocaododia.com.br\/site\/wp-json\/wp\/v2\/product_brand?post=1295"},{"taxonomy":"product_cat","embeddable":true,"href":"https:\/\/promocaododia.com.br\/site\/wp-json\/wp\/v2\/product_cat?post=1295"},{"taxonomy":"product_tag","embeddable":true,"href":"https:\/\/promocaododia.com.br\/site\/wp-json\/wp\/v2\/product_tag?post=1295"}],"curies":[{"name":"wp","href":"https:\/\/api.w.org\/{rel}","templated":true}]}}