{"id":1297,"date":"2022-11-28T18:24:44","date_gmt":"2022-11-28T21:24:44","guid":{"rendered":"https:\/\/promocaododia.com.br\/site\/?post_type=product&#038;p=1297"},"modified":"2022-11-28T18:24:44","modified_gmt":"2022-11-28T21:24:44","slug":"monitor-23-8-gamer-165hz-full-hd-1ms-sem-borda-draxen","status":"publish","type":"product","link":"https:\/\/promocaododia.com.br\/site\/produto\/monitor-23-8-gamer-165hz-full-hd-1ms-sem-borda-draxen\/","title":{"rendered":"Monitor 23.8&#8243; Gamer 165Hz Full hd, 1ms, Sem Borda &#8211; draxen"},"content":{"rendered":"<p>O monitor Gamer Draxen 165Hz Full HD \u00e9 tudo o que voc\u00ea precisa para completar o seu setup. Desenvolvido pensando no seu estilo de vida, oferecendo qualidade, desempenho e um design mais moderno do que nunca. A sua tela 23.8 lhe dar\u00e1 comodidade para estudar, trabalhar ou assistir sua s\u00e9rie ou filme favoritos no seu tempo de lazer. Al\u00e9m disso, sua alta resolu\u00e7\u00e3o de 1920 x 1080 permite que voc\u00ea desfrute de momentos \u00fanicos gra\u00e7as a uma imagem n\u00edtida, cores realistas e contraste incr\u00edvel. Exibi\u00e7\u00e3o de v\u00eddeo perfeita com tempo de resposta de 1 ms e mais de 16,7 milh\u00f5es de cores que transformam as imagens em uma experi\u00eancia muito fiel \u00e0 realidade.<br \/>\nAprimore sua configura\u00e7\u00e3o com estilo. A fura\u00e7\u00e3o padr\u00e3o vesa 75&#215;75 permite que voc\u00ea fixe o monitor em uma parede ou em um suporte.<\/p>\n<p>Imagens meramente ilustrativas<\/p>\n","protected":false},"excerpt":{"rendered":"<p>O monitor Gamer Draxen 165Hz Full HD \u00e9 tudo o que voc\u00ea precisa para completar o seu setup. Desenvolvido pensando no seu estilo de vida, oferecendo qualidade, desempenho e um design mais moderno do que nunca. A sua tela 23.8 lhe dar\u00e1 comodidade para estudar, trabalhar ou assistir sua s\u00e9rie ou filme favoritos no seu tempo de lazer. Al\u00e9m disso, sua alta resolu\u00e7\u00e3o de 1920 x 1080 permite que voc\u00ea desfrute de momentos \u00fanicos gra\u00e7as a uma imagem n\u00edtida, cores realistas e contraste incr\u00edvel. Exibi\u00e7\u00e3o de v\u00eddeo perfeita com tempo de resposta de 1 ms e mais de 16,7 milh\u00f5es de cores que transformam as imagens em uma experi\u00eancia muito fiel \u00e0 realidade. Aprimore sua configura\u00e7\u00e3o com estilo. A fura\u00e7\u00e3o padr\u00e3o vesa 75&#215;75 permite que voc\u00ea fixe o monitor em uma parede ou em um suporte. Imagens meramente ilustrativas<\/p>\n","protected":false},"featured_media":1298,"template":"","meta":{"_uag_custom_page_level_css":"","site-sidebar-layout":"default","site-content-layout":"default","ast-site-content-layout":"default","site-content-style":"default","site-sidebar-style":"default","ast-global-header-display":"","ast-banner-title-visibility":"","ast-main-header-display":"","ast-hfb-above-header-display":"","ast-hfb-below-header-display":"","ast-hfb-mobile-header-display":"","site-post-title":"","ast-breadcrumbs-content":"","ast-featured-img":"","footer-sml-layout":"","theme-transparent-header-meta":"default","adv-header-id-meta":"","stick-header-meta":"","header-above-stick-meta":"","header-main-stick-meta":"","header-below-stick-meta":"","astra-migrate-meta-layouts":"default","ast-page-background-enabled":"default","ast-page-background-meta":{"desktop":{"background-color":"","background-image":"","background-repeat":"repeat","background-position":"center center","background-size":"auto","background-attachment":"scroll","background-type":"","background-media":"","overlay-type":"","overlay-color":"","overlay-opacity":"","overlay-gradient":""},"tablet":{"background-color":"","background-image":"","background-repeat":"repeat","background-position":"center center","background-size":"auto","background-attachment":"scroll","background-type":"","background-media":"","overlay-type":"","overlay-color":"","overlay-opacity":"","overlay-gradient":""},"mobile":{"background-color":"","background-image":"","background-repeat":"repeat","background-position":"center center","background-size":"auto","background-attachment":"scroll","background-type":"","background-media":"","overlay-type":"","overlay-color":"","overlay-opacity":"","overlay-gradient":""}},"ast-content-background-meta":{"desktop":{"background-color":"var(--ast-global-color-5)","background-image":"","background-repeat":"repeat","background-position":"center center","background-size":"auto","background-attachment":"scroll","background-type":"","background-media":"","overlay-type":"","overlay-color":"","overlay-opacity":"","overlay-gradient":""},"tablet":{"background-color":"var(--ast-global-color-5)","background-image":"","background-repeat":"repeat","background-position":"center center","background-size":"auto","background-attachment":"scroll","background-type":"","background-media":"","overlay-type":"","overlay-color":"","overlay-opacity":"","overlay-gradient":""},"mobile":{"background-color":"var(--ast-global-color-5)","background-image":"","background-repeat":"repeat","background-position":"center center","background-size":"auto","background-attachment":"scroll","background-type":"","background-media":"","overlay-type":"","overlay-color":"","overlay-opacity":"","overlay-gradient":""}}},"product_brand":[],"product_cat":[66,244,75],"product_tag":[515,81,514],"class_list":{"0":"post-1297","1":"product","2":"type-product","3":"status-publish","4":"has-post-thumbnail","6":"product_cat-acessorios-informatica","7":"product_cat-games","8":"product_cat-informatica-e-acessorios","9":"product_tag-165hz","10":"product_tag-gamer","11":"product_tag-monitor","12":"desktop-align-center","13":"tablet-align-left","14":"mobile-align-center","16":"first","17":"instock","18":"sale","19":"shipping-taxable","20":"product-type-external"},"uagb_featured_image_src":{"full":["https:\/\/promocaododia.com.br\/site\/wp-content\/uploads\/2022\/11\/Monitor-23.8-Gamer-165Hz-Full-hd-1ms-Sem-Borda-draxen.jpg",600,600,false],"thumbnail":["https:\/\/promocaododia.com.br\/site\/wp-content\/uploads\/2022\/11\/Monitor-23.8-Gamer-165Hz-Full-hd-1ms-Sem-Borda-draxen-150x150.jpg",150,150,true],"medium":["https:\/\/promocaododia.com.br\/site\/wp-content\/uploads\/2022\/11\/Monitor-23.8-Gamer-165Hz-Full-hd-1ms-Sem-Borda-draxen-300x300.jpg",300,300,true],"medium_large":["https:\/\/promocaododia.com.br\/site\/wp-content\/uploads\/2022\/11\/Monitor-23.8-Gamer-165Hz-Full-hd-1ms-Sem-Borda-draxen.jpg",600,600,false],"large":["https:\/\/promocaododia.com.br\/site\/wp-content\/uploads\/2022\/11\/Monitor-23.8-Gamer-165Hz-Full-hd-1ms-Sem-Borda-draxen.jpg",600,600,false],"1536x1536":["https:\/\/promocaododia.com.br\/site\/wp-content\/uploads\/2022\/11\/Monitor-23.8-Gamer-165Hz-Full-hd-1ms-Sem-Borda-draxen.jpg",600,600,false],"2048x2048":["https:\/\/promocaododia.com.br\/site\/wp-content\/uploads\/2022\/11\/Monitor-23.8-Gamer-165Hz-Full-hd-1ms-Sem-Borda-draxen.jpg",600,600,false],"woocommerce_thumbnail":["https:\/\/promocaododia.com.br\/site\/wp-content\/uploads\/2022\/11\/Monitor-23.8-Gamer-165Hz-Full-hd-1ms-Sem-Borda-draxen-250x250.jpg",250,250,true],"woocommerce_single":["https:\/\/promocaododia.com.br\/site\/wp-content\/uploads\/2022\/11\/Monitor-23.8-Gamer-165Hz-Full-hd-1ms-Sem-Borda-draxen-250x250.jpg",250,250,true],"woocommerce_gallery_thumbnail":["https:\/\/promocaododia.com.br\/site\/wp-content\/uploads\/2022\/11\/Monitor-23.8-Gamer-165Hz-Full-hd-1ms-Sem-Borda-draxen-100x100.jpg",100,100,true]},"uagb_author_info":{"display_name":"danilo.gbr","author_link":"https:\/\/promocaododia.com.br\/site\/author\/"},"uagb_comment_info":0,"uagb_excerpt":"O monitor Gamer Draxen 165Hz Full HD \u00e9 tudo o que voc\u00ea precisa para completar o seu setup. Desenvolvido pensando no seu estilo de vida, oferecendo qualidade, desempenho e um design mais moderno do que nunca. A sua tela 23.8 lhe dar\u00e1 comodidade para estudar, trabalhar ou assistir sua s\u00e9rie ou filme favoritos no seu&hellip;","_links":{"self":[{"href":"https:\/\/promocaododia.com.br\/site\/wp-json\/wp\/v2\/product\/1297","targetHints":{"allow":["GET"]}}],"collection":[{"href":"https:\/\/promocaododia.com.br\/site\/wp-json\/wp\/v2\/product"}],"about":[{"href":"https:\/\/promocaododia.com.br\/site\/wp-json\/wp\/v2\/types\/product"}],"wp:featuredmedia":[{"embeddable":true,"href":"https:\/\/promocaododia.com.br\/site\/wp-json\/wp\/v2\/media\/1298"}],"wp:attachment":[{"href":"https:\/\/promocaododia.com.br\/site\/wp-json\/wp\/v2\/media?parent=1297"}],"wp:term":[{"taxonomy":"product_brand","embeddable":true,"href":"https:\/\/promocaododia.com.br\/site\/wp-json\/wp\/v2\/product_brand?post=1297"},{"taxonomy":"product_cat","embeddable":true,"href":"https:\/\/promocaododia.com.br\/site\/wp-json\/wp\/v2\/product_cat?post=1297"},{"taxonomy":"product_tag","embeddable":true,"href":"https:\/\/promocaododia.com.br\/site\/wp-json\/wp\/v2\/product_tag?post=1297"}],"curies":[{"name":"wp","href":"https:\/\/api.w.org\/{rel}","templated":true}]}}