{"id":13,"date":"2021-06-06T19:01:12","date_gmt":"2021-06-06T22:01:12","guid":{"rendered":"https:\/\/promocaododia.com.br\/site\/?product=album"},"modified":"2021-06-13T13:52:42","modified_gmt":"2021-06-13T16:52:42","slug":"album","status":"publish","type":"product","link":"https:\/\/promocaododia.com.br\/site\/produto\/album\/","title":{"rendered":"Smart TV Crystal UHD 4K LED 50\u201d Samsung &#8211; 50TU8000 Wi-Fi Bluetooth HDR 3 HDMI 2 USB"},"content":{"rendered":"<p>Tenha uma tela de cinema no conforto da sua sala com a Smart TV, modelo 50TU8000, da Samsung. Ela traz resolu\u00e7\u00e3o 4K, que oferece uma experi\u00eancia \u00fanica com imagens mais realistas para voc\u00ea n\u00e3o perder nenhum detalhe, al\u00e9m de frequ\u00eancia 60Hz e tecnologia Crystal UHD. Com o HDR 10+ ela oferece cores mais apuradas e vivas e design superior com cabos escondidos e a tela mais fina. Com a tecnologia da tela LED, com 50&#8243;, ela permite uma verdadeira imers\u00e3o, independente da onde se olhe e a borda ultrafina com o design sofisticado com 3 bordas proporciona eleg\u00e2ncia ao ambiente. Suas 3 entradas HDMI, 2 de USB, Wi-Fi e Bluetooth possibilitam entretenimento ilimitado por horas e horas. Ela possui, ainda, m\u00faltiplos assistentes pessoais com compatibilidade com Alexia e Bixby e controle remoto \u00fanico para controlar diversos aparelhos conectados \u00e0 TV. Ela tamb\u00e9m \u00e9 perfeita para voc\u00ea que gosta de jogar, pois como o modo game, oferece o melhor tempo de resposta poss\u00edvel!<\/p>\n","protected":false},"excerpt":{"rendered":"<p>Tenha uma tela de cinema no conforto da sua sala com a Smart TV, modelo 50TU8000, da Samsung. Ela traz resolu\u00e7\u00e3o 4K, que oferece uma experi\u00eancia \u00fanica com imagens mais realistas para voc\u00ea n\u00e3o perder nenhum detalhe, al\u00e9m de frequ\u00eancia 60Hz e tecnologia Crystal UHD. Com o HDR 10+ ela oferece cores mais apuradas e vivas e design superior com cabos escondidos e a tela mais fina. Com a tecnologia da tela LED, com 50&#8243;, ela permite uma verdadeira imers\u00e3o, independente da onde se olhe e a borda ultrafina com o design sofisticado com 3 bordas proporciona eleg\u00e2ncia ao ambiente. Suas 3 entradas HDMI, 2 de USB, Wi-Fi e Bluetooth possibilitam entretenimento ilimitado por horas e horas. Ela possui, ainda, m\u00faltiplos assistentes pessoais com compatibilidade com Alexia e Bixby e controle remoto \u00fanico para controlar diversos aparelhos conectados \u00e0 TV. Ela tamb\u00e9m \u00e9 perfeita para voc\u00ea que gosta de jogar, pois como o modo game, oferece o melhor tempo de resposta poss\u00edvel!<\/p>\n","protected":false},"featured_media":14,"template":"","meta":{"_uag_custom_page_level_css":"","site-sidebar-layout":"default","site-content-layout":"","ast-site-content-layout":"default","site-content-style":"default","site-sidebar-style":"default","ast-global-header-display":"","ast-banner-title-visibility":"","ast-main-header-display":"","ast-hfb-above-header-display":"","ast-hfb-below-header-display":"","ast-hfb-mobile-header-display":"","site-post-title":"","ast-breadcrumbs-content":"","ast-featured-img":"","footer-sml-layout":"","theme-transparent-header-meta":"","adv-header-id-meta":"","stick-header-meta":"","header-above-stick-meta":"","header-main-stick-meta":"","header-below-stick-meta":"","astra-migrate-meta-layouts":"default","ast-page-background-enabled":"default","ast-page-background-meta":{"desktop":{"background-color":"","background-image":"","background-repeat":"repeat","background-position":"center center","background-size":"auto","background-attachment":"scroll","background-type":"","background-media":"","overlay-type":"","overlay-color":"","overlay-opacity":"","overlay-gradient":""},"tablet":{"background-color":"","background-image":"","background-repeat":"repeat","background-position":"center center","background-size":"auto","background-attachment":"scroll","background-type":"","background-media":"","overlay-type":"","overlay-color":"","overlay-opacity":"","overlay-gradient":""},"mobile":{"background-color":"","background-image":"","background-repeat":"repeat","background-position":"center center","background-size":"auto","background-attachment":"scroll","background-type":"","background-media":"","overlay-type":"","overlay-color":"","overlay-opacity":"","overlay-gradient":""}},"ast-content-background-meta":{"desktop":{"background-color":"var(--ast-global-color-5)","background-image":"","background-repeat":"repeat","background-position":"center center","background-size":"auto","background-attachment":"scroll","background-type":"","background-media":"","overlay-type":"","overlay-color":"","overlay-opacity":"","overlay-gradient":""},"tablet":{"background-color":"var(--ast-global-color-5)","background-image":"","background-repeat":"repeat","background-position":"center center","background-size":"auto","background-attachment":"scroll","background-type":"","background-media":"","overlay-type":"","overlay-color":"","overlay-opacity":"","overlay-gradient":""},"mobile":{"background-color":"var(--ast-global-color-5)","background-image":"","background-repeat":"repeat","background-position":"center center","background-size":"auto","background-attachment":"scroll","background-type":"","background-media":"","overlay-type":"","overlay-color":"","overlay-opacity":"","overlay-gradient":""}}},"product_brand":[],"product_cat":[25],"product_tag":[],"class_list":{"0":"post-13","1":"product","2":"type-product","3":"status-publish","4":"has-post-thumbnail","6":"product_cat-smart-tv","7":"desktop-align-center","8":"tablet-align-left","9":"mobile-align-center","11":"first","12":"instock","13":"sale","14":"shipping-taxable","15":"product-type-external"},"uagb_featured_image_src":{"full":["https:\/\/promocaododia.com.br\/site\/wp-content\/uploads\/2021\/06\/TV-Samsung-1.jpg",250,250,false],"thumbnail":["https:\/\/promocaododia.com.br\/site\/wp-content\/uploads\/2021\/06\/TV-Samsung-1-150x150.jpg",150,150,true],"medium":["https:\/\/promocaododia.com.br\/site\/wp-content\/uploads\/2021\/06\/TV-Samsung-1.jpg",250,250,false],"medium_large":["https:\/\/promocaododia.com.br\/site\/wp-content\/uploads\/2021\/06\/TV-Samsung-1.jpg",250,250,false],"large":["https:\/\/promocaododia.com.br\/site\/wp-content\/uploads\/2021\/06\/TV-Samsung-1.jpg",250,250,false],"1536x1536":["https:\/\/promocaododia.com.br\/site\/wp-content\/uploads\/2021\/06\/TV-Samsung-1.jpg",250,250,false],"2048x2048":["https:\/\/promocaododia.com.br\/site\/wp-content\/uploads\/2021\/06\/TV-Samsung-1.jpg",250,250,false],"woocommerce_thumbnail":["https:\/\/promocaododia.com.br\/site\/wp-content\/uploads\/2021\/06\/TV-Samsung-1-250x250.jpg",250,250,true],"woocommerce_single":["https:\/\/promocaododia.com.br\/site\/wp-content\/uploads\/2021\/06\/TV-Samsung-1.jpg",250,250,false],"woocommerce_gallery_thumbnail":["https:\/\/promocaododia.com.br\/site\/wp-content\/uploads\/2021\/06\/TV-Samsung-1-100x100.jpg",100,100,true]},"uagb_author_info":{"display_name":"danilo.gbr","author_link":"https:\/\/promocaododia.com.br\/site\/author\/"},"uagb_comment_info":0,"uagb_excerpt":"Tenha uma tela de cinema no conforto da sua sala com a Smart TV, modelo 50TU8000, da Samsung. Ela traz resolu\u00e7\u00e3o 4K, que oferece uma experi\u00eancia \u00fanica com imagens mais realistas para voc\u00ea n\u00e3o perder nenhum detalhe, al\u00e9m de frequ\u00eancia 60Hz e tecnologia Crystal UHD. Com o HDR 10+ ela oferece cores mais apuradas e&hellip;","_links":{"self":[{"href":"https:\/\/promocaododia.com.br\/site\/wp-json\/wp\/v2\/product\/13","targetHints":{"allow":["GET"]}}],"collection":[{"href":"https:\/\/promocaododia.com.br\/site\/wp-json\/wp\/v2\/product"}],"about":[{"href":"https:\/\/promocaododia.com.br\/site\/wp-json\/wp\/v2\/types\/product"}],"wp:featuredmedia":[{"embeddable":true,"href":"https:\/\/promocaododia.com.br\/site\/wp-json\/wp\/v2\/media\/14"}],"wp:attachment":[{"href":"https:\/\/promocaododia.com.br\/site\/wp-json\/wp\/v2\/media?parent=13"}],"wp:term":[{"taxonomy":"product_brand","embeddable":true,"href":"https:\/\/promocaododia.com.br\/site\/wp-json\/wp\/v2\/product_brand?post=13"},{"taxonomy":"product_cat","embeddable":true,"href":"https:\/\/promocaododia.com.br\/site\/wp-json\/wp\/v2\/product_cat?post=13"},{"taxonomy":"product_tag","embeddable":true,"href":"https:\/\/promocaododia.com.br\/site\/wp-json\/wp\/v2\/product_tag?post=13"}],"curies":[{"name":"wp","href":"https:\/\/api.w.org\/{rel}","templated":true}]}}