{"id":130,"date":"2021-06-09T10:51:32","date_gmt":"2021-06-09T13:51:32","guid":{"rendered":"https:\/\/promocaododia.com.br\/site\/?post_type=product&#038;p=130"},"modified":"2021-06-09T10:51:32","modified_gmt":"2021-06-09T13:51:32","slug":"amazon-prime","status":"publish","type":"product","link":"https:\/\/promocaododia.com.br\/site\/produto\/amazon-prime\/","title":{"rendered":"Amazon Prime"},"content":{"rendered":"<ul>\n<li><strong>Ofertas exclusivas:<\/strong> Encontre o selo Prime para ver as ofertas eleg\u00edveis e aproveite<\/li>\n<li><strong>Frete Gr\u00e1tis:<\/strong> Frete GR\u00c1TIS, r\u00e1pido e ilimitado para comprar sem se preocupar<\/li>\n<li><strong>Prime v\u00eddeos:<\/strong> Aproveite seus benef\u00edcios: assista Amazon Originals, e outros filmes e s\u00e9ries de sucesso<\/li>\n<li><strong>Prime music :<\/strong>Mais de 2 milh\u00f5es de m\u00fasicas sem an\u00fancios<\/li>\n<li><strong>Prime livros:<\/strong> Centenas de ebooks e revistas online<\/li>\n<\/ul>\n<p>Tudo isso por\u00a0 <strong>9,90 \/ m\u00eas<\/strong><\/p>\n<p>&nbsp;<\/p>\n","protected":false},"excerpt":{"rendered":"<p>Ofertas exclusivas: Encontre o selo Prime para ver as ofertas eleg\u00edveis e aproveite Frete Gr\u00e1tis: Frete GR\u00c1TIS, r\u00e1pido e ilimitado para comprar sem se preocupar Prime v\u00eddeos: Aproveite seus benef\u00edcios: assista Amazon Originals, e outros filmes e s\u00e9ries de sucesso Prime music :Mais de 2 milh\u00f5es de m\u00fasicas sem an\u00fancios Prime livros: Centenas de ebooks e revistas online Tudo isso por\u00a0 9,90 \/ m\u00eas &nbsp;<\/p>\n","protected":false},"featured_media":131,"template":"","meta":{"_uag_custom_page_level_css":"","site-sidebar-layout":"default","site-content-layout":"","ast-site-content-layout":"default","site-content-style":"default","site-sidebar-style":"default","ast-global-header-display":"","ast-banner-title-visibility":"","ast-main-header-display":"","ast-hfb-above-header-display":"","ast-hfb-below-header-display":"","ast-hfb-mobile-header-display":"","site-post-title":"","ast-breadcrumbs-content":"","ast-featured-img":"","footer-sml-layout":"","theme-transparent-header-meta":"","adv-header-id-meta":"","stick-header-meta":"","header-above-stick-meta":"","header-main-stick-meta":"","header-below-stick-meta":"","astra-migrate-meta-layouts":"default","ast-page-background-enabled":"default","ast-page-background-meta":{"desktop":{"background-color":"","background-image":"","background-repeat":"repeat","background-position":"center center","background-size":"auto","background-attachment":"scroll","background-type":"","background-media":"","overlay-type":"","overlay-color":"","overlay-opacity":"","overlay-gradient":""},"tablet":{"background-color":"","background-image":"","background-repeat":"repeat","background-position":"center center","background-size":"auto","background-attachment":"scroll","background-type":"","background-media":"","overlay-type":"","overlay-color":"","overlay-opacity":"","overlay-gradient":""},"mobile":{"background-color":"","background-image":"","background-repeat":"repeat","background-position":"center center","background-size":"auto","background-attachment":"scroll","background-type":"","background-media":"","overlay-type":"","overlay-color":"","overlay-opacity":"","overlay-gradient":""}},"ast-content-background-meta":{"desktop":{"background-color":"var(--ast-global-color-5)","background-image":"","background-repeat":"repeat","background-position":"center center","background-size":"auto","background-attachment":"scroll","background-type":"","background-media":"","overlay-type":"","overlay-color":"","overlay-opacity":"","overlay-gradient":""},"tablet":{"background-color":"var(--ast-global-color-5)","background-image":"","background-repeat":"repeat","background-position":"center center","background-size":"auto","background-attachment":"scroll","background-type":"","background-media":"","overlay-type":"","overlay-color":"","overlay-opacity":"","overlay-gradient":""},"mobile":{"background-color":"var(--ast-global-color-5)","background-image":"","background-repeat":"repeat","background-position":"center center","background-size":"auto","background-attachment":"scroll","background-type":"","background-media":"","overlay-type":"","overlay-color":"","overlay-opacity":"","overlay-gradient":""}}},"product_brand":[],"product_cat":[15],"product_tag":[],"class_list":{"0":"post-130","1":"product","2":"type-product","3":"status-publish","4":"has-post-thumbnail","6":"product_cat-promocoes","7":"desktop-align-center","8":"tablet-align-left","9":"mobile-align-center","11":"first","12":"instock","13":"shipping-taxable","14":"product-type-external"},"uagb_featured_image_src":{"full":["https:\/\/promocaododia.com.br\/site\/wp-content\/uploads\/2021\/06\/912_pd21-lu_vemai_associates_1200x1200._CB668365160_.jpg",1200,1200,false],"thumbnail":["https:\/\/promocaododia.com.br\/site\/wp-content\/uploads\/2021\/06\/912_pd21-lu_vemai_associates_1200x1200._CB668365160_-150x150.jpg",150,150,true],"medium":["https:\/\/promocaododia.com.br\/site\/wp-content\/uploads\/2021\/06\/912_pd21-lu_vemai_associates_1200x1200._CB668365160_-300x300.jpg",300,300,true],"medium_large":["https:\/\/promocaododia.com.br\/site\/wp-content\/uploads\/2021\/06\/912_pd21-lu_vemai_associates_1200x1200._CB668365160_-768x768.jpg",768,768,true],"large":["https:\/\/promocaododia.com.br\/site\/wp-content\/uploads\/2021\/06\/912_pd21-lu_vemai_associates_1200x1200._CB668365160_-1024x1024.jpg",1024,1024,true],"1536x1536":["https:\/\/promocaododia.com.br\/site\/wp-content\/uploads\/2021\/06\/912_pd21-lu_vemai_associates_1200x1200._CB668365160_.jpg",1200,1200,false],"2048x2048":["https:\/\/promocaododia.com.br\/site\/wp-content\/uploads\/2021\/06\/912_pd21-lu_vemai_associates_1200x1200._CB668365160_.jpg",1200,1200,false],"woocommerce_thumbnail":["https:\/\/promocaododia.com.br\/site\/wp-content\/uploads\/2021\/06\/912_pd21-lu_vemai_associates_1200x1200._CB668365160_-250x250.jpg",250,250,true],"woocommerce_single":["https:\/\/promocaododia.com.br\/site\/wp-content\/uploads\/2021\/06\/912_pd21-lu_vemai_associates_1200x1200._CB668365160_-250x250.jpg",250,250,true],"woocommerce_gallery_thumbnail":["https:\/\/promocaododia.com.br\/site\/wp-content\/uploads\/2021\/06\/912_pd21-lu_vemai_associates_1200x1200._CB668365160_-100x100.jpg",100,100,true]},"uagb_author_info":{"display_name":"danilo.gbr","author_link":"https:\/\/promocaododia.com.br\/site\/author\/"},"uagb_comment_info":0,"uagb_excerpt":"Ofertas exclusivas: Encontre o selo Prime para ver as ofertas eleg\u00edveis e aproveite Frete Gr\u00e1tis: Frete GR\u00c1TIS, r\u00e1pido e ilimitado para comprar sem se preocupar Prime v\u00eddeos: Aproveite seus benef\u00edcios: assista Amazon Originals, e outros filmes e s\u00e9ries de sucesso Prime music :Mais de 2 milh\u00f5es de m\u00fasicas sem an\u00fancios Prime livros: Centenas de ebooks&hellip;","_links":{"self":[{"href":"https:\/\/promocaododia.com.br\/site\/wp-json\/wp\/v2\/product\/130","targetHints":{"allow":["GET"]}}],"collection":[{"href":"https:\/\/promocaododia.com.br\/site\/wp-json\/wp\/v2\/product"}],"about":[{"href":"https:\/\/promocaododia.com.br\/site\/wp-json\/wp\/v2\/types\/product"}],"wp:featuredmedia":[{"embeddable":true,"href":"https:\/\/promocaododia.com.br\/site\/wp-json\/wp\/v2\/media\/131"}],"wp:attachment":[{"href":"https:\/\/promocaododia.com.br\/site\/wp-json\/wp\/v2\/media?parent=130"}],"wp:term":[{"taxonomy":"product_brand","embeddable":true,"href":"https:\/\/promocaododia.com.br\/site\/wp-json\/wp\/v2\/product_brand?post=130"},{"taxonomy":"product_cat","embeddable":true,"href":"https:\/\/promocaododia.com.br\/site\/wp-json\/wp\/v2\/product_cat?post=130"},{"taxonomy":"product_tag","embeddable":true,"href":"https:\/\/promocaododia.com.br\/site\/wp-json\/wp\/v2\/product_tag?post=130"}],"curies":[{"name":"wp","href":"https:\/\/api.w.org\/{rel}","templated":true}]}}