{"id":1301,"date":"2022-11-28T18:42:03","date_gmt":"2022-11-28T21:42:03","guid":{"rendered":"https:\/\/promocaododia.com.br\/site\/?post_type=product&#038;p=1301"},"modified":"2022-11-28T18:42:04","modified_gmt":"2022-11-28T21:42:04","slug":"kit-2-calcas-masculina-jeans-skinny-masculina-lycra-daze-modas","status":"publish","type":"product","link":"https:\/\/promocaododia.com.br\/site\/produto\/kit-2-calcas-masculina-jeans-skinny-masculina-lycra-daze-modas\/","title":{"rendered":"Kit 2 Cal\u00e7as Masculina Jeans Skinny Masculina Lycra &#8211; Daze Modas"},"content":{"rendered":"<p>Cal\u00e7a masculina, excelente para o dia a dia. Confort\u00e1vel, bom caimento e ajust\u00e1vel ao corpo.<\/p>\n<p>DESCRI\u00c7\u00c3O DO PRODUTO<\/p>\n<p>&gt; Tecido: algod\u00e3o.<\/p>\n<p>&gt; Composi\u00e7\u00e3o: 98% algod\u00e3o 2% Elastano.<\/p>\n<p>&gt; Cor: Azul<\/p>\n<p>&gt; Tamanhos: 50 ao 56<\/p>\n<p>&gt; Veste muito bem.<\/p>\n<p>ESPECIFICA\u00c7\u00d5ES<\/p>\n<p>&gt; Abertura em z\u00edper e bot\u00e3o personalizado.<\/p>\n<p>&gt; Confeccionada em alto padr\u00e3o de qualidade.<\/p>\n<p>&gt; F\u00e1cil lavagem e secagem.<\/p>\n<p>IMPORTANTE<\/p>\n<p>Tire todas as d\u00favidas, respondemos muito r\u00e1pido.. Na d\u00favida de numera\u00e7\u00e3o opte por um n\u00famero maior (formato pequeno) !!<\/p>\n<p>Possu\u00edmos garantia contra defeito de fabrica\u00e7\u00e3o, fazemos a troca ou lhe devolvemos o dinheiro!!<\/p>\n<p>OBRIGADA PELA VISITA, VOLTE SEMPRE.<\/p>\n<p>BOAS COMPRAS!!<\/p>\n","protected":false},"excerpt":{"rendered":"<p>Cal\u00e7a masculina, excelente para o dia a dia. Confort\u00e1vel, bom caimento e ajust\u00e1vel ao corpo. DESCRI\u00c7\u00c3O DO PRODUTO &gt; Tecido: algod\u00e3o. &gt; Composi\u00e7\u00e3o: 98% algod\u00e3o 2% Elastano. &gt; Cor: Azul &gt; Tamanhos: 50 ao 56 &gt; Veste muito bem. ESPECIFICA\u00c7\u00d5ES &gt; Abertura em z\u00edper e bot\u00e3o personalizado. &gt; Confeccionada em alto padr\u00e3o de qualidade. &gt; F\u00e1cil lavagem e secagem. IMPORTANTE Tire todas as d\u00favidas, respondemos muito r\u00e1pido.. Na d\u00favida de numera\u00e7\u00e3o opte por um n\u00famero maior (formato pequeno) !! Possu\u00edmos garantia contra defeito de fabrica\u00e7\u00e3o, fazemos a troca ou lhe devolvemos o dinheiro!! OBRIGADA PELA VISITA, VOLTE SEMPRE. BOAS COMPRAS!!<\/p>\n","protected":false},"featured_media":1302,"template":"","meta":{"_uag_custom_page_level_css":"","site-sidebar-layout":"default","site-content-layout":"default","ast-site-content-layout":"default","site-content-style":"default","site-sidebar-style":"default","ast-global-header-display":"","ast-banner-title-visibility":"","ast-main-header-display":"","ast-hfb-above-header-display":"","ast-hfb-below-header-display":"","ast-hfb-mobile-header-display":"","site-post-title":"","ast-breadcrumbs-content":"","ast-featured-img":"","footer-sml-layout":"","theme-transparent-header-meta":"default","adv-header-id-meta":"","stick-header-meta":"","header-above-stick-meta":"","header-main-stick-meta":"","header-below-stick-meta":"","astra-migrate-meta-layouts":"default","ast-page-background-enabled":"default","ast-page-background-meta":{"desktop":{"background-color":"","background-image":"","background-repeat":"repeat","background-position":"center center","background-size":"auto","background-attachment":"scroll","background-type":"","background-media":"","overlay-type":"","overlay-color":"","overlay-opacity":"","overlay-gradient":""},"tablet":{"background-color":"","background-image":"","background-repeat":"repeat","background-position":"center center","background-size":"auto","background-attachment":"scroll","background-type":"","background-media":"","overlay-type":"","overlay-color":"","overlay-opacity":"","overlay-gradient":""},"mobile":{"background-color":"","background-image":"","background-repeat":"repeat","background-position":"center center","background-size":"auto","background-attachment":"scroll","background-type":"","background-media":"","overlay-type":"","overlay-color":"","overlay-opacity":"","overlay-gradient":""}},"ast-content-background-meta":{"desktop":{"background-color":"var(--ast-global-color-5)","background-image":"","background-repeat":"repeat","background-position":"center center","background-size":"auto","background-attachment":"scroll","background-type":"","background-media":"","overlay-type":"","overlay-color":"","overlay-opacity":"","overlay-gradient":""},"tablet":{"background-color":"var(--ast-global-color-5)","background-image":"","background-repeat":"repeat","background-position":"center center","background-size":"auto","background-attachment":"scroll","background-type":"","background-media":"","overlay-type":"","overlay-color":"","overlay-opacity":"","overlay-gradient":""},"mobile":{"background-color":"var(--ast-global-color-5)","background-image":"","background-repeat":"repeat","background-position":"center center","background-size":"auto","background-attachment":"scroll","background-type":"","background-media":"","overlay-type":"","overlay-color":"","overlay-opacity":"","overlay-gradient":""}}},"product_brand":[],"product_cat":[497,31,30],"product_tag":[498,499],"class_list":{"0":"post-1301","1":"product","2":"type-product","3":"status-publish","4":"has-post-thumbnail","6":"product_cat-calcas","7":"product_cat-masculina","8":"product_cat-moda","9":"product_tag-calca-masculina","10":"product_tag-moda-masculina","11":"desktop-align-center","12":"tablet-align-left","13":"mobile-align-center","15":"first","16":"instock","17":"sale","18":"shipping-taxable","19":"product-type-external"},"uagb_featured_image_src":{"full":["https:\/\/promocaododia.com.br\/site\/wp-content\/uploads\/2022\/11\/Kit-2-Calcas-Masculina-Jeans-Skinny-Masculina-Lycra-Daze-Modas.jpg",600,600,false],"thumbnail":["https:\/\/promocaododia.com.br\/site\/wp-content\/uploads\/2022\/11\/Kit-2-Calcas-Masculina-Jeans-Skinny-Masculina-Lycra-Daze-Modas-150x150.jpg",150,150,true],"medium":["https:\/\/promocaododia.com.br\/site\/wp-content\/uploads\/2022\/11\/Kit-2-Calcas-Masculina-Jeans-Skinny-Masculina-Lycra-Daze-Modas-300x300.jpg",300,300,true],"medium_large":["https:\/\/promocaododia.com.br\/site\/wp-content\/uploads\/2022\/11\/Kit-2-Calcas-Masculina-Jeans-Skinny-Masculina-Lycra-Daze-Modas.jpg",600,600,false],"large":["https:\/\/promocaododia.com.br\/site\/wp-content\/uploads\/2022\/11\/Kit-2-Calcas-Masculina-Jeans-Skinny-Masculina-Lycra-Daze-Modas.jpg",600,600,false],"1536x1536":["https:\/\/promocaododia.com.br\/site\/wp-content\/uploads\/2022\/11\/Kit-2-Calcas-Masculina-Jeans-Skinny-Masculina-Lycra-Daze-Modas.jpg",600,600,false],"2048x2048":["https:\/\/promocaododia.com.br\/site\/wp-content\/uploads\/2022\/11\/Kit-2-Calcas-Masculina-Jeans-Skinny-Masculina-Lycra-Daze-Modas.jpg",600,600,false],"woocommerce_thumbnail":["https:\/\/promocaododia.com.br\/site\/wp-content\/uploads\/2022\/11\/Kit-2-Calcas-Masculina-Jeans-Skinny-Masculina-Lycra-Daze-Modas-250x250.jpg",250,250,true],"woocommerce_single":["https:\/\/promocaododia.com.br\/site\/wp-content\/uploads\/2022\/11\/Kit-2-Calcas-Masculina-Jeans-Skinny-Masculina-Lycra-Daze-Modas-250x250.jpg",250,250,true],"woocommerce_gallery_thumbnail":["https:\/\/promocaododia.com.br\/site\/wp-content\/uploads\/2022\/11\/Kit-2-Calcas-Masculina-Jeans-Skinny-Masculina-Lycra-Daze-Modas-100x100.jpg",100,100,true]},"uagb_author_info":{"display_name":"danilo.gbr","author_link":"https:\/\/promocaododia.com.br\/site\/author\/"},"uagb_comment_info":0,"uagb_excerpt":"Cal\u00e7a masculina, excelente para o dia a dia. Confort\u00e1vel, bom caimento e ajust\u00e1vel ao corpo. DESCRI\u00c7\u00c3O DO PRODUTO &gt; Tecido: algod\u00e3o. &gt; Composi\u00e7\u00e3o: 98% algod\u00e3o 2% Elastano. &gt; Cor: Azul &gt; Tamanhos: 50 ao 56 &gt; Veste muito bem. ESPECIFICA\u00c7\u00d5ES &gt; Abertura em z\u00edper e bot\u00e3o personalizado. &gt; Confeccionada em alto padr\u00e3o de qualidade. &gt;&hellip;","_links":{"self":[{"href":"https:\/\/promocaododia.com.br\/site\/wp-json\/wp\/v2\/product\/1301","targetHints":{"allow":["GET"]}}],"collection":[{"href":"https:\/\/promocaododia.com.br\/site\/wp-json\/wp\/v2\/product"}],"about":[{"href":"https:\/\/promocaododia.com.br\/site\/wp-json\/wp\/v2\/types\/product"}],"wp:featuredmedia":[{"embeddable":true,"href":"https:\/\/promocaododia.com.br\/site\/wp-json\/wp\/v2\/media\/1302"}],"wp:attachment":[{"href":"https:\/\/promocaododia.com.br\/site\/wp-json\/wp\/v2\/media?parent=1301"}],"wp:term":[{"taxonomy":"product_brand","embeddable":true,"href":"https:\/\/promocaododia.com.br\/site\/wp-json\/wp\/v2\/product_brand?post=1301"},{"taxonomy":"product_cat","embeddable":true,"href":"https:\/\/promocaododia.com.br\/site\/wp-json\/wp\/v2\/product_cat?post=1301"},{"taxonomy":"product_tag","embeddable":true,"href":"https:\/\/promocaododia.com.br\/site\/wp-json\/wp\/v2\/product_tag?post=1301"}],"curies":[{"name":"wp","href":"https:\/\/api.w.org\/{rel}","templated":true}]}}