{"id":1305,"date":"2022-11-29T18:48:23","date_gmt":"2022-11-29T21:48:23","guid":{"rendered":"https:\/\/promocaododia.com.br\/site\/?post_type=product&#038;p=1305"},"modified":"2022-11-29T18:48:24","modified_gmt":"2022-11-29T21:48:24","slug":"kit-3-calca-jeans-jogger-masculina-infantil-daze-modas","status":"publish","type":"product","link":"https:\/\/promocaododia.com.br\/site\/produto\/kit-3-calca-jeans-jogger-masculina-infantil-daze-modas\/","title":{"rendered":"Kit 3 Cal\u00e7a Jeans Jogger Masculina Infantil &#8211; Daze Modas"},"content":{"rendered":"<p>Em modelo jogger, a pe\u00e7a possui c\u00f3s e punhos el\u00e1sticos, dando maior praticidade e conforto \u00e0 pe\u00e7a.<\/p>\n<p>Caracter\u00edsticas:<br \/>\nTecido leve<br \/>\nC\u00f3s el\u00e1stico<br \/>\nBolsos funcionais<br \/>\nModelo jogger<\/p>\n<p>Material: jeans\/sarja<br \/>\nMarca: Daze Modas<br \/>\nModelagem: Jogger<br \/>\nTamanhos:<br \/>\n4<br \/>\n6<br \/>\n8<br \/>\n10<br \/>\n12<br \/>\n14<br \/>\n16<\/p>\n<p>Observa\u00e7\u00e3o: OP\u00c7\u00d5ES JEANS PODE HAVER ALTERA\u00c7\u00d5ES NAS TONALIDADE DEPENDENDO DO LOTE.<\/p>\n<p>A modelagem jogger tem estrutura reta e cavalo baixo.<br \/>\nPossui dois bolsos frontais e dois posteriores.<br \/>\nO c\u00f3s possui el\u00e1stico embutido com cord\u00e3o para ajuste.<br \/>\nA barra tem acabamento com el\u00e1stico embutido.<br \/>\nPe\u00e7a ideal para curtir a esta\u00e7\u00e3o com muito estilo, invista!<br \/>\nComposi\u00e7\u00e3o: 97,5% Algod\u00e3o 2,5% elastano.<\/p>\n<p>A Cal\u00e7a Jogger Masculino \u00e9 feita para qualquer pessoa que queira aliar o conforto com o estilo em seu dia a dia. Se voc\u00ea n\u00e3o abre m\u00e3o de estar sempre bem arrumado e confort\u00e1vel, esse modelo de cal\u00e7a \u00e9 perfeito para voc\u00ea.<\/p>\n<p>&#8211; O modelo \u00e9 jogger, o modelo \u00e9 para fica folgadinho, n\u00e3o \u00e9 forma skinny ( forma colada ao corpo )<br \/>\ncaso queira que fique coloca ter\u00e1 que pedir um numero a menos.<\/p>\n","protected":false},"excerpt":{"rendered":"<p>Em modelo jogger, a pe\u00e7a possui c\u00f3s e punhos el\u00e1sticos, dando maior praticidade e conforto \u00e0 pe\u00e7a. Caracter\u00edsticas: Tecido leve C\u00f3s el\u00e1stico Bolsos funcionais Modelo jogger Material: jeans\/sarja Marca: Daze Modas Modelagem: Jogger Tamanhos: 4 6 8 10 12 14 16 Observa\u00e7\u00e3o: OP\u00c7\u00d5ES JEANS PODE HAVER ALTERA\u00c7\u00d5ES NAS TONALIDADE DEPENDENDO DO LOTE. A modelagem jogger tem estrutura reta e cavalo baixo. Possui dois bolsos frontais e dois posteriores. O c\u00f3s possui el\u00e1stico embutido com cord\u00e3o para ajuste. A barra tem acabamento com el\u00e1stico embutido. Pe\u00e7a ideal para curtir a esta\u00e7\u00e3o com muito estilo, invista! Composi\u00e7\u00e3o: 97,5% Algod\u00e3o 2,5% elastano. A Cal\u00e7a Jogger Masculino \u00e9 feita para qualquer pessoa que queira aliar o conforto com o estilo em seu dia a dia. Se voc\u00ea n\u00e3o abre m\u00e3o de estar sempre bem arrumado e confort\u00e1vel, esse modelo de cal\u00e7a \u00e9 perfeito para voc\u00ea. &#8211; O modelo \u00e9 jogger, o modelo \u00e9 para fica folgadinho, n\u00e3o \u00e9 forma skinny ( forma colada ao corpo ) caso queira que fique coloca ter\u00e1 que pedir um numero a menos.<\/p>\n","protected":false},"featured_media":1306,"template":"","meta":{"_uag_custom_page_level_css":"","site-sidebar-layout":"default","site-content-layout":"default","ast-site-content-layout":"default","site-content-style":"default","site-sidebar-style":"default","ast-global-header-display":"","ast-banner-title-visibility":"","ast-main-header-display":"","ast-hfb-above-header-display":"","ast-hfb-below-header-display":"","ast-hfb-mobile-header-display":"","site-post-title":"","ast-breadcrumbs-content":"","ast-featured-img":"","footer-sml-layout":"","theme-transparent-header-meta":"default","adv-header-id-meta":"","stick-header-meta":"","header-above-stick-meta":"","header-main-stick-meta":"","header-below-stick-meta":"","astra-migrate-meta-layouts":"default","ast-page-background-enabled":"default","ast-page-background-meta":{"desktop":{"background-color":"","background-image":"","background-repeat":"repeat","background-position":"center center","background-size":"auto","background-attachment":"scroll","background-type":"","background-media":"","overlay-type":"","overlay-color":"","overlay-opacity":"","overlay-gradient":""},"tablet":{"background-color":"","background-image":"","background-repeat":"repeat","background-position":"center center","background-size":"auto","background-attachment":"scroll","background-type":"","background-media":"","overlay-type":"","overlay-color":"","overlay-opacity":"","overlay-gradient":""},"mobile":{"background-color":"","background-image":"","background-repeat":"repeat","background-position":"center center","background-size":"auto","background-attachment":"scroll","background-type":"","background-media":"","overlay-type":"","overlay-color":"","overlay-opacity":"","overlay-gradient":""}},"ast-content-background-meta":{"desktop":{"background-color":"var(--ast-global-color-5)","background-image":"","background-repeat":"repeat","background-position":"center center","background-size":"auto","background-attachment":"scroll","background-type":"","background-media":"","overlay-type":"","overlay-color":"","overlay-opacity":"","overlay-gradient":""},"tablet":{"background-color":"var(--ast-global-color-5)","background-image":"","background-repeat":"repeat","background-position":"center center","background-size":"auto","background-attachment":"scroll","background-type":"","background-media":"","overlay-type":"","overlay-color":"","overlay-opacity":"","overlay-gradient":""},"mobile":{"background-color":"var(--ast-global-color-5)","background-image":"","background-repeat":"repeat","background-position":"center center","background-size":"auto","background-attachment":"scroll","background-type":"","background-media":"","overlay-type":"","overlay-color":"","overlay-opacity":"","overlay-gradient":""}}},"product_brand":[],"product_cat":[61,30],"product_tag":[184,561,499],"class_list":{"0":"post-1305","1":"product","2":"type-product","3":"status-publish","4":"has-post-thumbnail","6":"product_cat-infantil","7":"product_cat-moda","8":"product_tag-moda","9":"product_tag-moda-infantil","10":"product_tag-moda-masculina","11":"desktop-align-center","12":"tablet-align-left","13":"mobile-align-center","15":"first","16":"instock","17":"sale","18":"shipping-taxable","19":"product-type-external"},"uagb_featured_image_src":{"full":["https:\/\/promocaododia.com.br\/site\/wp-content\/uploads\/2022\/11\/Kit-3-Calca-Jeans-Jogger-Masculina-Infantil-Daze-Modas.jpg",600,600,false],"thumbnail":["https:\/\/promocaododia.com.br\/site\/wp-content\/uploads\/2022\/11\/Kit-3-Calca-Jeans-Jogger-Masculina-Infantil-Daze-Modas-150x150.jpg",150,150,true],"medium":["https:\/\/promocaododia.com.br\/site\/wp-content\/uploads\/2022\/11\/Kit-3-Calca-Jeans-Jogger-Masculina-Infantil-Daze-Modas-300x300.jpg",300,300,true],"medium_large":["https:\/\/promocaododia.com.br\/site\/wp-content\/uploads\/2022\/11\/Kit-3-Calca-Jeans-Jogger-Masculina-Infantil-Daze-Modas.jpg",600,600,false],"large":["https:\/\/promocaododia.com.br\/site\/wp-content\/uploads\/2022\/11\/Kit-3-Calca-Jeans-Jogger-Masculina-Infantil-Daze-Modas.jpg",600,600,false],"1536x1536":["https:\/\/promocaododia.com.br\/site\/wp-content\/uploads\/2022\/11\/Kit-3-Calca-Jeans-Jogger-Masculina-Infantil-Daze-Modas.jpg",600,600,false],"2048x2048":["https:\/\/promocaododia.com.br\/site\/wp-content\/uploads\/2022\/11\/Kit-3-Calca-Jeans-Jogger-Masculina-Infantil-Daze-Modas.jpg",600,600,false],"woocommerce_thumbnail":["https:\/\/promocaododia.com.br\/site\/wp-content\/uploads\/2022\/11\/Kit-3-Calca-Jeans-Jogger-Masculina-Infantil-Daze-Modas-250x250.jpg",250,250,true],"woocommerce_single":["https:\/\/promocaododia.com.br\/site\/wp-content\/uploads\/2022\/11\/Kit-3-Calca-Jeans-Jogger-Masculina-Infantil-Daze-Modas-250x250.jpg",250,250,true],"woocommerce_gallery_thumbnail":["https:\/\/promocaododia.com.br\/site\/wp-content\/uploads\/2022\/11\/Kit-3-Calca-Jeans-Jogger-Masculina-Infantil-Daze-Modas-100x100.jpg",100,100,true]},"uagb_author_info":{"display_name":"danilo.gbr","author_link":"https:\/\/promocaododia.com.br\/site\/author\/"},"uagb_comment_info":0,"uagb_excerpt":"Em modelo jogger, a pe\u00e7a possui c\u00f3s e punhos el\u00e1sticos, dando maior praticidade e conforto \u00e0 pe\u00e7a. Caracter\u00edsticas: Tecido leve C\u00f3s el\u00e1stico Bolsos funcionais Modelo jogger Material: jeans\/sarja Marca: Daze Modas Modelagem: Jogger Tamanhos: 4 6 8 10 12 14 16 Observa\u00e7\u00e3o: OP\u00c7\u00d5ES JEANS PODE HAVER ALTERA\u00c7\u00d5ES NAS TONALIDADE DEPENDENDO DO LOTE. A modelagem jogger&hellip;","_links":{"self":[{"href":"https:\/\/promocaododia.com.br\/site\/wp-json\/wp\/v2\/product\/1305","targetHints":{"allow":["GET"]}}],"collection":[{"href":"https:\/\/promocaododia.com.br\/site\/wp-json\/wp\/v2\/product"}],"about":[{"href":"https:\/\/promocaododia.com.br\/site\/wp-json\/wp\/v2\/types\/product"}],"wp:featuredmedia":[{"embeddable":true,"href":"https:\/\/promocaododia.com.br\/site\/wp-json\/wp\/v2\/media\/1306"}],"wp:attachment":[{"href":"https:\/\/promocaododia.com.br\/site\/wp-json\/wp\/v2\/media?parent=1305"}],"wp:term":[{"taxonomy":"product_brand","embeddable":true,"href":"https:\/\/promocaododia.com.br\/site\/wp-json\/wp\/v2\/product_brand?post=1305"},{"taxonomy":"product_cat","embeddable":true,"href":"https:\/\/promocaododia.com.br\/site\/wp-json\/wp\/v2\/product_cat?post=1305"},{"taxonomy":"product_tag","embeddable":true,"href":"https:\/\/promocaododia.com.br\/site\/wp-json\/wp\/v2\/product_tag?post=1305"}],"curies":[{"name":"wp","href":"https:\/\/api.w.org\/{rel}","templated":true}]}}