{"id":1307,"date":"2022-11-29T19:32:45","date_gmt":"2022-11-29T22:32:45","guid":{"rendered":"https:\/\/promocaododia.com.br\/site\/?post_type=product&#038;p=1307"},"modified":"2022-11-29T19:32:45","modified_gmt":"2022-11-29T22:32:45","slug":"maquina-de-lavar-roupas-12kg-consul-cwh12bb-branca-110v","status":"publish","type":"product","link":"https:\/\/promocaododia.com.br\/site\/produto\/maquina-de-lavar-roupas-12kg-consul-cwh12bb-branca-110v\/","title":{"rendered":"M\u00e1quina de Lavar Roupas 12Kg Consul CWH12BB, Branca, 110V"},"content":{"rendered":"<p>Caracter\u00edsticas do Produto:<br \/>\nModelo: CWH12BB<br \/>\nMarca: Consul<br \/>\nCor: Branca<br \/>\nAltura: 101 cm<br \/>\nLargura: 58 cm<br \/>\nComprimento: 60 cm<br \/>\nPeso: 32 Kg<br \/>\nAlimenta\u00e7\u00e3o: Dispon\u00edvel nas Voltagens 110V ou 220V<\/p>\n<p>Informa\u00e7\u00f5es Adicionais:<br \/>\nLavagem Econ\u00f4mica: Reaproveite a \u00e1gua usada na lavadora para outros usos na sua casa, economizando recursos do planeta.<br \/>\nDual Dispenser: Sab\u00e3o e amaciante entram em contato com as roupas no momento certo, evitando manchas.<br \/>\nCiclo T\u00eanis: A sua m\u00e1quina foi preparada e desenvolvida com tecnologias para lavar seus t\u00eanis sem danos.<br \/>\nCiclo que prepara suas roupas para ficarem menos tempo no varal, facilitando sua vida nos dias mais frios.<br \/>\nLimpeza Pesada: Mais performance para lavagem de itens grandes e molho que remove manchas dif\u00edceis.<br \/>\n16 ciclos de lavagem: Diversas op\u00e7\u00f5es de lavagem para as suas roupas, desde as mais delicadas, at\u00e9 as mais pesadas. Lava at\u00e9 t\u00eanis!<\/p>\n<p>Especifica\u00e7\u00f5es T\u00e9cnicas:<br \/>\nPainel de Controle: Digital (Tact)<br \/>\nProgramas de lavagem: Brancas, coloridas, escuras, cama e banho, jeans, roupas delicadas, roupas de beb\u00ea, casaco e moletom,t\u00eanis, limpeza lavadora, lavagem eco, r\u00e1pido, limpeza pesada, edredom, exaguar e centrifugar.<br \/>\nCiclos de Lavagem: 16<br \/>\nFun\u00e7\u00e3o Ciclo R\u00e1pido<br \/>\n4 n\u00edveis de \u00e1gua<br \/>\nReutiliza\u00e7\u00e3o de \u00c1gua<br \/>\nDesligamento Autom\u00e1tico<br \/>\nSele\u00e7\u00e3o por tipo de roupas<br \/>\nMolho<br \/>\nLava Edredon<br \/>\nPausa<br \/>\nEconomia de Sab\u00e3o<br \/>\nPorta\/Tampa: Vidro temperado<br \/>\nGabinete: A\u00e7o<br \/>\nCesto: Inox com base de pl\u00e1stico<\/p>\n<p>Dimens\u00f5es do Produto:<br \/>\n(AxLxC): 101 x 58 x 60 cm<br \/>\nPeso: 32 Kg<\/p>\n<p>Dimens\u00f5es do Produto (Embalado):<br \/>\n(AxLxC): 102 x 61,8 x 66,6 cm<br \/>\nPeso: 38 Kg<\/p>\n<p>Garantia: 1 ano (Ofertado pelo fabricante)<\/p>\n<p>Fornecedor: Consul<\/p>\n","protected":false},"excerpt":{"rendered":"<p>Caracter\u00edsticas do Produto: Modelo: CWH12BB Marca: Consul Cor: Branca Altura: 101 cm Largura: 58 cm Comprimento: 60 cm Peso: 32 Kg Alimenta\u00e7\u00e3o: Dispon\u00edvel nas Voltagens 110V ou 220V Informa\u00e7\u00f5es Adicionais: Lavagem Econ\u00f4mica: Reaproveite a \u00e1gua usada na lavadora para outros usos na sua casa, economizando recursos do planeta. Dual Dispenser: Sab\u00e3o e amaciante entram em contato com as roupas no momento certo, evitando manchas. Ciclo T\u00eanis: A sua m\u00e1quina foi preparada e desenvolvida com tecnologias para lavar seus t\u00eanis sem danos. Ciclo que prepara suas roupas para ficarem menos tempo no varal, facilitando sua vida nos dias mais frios. Limpeza Pesada: Mais performance para lavagem de itens grandes e molho que remove manchas dif\u00edceis. 16 ciclos de lavagem: Diversas op\u00e7\u00f5es de lavagem para as suas roupas, desde as mais delicadas, at\u00e9 as mais pesadas. Lava at\u00e9 t\u00eanis! Especifica\u00e7\u00f5es T\u00e9cnicas: Painel de Controle: Digital (Tact) Programas de lavagem: Brancas, coloridas, escuras, cama e banho, jeans, roupas delicadas, roupas de beb\u00ea, casaco e moletom,t\u00eanis, limpeza lavadora, lavagem eco, r\u00e1pido, limpeza pesada, edredom, exaguar e centrifugar. Ciclos de Lavagem: 16 Fun\u00e7\u00e3o Ciclo R\u00e1pido 4 n\u00edveis de \u00e1gua Reutiliza\u00e7\u00e3o de \u00c1gua Desligamento Autom\u00e1tico Sele\u00e7\u00e3o por tipo de roupas Molho Lava Edredon Pausa Economia de Sab\u00e3o Porta\/Tampa: Vidro temperado Gabinete: A\u00e7o Cesto: Inox com base de pl\u00e1stico Dimens\u00f5es do Produto: (AxLxC): 101 x 58 x 60 cm Peso: 32 Kg Dimens\u00f5es do Produto (Embalado): (AxLxC): 102 x 61,8 x 66,6 cm Peso: 38 Kg Garantia: 1 ano (Ofertado pelo fabricante) Fornecedor: Consul<\/p>\n","protected":false},"featured_media":1308,"template":"","meta":{"_uag_custom_page_level_css":"","site-sidebar-layout":"default","site-content-layout":"default","ast-site-content-layout":"default","site-content-style":"default","site-sidebar-style":"default","ast-global-header-display":"","ast-banner-title-visibility":"","ast-main-header-display":"","ast-hfb-above-header-display":"","ast-hfb-below-header-display":"","ast-hfb-mobile-header-display":"","site-post-title":"","ast-breadcrumbs-content":"","ast-featured-img":"","footer-sml-layout":"","theme-transparent-header-meta":"default","adv-header-id-meta":"","stick-header-meta":"","header-above-stick-meta":"","header-main-stick-meta":"","header-below-stick-meta":"","astra-migrate-meta-layouts":"default","ast-page-background-enabled":"default","ast-page-background-meta":{"desktop":{"background-color":"","background-image":"","background-repeat":"repeat","background-position":"center center","background-size":"auto","background-attachment":"scroll","background-type":"","background-media":"","overlay-type":"","overlay-color":"","overlay-opacity":"","overlay-gradient":""},"tablet":{"background-color":"","background-image":"","background-repeat":"repeat","background-position":"center center","background-size":"auto","background-attachment":"scroll","background-type":"","background-media":"","overlay-type":"","overlay-color":"","overlay-opacity":"","overlay-gradient":""},"mobile":{"background-color":"","background-image":"","background-repeat":"repeat","background-position":"center center","background-size":"auto","background-attachment":"scroll","background-type":"","background-media":"","overlay-type":"","overlay-color":"","overlay-opacity":"","overlay-gradient":""}},"ast-content-background-meta":{"desktop":{"background-color":"var(--ast-global-color-5)","background-image":"","background-repeat":"repeat","background-position":"center center","background-size":"auto","background-attachment":"scroll","background-type":"","background-media":"","overlay-type":"","overlay-color":"","overlay-opacity":"","overlay-gradient":""},"tablet":{"background-color":"var(--ast-global-color-5)","background-image":"","background-repeat":"repeat","background-position":"center center","background-size":"auto","background-attachment":"scroll","background-type":"","background-media":"","overlay-type":"","overlay-color":"","overlay-opacity":"","overlay-gradient":""},"mobile":{"background-color":"var(--ast-global-color-5)","background-image":"","background-repeat":"repeat","background-position":"center center","background-size":"auto","background-attachment":"scroll","background-type":"","background-media":"","overlay-type":"","overlay-color":"","overlay-opacity":"","overlay-gradient":""}}},"product_brand":[],"product_cat":[28,29],"product_tag":[482],"class_list":{"0":"post-1307","1":"product","2":"type-product","3":"status-publish","4":"has-post-thumbnail","6":"product_cat-eletrodomesticos","7":"product_cat-lavadora","8":"product_tag-lavadora","9":"desktop-align-center","10":"tablet-align-left","11":"mobile-align-center","13":"first","14":"instock","15":"sale","16":"shipping-taxable","17":"product-type-external"},"uagb_featured_image_src":{"full":["https:\/\/promocaododia.com.br\/site\/wp-content\/uploads\/2022\/11\/Maquina-de-Lavar-Roupas-12Kg-Consul-CWH12BB-Branca-110V.jpg",600,600,false],"thumbnail":["https:\/\/promocaododia.com.br\/site\/wp-content\/uploads\/2022\/11\/Maquina-de-Lavar-Roupas-12Kg-Consul-CWH12BB-Branca-110V-150x150.jpg",150,150,true],"medium":["https:\/\/promocaododia.com.br\/site\/wp-content\/uploads\/2022\/11\/Maquina-de-Lavar-Roupas-12Kg-Consul-CWH12BB-Branca-110V-300x300.jpg",300,300,true],"medium_large":["https:\/\/promocaododia.com.br\/site\/wp-content\/uploads\/2022\/11\/Maquina-de-Lavar-Roupas-12Kg-Consul-CWH12BB-Branca-110V.jpg",600,600,false],"large":["https:\/\/promocaododia.com.br\/site\/wp-content\/uploads\/2022\/11\/Maquina-de-Lavar-Roupas-12Kg-Consul-CWH12BB-Branca-110V.jpg",600,600,false],"1536x1536":["https:\/\/promocaododia.com.br\/site\/wp-content\/uploads\/2022\/11\/Maquina-de-Lavar-Roupas-12Kg-Consul-CWH12BB-Branca-110V.jpg",600,600,false],"2048x2048":["https:\/\/promocaododia.com.br\/site\/wp-content\/uploads\/2022\/11\/Maquina-de-Lavar-Roupas-12Kg-Consul-CWH12BB-Branca-110V.jpg",600,600,false],"woocommerce_thumbnail":["https:\/\/promocaododia.com.br\/site\/wp-content\/uploads\/2022\/11\/Maquina-de-Lavar-Roupas-12Kg-Consul-CWH12BB-Branca-110V-250x250.jpg",250,250,true],"woocommerce_single":["https:\/\/promocaododia.com.br\/site\/wp-content\/uploads\/2022\/11\/Maquina-de-Lavar-Roupas-12Kg-Consul-CWH12BB-Branca-110V-250x250.jpg",250,250,true],"woocommerce_gallery_thumbnail":["https:\/\/promocaododia.com.br\/site\/wp-content\/uploads\/2022\/11\/Maquina-de-Lavar-Roupas-12Kg-Consul-CWH12BB-Branca-110V-100x100.jpg",100,100,true]},"uagb_author_info":{"display_name":"danilo.gbr","author_link":"https:\/\/promocaododia.com.br\/site\/author\/"},"uagb_comment_info":0,"uagb_excerpt":"Caracter\u00edsticas do Produto: Modelo: CWH12BB Marca: Consul Cor: Branca Altura: 101 cm Largura: 58 cm Comprimento: 60 cm Peso: 32 Kg Alimenta\u00e7\u00e3o: Dispon\u00edvel nas Voltagens 110V ou 220V Informa\u00e7\u00f5es Adicionais: Lavagem Econ\u00f4mica: Reaproveite a \u00e1gua usada na lavadora para outros usos na sua casa, economizando recursos do planeta. Dual Dispenser: Sab\u00e3o e amaciante entram em&hellip;","_links":{"self":[{"href":"https:\/\/promocaododia.com.br\/site\/wp-json\/wp\/v2\/product\/1307","targetHints":{"allow":["GET"]}}],"collection":[{"href":"https:\/\/promocaododia.com.br\/site\/wp-json\/wp\/v2\/product"}],"about":[{"href":"https:\/\/promocaododia.com.br\/site\/wp-json\/wp\/v2\/types\/product"}],"wp:featuredmedia":[{"embeddable":true,"href":"https:\/\/promocaododia.com.br\/site\/wp-json\/wp\/v2\/media\/1308"}],"wp:attachment":[{"href":"https:\/\/promocaododia.com.br\/site\/wp-json\/wp\/v2\/media?parent=1307"}],"wp:term":[{"taxonomy":"product_brand","embeddable":true,"href":"https:\/\/promocaododia.com.br\/site\/wp-json\/wp\/v2\/product_brand?post=1307"},{"taxonomy":"product_cat","embeddable":true,"href":"https:\/\/promocaododia.com.br\/site\/wp-json\/wp\/v2\/product_cat?post=1307"},{"taxonomy":"product_tag","embeddable":true,"href":"https:\/\/promocaododia.com.br\/site\/wp-json\/wp\/v2\/product_tag?post=1307"}],"curies":[{"name":"wp","href":"https:\/\/api.w.org\/{rel}","templated":true}]}}