{"id":1309,"date":"2022-11-29T19:38:19","date_gmt":"2022-11-29T22:38:19","guid":{"rendered":"https:\/\/promocaododia.com.br\/site\/?post_type=product&#038;p=1309"},"modified":"2022-11-29T19:38:19","modified_gmt":"2022-11-29T22:38:19","slug":"cafeteira-espresso-britania-bcf29i-15-bar-4-em-1-17l-850w","status":"publish","type":"product","link":"https:\/\/promocaododia.com.br\/site\/produto\/cafeteira-espresso-britania-bcf29i-15-bar-4-em-1-17l-850w\/","title":{"rendered":"Cafeteira Espresso Brit\u00e2nia BCF29I 15 Bar 4 em 1 1,7L 850W"},"content":{"rendered":"<p>Explore grandes possibilidades de receitas com caf\u00e9 expresso com a Cafeteira Espresso Brit\u00e2nia BCF29I 15 Bar 4 em 1 1,7L 850W. \u00c9 caf\u00e9 para todos os gostos, prepare: caf\u00e9 expresso curto, caf\u00e9 expresso longo, c\u00e1psulas nespresso e c\u00e1psulas tr\u00eas cora\u00e7\u00f5es. Invente e experimente misturar espuma de leite cremosa e consistente com bico vaporizador. Com dois est\u00e1gios de aquecimento, voc\u00ea deixa o seu caf\u00e9 na temperatura que mais gosta e ainda aproveita a bandeja coletora de res\u00edduos da sua Cafeteira Brit\u00e2nia para evitar que suje a bancada e garantir uma limpeza descomplicada. O reservat\u00f3rio de \u00e1gua remov\u00edvel e com capacidade de 1,7 litro, e a \u00e1rea superior aquecida para apoiar x\u00edcaras, tornam a Cafeteira Espresso Brit\u00e2nia BCF29I 15 Bar um produto completo para voc\u00ea. \u2022 Prepara diversas bebidas, caf\u00e9 expresso, lattes e cappuccinos \u2022 Bomba com press\u00e3o de 15Bar \u2022 Possui sa\u00edda de vapor para deixar o leite cremoso \u2022 Cont\u00e9m adaptadores para c\u00e1psulas compat\u00edveis com sistema Nespresso\u00ae e Tr\u00eas Cora\u00e7\u00f5es\u00ae \u2022 Cont\u00e9m 2 filtros para caf\u00e9 expresso: um filtro para caf\u00e9 curto ou simples e um para caf\u00e9 longo ou duplo \u2022 Filtros de caf\u00e9 em a\u00e7o inoxid\u00e1vel \u2022 Dois est\u00e1gios de aquecimento \u2022 Bandeja coletora de res\u00edduos remov\u00edvel \u2022 \u00c1rea superior aquecida para apoiar x\u00edcaras \u2022 Reservat\u00f3rio de \u00e1gua remov\u00edvel e com capacidade de 1,7 litro \u2022 Bot\u00e3o de ajuste de intensidade de vapor \u2022 Painel com luzes que indicam o funcionamento e aquecimento \u2022 Bot\u00f5es para acionamento da fun\u00e7\u00e3o caf\u00e9 ou vapor \u2022 Acompanha uma colher dosadora com tamper \u2022 Base antiderrapante \u2022 Composi\u00e7\u00e3o: Metal e pl\u00e1stico | Oferta enquanto durar o estoque<\/p>\n","protected":false},"excerpt":{"rendered":"<p>Explore grandes possibilidades de receitas com caf\u00e9 expresso com a Cafeteira Espresso Brit\u00e2nia BCF29I 15 Bar 4 em 1 1,7L 850W. \u00c9 caf\u00e9 para todos os gostos, prepare: caf\u00e9 expresso curto, caf\u00e9 expresso longo, c\u00e1psulas nespresso e c\u00e1psulas tr\u00eas cora\u00e7\u00f5es. Invente e experimente misturar espuma de leite cremosa e consistente com bico vaporizador. Com dois est\u00e1gios de aquecimento, voc\u00ea deixa o seu caf\u00e9 na temperatura que mais gosta e ainda aproveita a bandeja coletora de res\u00edduos da sua Cafeteira Brit\u00e2nia para evitar que suje a bancada e garantir uma limpeza descomplicada. O reservat\u00f3rio de \u00e1gua remov\u00edvel e com capacidade de 1,7 litro, e a \u00e1rea superior aquecida para apoiar x\u00edcaras, tornam a Cafeteira Espresso Brit\u00e2nia BCF29I 15 Bar um produto completo para voc\u00ea. \u2022 Prepara diversas bebidas, caf\u00e9 expresso, lattes e cappuccinos \u2022 Bomba com press\u00e3o de 15Bar \u2022 Possui sa\u00edda de vapor para deixar o leite cremoso \u2022 Cont\u00e9m adaptadores para c\u00e1psulas compat\u00edveis com sistema Nespresso\u00ae e Tr\u00eas Cora\u00e7\u00f5es\u00ae \u2022 Cont\u00e9m 2 filtros para caf\u00e9 expresso: um filtro para caf\u00e9 curto ou simples e um para caf\u00e9 longo ou duplo \u2022 Filtros de caf\u00e9 em a\u00e7o inoxid\u00e1vel \u2022 Dois est\u00e1gios de aquecimento \u2022 Bandeja coletora de res\u00edduos remov\u00edvel \u2022 \u00c1rea superior aquecida para apoiar x\u00edcaras \u2022 Reservat\u00f3rio de \u00e1gua remov\u00edvel e com capacidade de 1,7 litro \u2022 Bot\u00e3o de ajuste de intensidade de vapor \u2022 Painel com luzes que indicam o funcionamento e aquecimento \u2022 Bot\u00f5es para acionamento da fun\u00e7\u00e3o caf\u00e9 ou vapor \u2022 Acompanha uma colher dosadora com tamper \u2022 Base antiderrapante \u2022 Composi\u00e7\u00e3o: Metal e pl\u00e1stico | Oferta enquanto durar o estoque<\/p>\n","protected":false},"featured_media":1310,"template":"","meta":{"_uag_custom_page_level_css":"","site-sidebar-layout":"default","site-content-layout":"default","ast-site-content-layout":"default","site-content-style":"default","site-sidebar-style":"default","ast-global-header-display":"","ast-banner-title-visibility":"","ast-main-header-display":"","ast-hfb-above-header-display":"","ast-hfb-below-header-display":"","ast-hfb-mobile-header-display":"","site-post-title":"","ast-breadcrumbs-content":"","ast-featured-img":"","footer-sml-layout":"","theme-transparent-header-meta":"default","adv-header-id-meta":"","stick-header-meta":"","header-above-stick-meta":"","header-main-stick-meta":"","header-below-stick-meta":"","astra-migrate-meta-layouts":"default","ast-page-background-enabled":"default","ast-page-background-meta":{"desktop":{"background-color":"","background-image":"","background-repeat":"repeat","background-position":"center center","background-size":"auto","background-attachment":"scroll","background-type":"","background-media":"","overlay-type":"","overlay-color":"","overlay-opacity":"","overlay-gradient":""},"tablet":{"background-color":"","background-image":"","background-repeat":"repeat","background-position":"center center","background-size":"auto","background-attachment":"scroll","background-type":"","background-media":"","overlay-type":"","overlay-color":"","overlay-opacity":"","overlay-gradient":""},"mobile":{"background-color":"","background-image":"","background-repeat":"repeat","background-position":"center center","background-size":"auto","background-attachment":"scroll","background-type":"","background-media":"","overlay-type":"","overlay-color":"","overlay-opacity":"","overlay-gradient":""}},"ast-content-background-meta":{"desktop":{"background-color":"var(--ast-global-color-5)","background-image":"","background-repeat":"repeat","background-position":"center center","background-size":"auto","background-attachment":"scroll","background-type":"","background-media":"","overlay-type":"","overlay-color":"","overlay-opacity":"","overlay-gradient":""},"tablet":{"background-color":"var(--ast-global-color-5)","background-image":"","background-repeat":"repeat","background-position":"center center","background-size":"auto","background-attachment":"scroll","background-type":"","background-media":"","overlay-type":"","overlay-color":"","overlay-opacity":"","overlay-gradient":""},"mobile":{"background-color":"var(--ast-global-color-5)","background-image":"","background-repeat":"repeat","background-position":"center center","background-size":"auto","background-attachment":"scroll","background-type":"","background-media":"","overlay-type":"","overlay-color":"","overlay-opacity":"","overlay-gradient":""}}},"product_brand":[],"product_cat":[526,28],"product_tag":[533,527],"class_list":{"0":"post-1309","1":"product","2":"type-product","3":"status-publish","4":"has-post-thumbnail","6":"product_cat-cafeteira","7":"product_cat-eletrodomesticos","8":"product_tag-cafe-expresso","9":"product_tag-cafeteira","10":"desktop-align-center","11":"tablet-align-left","12":"mobile-align-center","14":"first","15":"instock","16":"sale","17":"shipping-taxable","18":"product-type-external"},"uagb_featured_image_src":{"full":["https:\/\/promocaododia.com.br\/site\/wp-content\/uploads\/2022\/11\/Cafeteira-Espresso-Britania-BCF29I-15-Bar-4-em-1-17L-850W.jpg",600,600,false],"thumbnail":["https:\/\/promocaododia.com.br\/site\/wp-content\/uploads\/2022\/11\/Cafeteira-Espresso-Britania-BCF29I-15-Bar-4-em-1-17L-850W-150x150.jpg",150,150,true],"medium":["https:\/\/promocaododia.com.br\/site\/wp-content\/uploads\/2022\/11\/Cafeteira-Espresso-Britania-BCF29I-15-Bar-4-em-1-17L-850W-300x300.jpg",300,300,true],"medium_large":["https:\/\/promocaododia.com.br\/site\/wp-content\/uploads\/2022\/11\/Cafeteira-Espresso-Britania-BCF29I-15-Bar-4-em-1-17L-850W.jpg",600,600,false],"large":["https:\/\/promocaododia.com.br\/site\/wp-content\/uploads\/2022\/11\/Cafeteira-Espresso-Britania-BCF29I-15-Bar-4-em-1-17L-850W.jpg",600,600,false],"1536x1536":["https:\/\/promocaododia.com.br\/site\/wp-content\/uploads\/2022\/11\/Cafeteira-Espresso-Britania-BCF29I-15-Bar-4-em-1-17L-850W.jpg",600,600,false],"2048x2048":["https:\/\/promocaododia.com.br\/site\/wp-content\/uploads\/2022\/11\/Cafeteira-Espresso-Britania-BCF29I-15-Bar-4-em-1-17L-850W.jpg",600,600,false],"woocommerce_thumbnail":["https:\/\/promocaododia.com.br\/site\/wp-content\/uploads\/2022\/11\/Cafeteira-Espresso-Britania-BCF29I-15-Bar-4-em-1-17L-850W-250x250.jpg",250,250,true],"woocommerce_single":["https:\/\/promocaododia.com.br\/site\/wp-content\/uploads\/2022\/11\/Cafeteira-Espresso-Britania-BCF29I-15-Bar-4-em-1-17L-850W-250x250.jpg",250,250,true],"woocommerce_gallery_thumbnail":["https:\/\/promocaododia.com.br\/site\/wp-content\/uploads\/2022\/11\/Cafeteira-Espresso-Britania-BCF29I-15-Bar-4-em-1-17L-850W-100x100.jpg",100,100,true]},"uagb_author_info":{"display_name":"danilo.gbr","author_link":"https:\/\/promocaododia.com.br\/site\/author\/"},"uagb_comment_info":0,"uagb_excerpt":"Explore grandes possibilidades de receitas com caf\u00e9 expresso com a Cafeteira Espresso Brit\u00e2nia BCF29I 15 Bar 4 em 1 1,7L 850W. \u00c9 caf\u00e9 para todos os gostos, prepare: caf\u00e9 expresso curto, caf\u00e9 expresso longo, c\u00e1psulas nespresso e c\u00e1psulas tr\u00eas cora\u00e7\u00f5es. Invente e experimente misturar espuma de leite cremosa e consistente com bico vaporizador. Com dois&hellip;","_links":{"self":[{"href":"https:\/\/promocaododia.com.br\/site\/wp-json\/wp\/v2\/product\/1309","targetHints":{"allow":["GET"]}}],"collection":[{"href":"https:\/\/promocaododia.com.br\/site\/wp-json\/wp\/v2\/product"}],"about":[{"href":"https:\/\/promocaododia.com.br\/site\/wp-json\/wp\/v2\/types\/product"}],"wp:featuredmedia":[{"embeddable":true,"href":"https:\/\/promocaododia.com.br\/site\/wp-json\/wp\/v2\/media\/1310"}],"wp:attachment":[{"href":"https:\/\/promocaododia.com.br\/site\/wp-json\/wp\/v2\/media?parent=1309"}],"wp:term":[{"taxonomy":"product_brand","embeddable":true,"href":"https:\/\/promocaododia.com.br\/site\/wp-json\/wp\/v2\/product_brand?post=1309"},{"taxonomy":"product_cat","embeddable":true,"href":"https:\/\/promocaododia.com.br\/site\/wp-json\/wp\/v2\/product_cat?post=1309"},{"taxonomy":"product_tag","embeddable":true,"href":"https:\/\/promocaododia.com.br\/site\/wp-json\/wp\/v2\/product_tag?post=1309"}],"curies":[{"name":"wp","href":"https:\/\/api.w.org\/{rel}","templated":true}]}}