{"id":1316,"date":"2022-11-29T20:28:25","date_gmt":"2022-11-29T23:28:25","guid":{"rendered":"https:\/\/promocaododia.com.br\/site\/?post_type=product&#038;p=1316"},"modified":"2022-11-29T20:28:26","modified_gmt":"2022-11-29T23:28:26","slug":"tenis-feminino-para-academia-caminhada-bf-shoes-carpe-diem","status":"publish","type":"product","link":"https:\/\/promocaododia.com.br\/site\/produto\/tenis-feminino-para-academia-caminhada-bf-shoes-carpe-diem\/","title":{"rendered":"T\u00eanis Feminino para Academia Caminhada &#8211; BF Shoes &#8211; Carpe Diem"},"content":{"rendered":"<p>Os t\u00eanis da marca Carpe Diem foram pensados para mulheres din\u00e2micas, que querem aproveitar o dia ao m\u00e1ximo. Com design jovem, podem ser usados em qualquer ocasi\u00e3o: caminhada, corrida, academia, trabalho ou passeio. Suas principais caracter\u00edsticas s\u00e3o: leveza, maciez, conforto e estilo.<\/p>\n<p>ESPECIFICA\u00c7\u00d5ES<br \/>\n&#8211; Cabedal: Nylon<br \/>\n&#8211; Palmilha: EVA<br \/>\n&#8211; Peso: 210 gramas (ref. 35) variando de acordo com a numera\u00e7\u00e3o.<\/p>\n<p>TABELA DE TAMANHOS<br \/>\nNo 34 &#8211; Palmilha 23 cm<br \/>\nNo 35 &#8211; Palmilha 23,7 cm<br \/>\nNo 36 &#8211; Palmilha 24,3cm<br \/>\nNo 37 &#8211; Palmilha 25,0 cm<br \/>\nNo 38 &#8211; Palmilha 25,7 cm<br \/>\nNo 39 &#8211; Palmilha 26,3 cm<\/p>\n","protected":false},"excerpt":{"rendered":"<p>Os t\u00eanis da marca Carpe Diem foram pensados para mulheres din\u00e2micas, que querem aproveitar o dia ao m\u00e1ximo. Com design jovem, podem ser usados em qualquer ocasi\u00e3o: caminhada, corrida, academia, trabalho ou passeio. Suas principais caracter\u00edsticas s\u00e3o: leveza, maciez, conforto e estilo. ESPECIFICA\u00c7\u00d5ES &#8211; Cabedal: Nylon &#8211; Palmilha: EVA &#8211; Peso: 210 gramas (ref. 35) variando de acordo com a numera\u00e7\u00e3o. TABELA DE TAMANHOS No 34 &#8211; Palmilha 23 cm No 35 &#8211; Palmilha 23,7 cm No 36 &#8211; Palmilha 24,3cm No 37 &#8211; Palmilha 25,0 cm No 38 &#8211; Palmilha 25,7 cm No 39 &#8211; Palmilha 26,3 cm<\/p>\n","protected":false},"featured_media":1317,"template":"","meta":{"_uag_custom_page_level_css":"","site-sidebar-layout":"default","site-content-layout":"default","ast-site-content-layout":"default","site-content-style":"default","site-sidebar-style":"default","ast-global-header-display":"","ast-banner-title-visibility":"","ast-main-header-display":"","ast-hfb-above-header-display":"","ast-hfb-below-header-display":"","ast-hfb-mobile-header-display":"","site-post-title":"","ast-breadcrumbs-content":"","ast-featured-img":"","footer-sml-layout":"","theme-transparent-header-meta":"default","adv-header-id-meta":"","stick-header-meta":"","header-above-stick-meta":"","header-main-stick-meta":"","header-below-stick-meta":"","astra-migrate-meta-layouts":"default","ast-page-background-enabled":"default","ast-page-background-meta":{"desktop":{"background-color":"","background-image":"","background-repeat":"repeat","background-position":"center center","background-size":"auto","background-attachment":"scroll","background-type":"","background-media":"","overlay-type":"","overlay-color":"","overlay-opacity":"","overlay-gradient":""},"tablet":{"background-color":"","background-image":"","background-repeat":"repeat","background-position":"center center","background-size":"auto","background-attachment":"scroll","background-type":"","background-media":"","overlay-type":"","overlay-color":"","overlay-opacity":"","overlay-gradient":""},"mobile":{"background-color":"","background-image":"","background-repeat":"repeat","background-position":"center center","background-size":"auto","background-attachment":"scroll","background-type":"","background-media":"","overlay-type":"","overlay-color":"","overlay-opacity":"","overlay-gradient":""}},"ast-content-background-meta":{"desktop":{"background-color":"var(--ast-global-color-5)","background-image":"","background-repeat":"repeat","background-position":"center center","background-size":"auto","background-attachment":"scroll","background-type":"","background-media":"","overlay-type":"","overlay-color":"","overlay-opacity":"","overlay-gradient":""},"tablet":{"background-color":"var(--ast-global-color-5)","background-image":"","background-repeat":"repeat","background-position":"center center","background-size":"auto","background-attachment":"scroll","background-type":"","background-media":"","overlay-type":"","overlay-color":"","overlay-opacity":"","overlay-gradient":""},"mobile":{"background-color":"var(--ast-global-color-5)","background-image":"","background-repeat":"repeat","background-position":"center center","background-size":"auto","background-attachment":"scroll","background-type":"","background-media":"","overlay-type":"","overlay-color":"","overlay-opacity":"","overlay-gradient":""}}},"product_brand":[],"product_cat":[179,58,30],"product_tag":[184,530,80],"class_list":{"0":"post-1316","1":"product","2":"type-product","3":"status-publish","4":"has-post-thumbnail","6":"product_cat-calcados-feminina","7":"product_cat-feminina","8":"product_cat-moda","9":"product_tag-moda","10":"product_tag-moda-feminina","11":"product_tag-tenis","12":"desktop-align-center","13":"tablet-align-left","14":"mobile-align-center","16":"first","17":"instock","18":"sale","19":"shipping-taxable","20":"product-type-external"},"uagb_featured_image_src":{"full":["https:\/\/promocaododia.com.br\/site\/wp-content\/uploads\/2022\/11\/Tenis-Feminino-para-Academia-Caminhada-BF-Shoes-Carpe-Diem.jpg",600,600,false],"thumbnail":["https:\/\/promocaododia.com.br\/site\/wp-content\/uploads\/2022\/11\/Tenis-Feminino-para-Academia-Caminhada-BF-Shoes-Carpe-Diem-150x150.jpg",150,150,true],"medium":["https:\/\/promocaododia.com.br\/site\/wp-content\/uploads\/2022\/11\/Tenis-Feminino-para-Academia-Caminhada-BF-Shoes-Carpe-Diem-300x300.jpg",300,300,true],"medium_large":["https:\/\/promocaododia.com.br\/site\/wp-content\/uploads\/2022\/11\/Tenis-Feminino-para-Academia-Caminhada-BF-Shoes-Carpe-Diem.jpg",600,600,false],"large":["https:\/\/promocaododia.com.br\/site\/wp-content\/uploads\/2022\/11\/Tenis-Feminino-para-Academia-Caminhada-BF-Shoes-Carpe-Diem.jpg",600,600,false],"1536x1536":["https:\/\/promocaododia.com.br\/site\/wp-content\/uploads\/2022\/11\/Tenis-Feminino-para-Academia-Caminhada-BF-Shoes-Carpe-Diem.jpg",600,600,false],"2048x2048":["https:\/\/promocaododia.com.br\/site\/wp-content\/uploads\/2022\/11\/Tenis-Feminino-para-Academia-Caminhada-BF-Shoes-Carpe-Diem.jpg",600,600,false],"woocommerce_thumbnail":["https:\/\/promocaododia.com.br\/site\/wp-content\/uploads\/2022\/11\/Tenis-Feminino-para-Academia-Caminhada-BF-Shoes-Carpe-Diem-250x250.jpg",250,250,true],"woocommerce_single":["https:\/\/promocaododia.com.br\/site\/wp-content\/uploads\/2022\/11\/Tenis-Feminino-para-Academia-Caminhada-BF-Shoes-Carpe-Diem-250x250.jpg",250,250,true],"woocommerce_gallery_thumbnail":["https:\/\/promocaododia.com.br\/site\/wp-content\/uploads\/2022\/11\/Tenis-Feminino-para-Academia-Caminhada-BF-Shoes-Carpe-Diem-100x100.jpg",100,100,true]},"uagb_author_info":{"display_name":"danilo.gbr","author_link":"https:\/\/promocaododia.com.br\/site\/author\/"},"uagb_comment_info":0,"uagb_excerpt":"Os t\u00eanis da marca Carpe Diem foram pensados para mulheres din\u00e2micas, que querem aproveitar o dia ao m\u00e1ximo. Com design jovem, podem ser usados em qualquer ocasi\u00e3o: caminhada, corrida, academia, trabalho ou passeio. Suas principais caracter\u00edsticas s\u00e3o: leveza, maciez, conforto e estilo. ESPECIFICA\u00c7\u00d5ES &#8211; Cabedal: Nylon &#8211; Palmilha: EVA &#8211; Peso: 210 gramas (ref. 35)&hellip;","_links":{"self":[{"href":"https:\/\/promocaododia.com.br\/site\/wp-json\/wp\/v2\/product\/1316","targetHints":{"allow":["GET"]}}],"collection":[{"href":"https:\/\/promocaododia.com.br\/site\/wp-json\/wp\/v2\/product"}],"about":[{"href":"https:\/\/promocaododia.com.br\/site\/wp-json\/wp\/v2\/types\/product"}],"wp:featuredmedia":[{"embeddable":true,"href":"https:\/\/promocaododia.com.br\/site\/wp-json\/wp\/v2\/media\/1317"}],"wp:attachment":[{"href":"https:\/\/promocaododia.com.br\/site\/wp-json\/wp\/v2\/media?parent=1316"}],"wp:term":[{"taxonomy":"product_brand","embeddable":true,"href":"https:\/\/promocaododia.com.br\/site\/wp-json\/wp\/v2\/product_brand?post=1316"},{"taxonomy":"product_cat","embeddable":true,"href":"https:\/\/promocaododia.com.br\/site\/wp-json\/wp\/v2\/product_cat?post=1316"},{"taxonomy":"product_tag","embeddable":true,"href":"https:\/\/promocaododia.com.br\/site\/wp-json\/wp\/v2\/product_tag?post=1316"}],"curies":[{"name":"wp","href":"https:\/\/api.w.org\/{rel}","templated":true}]}}