{"id":1320,"date":"2022-11-30T18:50:40","date_gmt":"2022-11-30T21:50:40","guid":{"rendered":"https:\/\/promocaododia.com.br\/site\/?post_type=product&#038;p=1320"},"modified":"2022-11-30T18:50:40","modified_gmt":"2022-11-30T21:50:40","slug":"hugo-just-different-hugo-boss-perfume-masculino-eau-de-toilette","status":"publish","type":"product","link":"https:\/\/promocaododia.com.br\/site\/produto\/hugo-just-different-hugo-boss-perfume-masculino-eau-de-toilette\/","title":{"rendered":"Hugo Just Different Hugo Boss Perfume Masculino Eau de Toilette"},"content":{"rendered":"<p>HUGO Just Different Eau de Toilette O perfume masculino HUGO Just Different \u00e9 para homens que fazem suas pr\u00f3prias regras. Uma fragr\u00e2ncia diferente, inusitada e moderna composta por menta gelada, fr\u00e9sia, manjeric\u00e3o e musks. Apresentado em um frasco negro com tampa de al\u00e7a, o perfume \u00e9 ideal para homens que est\u00e3o sempre em movimento para descobrirem o novo. Renda-se ao encanto dessa fresca e masculina fragr\u00e2ncia arom\u00e1tica foug\u00e8re e destaque-se na multid\u00e3o com HUGO Just Different . Sobre a fragr\u00e2ncia: A menta gelada refrescante estimula os sentidos. As notas florais e herbais vibrantes de fr\u00e9sia, manjeric\u00e3o e coentro, inspiram e energizam, enquanto o sensual musk e o envolvente cashmeran, entrela\u00e7ados com o viril patchuli, conferem um calor inebriante. Fam\u00edlia Olfativa: Arom\u00e1tico. Pir\u00e2mide olfativa: Notas de topo: Hortel\u00e3 e Ma\u00e7\u00e3 Granny Smith. Notas de cora\u00e7\u00e3o: Manjeric\u00e3o, Fr\u00e9sia e Coentro. Notas de fundo: Cashmeran, Patchouli ou Oriza, Ol\u00edbano e L\u00e1dano. Sobre a marca: HUGO \u00e9 a marca de moda que representa looks revolucion\u00e1rios e uma atitude urbana ousada. A marca combina essas qualidades com suas ra\u00edzes na alfaiataria tradicional, unindo a arte dos trajes cl\u00e1ssicos com novas formas e detalhes criativos. Essa mesma assinatura \u00e9 refletida em sua linha de fragr\u00e2ncias.<\/p>\n","protected":false},"excerpt":{"rendered":"<p>HUGO Just Different Eau de Toilette O perfume masculino HUGO Just Different \u00e9 para homens que fazem suas pr\u00f3prias regras. Uma fragr\u00e2ncia diferente, inusitada e moderna composta por menta gelada, fr\u00e9sia, manjeric\u00e3o e musks. Apresentado em um frasco negro com tampa de al\u00e7a, o perfume \u00e9 ideal para homens que est\u00e3o sempre em movimento para descobrirem o novo. Renda-se ao encanto dessa fresca e masculina fragr\u00e2ncia arom\u00e1tica foug\u00e8re e destaque-se na multid\u00e3o com HUGO Just Different . Sobre a fragr\u00e2ncia: A menta gelada refrescante estimula os sentidos. As notas florais e herbais vibrantes de fr\u00e9sia, manjeric\u00e3o e coentro, inspiram e energizam, enquanto o sensual musk e o envolvente cashmeran, entrela\u00e7ados com o viril patchuli, conferem um calor inebriante. Fam\u00edlia Olfativa: Arom\u00e1tico. Pir\u00e2mide olfativa: Notas de topo: Hortel\u00e3 e Ma\u00e7\u00e3 Granny Smith. Notas de cora\u00e7\u00e3o: Manjeric\u00e3o, Fr\u00e9sia e Coentro. Notas de fundo: Cashmeran, Patchouli ou Oriza, Ol\u00edbano e L\u00e1dano. Sobre a marca: HUGO \u00e9 a marca de moda que representa looks revolucion\u00e1rios e uma atitude urbana ousada. A marca combina essas qualidades com suas ra\u00edzes na alfaiataria tradicional, unindo a arte dos trajes cl\u00e1ssicos com novas formas e detalhes criativos. Essa mesma assinatura \u00e9 refletida em sua linha de fragr\u00e2ncias.<\/p>\n","protected":false},"featured_media":1321,"template":"","meta":{"_uag_custom_page_level_css":"","site-sidebar-layout":"default","site-content-layout":"default","ast-site-content-layout":"default","site-content-style":"default","site-sidebar-style":"default","ast-global-header-display":"","ast-banner-title-visibility":"","ast-main-header-display":"","ast-hfb-above-header-display":"","ast-hfb-below-header-display":"","ast-hfb-mobile-header-display":"","site-post-title":"","ast-breadcrumbs-content":"","ast-featured-img":"","footer-sml-layout":"","theme-transparent-header-meta":"default","adv-header-id-meta":"","stick-header-meta":"","header-above-stick-meta":"","header-main-stick-meta":"","header-below-stick-meta":"","astra-migrate-meta-layouts":"default","ast-page-background-enabled":"default","ast-page-background-meta":{"desktop":{"background-color":"","background-image":"","background-repeat":"repeat","background-position":"center center","background-size":"auto","background-attachment":"scroll","background-type":"","background-media":"","overlay-type":"","overlay-color":"","overlay-opacity":"","overlay-gradient":""},"tablet":{"background-color":"","background-image":"","background-repeat":"repeat","background-position":"center center","background-size":"auto","background-attachment":"scroll","background-type":"","background-media":"","overlay-type":"","overlay-color":"","overlay-opacity":"","overlay-gradient":""},"mobile":{"background-color":"","background-image":"","background-repeat":"repeat","background-position":"center center","background-size":"auto","background-attachment":"scroll","background-type":"","background-media":"","overlay-type":"","overlay-color":"","overlay-opacity":"","overlay-gradient":""}},"ast-content-background-meta":{"desktop":{"background-color":"var(--ast-global-color-5)","background-image":"","background-repeat":"repeat","background-position":"center center","background-size":"auto","background-attachment":"scroll","background-type":"","background-media":"","overlay-type":"","overlay-color":"","overlay-opacity":"","overlay-gradient":""},"tablet":{"background-color":"var(--ast-global-color-5)","background-image":"","background-repeat":"repeat","background-position":"center center","background-size":"auto","background-attachment":"scroll","background-type":"","background-media":"","overlay-type":"","overlay-color":"","overlay-opacity":"","overlay-gradient":""},"mobile":{"background-color":"var(--ast-global-color-5)","background-image":"","background-repeat":"repeat","background-position":"center center","background-size":"auto","background-attachment":"scroll","background-type":"","background-media":"","overlay-type":"","overlay-color":"","overlay-opacity":"","overlay-gradient":""}}},"product_brand":[],"product_cat":[33,41],"product_tag":[564,121,565],"class_list":{"0":"post-1320","1":"product","2":"type-product","3":"status-publish","4":"has-post-thumbnail","6":"product_cat-beleza-e-perfumaria","7":"product_cat-perfumes","8":"product_tag-hugo-boss","9":"product_tag-masculino","10":"product_tag-perfume","11":"desktop-align-center","12":"tablet-align-left","13":"mobile-align-center","15":"first","16":"instock","17":"sale","18":"shipping-taxable","19":"product-type-external"},"uagb_featured_image_src":{"full":["https:\/\/promocaododia.com.br\/site\/wp-content\/uploads\/2022\/11\/Hugo-Just-Different-Hugo-Boss-Perfume-Masculino-Eau-de-Toilette.jpg",600,600,false],"thumbnail":["https:\/\/promocaododia.com.br\/site\/wp-content\/uploads\/2022\/11\/Hugo-Just-Different-Hugo-Boss-Perfume-Masculino-Eau-de-Toilette-150x150.jpg",150,150,true],"medium":["https:\/\/promocaododia.com.br\/site\/wp-content\/uploads\/2022\/11\/Hugo-Just-Different-Hugo-Boss-Perfume-Masculino-Eau-de-Toilette-300x300.jpg",300,300,true],"medium_large":["https:\/\/promocaododia.com.br\/site\/wp-content\/uploads\/2022\/11\/Hugo-Just-Different-Hugo-Boss-Perfume-Masculino-Eau-de-Toilette.jpg",600,600,false],"large":["https:\/\/promocaododia.com.br\/site\/wp-content\/uploads\/2022\/11\/Hugo-Just-Different-Hugo-Boss-Perfume-Masculino-Eau-de-Toilette.jpg",600,600,false],"1536x1536":["https:\/\/promocaododia.com.br\/site\/wp-content\/uploads\/2022\/11\/Hugo-Just-Different-Hugo-Boss-Perfume-Masculino-Eau-de-Toilette.jpg",600,600,false],"2048x2048":["https:\/\/promocaododia.com.br\/site\/wp-content\/uploads\/2022\/11\/Hugo-Just-Different-Hugo-Boss-Perfume-Masculino-Eau-de-Toilette.jpg",600,600,false],"woocommerce_thumbnail":["https:\/\/promocaododia.com.br\/site\/wp-content\/uploads\/2022\/11\/Hugo-Just-Different-Hugo-Boss-Perfume-Masculino-Eau-de-Toilette-250x250.jpg",250,250,true],"woocommerce_single":["https:\/\/promocaododia.com.br\/site\/wp-content\/uploads\/2022\/11\/Hugo-Just-Different-Hugo-Boss-Perfume-Masculino-Eau-de-Toilette-250x250.jpg",250,250,true],"woocommerce_gallery_thumbnail":["https:\/\/promocaododia.com.br\/site\/wp-content\/uploads\/2022\/11\/Hugo-Just-Different-Hugo-Boss-Perfume-Masculino-Eau-de-Toilette-100x100.jpg",100,100,true]},"uagb_author_info":{"display_name":"danilo.gbr","author_link":"https:\/\/promocaododia.com.br\/site\/author\/"},"uagb_comment_info":0,"uagb_excerpt":"HUGO Just Different Eau de Toilette O perfume masculino HUGO Just Different \u00e9 para homens que fazem suas pr\u00f3prias regras. Uma fragr\u00e2ncia diferente, inusitada e moderna composta por menta gelada, fr\u00e9sia, manjeric\u00e3o e musks. Apresentado em um frasco negro com tampa de al\u00e7a, o perfume \u00e9 ideal para homens que est\u00e3o sempre em movimento para&hellip;","_links":{"self":[{"href":"https:\/\/promocaododia.com.br\/site\/wp-json\/wp\/v2\/product\/1320","targetHints":{"allow":["GET"]}}],"collection":[{"href":"https:\/\/promocaododia.com.br\/site\/wp-json\/wp\/v2\/product"}],"about":[{"href":"https:\/\/promocaododia.com.br\/site\/wp-json\/wp\/v2\/types\/product"}],"wp:featuredmedia":[{"embeddable":true,"href":"https:\/\/promocaododia.com.br\/site\/wp-json\/wp\/v2\/media\/1321"}],"wp:attachment":[{"href":"https:\/\/promocaododia.com.br\/site\/wp-json\/wp\/v2\/media?parent=1320"}],"wp:term":[{"taxonomy":"product_brand","embeddable":true,"href":"https:\/\/promocaododia.com.br\/site\/wp-json\/wp\/v2\/product_brand?post=1320"},{"taxonomy":"product_cat","embeddable":true,"href":"https:\/\/promocaododia.com.br\/site\/wp-json\/wp\/v2\/product_cat?post=1320"},{"taxonomy":"product_tag","embeddable":true,"href":"https:\/\/promocaododia.com.br\/site\/wp-json\/wp\/v2\/product_tag?post=1320"}],"curies":[{"name":"wp","href":"https:\/\/api.w.org\/{rel}","templated":true}]}}