{"id":1323,"date":"2022-11-30T18:53:47","date_gmt":"2022-11-30T21:53:47","guid":{"rendered":"https:\/\/promocaododia.com.br\/site\/?post_type=product&#038;p=1323"},"modified":"2022-11-30T18:53:47","modified_gmt":"2022-11-30T21:53:47","slug":"cerveja-budweiser-american-lager-8-unidades-lata-269ml","status":"publish","type":"product","link":"https:\/\/promocaododia.com.br\/site\/produto\/cerveja-budweiser-american-lager-8-unidades-lata-269ml\/","title":{"rendered":"Cerveja Budweiser American Lager 8 Unidades &#8211; Lata 269ml"},"content":{"rendered":"<div class=\"product\">\n<div class=\"ptabs\">\n<div class=\"product-factsheet \" data-factsheet-id=\"224997200\">\n<div class=\"tab-content\">\n<div id=\"tab-descricao224997200\" class=\"tab-pane active\">\n<table class=\"tab descricao\">\n<tbody>\n<tr class=\"attribute level1\">\n<td>Sabemos que a cerveja \u00e9 uma das bebidas que n\u00e3o podem faltar em festas, churrascos e confraterniza\u00e7\u00f5es. Mas voc\u00ea sabia que o malte e l\u00fapulo, ingredientes das cervejas, s\u00e3o ricos em antioxidantes, vitaminas e minerais e podem trazer benef\u00edcios pra sua sa\u00fade? O pack Budweiser vem com 8 latas de cerveja tipo Standard American Lager, com 269ml cada, totalizando 2,152L. De origem nacional, ela tem sabor leve, cor clara e um aroma discreto. Sua matura\u00e7\u00e3o \u00e9 feita com madeira Beechwood, para que ela tenha um sabor marcante no come\u00e7o e suave no final, fazendo com que seja a bebida ideal para acompanhar peixes, frangos e frutos do mar. Para que a degusta\u00e7\u00e3o seja ainda melhor, elas precisam ficar entre 0oC a 4oC para que sejam servidas na temperatura ideal. A venda de bebidas alco\u00f3licas \u00e9 proibida para menores de 18 anos. Beba com modera\u00e7\u00e3o.<\/td>\n<\/tr>\n<\/tbody>\n<\/table>\n<\/div>\n<\/div>\n<\/div>\n<\/div>\n<\/div>\n<div class=\"row recomm-white-box recomm-cross\"><\/div>\n","protected":false},"excerpt":{"rendered":"<p>Sabemos que a cerveja \u00e9 uma das bebidas que n\u00e3o podem faltar em festas, churrascos e confraterniza\u00e7\u00f5es. Mas voc\u00ea sabia que o malte e l\u00fapulo, ingredientes das cervejas, s\u00e3o ricos em antioxidantes, vitaminas e minerais e podem trazer benef\u00edcios pra sua sa\u00fade? O pack Budweiser vem com 8 latas de cerveja tipo Standard American Lager, com 269ml cada, totalizando 2,152L. De origem nacional, ela tem sabor leve, cor clara e um aroma discreto. Sua matura\u00e7\u00e3o \u00e9 feita com madeira Beechwood, para que ela tenha um sabor marcante no come\u00e7o e suave no final, fazendo com que seja a bebida ideal para acompanhar peixes, frangos e frutos do mar. Para que a degusta\u00e7\u00e3o seja ainda melhor, elas precisam ficar entre 0oC a 4oC para que sejam servidas na temperatura ideal. A venda de bebidas alco\u00f3licas \u00e9 proibida para menores de 18 anos. Beba com modera\u00e7\u00e3o.<\/p>\n","protected":false},"featured_media":1324,"template":"","meta":{"_uag_custom_page_level_css":"","site-sidebar-layout":"default","site-content-layout":"default","ast-site-content-layout":"default","site-content-style":"default","site-sidebar-style":"default","ast-global-header-display":"","ast-banner-title-visibility":"","ast-main-header-display":"","ast-hfb-above-header-display":"","ast-hfb-below-header-display":"","ast-hfb-mobile-header-display":"","site-post-title":"","ast-breadcrumbs-content":"","ast-featured-img":"","footer-sml-layout":"","theme-transparent-header-meta":"default","adv-header-id-meta":"","stick-header-meta":"","header-above-stick-meta":"","header-main-stick-meta":"","header-below-stick-meta":"","astra-migrate-meta-layouts":"default","ast-page-background-enabled":"default","ast-page-background-meta":{"desktop":{"background-color":"","background-image":"","background-repeat":"repeat","background-position":"center center","background-size":"auto","background-attachment":"scroll","background-type":"","background-media":"","overlay-type":"","overlay-color":"","overlay-opacity":"","overlay-gradient":""},"tablet":{"background-color":"","background-image":"","background-repeat":"repeat","background-position":"center center","background-size":"auto","background-attachment":"scroll","background-type":"","background-media":"","overlay-type":"","overlay-color":"","overlay-opacity":"","overlay-gradient":""},"mobile":{"background-color":"","background-image":"","background-repeat":"repeat","background-position":"center center","background-size":"auto","background-attachment":"scroll","background-type":"","background-media":"","overlay-type":"","overlay-color":"","overlay-opacity":"","overlay-gradient":""}},"ast-content-background-meta":{"desktop":{"background-color":"var(--ast-global-color-5)","background-image":"","background-repeat":"repeat","background-position":"center center","background-size":"auto","background-attachment":"scroll","background-type":"","background-media":"","overlay-type":"","overlay-color":"","overlay-opacity":"","overlay-gradient":""},"tablet":{"background-color":"var(--ast-global-color-5)","background-image":"","background-repeat":"repeat","background-position":"center center","background-size":"auto","background-attachment":"scroll","background-type":"","background-media":"","overlay-type":"","overlay-color":"","overlay-opacity":"","overlay-gradient":""},"mobile":{"background-color":"var(--ast-global-color-5)","background-image":"","background-repeat":"repeat","background-position":"center center","background-size":"auto","background-attachment":"scroll","background-type":"","background-media":"","overlay-type":"","overlay-color":"","overlay-opacity":"","overlay-gradient":""}}},"product_brand":[],"product_cat":[84],"product_tag":[96,95,85],"class_list":{"0":"post-1323","1":"product","2":"type-product","3":"status-publish","4":"has-post-thumbnail","6":"product_cat-mercado","7":"product_tag-bebidas","8":"product_tag-cerveja","9":"product_tag-mercado","10":"desktop-align-center","11":"tablet-align-left","12":"mobile-align-center","14":"first","15":"instock","16":"sale","17":"shipping-taxable","18":"product-type-external"},"uagb_featured_image_src":{"full":["https:\/\/promocaododia.com.br\/site\/wp-content\/uploads\/2022\/11\/Cerveja-Budweiser-American-Lager-8-Unidades-Lata-269ml.jpg",600,600,false],"thumbnail":["https:\/\/promocaododia.com.br\/site\/wp-content\/uploads\/2022\/11\/Cerveja-Budweiser-American-Lager-8-Unidades-Lata-269ml-150x150.jpg",150,150,true],"medium":["https:\/\/promocaododia.com.br\/site\/wp-content\/uploads\/2022\/11\/Cerveja-Budweiser-American-Lager-8-Unidades-Lata-269ml-300x300.jpg",300,300,true],"medium_large":["https:\/\/promocaododia.com.br\/site\/wp-content\/uploads\/2022\/11\/Cerveja-Budweiser-American-Lager-8-Unidades-Lata-269ml.jpg",600,600,false],"large":["https:\/\/promocaododia.com.br\/site\/wp-content\/uploads\/2022\/11\/Cerveja-Budweiser-American-Lager-8-Unidades-Lata-269ml.jpg",600,600,false],"1536x1536":["https:\/\/promocaododia.com.br\/site\/wp-content\/uploads\/2022\/11\/Cerveja-Budweiser-American-Lager-8-Unidades-Lata-269ml.jpg",600,600,false],"2048x2048":["https:\/\/promocaododia.com.br\/site\/wp-content\/uploads\/2022\/11\/Cerveja-Budweiser-American-Lager-8-Unidades-Lata-269ml.jpg",600,600,false],"woocommerce_thumbnail":["https:\/\/promocaododia.com.br\/site\/wp-content\/uploads\/2022\/11\/Cerveja-Budweiser-American-Lager-8-Unidades-Lata-269ml-250x250.jpg",250,250,true],"woocommerce_single":["https:\/\/promocaododia.com.br\/site\/wp-content\/uploads\/2022\/11\/Cerveja-Budweiser-American-Lager-8-Unidades-Lata-269ml-250x250.jpg",250,250,true],"woocommerce_gallery_thumbnail":["https:\/\/promocaododia.com.br\/site\/wp-content\/uploads\/2022\/11\/Cerveja-Budweiser-American-Lager-8-Unidades-Lata-269ml-100x100.jpg",100,100,true]},"uagb_author_info":{"display_name":"danilo.gbr","author_link":"https:\/\/promocaododia.com.br\/site\/author\/"},"uagb_comment_info":0,"uagb_excerpt":"Sabemos que a cerveja \u00e9 uma das bebidas que n\u00e3o podem faltar em festas, churrascos e confraterniza\u00e7\u00f5es. Mas voc\u00ea sabia que o malte e l\u00fapulo, ingredientes das cervejas, s\u00e3o ricos em antioxidantes, vitaminas e minerais e podem trazer benef\u00edcios pra sua sa\u00fade? O pack Budweiser vem com 8 latas de cerveja tipo Standard American Lager,&hellip;","_links":{"self":[{"href":"https:\/\/promocaododia.com.br\/site\/wp-json\/wp\/v2\/product\/1323","targetHints":{"allow":["GET"]}}],"collection":[{"href":"https:\/\/promocaododia.com.br\/site\/wp-json\/wp\/v2\/product"}],"about":[{"href":"https:\/\/promocaododia.com.br\/site\/wp-json\/wp\/v2\/types\/product"}],"wp:featuredmedia":[{"embeddable":true,"href":"https:\/\/promocaododia.com.br\/site\/wp-json\/wp\/v2\/media\/1324"}],"wp:attachment":[{"href":"https:\/\/promocaododia.com.br\/site\/wp-json\/wp\/v2\/media?parent=1323"}],"wp:term":[{"taxonomy":"product_brand","embeddable":true,"href":"https:\/\/promocaododia.com.br\/site\/wp-json\/wp\/v2\/product_brand?post=1323"},{"taxonomy":"product_cat","embeddable":true,"href":"https:\/\/promocaododia.com.br\/site\/wp-json\/wp\/v2\/product_cat?post=1323"},{"taxonomy":"product_tag","embeddable":true,"href":"https:\/\/promocaododia.com.br\/site\/wp-json\/wp\/v2\/product_tag?post=1323"}],"curies":[{"name":"wp","href":"https:\/\/api.w.org\/{rel}","templated":true}]}}