{"id":1325,"date":"2022-11-30T18:56:35","date_gmt":"2022-11-30T21:56:35","guid":{"rendered":"https:\/\/promocaododia.com.br\/site\/?post_type=product&#038;p=1325"},"modified":"2022-11-30T18:56:35","modified_gmt":"2022-11-30T21:56:35","slug":"creatine-turbo-300g-black-skull","status":"publish","type":"product","link":"https:\/\/promocaododia.com.br\/site\/produto\/creatine-turbo-300g-black-skull\/","title":{"rendered":"Creatine Turbo 300g Black Skull"},"content":{"rendered":"<p>A Creatine Turbo\u00ae da linha Caveira Preta Series\u00ae da Black Skull USA? \u00e9 um suplemento a base de Creatina Monohidratada e Maltodextrina. Onde \u00e9 comprovado que, a utiliza\u00e7\u00e3o de carboidratos em conjunto com a creatina, promove maior efic\u00e1cia no efeito da creatina, al\u00e9m do carboidrato agir no aumento de energia, visando apoiar seus resultados nas atividades f\u00edsicas, oferecendo maior energia e consecutivamente, melhor desempenho. Com seus benef\u00edcios, apoia tamb\u00e9m o ganho de massa e a conclus\u00e3o dos treinos mantendo a qualidade de suas repeti\u00e7\u00f5es. Sendo recomendado o consumo de 6g (1 1\u20444 colher de ch\u00e1) ao dia. INGREDIENTES: Creatina Monohidratada e maltodextrina. N\u00c3O CONTEM GL\u00daTEN.<\/p>\n<p>COMO CONSUMIR?<\/p>\n<p>Adicionar 1 1\u20444 colher de ch\u00e1 (6g) do Creatine Turbo\u00ae em 150ml de \u00e1gua e consumir uma vez ao dia ou conforme recomenda\u00e7\u00e3o do fabricante. Importante que seu consumo esteja associado a uma alimenta\u00e7\u00e3o equilibarada.<\/p>\n<p>SAIBA MAIS: CREATINA<\/p>\n<p>A creatina \u00e9 um composto de amino\u00e1cido criado pelos rins, f\u00edgado e p\u00e2ncreas, por meio dos amino\u00e1cidos arginina e glicina, presentes nos alimentos com carnes e peixes, sendo que a cada 1kg de carne vermelha, encontra-se 5g de creatina. O uso desse suplemento sempre esteve em alta no mercado devido sua fun\u00e7\u00e3o de fortalecimento de energia tempor\u00e1ria, aumento de for\u00e7a e promove a hipertrofia devido ao aumento de for\u00e7a e volume de treinamento.<\/p>\n","protected":false},"excerpt":{"rendered":"<p>A Creatine Turbo\u00ae da linha Caveira Preta Series\u00ae da Black Skull USA? \u00e9 um suplemento a base de Creatina Monohidratada e Maltodextrina. Onde \u00e9 comprovado que, a utiliza\u00e7\u00e3o de carboidratos em conjunto com a creatina, promove maior efic\u00e1cia no efeito da creatina, al\u00e9m do carboidrato agir no aumento de energia, visando apoiar seus resultados nas atividades f\u00edsicas, oferecendo maior energia e consecutivamente, melhor desempenho. Com seus benef\u00edcios, apoia tamb\u00e9m o ganho de massa e a conclus\u00e3o dos treinos mantendo a qualidade de suas repeti\u00e7\u00f5es. Sendo recomendado o consumo de 6g (1 1\u20444 colher de ch\u00e1) ao dia. INGREDIENTES: Creatina Monohidratada e maltodextrina. N\u00c3O CONTEM GL\u00daTEN. COMO CONSUMIR? Adicionar 1 1\u20444 colher de ch\u00e1 (6g) do Creatine Turbo\u00ae em 150ml de \u00e1gua e consumir uma vez ao dia ou conforme recomenda\u00e7\u00e3o do fabricante. Importante que seu consumo esteja associado a uma alimenta\u00e7\u00e3o equilibarada. SAIBA MAIS: CREATINA A creatina \u00e9 um composto de amino\u00e1cido criado pelos rins, f\u00edgado e p\u00e2ncreas, por meio dos amino\u00e1cidos arginina e glicina, presentes nos alimentos com carnes e peixes, sendo que a cada 1kg de carne vermelha, encontra-se 5g de creatina. O uso desse suplemento sempre esteve em alta no mercado devido sua fun\u00e7\u00e3o de fortalecimento de energia tempor\u00e1ria, aumento de for\u00e7a e promove a hipertrofia devido ao aumento de for\u00e7a e volume de treinamento.<\/p>\n","protected":false},"featured_media":1326,"template":"","meta":{"_uag_custom_page_level_css":"","site-sidebar-layout":"default","site-content-layout":"default","ast-site-content-layout":"default","site-content-style":"default","site-sidebar-style":"default","ast-global-header-display":"","ast-banner-title-visibility":"","ast-main-header-display":"","ast-hfb-above-header-display":"","ast-hfb-below-header-display":"","ast-hfb-mobile-header-display":"","site-post-title":"","ast-breadcrumbs-content":"","ast-featured-img":"","footer-sml-layout":"","theme-transparent-header-meta":"default","adv-header-id-meta":"","stick-header-meta":"","header-above-stick-meta":"","header-main-stick-meta":"","header-below-stick-meta":"","astra-migrate-meta-layouts":"default","ast-page-background-enabled":"default","ast-page-background-meta":{"desktop":{"background-color":"","background-image":"","background-repeat":"repeat","background-position":"center center","background-size":"auto","background-attachment":"scroll","background-type":"","background-media":"","overlay-type":"","overlay-color":"","overlay-opacity":"","overlay-gradient":""},"tablet":{"background-color":"","background-image":"","background-repeat":"repeat","background-position":"center center","background-size":"auto","background-attachment":"scroll","background-type":"","background-media":"","overlay-type":"","overlay-color":"","overlay-opacity":"","overlay-gradient":""},"mobile":{"background-color":"","background-image":"","background-repeat":"repeat","background-position":"center center","background-size":"auto","background-attachment":"scroll","background-type":"","background-media":"","overlay-type":"","overlay-color":"","overlay-opacity":"","overlay-gradient":""}},"ast-content-background-meta":{"desktop":{"background-color":"var(--ast-global-color-5)","background-image":"","background-repeat":"repeat","background-position":"center center","background-size":"auto","background-attachment":"scroll","background-type":"","background-media":"","overlay-type":"","overlay-color":"","overlay-opacity":"","overlay-gradient":""},"tablet":{"background-color":"var(--ast-global-color-5)","background-image":"","background-repeat":"repeat","background-position":"center center","background-size":"auto","background-attachment":"scroll","background-type":"","background-media":"","overlay-type":"","overlay-color":"","overlay-opacity":"","overlay-gradient":""},"mobile":{"background-color":"var(--ast-global-color-5)","background-image":"","background-repeat":"repeat","background-position":"center center","background-size":"auto","background-attachment":"scroll","background-type":"","background-media":"","overlay-type":"","overlay-color":"","overlay-opacity":"","overlay-gradient":""}}},"product_brand":[],"product_cat":[284],"product_tag":[443,289,463,505],"class_list":{"0":"post-1325","1":"product","2":"type-product","3":"status-publish","4":"has-post-thumbnail","6":"product_cat-suplementos-alimentares","7":"product_tag-academia","8":"product_tag-creatinas","9":"product_tag-fitness","10":"product_tag-saude","11":"desktop-align-center","12":"tablet-align-left","13":"mobile-align-center","15":"first","16":"instock","17":"sale","18":"shipping-taxable","19":"product-type-external"},"uagb_featured_image_src":{"full":["https:\/\/promocaododia.com.br\/site\/wp-content\/uploads\/2022\/11\/Creatine-Turbo-300g-Black-Skull.jpg",600,600,false],"thumbnail":["https:\/\/promocaododia.com.br\/site\/wp-content\/uploads\/2022\/11\/Creatine-Turbo-300g-Black-Skull-150x150.jpg",150,150,true],"medium":["https:\/\/promocaododia.com.br\/site\/wp-content\/uploads\/2022\/11\/Creatine-Turbo-300g-Black-Skull-300x300.jpg",300,300,true],"medium_large":["https:\/\/promocaododia.com.br\/site\/wp-content\/uploads\/2022\/11\/Creatine-Turbo-300g-Black-Skull.jpg",600,600,false],"large":["https:\/\/promocaododia.com.br\/site\/wp-content\/uploads\/2022\/11\/Creatine-Turbo-300g-Black-Skull.jpg",600,600,false],"1536x1536":["https:\/\/promocaododia.com.br\/site\/wp-content\/uploads\/2022\/11\/Creatine-Turbo-300g-Black-Skull.jpg",600,600,false],"2048x2048":["https:\/\/promocaododia.com.br\/site\/wp-content\/uploads\/2022\/11\/Creatine-Turbo-300g-Black-Skull.jpg",600,600,false],"woocommerce_thumbnail":["https:\/\/promocaododia.com.br\/site\/wp-content\/uploads\/2022\/11\/Creatine-Turbo-300g-Black-Skull-250x250.jpg",250,250,true],"woocommerce_single":["https:\/\/promocaododia.com.br\/site\/wp-content\/uploads\/2022\/11\/Creatine-Turbo-300g-Black-Skull-250x250.jpg",250,250,true],"woocommerce_gallery_thumbnail":["https:\/\/promocaododia.com.br\/site\/wp-content\/uploads\/2022\/11\/Creatine-Turbo-300g-Black-Skull-100x100.jpg",100,100,true]},"uagb_author_info":{"display_name":"danilo.gbr","author_link":"https:\/\/promocaododia.com.br\/site\/author\/"},"uagb_comment_info":0,"uagb_excerpt":"A Creatine Turbo\u00ae da linha Caveira Preta Series\u00ae da Black Skull USA? \u00e9 um suplemento a base de Creatina Monohidratada e Maltodextrina. Onde \u00e9 comprovado que, a utiliza\u00e7\u00e3o de carboidratos em conjunto com a creatina, promove maior efic\u00e1cia no efeito da creatina, al\u00e9m do carboidrato agir no aumento de energia, visando apoiar seus resultados nas&hellip;","_links":{"self":[{"href":"https:\/\/promocaododia.com.br\/site\/wp-json\/wp\/v2\/product\/1325","targetHints":{"allow":["GET"]}}],"collection":[{"href":"https:\/\/promocaododia.com.br\/site\/wp-json\/wp\/v2\/product"}],"about":[{"href":"https:\/\/promocaododia.com.br\/site\/wp-json\/wp\/v2\/types\/product"}],"wp:featuredmedia":[{"embeddable":true,"href":"https:\/\/promocaododia.com.br\/site\/wp-json\/wp\/v2\/media\/1326"}],"wp:attachment":[{"href":"https:\/\/promocaododia.com.br\/site\/wp-json\/wp\/v2\/media?parent=1325"}],"wp:term":[{"taxonomy":"product_brand","embeddable":true,"href":"https:\/\/promocaododia.com.br\/site\/wp-json\/wp\/v2\/product_brand?post=1325"},{"taxonomy":"product_cat","embeddable":true,"href":"https:\/\/promocaododia.com.br\/site\/wp-json\/wp\/v2\/product_cat?post=1325"},{"taxonomy":"product_tag","embeddable":true,"href":"https:\/\/promocaododia.com.br\/site\/wp-json\/wp\/v2\/product_tag?post=1325"}],"curies":[{"name":"wp","href":"https:\/\/api.w.org\/{rel}","templated":true}]}}