{"id":1327,"date":"2022-11-30T19:04:48","date_gmt":"2022-11-30T22:04:48","guid":{"rendered":"https:\/\/promocaododia.com.br\/site\/?post_type=product&#038;p=1327"},"modified":"2022-11-30T19:04:49","modified_gmt":"2022-11-30T22:04:49","slug":"lava-e-seca-smart-lg-vc5-11kg-branca-com-inteligencia-artificial-aidd-220v-cv3011wg4-abwfbrs","status":"publish","type":"product","link":"https:\/\/promocaododia.com.br\/site\/produto\/lava-e-seca-smart-lg-vc5-11kg-branca-com-inteligencia-artificial-aidd-220v-cv3011wg4-abwfbrs\/","title":{"rendered":"Lava E Seca Smart Lg Vc5 11kg Branca Com Intelig\u00eancia Artificial Aidd 220v Cv3011wg4. Abwfbrs"},"content":{"rendered":"<p><b>lava E seca smart LG VC5 11KG branca com intelig\u00eancia artificial aidd 110V CV3011WG4. ABWFBRS<\/b><\/p>\n<p>A LG criou uma linha de Lava e Seca que \u00e9 inteligente em todos os detalhes, feita pra voc\u00ea que gosta de tecnologia e praticidade no seu dia a dia. Ela tem um design moderno e elegante, um display f\u00e1cil de manusear e com um novo bot\u00e3o seletor. Seu cesto 100% em a\u00e7o inox gera uma maior durabilidade do produto, n\u00e3o acumula bact\u00e9rias e n\u00e3o danifica as roupas.<\/p>\n<p><b>-\u00danica com Intelig\u00eancia Artificial de verdade<\/b><br \/>\nUtilizando a Tecnologia ai dd, a Lava e Seca LG faz uma an\u00e1lise e escolhe por voc\u00ea qual \u00e9 o padr\u00e3o de lavagem mais indicado para o tipo de roupa a ser lavado. Isso tudo com base em um estudo com mais de 20.000 lavagens acumuladas para entender como proteger cada tipo de tecido.<\/p>\n<p><b>-ai dd &#8211; Prote\u00e7\u00e3o at\u00e9 18% maior dos Tecidos<br \/>\n<\/b>A Tecnologia ai dd al\u00e9m de detectar o peso das suas roupas, ela detecta tamb\u00e9m a textura dos tecidos. Assim ela garante que, ap\u00f3s selecionar o ciclo de lavagem ideal para o tipo de roupa, os movimentos do cesto ser\u00e3o os mais adequados para aquela carga de roupa, preservando 18% mais os tecidos.<\/p>\n<p>E como a Intelig\u00eancia Artificial ai dd detecta suas roupas e entrega uma lavagem mais inteligente?<br \/>\nA Lava e Seca LG conta com um sensor inteligente que analisa a quantidade e tipos de tecido e busca o padr\u00e3o ideal de lavagem para suas roupas.<\/p>\n<p><b>-Lavagem Vapor Steam<\/b><br \/>\nO poderoso vapor que consegue eliminar at\u00e9 99,9% dos agentes alerg\u00eanicos que causam alergias e problemas respirat\u00f3rios, com todo cuidado e efici\u00eancia que s\u00f3 a LG traz para voc\u00ea. Suas roupas livres de \u00e1caros e bact\u00e9rias.<\/p>\n<p><b>-Ciclo de Lavagem R\u00e1pida em 14 Minutos<\/b><br \/>\nPara quem tem pressa, e precisa de suas roupas limpas em um tempo muito curto, o Ciclo R\u00e1pido 14 lava uma carga de roupas que estejam levemente sujas, associado ao ciclo de secagem de 30 minutos entrega suas roupas limpas e secas em apenas 44 minutos. *O tempo de secagem pode variar de acordo com a carga escolhida<\/p>\n<p><b>-Dimens\u00f5es compactadas e capacidade otimizada<\/b><br \/>\nEla \u00e9 mais compacta e tem um aproveitamento do cesto interno bem maior: Lava 11 kg e seca 7kg. Assim voc\u00ea reduz o n\u00famero de lavagens na semana e ainda lava pe\u00e7as mais volumosas, gra\u00e7as ao maior aproveitamento do espa\u00e7o interno da m\u00e1quina.<\/p>\n<p><b>Especifica\u00e7\u00f5es T\u00e9cnicas:<\/b><br \/>\n&#8211; Marca: lg<br \/>\n&#8211; Linha: VC5<br \/>\n&#8211; Modelo: CV3011WG4<br \/>\n&#8211; Voltagem: 127V<br \/>\n&#8211; Cor: Branca<br \/>\n&#8211; Capacidade de Lavagem: 11kg<br \/>\n&#8211; Movimentos de Lavagem: 6 Movimentos<br \/>\n&#8211; Motor Inverter Direct Drive: Sim<br \/>\n&#8211; Capacidade de Secagem: 7kg<br \/>\n&#8211; Consumo de \u00e1gua (Lavagem): 64,3<br \/>\n&#8211; Consumo de energia \u00e1gua quente (kwh\/ciclo): 1,49<br \/>\n&#8211; Consumo de energia \u00e1gua fria (kwh\/ciclo): 0,27<br \/>\n&#8211; Velocidades de centrifuga\u00e7\u00e3o (rpm): At\u00e9 1400 rpm<br \/>\n&#8211; Selo Procel: Sim<br \/>\n&#8211; Classifica\u00e7\u00e3o Energ\u00e9tica: a<br \/>\n&#8211; Programas de Lavagem: Normal, Mix, Lavagem Silenciosa, Roupa de Beb\u00ea, Lavagem a M\u00e3o\/L\u00e3, Secar, Limpeza o Cesto, Programas adicionais, Enx\u00e1gue Extra, Adicionar Carga, Centrifuga\u00e7\u00e3o, Algod\u00e3o +, Tecidos Sint\u00e9ticos, Antial\u00e9rgico, Delicados, R\u00e1pido 14, Lavar + Secar(7kg), Enxaguar + Centrifugar, Pr\u00e9-Lavagem, Adiar Fim.<br \/>\n&#8211; Dimens\u00f5es do Produto (LxAxP): 60 x 85 x 56,5 cm<br \/>\n&#8211; Peso L\u00edquido: 71 kg<br \/>\n&#8211; Garantia do Motor: 10 anos<br \/>\n&#8211; Garantia do Produto: 12 meses<\/p>\n","protected":false},"excerpt":{"rendered":"<p>lava E seca smart LG VC5 11KG branca com intelig\u00eancia artificial aidd 110V CV3011WG4. ABWFBRS A LG criou uma linha de Lava e Seca que \u00e9 inteligente em todos os detalhes, feita pra voc\u00ea que gosta de tecnologia e praticidade no seu dia a dia. Ela tem um design moderno e elegante, um display f\u00e1cil de manusear e com um novo bot\u00e3o seletor. Seu cesto 100% em a\u00e7o inox gera uma maior durabilidade do produto, n\u00e3o acumula bact\u00e9rias e n\u00e3o danifica as roupas. -\u00danica com Intelig\u00eancia Artificial de verdade Utilizando a Tecnologia ai dd, a Lava e Seca LG faz uma an\u00e1lise e escolhe por voc\u00ea qual \u00e9 o padr\u00e3o de lavagem mais indicado para o tipo de roupa a ser lavado. Isso tudo com base em um estudo com mais de 20.000 lavagens acumuladas para entender como proteger cada tipo de tecido. -ai dd &#8211; Prote\u00e7\u00e3o at\u00e9 18% maior dos Tecidos A Tecnologia ai dd al\u00e9m de detectar o peso das suas roupas, ela detecta tamb\u00e9m a textura dos tecidos. Assim ela garante que, ap\u00f3s selecionar o ciclo de lavagem ideal para o tipo de roupa, os movimentos do cesto ser\u00e3o os mais adequados para aquela carga de roupa, preservando 18% mais os tecidos. E como a Intelig\u00eancia Artificial ai dd detecta suas roupas e entrega uma lavagem mais inteligente? A Lava e Seca LG conta com um sensor inteligente que analisa a quantidade e tipos de tecido e busca o padr\u00e3o ideal de lavagem para suas roupas. -Lavagem Vapor Steam O poderoso vapor que consegue eliminar at\u00e9 99,9% dos agentes alerg\u00eanicos que causam alergias e problemas respirat\u00f3rios, com todo cuidado e efici\u00eancia que s\u00f3 a LG traz para voc\u00ea. Suas roupas livres de \u00e1caros e bact\u00e9rias. -Ciclo de Lavagem R\u00e1pida em 14 Minutos Para quem tem pressa, e precisa de suas roupas limpas em um tempo muito curto, o Ciclo R\u00e1pido 14 lava uma carga de roupas que estejam levemente sujas, associado ao ciclo de secagem de 30 minutos entrega suas roupas limpas e secas em apenas 44 minutos. *O tempo de secagem pode variar de acordo com a carga escolhida -Dimens\u00f5es compactadas e capacidade otimizada Ela \u00e9 mais compacta e tem um aproveitamento do cesto interno bem maior: Lava 11 kg e seca 7kg. Assim voc\u00ea reduz o n\u00famero de lavagens na semana e ainda lava pe\u00e7as mais volumosas, gra\u00e7as ao maior aproveitamento do espa\u00e7o interno da m\u00e1quina. Especifica\u00e7\u00f5es T\u00e9cnicas: &#8211; Marca: lg &#8211; Linha: VC5 &#8211; Modelo: CV3011WG4 &#8211; Voltagem: 127V &#8211; Cor: Branca &#8211; Capacidade de Lavagem: 11kg &#8211; Movimentos de Lavagem: 6 Movimentos &#8211; Motor Inverter Direct Drive: Sim &#8211; Capacidade de Secagem: 7kg &#8211; Consumo de \u00e1gua (Lavagem): 64,3 &#8211; Consumo de energia \u00e1gua quente (kwh\/ciclo): 1,49 &#8211; Consumo de energia \u00e1gua fria (kwh\/ciclo): 0,27 &#8211; Velocidades de centrifuga\u00e7\u00e3o (rpm): At\u00e9 1400 rpm &#8211; Selo Procel: Sim &#8211; Classifica\u00e7\u00e3o Energ\u00e9tica: a &#8211; Programas de Lavagem: Normal, Mix, Lavagem Silenciosa, Roupa de Beb\u00ea, Lavagem a M\u00e3o\/L\u00e3, Secar, Limpeza o Cesto, Programas adicionais, Enx\u00e1gue Extra, Adicionar Carga, Centrifuga\u00e7\u00e3o, Algod\u00e3o +, Tecidos Sint\u00e9ticos, Antial\u00e9rgico, Delicados, R\u00e1pido 14, Lavar + Secar(7kg), Enxaguar + Centrifugar, Pr\u00e9-Lavagem, Adiar Fim. &#8211; Dimens\u00f5es do Produto (LxAxP): 60 x 85 x 56,5 cm &#8211; Peso L\u00edquido: 71 kg &#8211; Garantia do Motor: 10 anos &#8211; Garantia do Produto: 12 meses<\/p>\n","protected":false},"featured_media":1328,"template":"","meta":{"_uag_custom_page_level_css":"","site-sidebar-layout":"default","site-content-layout":"default","ast-site-content-layout":"default","site-content-style":"default","site-sidebar-style":"default","ast-global-header-display":"","ast-banner-title-visibility":"","ast-main-header-display":"","ast-hfb-above-header-display":"","ast-hfb-below-header-display":"","ast-hfb-mobile-header-display":"","site-post-title":"","ast-breadcrumbs-content":"","ast-featured-img":"","footer-sml-layout":"","theme-transparent-header-meta":"default","adv-header-id-meta":"","stick-header-meta":"","header-above-stick-meta":"","header-main-stick-meta":"","header-below-stick-meta":"","astra-migrate-meta-layouts":"default","ast-page-background-enabled":"default","ast-page-background-meta":{"desktop":{"background-color":"","background-image":"","background-repeat":"repeat","background-position":"center center","background-size":"auto","background-attachment":"scroll","background-type":"","background-media":"","overlay-type":"","overlay-color":"","overlay-opacity":"","overlay-gradient":""},"tablet":{"background-color":"","background-image":"","background-repeat":"repeat","background-position":"center center","background-size":"auto","background-attachment":"scroll","background-type":"","background-media":"","overlay-type":"","overlay-color":"","overlay-opacity":"","overlay-gradient":""},"mobile":{"background-color":"","background-image":"","background-repeat":"repeat","background-position":"center center","background-size":"auto","background-attachment":"scroll","background-type":"","background-media":"","overlay-type":"","overlay-color":"","overlay-opacity":"","overlay-gradient":""}},"ast-content-background-meta":{"desktop":{"background-color":"var(--ast-global-color-5)","background-image":"","background-repeat":"repeat","background-position":"center center","background-size":"auto","background-attachment":"scroll","background-type":"","background-media":"","overlay-type":"","overlay-color":"","overlay-opacity":"","overlay-gradient":""},"tablet":{"background-color":"var(--ast-global-color-5)","background-image":"","background-repeat":"repeat","background-position":"center center","background-size":"auto","background-attachment":"scroll","background-type":"","background-media":"","overlay-type":"","overlay-color":"","overlay-opacity":"","overlay-gradient":""},"mobile":{"background-color":"var(--ast-global-color-5)","background-image":"","background-repeat":"repeat","background-position":"center center","background-size":"auto","background-attachment":"scroll","background-type":"","background-media":"","overlay-type":"","overlay-color":"","overlay-opacity":"","overlay-gradient":""}}},"product_brand":[],"product_cat":[28,29],"product_tag":[267,482,507],"class_list":{"0":"post-1327","1":"product","2":"type-product","3":"status-publish","4":"has-post-thumbnail","6":"product_cat-eletrodomesticos","7":"product_cat-lavadora","8":"product_tag-lava-e-seca","9":"product_tag-lavadora","10":"product_tag-midea","11":"desktop-align-center","12":"tablet-align-left","13":"mobile-align-center","15":"first","16":"instock","17":"sale","18":"shipping-taxable","19":"product-type-external"},"uagb_featured_image_src":{"full":["https:\/\/promocaododia.com.br\/site\/wp-content\/uploads\/2022\/11\/Lava-E-Seca-Smart-Lg-Vc5-11kg-Branca-Com-Inteligencia-Artificial-Aidd-110v-Cv3011wg4.-Abwfbrs.jpg",600,600,false],"thumbnail":["https:\/\/promocaododia.com.br\/site\/wp-content\/uploads\/2022\/11\/Lava-E-Seca-Smart-Lg-Vc5-11kg-Branca-Com-Inteligencia-Artificial-Aidd-110v-Cv3011wg4.-Abwfbrs-150x150.jpg",150,150,true],"medium":["https:\/\/promocaododia.com.br\/site\/wp-content\/uploads\/2022\/11\/Lava-E-Seca-Smart-Lg-Vc5-11kg-Branca-Com-Inteligencia-Artificial-Aidd-110v-Cv3011wg4.-Abwfbrs-300x300.jpg",300,300,true],"medium_large":["https:\/\/promocaododia.com.br\/site\/wp-content\/uploads\/2022\/11\/Lava-E-Seca-Smart-Lg-Vc5-11kg-Branca-Com-Inteligencia-Artificial-Aidd-110v-Cv3011wg4.-Abwfbrs.jpg",600,600,false],"large":["https:\/\/promocaododia.com.br\/site\/wp-content\/uploads\/2022\/11\/Lava-E-Seca-Smart-Lg-Vc5-11kg-Branca-Com-Inteligencia-Artificial-Aidd-110v-Cv3011wg4.-Abwfbrs.jpg",600,600,false],"1536x1536":["https:\/\/promocaododia.com.br\/site\/wp-content\/uploads\/2022\/11\/Lava-E-Seca-Smart-Lg-Vc5-11kg-Branca-Com-Inteligencia-Artificial-Aidd-110v-Cv3011wg4.-Abwfbrs.jpg",600,600,false],"2048x2048":["https:\/\/promocaododia.com.br\/site\/wp-content\/uploads\/2022\/11\/Lava-E-Seca-Smart-Lg-Vc5-11kg-Branca-Com-Inteligencia-Artificial-Aidd-110v-Cv3011wg4.-Abwfbrs.jpg",600,600,false],"woocommerce_thumbnail":["https:\/\/promocaododia.com.br\/site\/wp-content\/uploads\/2022\/11\/Lava-E-Seca-Smart-Lg-Vc5-11kg-Branca-Com-Inteligencia-Artificial-Aidd-110v-Cv3011wg4.-Abwfbrs-250x250.jpg",250,250,true],"woocommerce_single":["https:\/\/promocaododia.com.br\/site\/wp-content\/uploads\/2022\/11\/Lava-E-Seca-Smart-Lg-Vc5-11kg-Branca-Com-Inteligencia-Artificial-Aidd-110v-Cv3011wg4.-Abwfbrs-250x250.jpg",250,250,true],"woocommerce_gallery_thumbnail":["https:\/\/promocaododia.com.br\/site\/wp-content\/uploads\/2022\/11\/Lava-E-Seca-Smart-Lg-Vc5-11kg-Branca-Com-Inteligencia-Artificial-Aidd-110v-Cv3011wg4.-Abwfbrs-100x100.jpg",100,100,true]},"uagb_author_info":{"display_name":"danilo.gbr","author_link":"https:\/\/promocaododia.com.br\/site\/author\/"},"uagb_comment_info":0,"uagb_excerpt":"lava E seca smart LG VC5 11KG branca com intelig\u00eancia artificial aidd 110V CV3011WG4. ABWFBRS A LG criou uma linha de Lava e Seca que \u00e9 inteligente em todos os detalhes, feita pra voc\u00ea que gosta de tecnologia e praticidade no seu dia a dia. Ela tem um design moderno e elegante, um display f\u00e1cil&hellip;","_links":{"self":[{"href":"https:\/\/promocaododia.com.br\/site\/wp-json\/wp\/v2\/product\/1327","targetHints":{"allow":["GET"]}}],"collection":[{"href":"https:\/\/promocaododia.com.br\/site\/wp-json\/wp\/v2\/product"}],"about":[{"href":"https:\/\/promocaododia.com.br\/site\/wp-json\/wp\/v2\/types\/product"}],"wp:featuredmedia":[{"embeddable":true,"href":"https:\/\/promocaododia.com.br\/site\/wp-json\/wp\/v2\/media\/1328"}],"wp:attachment":[{"href":"https:\/\/promocaododia.com.br\/site\/wp-json\/wp\/v2\/media?parent=1327"}],"wp:term":[{"taxonomy":"product_brand","embeddable":true,"href":"https:\/\/promocaododia.com.br\/site\/wp-json\/wp\/v2\/product_brand?post=1327"},{"taxonomy":"product_cat","embeddable":true,"href":"https:\/\/promocaododia.com.br\/site\/wp-json\/wp\/v2\/product_cat?post=1327"},{"taxonomy":"product_tag","embeddable":true,"href":"https:\/\/promocaododia.com.br\/site\/wp-json\/wp\/v2\/product_tag?post=1327"}],"curies":[{"name":"wp","href":"https:\/\/api.w.org\/{rel}","templated":true}]}}