{"id":1333,"date":"2022-12-01T19:27:43","date_gmt":"2022-12-01T22:27:43","guid":{"rendered":"https:\/\/promocaododia.com.br\/site\/?post_type=product&#038;p=1333"},"modified":"2022-12-01T19:27:43","modified_gmt":"2022-12-01T22:27:43","slug":"smartphone-motorola-moto-edge-30-5g-8gb-ram-256gb-camera-tripla-50mp-tela-6-5-rose-pauc0036br","status":"publish","type":"product","link":"https:\/\/promocaododia.com.br\/site\/produto\/smartphone-motorola-moto-edge-30-5g-8gb-ram-256gb-camera-tripla-50mp-tela-6-5-rose-pauc0036br\/","title":{"rendered":"Smartphone Motorola Moto Edge 30, 5G, 8GB RAM, 256GB, C\u00e2mera Tripla 50MP, Tela 6.5, Rose &#8211; PAUC0036BR"},"content":{"rendered":"<p>Smartphone Motorola Moto Edge 30, 5G, 8GB RAM, 256GB, C\u00e2mera Tripla 50MP, Tela 6.5, Rose Agora n\u00e3o tem mais desculpas, o novo Motorola Edge G30 chegou para te trazer o melhor custo beneficio. Com uma c\u00e2mera tripla de 50MP e um processador de 8GB o Edge 30 n\u00e3o deixa a desejar. Excel\u00eancia em smatphone O Motorola Edge 30 \u00e9 um excelente smartphone Android que \u00e9 \u00f3timo para tirar fotos e vai satisfazer at\u00e9 os usu\u00e1rios mais exigentes. Ele possui uma enorme tela sens\u00edvel ao toque de 6,5 polegadas com resolu\u00e7\u00e3o de 2400&#215;1080 pixels. N\u00e3o h\u00e1 realmente nada de fora sobre os recursos deste Motorola Edge 30. A partir do 5G, permite transfer\u00eancia de dados e excelente navega\u00e7\u00e3o na internet, al\u00e9m de conectividade Wi-fi e GPS. Ele tamb\u00e9m possui um player multim\u00eddia, videoconfer\u00eancia e recursos Bluetooth. Destacamos uma boa mem\u00f3ria interna de 256 GB Multim\u00eddia Edge 30 O Motorola Edge 30 \u00e9 um produto com poucos concorrentes quando o assunto \u00e9 multim\u00eddia, gra\u00e7as \u00e0 c\u00e2mera de 50 megapixels, que permite ao Motorola Edge 30 tirar \u00f3timas fotos em 8165&#215;6124 pixels e uma impressionante resolu\u00e7\u00e3o de 3840&#215;2160 Grave v\u00eddeos 4K em alta taxa. Muito fino com apenas 6,8 mm, o que torna o Motorola Edge 30 muito divertido. Garanta o seu no KaBuM!<\/p>\n","protected":false},"excerpt":{"rendered":"<p>Smartphone Motorola Moto Edge 30, 5G, 8GB RAM, 256GB, C\u00e2mera Tripla 50MP, Tela 6.5, Rose Agora n\u00e3o tem mais desculpas, o novo Motorola Edge G30 chegou para te trazer o melhor custo beneficio. Com uma c\u00e2mera tripla de 50MP e um processador de 8GB o Edge 30 n\u00e3o deixa a desejar. Excel\u00eancia em smatphone O Motorola Edge 30 \u00e9 um excelente smartphone Android que \u00e9 \u00f3timo para tirar fotos e vai satisfazer at\u00e9 os usu\u00e1rios mais exigentes. Ele possui uma enorme tela sens\u00edvel ao toque de 6,5 polegadas com resolu\u00e7\u00e3o de 2400&#215;1080 pixels. N\u00e3o h\u00e1 realmente nada de fora sobre os recursos deste Motorola Edge 30. A partir do 5G, permite transfer\u00eancia de dados e excelente navega\u00e7\u00e3o na internet, al\u00e9m de conectividade Wi-fi e GPS. Ele tamb\u00e9m possui um player multim\u00eddia, videoconfer\u00eancia e recursos Bluetooth. Destacamos uma boa mem\u00f3ria interna de 256 GB Multim\u00eddia Edge 30 O Motorola Edge 30 \u00e9 um produto com poucos concorrentes quando o assunto \u00e9 multim\u00eddia, gra\u00e7as \u00e0 c\u00e2mera de 50 megapixels, que permite ao Motorola Edge 30 tirar \u00f3timas fotos em 8165&#215;6124 pixels e uma impressionante resolu\u00e7\u00e3o de 3840&#215;2160 Grave v\u00eddeos 4K em alta taxa. Muito fino com apenas 6,8 mm, o que torna o Motorola Edge 30 muito divertido. Garanta o seu no KaBuM!<\/p>\n","protected":false},"featured_media":1334,"template":"","meta":{"_uag_custom_page_level_css":"","site-sidebar-layout":"default","site-content-layout":"default","ast-site-content-layout":"default","site-content-style":"default","site-sidebar-style":"default","ast-global-header-display":"","ast-banner-title-visibility":"","ast-main-header-display":"","ast-hfb-above-header-display":"","ast-hfb-below-header-display":"","ast-hfb-mobile-header-display":"","site-post-title":"","ast-breadcrumbs-content":"","ast-featured-img":"","footer-sml-layout":"","theme-transparent-header-meta":"default","adv-header-id-meta":"","stick-header-meta":"","header-above-stick-meta":"","header-main-stick-meta":"","header-below-stick-meta":"","astra-migrate-meta-layouts":"default","ast-page-background-enabled":"default","ast-page-background-meta":{"desktop":{"background-color":"","background-image":"","background-repeat":"repeat","background-position":"center center","background-size":"auto","background-attachment":"scroll","background-type":"","background-media":"","overlay-type":"","overlay-color":"","overlay-opacity":"","overlay-gradient":""},"tablet":{"background-color":"","background-image":"","background-repeat":"repeat","background-position":"center center","background-size":"auto","background-attachment":"scroll","background-type":"","background-media":"","overlay-type":"","overlay-color":"","overlay-opacity":"","overlay-gradient":""},"mobile":{"background-color":"","background-image":"","background-repeat":"repeat","background-position":"center center","background-size":"auto","background-attachment":"scroll","background-type":"","background-media":"","overlay-type":"","overlay-color":"","overlay-opacity":"","overlay-gradient":""}},"ast-content-background-meta":{"desktop":{"background-color":"var(--ast-global-color-5)","background-image":"","background-repeat":"repeat","background-position":"center center","background-size":"auto","background-attachment":"scroll","background-type":"","background-media":"","overlay-type":"","overlay-color":"","overlay-opacity":"","overlay-gradient":""},"tablet":{"background-color":"var(--ast-global-color-5)","background-image":"","background-repeat":"repeat","background-position":"center center","background-size":"auto","background-attachment":"scroll","background-type":"","background-media":"","overlay-type":"","overlay-color":"","overlay-opacity":"","overlay-gradient":""},"mobile":{"background-color":"var(--ast-global-color-5)","background-image":"","background-repeat":"repeat","background-position":"center center","background-size":"auto","background-attachment":"scroll","background-type":"","background-media":"","overlay-type":"","overlay-color":"","overlay-opacity":"","overlay-gradient":""}}},"product_brand":[],"product_cat":[23,35],"product_tag":[143,140,90],"class_list":{"0":"post-1333","1":"product","2":"type-product","3":"status-publish","4":"has-post-thumbnail","6":"product_cat-celulares-e-tablets","7":"product_cat-smartphone","8":"product_tag-android","9":"product_tag-motorola","10":"product_tag-smartphone","11":"desktop-align-center","12":"tablet-align-left","13":"mobile-align-center","15":"first","16":"instock","17":"sale","18":"shipping-taxable","19":"product-type-external"},"uagb_featured_image_src":{"full":["https:\/\/promocaododia.com.br\/site\/wp-content\/uploads\/2022\/12\/Smartphone-Motorola-Moto-Edge-30-5G-8GB-RAM-256GB-Camera-Tripla-50MP-Tela-6.5-Rose-PAUC0036BR.jpg",600,600,false],"thumbnail":["https:\/\/promocaododia.com.br\/site\/wp-content\/uploads\/2022\/12\/Smartphone-Motorola-Moto-Edge-30-5G-8GB-RAM-256GB-Camera-Tripla-50MP-Tela-6.5-Rose-PAUC0036BR-150x150.jpg",150,150,true],"medium":["https:\/\/promocaododia.com.br\/site\/wp-content\/uploads\/2022\/12\/Smartphone-Motorola-Moto-Edge-30-5G-8GB-RAM-256GB-Camera-Tripla-50MP-Tela-6.5-Rose-PAUC0036BR-300x300.jpg",300,300,true],"medium_large":["https:\/\/promocaododia.com.br\/site\/wp-content\/uploads\/2022\/12\/Smartphone-Motorola-Moto-Edge-30-5G-8GB-RAM-256GB-Camera-Tripla-50MP-Tela-6.5-Rose-PAUC0036BR.jpg",600,600,false],"large":["https:\/\/promocaododia.com.br\/site\/wp-content\/uploads\/2022\/12\/Smartphone-Motorola-Moto-Edge-30-5G-8GB-RAM-256GB-Camera-Tripla-50MP-Tela-6.5-Rose-PAUC0036BR.jpg",600,600,false],"1536x1536":["https:\/\/promocaododia.com.br\/site\/wp-content\/uploads\/2022\/12\/Smartphone-Motorola-Moto-Edge-30-5G-8GB-RAM-256GB-Camera-Tripla-50MP-Tela-6.5-Rose-PAUC0036BR.jpg",600,600,false],"2048x2048":["https:\/\/promocaododia.com.br\/site\/wp-content\/uploads\/2022\/12\/Smartphone-Motorola-Moto-Edge-30-5G-8GB-RAM-256GB-Camera-Tripla-50MP-Tela-6.5-Rose-PAUC0036BR.jpg",600,600,false],"woocommerce_thumbnail":["https:\/\/promocaododia.com.br\/site\/wp-content\/uploads\/2022\/12\/Smartphone-Motorola-Moto-Edge-30-5G-8GB-RAM-256GB-Camera-Tripla-50MP-Tela-6.5-Rose-PAUC0036BR-250x250.jpg",250,250,true],"woocommerce_single":["https:\/\/promocaododia.com.br\/site\/wp-content\/uploads\/2022\/12\/Smartphone-Motorola-Moto-Edge-30-5G-8GB-RAM-256GB-Camera-Tripla-50MP-Tela-6.5-Rose-PAUC0036BR-250x250.jpg",250,250,true],"woocommerce_gallery_thumbnail":["https:\/\/promocaododia.com.br\/site\/wp-content\/uploads\/2022\/12\/Smartphone-Motorola-Moto-Edge-30-5G-8GB-RAM-256GB-Camera-Tripla-50MP-Tela-6.5-Rose-PAUC0036BR-100x100.jpg",100,100,true]},"uagb_author_info":{"display_name":"danilo.gbr","author_link":"https:\/\/promocaododia.com.br\/site\/author\/"},"uagb_comment_info":0,"uagb_excerpt":"Smartphone Motorola Moto Edge 30, 5G, 8GB RAM, 256GB, C\u00e2mera Tripla 50MP, Tela 6.5, Rose Agora n\u00e3o tem mais desculpas, o novo Motorola Edge G30 chegou para te trazer o melhor custo beneficio. Com uma c\u00e2mera tripla de 50MP e um processador de 8GB o Edge 30 n\u00e3o deixa a desejar. Excel\u00eancia em smatphone O&hellip;","_links":{"self":[{"href":"https:\/\/promocaododia.com.br\/site\/wp-json\/wp\/v2\/product\/1333","targetHints":{"allow":["GET"]}}],"collection":[{"href":"https:\/\/promocaododia.com.br\/site\/wp-json\/wp\/v2\/product"}],"about":[{"href":"https:\/\/promocaododia.com.br\/site\/wp-json\/wp\/v2\/types\/product"}],"wp:featuredmedia":[{"embeddable":true,"href":"https:\/\/promocaododia.com.br\/site\/wp-json\/wp\/v2\/media\/1334"}],"wp:attachment":[{"href":"https:\/\/promocaododia.com.br\/site\/wp-json\/wp\/v2\/media?parent=1333"}],"wp:term":[{"taxonomy":"product_brand","embeddable":true,"href":"https:\/\/promocaododia.com.br\/site\/wp-json\/wp\/v2\/product_brand?post=1333"},{"taxonomy":"product_cat","embeddable":true,"href":"https:\/\/promocaododia.com.br\/site\/wp-json\/wp\/v2\/product_cat?post=1333"},{"taxonomy":"product_tag","embeddable":true,"href":"https:\/\/promocaododia.com.br\/site\/wp-json\/wp\/v2\/product_tag?post=1333"}],"curies":[{"name":"wp","href":"https:\/\/api.w.org\/{rel}","templated":true}]}}