{"id":1335,"date":"2022-12-01T19:33:21","date_gmt":"2022-12-01T22:33:21","guid":{"rendered":"https:\/\/promocaododia.com.br\/site\/?post_type=product&#038;p=1335"},"modified":"2022-12-01T19:33:21","modified_gmt":"2022-12-01T22:33:21","slug":"bicicleta-south-stark-2021-aro-29-aluminio-freio-a-disco-24-marchas-cambio-importado","status":"publish","type":"product","link":"https:\/\/promocaododia.com.br\/site\/produto\/bicicleta-south-stark-2021-aro-29-aluminio-freio-a-disco-24-marchas-cambio-importado\/","title":{"rendered":"Bicicleta South Stark 2021 Aro 29 Alum\u00ednio Freio a disco 24 marchas C\u00e2mbio Importado"},"content":{"rendered":"<p>Distribu\u00eddo por: Southbike<\/p>\n<p>Bicicleta South Stark 2021 &#8211; Aro 29 &#8211; 24 Marchas &#8211; Freios a Disco &#8211; Suspens\u00e3o Dianteira<\/p>\n<p>Informa\u00e7\u00f5es T\u00e9cnicas:<br \/>\nModelo: Stark<br \/>\nG\u00eanero: Unissex<br \/>\nQuadro Stark 29&#8243; em Alum\u00ednio<br \/>\nAro Aero 29 Alum\u00ednio (parede dupla)<br \/>\nCubo Dianteiro\/Traseiro 36F para Freio a Disco preto Importado<br \/>\nC\u00e2mara de Ar 29 Importada<br \/>\nPneu 29&#215;1.95 de preto Importado<br \/>\nSelim mtb<br \/>\nCanote de Selim Alum\u00ednio<br \/>\nPedivela com Engrenagem Tripla encapada<br \/>\nAlavanca Rapid Fire 24 Velocidades Importada<br \/>\nSuporte de Guid\u00e3o Alum\u00ednio ahead set preto<br \/>\nGuid\u00e3o A\u00e7o 680mm mtb<br \/>\nRoda Livre 8 Velocidades Index<br \/>\nC\u00e2mbio Dianteiro 3V<br \/>\nC\u00e2mbio Traseiro 8V<br \/>\nCorrente fina Index Importada<br \/>\nPedal plataforma de nylon Importado<br \/>\nGarfo de suspens\u00e3o 29 Over em a\u00e7o preto Importado<br \/>\nFreio a disco dianteiro e traseiro mec\u00e2nico Importado<br \/>\nPa\u00eds de Origem Brasil<\/p>\n<p>Todas encomendas possuem rastreamento por transportadora.<\/p>\n<p>Imagens meramente ilustrativas.<\/p>\n","protected":false},"excerpt":{"rendered":"<p>Distribu\u00eddo por: Southbike Bicicleta South Stark 2021 &#8211; Aro 29 &#8211; 24 Marchas &#8211; Freios a Disco &#8211; Suspens\u00e3o Dianteira Informa\u00e7\u00f5es T\u00e9cnicas: Modelo: Stark G\u00eanero: Unissex Quadro Stark 29&#8243; em Alum\u00ednio Aro Aero 29 Alum\u00ednio (parede dupla) Cubo Dianteiro\/Traseiro 36F para Freio a Disco preto Importado C\u00e2mara de Ar 29 Importada Pneu 29&#215;1.95 de preto Importado Selim mtb Canote de Selim Alum\u00ednio Pedivela com Engrenagem Tripla encapada Alavanca Rapid Fire 24 Velocidades Importada Suporte de Guid\u00e3o Alum\u00ednio ahead set preto Guid\u00e3o A\u00e7o 680mm mtb Roda Livre 8 Velocidades Index C\u00e2mbio Dianteiro 3V C\u00e2mbio Traseiro 8V Corrente fina Index Importada Pedal plataforma de nylon Importado Garfo de suspens\u00e3o 29 Over em a\u00e7o preto Importado Freio a disco dianteiro e traseiro mec\u00e2nico Importado Pa\u00eds de Origem Brasil Todas encomendas possuem rastreamento por transportadora. Imagens meramente ilustrativas.<\/p>\n","protected":false},"featured_media":1336,"template":"","meta":{"_uag_custom_page_level_css":"","site-sidebar-layout":"default","site-content-layout":"default","ast-site-content-layout":"default","site-content-style":"default","site-sidebar-style":"default","ast-global-header-display":"","ast-banner-title-visibility":"","ast-main-header-display":"","ast-hfb-above-header-display":"","ast-hfb-below-header-display":"","ast-hfb-mobile-header-display":"","site-post-title":"","ast-breadcrumbs-content":"","ast-featured-img":"","footer-sml-layout":"","theme-transparent-header-meta":"default","adv-header-id-meta":"","stick-header-meta":"","header-above-stick-meta":"","header-main-stick-meta":"","header-below-stick-meta":"","astra-migrate-meta-layouts":"default","ast-page-background-enabled":"default","ast-page-background-meta":{"desktop":{"background-color":"","background-image":"","background-repeat":"repeat","background-position":"center center","background-size":"auto","background-attachment":"scroll","background-type":"","background-media":"","overlay-type":"","overlay-color":"","overlay-opacity":"","overlay-gradient":""},"tablet":{"background-color":"","background-image":"","background-repeat":"repeat","background-position":"center center","background-size":"auto","background-attachment":"scroll","background-type":"","background-media":"","overlay-type":"","overlay-color":"","overlay-opacity":"","overlay-gradient":""},"mobile":{"background-color":"","background-image":"","background-repeat":"repeat","background-position":"center center","background-size":"auto","background-attachment":"scroll","background-type":"","background-media":"","overlay-type":"","overlay-color":"","overlay-opacity":"","overlay-gradient":""}},"ast-content-background-meta":{"desktop":{"background-color":"var(--ast-global-color-5)","background-image":"","background-repeat":"repeat","background-position":"center center","background-size":"auto","background-attachment":"scroll","background-type":"","background-media":"","overlay-type":"","overlay-color":"","overlay-opacity":"","overlay-gradient":""},"tablet":{"background-color":"var(--ast-global-color-5)","background-image":"","background-repeat":"repeat","background-position":"center center","background-size":"auto","background-attachment":"scroll","background-type":"","background-media":"","overlay-type":"","overlay-color":"","overlay-opacity":"","overlay-gradient":""},"mobile":{"background-color":"var(--ast-global-color-5)","background-image":"","background-repeat":"repeat","background-position":"center center","background-size":"auto","background-attachment":"scroll","background-type":"","background-media":"","overlay-type":"","overlay-color":"","overlay-opacity":"","overlay-gradient":""}}},"product_brand":[],"product_cat":[196,51],"product_tag":[551,198,197,199],"class_list":{"0":"post-1335","1":"product","2":"type-product","3":"status-publish","4":"has-post-thumbnail","6":"product_cat-bicicletas","7":"product_cat-esporte-e-lazer","8":"product_tag-24-marchas","9":"product_tag-aro-29","10":"product_tag-bicicleta","11":"product_tag-freios-a-disco","12":"desktop-align-center","13":"tablet-align-left","14":"mobile-align-center","16":"first","17":"instock","18":"sale","19":"shipping-taxable","20":"product-type-external"},"uagb_featured_image_src":{"full":["https:\/\/promocaododia.com.br\/site\/wp-content\/uploads\/2022\/12\/Bicicleta-South-Stark-2021-Aro-29-Aluminio-Freio-a-disco-24-marchas-Cambio-Importado.jpg",600,600,false],"thumbnail":["https:\/\/promocaododia.com.br\/site\/wp-content\/uploads\/2022\/12\/Bicicleta-South-Stark-2021-Aro-29-Aluminio-Freio-a-disco-24-marchas-Cambio-Importado-150x150.jpg",150,150,true],"medium":["https:\/\/promocaododia.com.br\/site\/wp-content\/uploads\/2022\/12\/Bicicleta-South-Stark-2021-Aro-29-Aluminio-Freio-a-disco-24-marchas-Cambio-Importado-300x300.jpg",300,300,true],"medium_large":["https:\/\/promocaododia.com.br\/site\/wp-content\/uploads\/2022\/12\/Bicicleta-South-Stark-2021-Aro-29-Aluminio-Freio-a-disco-24-marchas-Cambio-Importado.jpg",600,600,false],"large":["https:\/\/promocaododia.com.br\/site\/wp-content\/uploads\/2022\/12\/Bicicleta-South-Stark-2021-Aro-29-Aluminio-Freio-a-disco-24-marchas-Cambio-Importado.jpg",600,600,false],"1536x1536":["https:\/\/promocaododia.com.br\/site\/wp-content\/uploads\/2022\/12\/Bicicleta-South-Stark-2021-Aro-29-Aluminio-Freio-a-disco-24-marchas-Cambio-Importado.jpg",600,600,false],"2048x2048":["https:\/\/promocaododia.com.br\/site\/wp-content\/uploads\/2022\/12\/Bicicleta-South-Stark-2021-Aro-29-Aluminio-Freio-a-disco-24-marchas-Cambio-Importado.jpg",600,600,false],"woocommerce_thumbnail":["https:\/\/promocaododia.com.br\/site\/wp-content\/uploads\/2022\/12\/Bicicleta-South-Stark-2021-Aro-29-Aluminio-Freio-a-disco-24-marchas-Cambio-Importado-250x250.jpg",250,250,true],"woocommerce_single":["https:\/\/promocaododia.com.br\/site\/wp-content\/uploads\/2022\/12\/Bicicleta-South-Stark-2021-Aro-29-Aluminio-Freio-a-disco-24-marchas-Cambio-Importado-250x250.jpg",250,250,true],"woocommerce_gallery_thumbnail":["https:\/\/promocaododia.com.br\/site\/wp-content\/uploads\/2022\/12\/Bicicleta-South-Stark-2021-Aro-29-Aluminio-Freio-a-disco-24-marchas-Cambio-Importado-100x100.jpg",100,100,true]},"uagb_author_info":{"display_name":"danilo.gbr","author_link":"https:\/\/promocaododia.com.br\/site\/author\/"},"uagb_comment_info":0,"uagb_excerpt":"Distribu\u00eddo por: Southbike Bicicleta South Stark 2021 &#8211; Aro 29 &#8211; 24 Marchas &#8211; Freios a Disco &#8211; Suspens\u00e3o Dianteira Informa\u00e7\u00f5es T\u00e9cnicas: Modelo: Stark G\u00eanero: Unissex Quadro Stark 29&#8243; em Alum\u00ednio Aro Aero 29 Alum\u00ednio (parede dupla) Cubo Dianteiro\/Traseiro 36F para Freio a Disco preto Importado C\u00e2mara de Ar 29 Importada Pneu 29&#215;1.95 de preto&hellip;","_links":{"self":[{"href":"https:\/\/promocaododia.com.br\/site\/wp-json\/wp\/v2\/product\/1335","targetHints":{"allow":["GET"]}}],"collection":[{"href":"https:\/\/promocaododia.com.br\/site\/wp-json\/wp\/v2\/product"}],"about":[{"href":"https:\/\/promocaododia.com.br\/site\/wp-json\/wp\/v2\/types\/product"}],"wp:featuredmedia":[{"embeddable":true,"href":"https:\/\/promocaododia.com.br\/site\/wp-json\/wp\/v2\/media\/1336"}],"wp:attachment":[{"href":"https:\/\/promocaododia.com.br\/site\/wp-json\/wp\/v2\/media?parent=1335"}],"wp:term":[{"taxonomy":"product_brand","embeddable":true,"href":"https:\/\/promocaododia.com.br\/site\/wp-json\/wp\/v2\/product_brand?post=1335"},{"taxonomy":"product_cat","embeddable":true,"href":"https:\/\/promocaododia.com.br\/site\/wp-json\/wp\/v2\/product_cat?post=1335"},{"taxonomy":"product_tag","embeddable":true,"href":"https:\/\/promocaododia.com.br\/site\/wp-json\/wp\/v2\/product_tag?post=1335"}],"curies":[{"name":"wp","href":"https:\/\/api.w.org\/{rel}","templated":true}]}}