{"id":1337,"date":"2022-12-01T19:39:50","date_gmt":"2022-12-01T22:39:50","guid":{"rendered":"https:\/\/promocaododia.com.br\/site\/?post_type=product&#038;p=1337"},"modified":"2022-12-01T19:39:50","modified_gmt":"2022-12-01T22:39:50","slug":"notebook-asus-x515ja-ej2734w-intel-core-i5-1035g1-4gb-256gb-ssd-w11-156-led-backlit-tft-lcd-cinza","status":"publish","type":"product","link":"https:\/\/promocaododia.com.br\/site\/produto\/notebook-asus-x515ja-ej2734w-intel-core-i5-1035g1-4gb-256gb-ssd-w11-156-led-backlit-tft-lcd-cinza\/","title":{"rendered":"Notebook Asus X515ja-Ej2734w Intel Core I5 1035g1 4gb 256gb Ssd W11 15,6 Led-Backlit Tft Lcd Cinza"},"content":{"rendered":"<p>Seja para trabalho ou lazer, o novo Notebook asus X515 \u00e9 perfeito para o dia-a-dia, que oferece desempenho e recursos visuais imersivos. Sua Tela NanoEdge possui bordas incrivelmente finas e um revestimento fosco antirreflexo para uma experi\u00eancia verdadeiramente envolvente. Al\u00e9m disso, o notebook asus X515 possui armazenamento SSD\u00b9, que al\u00e9m de mais r\u00e1pido \u00e9 mais leve e mais seguro, enquanto seu chassi refor\u00e7ado melhora a digita\u00e7\u00e3o e permite abrir e fechar a tampa em um movimento suave.<br \/>\nNo interior do asus X515, existe uma estrutura de suporte de metal embaixo do teclado que fornece uma plataforma muito mais est\u00e1vel ao digitar e usar o touchpad. Al\u00e9m de fornecer rigidez estrutural, tamb\u00e9m fortalece a articula\u00e7\u00e3o da dobradi\u00e7a e protege os componentes internos. Os lados da tampa tamb\u00e9m s\u00e3o refor\u00e7ados e funcionam como vigas de prote\u00e7\u00e3o contra impactos laterais em autom\u00f3veis. Eles fornecem suporte estrutural para a tampa, o painel de LED e a junta de dobradi\u00e7a.<br \/>\nProte\u00e7\u00e3o f\u00edsica e tamb\u00e9m para os seus dados. O asus X515 possui op\u00e7\u00f5es com armazenamento duplo SSD\u00b9, que juntamente com o hdd \u00e9 a combina\u00e7\u00e3o perfeita de velocidade e seguran\u00e7a.<br \/>\nSe voc\u00ea est\u00e1 sempre em movimento e quer produtividade onde estiver, o asus X515 tem tela grande, mas corpo pequeno. Provavelmente voc\u00ea deve pensar que notebooks de 15 polegadas s\u00e3o grandes, mas como a moldura da tela \u00e9 muito fina, o notebook ficou extremamente compacto, ainda assim sem perder produtividade e mantendo o teclado num\u00e9rico. Ele ainda \u00e9 leve, com apenas 1,8Kg, e bem fino, com 19,9mm de espessura &#8211; perfeito para levar, com voc\u00ea, onde for.<br \/>\nJ\u00e1 que o asus X515 estar\u00e1 sempre com voc\u00ea, ele precisa estar sempre pronto! Com o carregamento r\u00e1pido, voc\u00ea pode ter 60% da sua carga total em apenas 49 minutos de tomada. E para que isso aconte\u00e7a com total seguran\u00e7a, a asus desenvolveu a exclusiva tecnologia que monitora a bateria, protegendo-a de sobrecargas e com isso aumentando a vida \u00fatil em at\u00e9 3 vezes.<br \/>\nNo interior, ele \u00e9 alimentado pelo processador at\u00e9 Intel Core i5 da 10\u00aa gera\u00e7\u00e3o, dispon\u00edvel em vers\u00f5es de at\u00e9 8GB de mem\u00f3ria ram e at\u00e9 512GB de armazenamento ssd ou 1256GB de armazenamento duplo, SSD\u00b9 mais 1 hdd.<br \/>\nAl\u00e9m disso, o novo asus X515 est\u00e1 equipado com a porta revers\u00edvel USB Tipo-C 3.2, para transfer\u00eancia de dados at\u00e9 10x mais r\u00e1pidas\u00b3 do que as conex\u00f5es USB 2.0 mais antigas, e portas USB Tipo-A 3.2 e 2.0, sa\u00edda hdmi &#8211; para que voc\u00ea possa conectar facilmente todos os seus perif\u00e9ricos, monitores e projetores atuais, sem complica\u00e7\u00f5es. Dispon\u00edvel com Windows 10 Home \/ Windows 11 Home ou Endless os.<br \/>\nNovo Notebook asus X515, f\u00e1cil de levar e produtividade sem esfor\u00e7o.<br \/>\nDisclaimer obrigat\u00f3rio<\/p>\n","protected":false},"excerpt":{"rendered":"<p>Seja para trabalho ou lazer, o novo Notebook asus X515 \u00e9 perfeito para o dia-a-dia, que oferece desempenho e recursos visuais imersivos. Sua Tela NanoEdge possui bordas incrivelmente finas e um revestimento fosco antirreflexo para uma experi\u00eancia verdadeiramente envolvente. Al\u00e9m disso, o notebook asus X515 possui armazenamento SSD\u00b9, que al\u00e9m de mais r\u00e1pido \u00e9 mais leve e mais seguro, enquanto seu chassi refor\u00e7ado melhora a digita\u00e7\u00e3o e permite abrir e fechar a tampa em um movimento suave. No interior do asus X515, existe uma estrutura de suporte de metal embaixo do teclado que fornece uma plataforma muito mais est\u00e1vel ao digitar e usar o touchpad. Al\u00e9m de fornecer rigidez estrutural, tamb\u00e9m fortalece a articula\u00e7\u00e3o da dobradi\u00e7a e protege os componentes internos. Os lados da tampa tamb\u00e9m s\u00e3o refor\u00e7ados e funcionam como vigas de prote\u00e7\u00e3o contra impactos laterais em autom\u00f3veis. Eles fornecem suporte estrutural para a tampa, o painel de LED e a junta de dobradi\u00e7a. Prote\u00e7\u00e3o f\u00edsica e tamb\u00e9m para os seus dados. O asus X515 possui op\u00e7\u00f5es com armazenamento duplo SSD\u00b9, que juntamente com o hdd \u00e9 a combina\u00e7\u00e3o perfeita de velocidade e seguran\u00e7a. Se voc\u00ea est\u00e1 sempre em movimento e quer produtividade onde estiver, o asus X515 tem tela grande, mas corpo pequeno. Provavelmente voc\u00ea deve pensar que notebooks de 15 polegadas s\u00e3o grandes, mas como a moldura da tela \u00e9 muito fina, o notebook ficou extremamente compacto, ainda assim sem perder produtividade e mantendo o teclado num\u00e9rico. Ele ainda \u00e9 leve, com apenas 1,8Kg, e bem fino, com 19,9mm de espessura &#8211; perfeito para levar, com voc\u00ea, onde for. J\u00e1 que o asus X515 estar\u00e1 sempre com voc\u00ea, ele precisa estar sempre pronto! Com o carregamento r\u00e1pido, voc\u00ea pode ter 60% da sua carga total em apenas 49 minutos de tomada. E para que isso aconte\u00e7a com total seguran\u00e7a, a asus desenvolveu a exclusiva tecnologia que monitora a bateria, protegendo-a de sobrecargas e com isso aumentando a vida \u00fatil em at\u00e9 3 vezes. No interior, ele \u00e9 alimentado pelo processador at\u00e9 Intel Core i5 da 10\u00aa gera\u00e7\u00e3o, dispon\u00edvel em vers\u00f5es de at\u00e9 8GB de mem\u00f3ria ram e at\u00e9 512GB de armazenamento ssd ou 1256GB de armazenamento duplo, SSD\u00b9 mais 1 hdd. Al\u00e9m disso, o novo asus X515 est\u00e1 equipado com a porta revers\u00edvel USB Tipo-C 3.2, para transfer\u00eancia de dados at\u00e9 10x mais r\u00e1pidas\u00b3 do que as conex\u00f5es USB 2.0 mais antigas, e portas USB Tipo-A 3.2 e 2.0, sa\u00edda hdmi &#8211; para que voc\u00ea possa conectar facilmente todos os seus perif\u00e9ricos, monitores e projetores atuais, sem complica\u00e7\u00f5es. Dispon\u00edvel com Windows 10 Home \/ Windows 11 Home ou Endless os. Novo Notebook asus X515, f\u00e1cil de levar e produtividade sem esfor\u00e7o. Disclaimer obrigat\u00f3rio<\/p>\n","protected":false},"featured_media":1338,"template":"","meta":{"_uag_custom_page_level_css":"","site-sidebar-layout":"default","site-content-layout":"default","ast-site-content-layout":"default","site-content-style":"default","site-sidebar-style":"default","ast-global-header-display":"","ast-banner-title-visibility":"","ast-main-header-display":"","ast-hfb-above-header-display":"","ast-hfb-below-header-display":"","ast-hfb-mobile-header-display":"","site-post-title":"","ast-breadcrumbs-content":"","ast-featured-img":"","footer-sml-layout":"","theme-transparent-header-meta":"default","adv-header-id-meta":"","stick-header-meta":"","header-above-stick-meta":"","header-main-stick-meta":"","header-below-stick-meta":"","astra-migrate-meta-layouts":"default","ast-page-background-enabled":"default","ast-page-background-meta":{"desktop":{"background-color":"","background-image":"","background-repeat":"repeat","background-position":"center center","background-size":"auto","background-attachment":"scroll","background-type":"","background-media":"","overlay-type":"","overlay-color":"","overlay-opacity":"","overlay-gradient":""},"tablet":{"background-color":"","background-image":"","background-repeat":"repeat","background-position":"center center","background-size":"auto","background-attachment":"scroll","background-type":"","background-media":"","overlay-type":"","overlay-color":"","overlay-opacity":"","overlay-gradient":""},"mobile":{"background-color":"","background-image":"","background-repeat":"repeat","background-position":"center center","background-size":"auto","background-attachment":"scroll","background-type":"","background-media":"","overlay-type":"","overlay-color":"","overlay-opacity":"","overlay-gradient":""}},"ast-content-background-meta":{"desktop":{"background-color":"var(--ast-global-color-5)","background-image":"","background-repeat":"repeat","background-position":"center center","background-size":"auto","background-attachment":"scroll","background-type":"","background-media":"","overlay-type":"","overlay-color":"","overlay-opacity":"","overlay-gradient":""},"tablet":{"background-color":"var(--ast-global-color-5)","background-image":"","background-repeat":"repeat","background-position":"center center","background-size":"auto","background-attachment":"scroll","background-type":"","background-media":"","overlay-type":"","overlay-color":"","overlay-opacity":"","overlay-gradient":""},"mobile":{"background-color":"var(--ast-global-color-5)","background-image":"","background-repeat":"repeat","background-position":"center center","background-size":"auto","background-attachment":"scroll","background-type":"","background-media":"","overlay-type":"","overlay-color":"","overlay-opacity":"","overlay-gradient":""}}},"product_brand":[],"product_cat":[75,62],"product_tag":[239,238,316,83,82],"class_list":{"0":"post-1337","1":"product","2":"type-product","3":"status-publish","4":"has-post-thumbnail","6":"product_cat-informatica-e-acessorios","7":"product_cat-notebook","8":"product_tag-256gb-ssd","9":"product_tag-4gb-ram","10":"product_tag-core-i5","11":"product_tag-informatica","12":"product_tag-notebook","13":"desktop-align-center","14":"tablet-align-left","15":"mobile-align-center","17":"first","18":"instock","19":"sale","20":"shipping-taxable","21":"product-type-external"},"uagb_featured_image_src":{"full":["https:\/\/promocaododia.com.br\/site\/wp-content\/uploads\/2022\/12\/Notebook-Asus-X515ja-Ej2734w-Intel-Core-I5-1035g1-4gb-256gb-Ssd-W11-156-Led-Backlit-Tft-Lcd-Cinza.jpg",600,600,false],"thumbnail":["https:\/\/promocaododia.com.br\/site\/wp-content\/uploads\/2022\/12\/Notebook-Asus-X515ja-Ej2734w-Intel-Core-I5-1035g1-4gb-256gb-Ssd-W11-156-Led-Backlit-Tft-Lcd-Cinza-150x150.jpg",150,150,true],"medium":["https:\/\/promocaododia.com.br\/site\/wp-content\/uploads\/2022\/12\/Notebook-Asus-X515ja-Ej2734w-Intel-Core-I5-1035g1-4gb-256gb-Ssd-W11-156-Led-Backlit-Tft-Lcd-Cinza-300x300.jpg",300,300,true],"medium_large":["https:\/\/promocaododia.com.br\/site\/wp-content\/uploads\/2022\/12\/Notebook-Asus-X515ja-Ej2734w-Intel-Core-I5-1035g1-4gb-256gb-Ssd-W11-156-Led-Backlit-Tft-Lcd-Cinza.jpg",600,600,false],"large":["https:\/\/promocaododia.com.br\/site\/wp-content\/uploads\/2022\/12\/Notebook-Asus-X515ja-Ej2734w-Intel-Core-I5-1035g1-4gb-256gb-Ssd-W11-156-Led-Backlit-Tft-Lcd-Cinza.jpg",600,600,false],"1536x1536":["https:\/\/promocaododia.com.br\/site\/wp-content\/uploads\/2022\/12\/Notebook-Asus-X515ja-Ej2734w-Intel-Core-I5-1035g1-4gb-256gb-Ssd-W11-156-Led-Backlit-Tft-Lcd-Cinza.jpg",600,600,false],"2048x2048":["https:\/\/promocaododia.com.br\/site\/wp-content\/uploads\/2022\/12\/Notebook-Asus-X515ja-Ej2734w-Intel-Core-I5-1035g1-4gb-256gb-Ssd-W11-156-Led-Backlit-Tft-Lcd-Cinza.jpg",600,600,false],"woocommerce_thumbnail":["https:\/\/promocaododia.com.br\/site\/wp-content\/uploads\/2022\/12\/Notebook-Asus-X515ja-Ej2734w-Intel-Core-I5-1035g1-4gb-256gb-Ssd-W11-156-Led-Backlit-Tft-Lcd-Cinza-250x250.jpg",250,250,true],"woocommerce_single":["https:\/\/promocaododia.com.br\/site\/wp-content\/uploads\/2022\/12\/Notebook-Asus-X515ja-Ej2734w-Intel-Core-I5-1035g1-4gb-256gb-Ssd-W11-156-Led-Backlit-Tft-Lcd-Cinza-250x250.jpg",250,250,true],"woocommerce_gallery_thumbnail":["https:\/\/promocaododia.com.br\/site\/wp-content\/uploads\/2022\/12\/Notebook-Asus-X515ja-Ej2734w-Intel-Core-I5-1035g1-4gb-256gb-Ssd-W11-156-Led-Backlit-Tft-Lcd-Cinza-100x100.jpg",100,100,true]},"uagb_author_info":{"display_name":"danilo.gbr","author_link":"https:\/\/promocaododia.com.br\/site\/author\/"},"uagb_comment_info":0,"uagb_excerpt":"Seja para trabalho ou lazer, o novo Notebook asus X515 \u00e9 perfeito para o dia-a-dia, que oferece desempenho e recursos visuais imersivos. Sua Tela NanoEdge possui bordas incrivelmente finas e um revestimento fosco antirreflexo para uma experi\u00eancia verdadeiramente envolvente. Al\u00e9m disso, o notebook asus X515 possui armazenamento SSD\u00b9, que al\u00e9m de mais r\u00e1pido \u00e9 mais&hellip;","_links":{"self":[{"href":"https:\/\/promocaododia.com.br\/site\/wp-json\/wp\/v2\/product\/1337","targetHints":{"allow":["GET"]}}],"collection":[{"href":"https:\/\/promocaododia.com.br\/site\/wp-json\/wp\/v2\/product"}],"about":[{"href":"https:\/\/promocaododia.com.br\/site\/wp-json\/wp\/v2\/types\/product"}],"wp:featuredmedia":[{"embeddable":true,"href":"https:\/\/promocaododia.com.br\/site\/wp-json\/wp\/v2\/media\/1338"}],"wp:attachment":[{"href":"https:\/\/promocaododia.com.br\/site\/wp-json\/wp\/v2\/media?parent=1337"}],"wp:term":[{"taxonomy":"product_brand","embeddable":true,"href":"https:\/\/promocaododia.com.br\/site\/wp-json\/wp\/v2\/product_brand?post=1337"},{"taxonomy":"product_cat","embeddable":true,"href":"https:\/\/promocaododia.com.br\/site\/wp-json\/wp\/v2\/product_cat?post=1337"},{"taxonomy":"product_tag","embeddable":true,"href":"https:\/\/promocaododia.com.br\/site\/wp-json\/wp\/v2\/product_tag?post=1337"}],"curies":[{"name":"wp","href":"https:\/\/api.w.org\/{rel}","templated":true}]}}