{"id":1348,"date":"2022-12-02T19:21:55","date_gmt":"2022-12-02T22:21:55","guid":{"rendered":"https:\/\/promocaododia.com.br\/site\/?post_type=product&#038;p=1348"},"modified":"2022-12-02T19:21:55","modified_gmt":"2022-12-02T22:21:55","slug":"tenis-esportivo-masculino-olimp-caminhada-academia-original-olimpak","status":"publish","type":"product","link":"https:\/\/promocaododia.com.br\/site\/produto\/tenis-esportivo-masculino-olimp-caminhada-academia-original-olimpak\/","title":{"rendered":"T\u00eanis Esportivo Masculino Olimp Caminhada Academia Original &#8211; OLIMPAK"},"content":{"rendered":"<p>PRODUTO ORIGINAL<br \/>\nT\u00eanis Olimpak Esportivo Masculino. Com design jovem, este t\u00eanis pode ser usado em qualquer ocasi\u00e3o: caminhada, corrida, academia, trabalho ou passeio. Suas principais caracter\u00edsticas s\u00e3o: leveza, maciez, conforto e estilo<\/p>\n<p>Especifica\u00e7\u00f5es T\u00e9cnicas:<br \/>\nCabedal: Nylon e P.u. (poliuretano<br \/>\nPalmilha: Em Eva<br \/>\nSolado: Em Micro Expandido<br \/>\nEstilo: T\u00eanis esportivo<br \/>\nMarca: Olimpak<br \/>\nGarantia de 30 dias: Contra defeitos de fabrica\u00e7\u00e3o<\/p>\n<p>A Forma do t\u00eanis \u00e9 Normal e voc\u00ea pode conferir o tamanho das palmilhas de acordo com a Tabela abaixo:<\/p>\n<p>Medida da Palmilha<br \/>\n38&#8230;&#8230;&#8230;&#8230;&#8230;..26,5 cm<br \/>\n39&#8230;&#8230;&#8230;&#8230;&#8230;..27,0 cm<br \/>\n40&#8230;&#8230;&#8230;&#8230;&#8230;..27,5 cm<br \/>\n41&#8230;&#8230;&#8230;&#8230;&#8230;..28,5 cm<br \/>\n42&#8230;&#8230;&#8230;&#8230;&#8230;.29,0 cm<br \/>\n43&#8230;&#8230;&#8230;&#8230;&#8230;.29,0 cm<\/p>\n<p>Agradecemos sua visita ao nosso produto e te desejamos uma boa compra!<\/p>\n","protected":false},"excerpt":{"rendered":"<p>PRODUTO ORIGINAL T\u00eanis Olimpak Esportivo Masculino. Com design jovem, este t\u00eanis pode ser usado em qualquer ocasi\u00e3o: caminhada, corrida, academia, trabalho ou passeio. Suas principais caracter\u00edsticas s\u00e3o: leveza, maciez, conforto e estilo Especifica\u00e7\u00f5es T\u00e9cnicas: Cabedal: Nylon e P.u. (poliuretano Palmilha: Em Eva Solado: Em Micro Expandido Estilo: T\u00eanis esportivo Marca: Olimpak Garantia de 30 dias: Contra defeitos de fabrica\u00e7\u00e3o A Forma do t\u00eanis \u00e9 Normal e voc\u00ea pode conferir o tamanho das palmilhas de acordo com a Tabela abaixo: Medida da Palmilha 38&#8230;&#8230;&#8230;&#8230;&#8230;..26,5 cm 39&#8230;&#8230;&#8230;&#8230;&#8230;..27,0 cm 40&#8230;&#8230;&#8230;&#8230;&#8230;..27,5 cm 41&#8230;&#8230;&#8230;&#8230;&#8230;..28,5 cm 42&#8230;&#8230;&#8230;&#8230;&#8230;.29,0 cm 43&#8230;&#8230;&#8230;&#8230;&#8230;.29,0 cm Agradecemos sua visita ao nosso produto e te desejamos uma boa compra!<\/p>\n","protected":false},"featured_media":1349,"template":"","meta":{"_uag_custom_page_level_css":"","site-sidebar-layout":"default","site-content-layout":"default","ast-site-content-layout":"default","site-content-style":"default","site-sidebar-style":"default","ast-global-header-display":"","ast-banner-title-visibility":"","ast-main-header-display":"","ast-hfb-above-header-display":"","ast-hfb-below-header-display":"","ast-hfb-mobile-header-display":"","site-post-title":"","ast-breadcrumbs-content":"","ast-featured-img":"","footer-sml-layout":"","theme-transparent-header-meta":"default","adv-header-id-meta":"","stick-header-meta":"","header-above-stick-meta":"","header-main-stick-meta":"","header-below-stick-meta":"","astra-migrate-meta-layouts":"default","ast-page-background-enabled":"default","ast-page-background-meta":{"desktop":{"background-color":"","background-image":"","background-repeat":"repeat","background-position":"center center","background-size":"auto","background-attachment":"scroll","background-type":"","background-media":"","overlay-type":"","overlay-color":"","overlay-opacity":"","overlay-gradient":""},"tablet":{"background-color":"","background-image":"","background-repeat":"repeat","background-position":"center center","background-size":"auto","background-attachment":"scroll","background-type":"","background-media":"","overlay-type":"","overlay-color":"","overlay-opacity":"","overlay-gradient":""},"mobile":{"background-color":"","background-image":"","background-repeat":"repeat","background-position":"center center","background-size":"auto","background-attachment":"scroll","background-type":"","background-media":"","overlay-type":"","overlay-color":"","overlay-opacity":"","overlay-gradient":""}},"ast-content-background-meta":{"desktop":{"background-color":"var(--ast-global-color-5)","background-image":"","background-repeat":"repeat","background-position":"center center","background-size":"auto","background-attachment":"scroll","background-type":"","background-media":"","overlay-type":"","overlay-color":"","overlay-opacity":"","overlay-gradient":""},"tablet":{"background-color":"var(--ast-global-color-5)","background-image":"","background-repeat":"repeat","background-position":"center center","background-size":"auto","background-attachment":"scroll","background-type":"","background-media":"","overlay-type":"","overlay-color":"","overlay-opacity":"","overlay-gradient":""},"mobile":{"background-color":"var(--ast-global-color-5)","background-image":"","background-repeat":"repeat","background-position":"center center","background-size":"auto","background-attachment":"scroll","background-type":"","background-media":"","overlay-type":"","overlay-color":"","overlay-opacity":"","overlay-gradient":""}}},"product_brand":[],"product_cat":[77,31,30],"product_tag":[184,499,80,546],"class_list":{"0":"post-1348","1":"product","2":"type-product","3":"status-publish","4":"has-post-thumbnail","6":"product_cat-calcados","7":"product_cat-masculina","8":"product_cat-moda","9":"product_tag-moda","10":"product_tag-moda-masculina","11":"product_tag-tenis","12":"product_tag-tenis-corrida","13":"desktop-align-center","14":"tablet-align-left","15":"mobile-align-center","17":"first","18":"instock","19":"sale","20":"shipping-taxable","21":"product-type-external"},"uagb_featured_image_src":{"full":["https:\/\/promocaododia.com.br\/site\/wp-content\/uploads\/2022\/12\/Tenis-Esportivo-Masculino-Olimp-Caminhada-Academia-Original-OLIMPAK.jpg",600,600,false],"thumbnail":["https:\/\/promocaododia.com.br\/site\/wp-content\/uploads\/2022\/12\/Tenis-Esportivo-Masculino-Olimp-Caminhada-Academia-Original-OLIMPAK-150x150.jpg",150,150,true],"medium":["https:\/\/promocaododia.com.br\/site\/wp-content\/uploads\/2022\/12\/Tenis-Esportivo-Masculino-Olimp-Caminhada-Academia-Original-OLIMPAK-300x300.jpg",300,300,true],"medium_large":["https:\/\/promocaododia.com.br\/site\/wp-content\/uploads\/2022\/12\/Tenis-Esportivo-Masculino-Olimp-Caminhada-Academia-Original-OLIMPAK.jpg",600,600,false],"large":["https:\/\/promocaododia.com.br\/site\/wp-content\/uploads\/2022\/12\/Tenis-Esportivo-Masculino-Olimp-Caminhada-Academia-Original-OLIMPAK.jpg",600,600,false],"1536x1536":["https:\/\/promocaododia.com.br\/site\/wp-content\/uploads\/2022\/12\/Tenis-Esportivo-Masculino-Olimp-Caminhada-Academia-Original-OLIMPAK.jpg",600,600,false],"2048x2048":["https:\/\/promocaododia.com.br\/site\/wp-content\/uploads\/2022\/12\/Tenis-Esportivo-Masculino-Olimp-Caminhada-Academia-Original-OLIMPAK.jpg",600,600,false],"woocommerce_thumbnail":["https:\/\/promocaododia.com.br\/site\/wp-content\/uploads\/2022\/12\/Tenis-Esportivo-Masculino-Olimp-Caminhada-Academia-Original-OLIMPAK-250x250.jpg",250,250,true],"woocommerce_single":["https:\/\/promocaododia.com.br\/site\/wp-content\/uploads\/2022\/12\/Tenis-Esportivo-Masculino-Olimp-Caminhada-Academia-Original-OLIMPAK-250x250.jpg",250,250,true],"woocommerce_gallery_thumbnail":["https:\/\/promocaododia.com.br\/site\/wp-content\/uploads\/2022\/12\/Tenis-Esportivo-Masculino-Olimp-Caminhada-Academia-Original-OLIMPAK-100x100.jpg",100,100,true]},"uagb_author_info":{"display_name":"danilo.gbr","author_link":"https:\/\/promocaododia.com.br\/site\/author\/"},"uagb_comment_info":0,"uagb_excerpt":"PRODUTO ORIGINAL T\u00eanis Olimpak Esportivo Masculino. Com design jovem, este t\u00eanis pode ser usado em qualquer ocasi\u00e3o: caminhada, corrida, academia, trabalho ou passeio. Suas principais caracter\u00edsticas s\u00e3o: leveza, maciez, conforto e estilo Especifica\u00e7\u00f5es T\u00e9cnicas: Cabedal: Nylon e P.u. (poliuretano Palmilha: Em Eva Solado: Em Micro Expandido Estilo: T\u00eanis esportivo Marca: Olimpak Garantia de 30 dias:&hellip;","_links":{"self":[{"href":"https:\/\/promocaododia.com.br\/site\/wp-json\/wp\/v2\/product\/1348","targetHints":{"allow":["GET"]}}],"collection":[{"href":"https:\/\/promocaododia.com.br\/site\/wp-json\/wp\/v2\/product"}],"about":[{"href":"https:\/\/promocaododia.com.br\/site\/wp-json\/wp\/v2\/types\/product"}],"wp:featuredmedia":[{"embeddable":true,"href":"https:\/\/promocaododia.com.br\/site\/wp-json\/wp\/v2\/media\/1349"}],"wp:attachment":[{"href":"https:\/\/promocaododia.com.br\/site\/wp-json\/wp\/v2\/media?parent=1348"}],"wp:term":[{"taxonomy":"product_brand","embeddable":true,"href":"https:\/\/promocaododia.com.br\/site\/wp-json\/wp\/v2\/product_brand?post=1348"},{"taxonomy":"product_cat","embeddable":true,"href":"https:\/\/promocaododia.com.br\/site\/wp-json\/wp\/v2\/product_cat?post=1348"},{"taxonomy":"product_tag","embeddable":true,"href":"https:\/\/promocaododia.com.br\/site\/wp-json\/wp\/v2\/product_tag?post=1348"}],"curies":[{"name":"wp","href":"https:\/\/api.w.org\/{rel}","templated":true}]}}