{"id":1353,"date":"2022-12-02T19:42:23","date_gmt":"2022-12-02T22:42:23","guid":{"rendered":"https:\/\/promocaododia.com.br\/site\/?post_type=product&#038;p=1353"},"modified":"2022-12-02T19:42:23","modified_gmt":"2022-12-02T22:42:23","slug":"notebook-ultra-intel-celeron-4gb-120gb-ssd-141-hd-windows-11-ub230","status":"publish","type":"product","link":"https:\/\/promocaododia.com.br\/site\/produto\/notebook-ultra-intel-celeron-4gb-120gb-ssd-141-hd-windows-11-ub230\/","title":{"rendered":"Notebook Ultra Intel Celeron 4GB 120GB SSD &#8211; 14,1\u201d HD Windows 11 UB230"},"content":{"rendered":"<p>Acesse, navegue, divirta-se e aproveite tudo que o notebook Ultra UB230 tem a oferecer. Sua tela tem 14&#8243; com muito espa\u00e7o e qualidade HD, para curtir diferentes conte\u00fados com a efici\u00eancia do Windows 11, atrelada a performance do processador intel celeron N4020. Dessa forma, as imagens, v\u00eddeos, conex\u00f5es e aplicativos v\u00e3o funcionar em perfeita harmonia. Use e abuse das entradas USB e HDMI para plugar outros dispositivos e turbinar a divers\u00e3o. Utilize tamb\u00e9m o Bluetooth 4.0 seu som na batida perfeita com o aux\u00edlio da tecnologia de alta defini\u00e7\u00e3o. J\u00e1 o atalho para Netflix presente no teclado traz os melhores filmes e s\u00e9ries em poucos segundos. O notebook tem capacidade de 120GB no SSD, mem\u00f3ria RAM de 4GB. Esse \u00e9 o produto ideal para suas necessidades.<\/p>\n","protected":false},"excerpt":{"rendered":"<p>Acesse, navegue, divirta-se e aproveite tudo que o notebook Ultra UB230 tem a oferecer. Sua tela tem 14&#8243; com muito espa\u00e7o e qualidade HD, para curtir diferentes conte\u00fados com a efici\u00eancia do Windows 11, atrelada a performance do processador intel celeron N4020. Dessa forma, as imagens, v\u00eddeos, conex\u00f5es e aplicativos v\u00e3o funcionar em perfeita harmonia. Use e abuse das entradas USB e HDMI para plugar outros dispositivos e turbinar a divers\u00e3o. Utilize tamb\u00e9m o Bluetooth 4.0 seu som na batida perfeita com o aux\u00edlio da tecnologia de alta defini\u00e7\u00e3o. J\u00e1 o atalho para Netflix presente no teclado traz os melhores filmes e s\u00e9ries em poucos segundos. O notebook tem capacidade de 120GB no SSD, mem\u00f3ria RAM de 4GB. Esse \u00e9 o produto ideal para suas necessidades.<\/p>\n","protected":false},"featured_media":1354,"template":"","meta":{"_uag_custom_page_level_css":"","site-sidebar-layout":"default","site-content-layout":"default","ast-site-content-layout":"default","site-content-style":"default","site-sidebar-style":"default","ast-global-header-display":"","ast-banner-title-visibility":"","ast-main-header-display":"","ast-hfb-above-header-display":"","ast-hfb-below-header-display":"","ast-hfb-mobile-header-display":"","site-post-title":"","ast-breadcrumbs-content":"","ast-featured-img":"","footer-sml-layout":"","theme-transparent-header-meta":"default","adv-header-id-meta":"","stick-header-meta":"","header-above-stick-meta":"","header-main-stick-meta":"","header-below-stick-meta":"","astra-migrate-meta-layouts":"default","ast-page-background-enabled":"default","ast-page-background-meta":{"desktop":{"background-color":"","background-image":"","background-repeat":"repeat","background-position":"center center","background-size":"auto","background-attachment":"scroll","background-type":"","background-media":"","overlay-type":"","overlay-color":"","overlay-opacity":"","overlay-gradient":""},"tablet":{"background-color":"","background-image":"","background-repeat":"repeat","background-position":"center center","background-size":"auto","background-attachment":"scroll","background-type":"","background-media":"","overlay-type":"","overlay-color":"","overlay-opacity":"","overlay-gradient":""},"mobile":{"background-color":"","background-image":"","background-repeat":"repeat","background-position":"center center","background-size":"auto","background-attachment":"scroll","background-type":"","background-media":"","overlay-type":"","overlay-color":"","overlay-opacity":"","overlay-gradient":""}},"ast-content-background-meta":{"desktop":{"background-color":"var(--ast-global-color-5)","background-image":"","background-repeat":"repeat","background-position":"center center","background-size":"auto","background-attachment":"scroll","background-type":"","background-media":"","overlay-type":"","overlay-color":"","overlay-opacity":"","overlay-gradient":""},"tablet":{"background-color":"var(--ast-global-color-5)","background-image":"","background-repeat":"repeat","background-position":"center center","background-size":"auto","background-attachment":"scroll","background-type":"","background-media":"","overlay-type":"","overlay-color":"","overlay-opacity":"","overlay-gradient":""},"mobile":{"background-color":"var(--ast-global-color-5)","background-image":"","background-repeat":"repeat","background-position":"center center","background-size":"auto","background-attachment":"scroll","background-type":"","background-media":"","overlay-type":"","overlay-color":"","overlay-opacity":"","overlay-gradient":""}}},"product_brand":[],"product_cat":[75,62],"product_tag":[239,568,83,160,82,163],"class_list":{"0":"post-1353","1":"product","2":"type-product","3":"status-publish","4":"has-post-thumbnail","6":"product_cat-informatica-e-acessorios","7":"product_cat-notebook","8":"product_tag-256gb-ssd","9":"product_tag-celeron","10":"product_tag-informatica","11":"product_tag-intel","12":"product_tag-notebook","13":"product_tag-windows-11","14":"desktop-align-center","15":"tablet-align-left","16":"mobile-align-center","18":"first","19":"instock","20":"sale","21":"shipping-taxable","22":"product-type-external"},"uagb_featured_image_src":{"full":["https:\/\/promocaododia.com.br\/site\/wp-content\/uploads\/2022\/12\/Notebook-Ultra-Intel-Celeron-4GB-120GB-SSD-141-HD-Windows-11-UB230.jpg",600,600,false],"thumbnail":["https:\/\/promocaododia.com.br\/site\/wp-content\/uploads\/2022\/12\/Notebook-Ultra-Intel-Celeron-4GB-120GB-SSD-141-HD-Windows-11-UB230-150x150.jpg",150,150,true],"medium":["https:\/\/promocaododia.com.br\/site\/wp-content\/uploads\/2022\/12\/Notebook-Ultra-Intel-Celeron-4GB-120GB-SSD-141-HD-Windows-11-UB230-300x300.jpg",300,300,true],"medium_large":["https:\/\/promocaododia.com.br\/site\/wp-content\/uploads\/2022\/12\/Notebook-Ultra-Intel-Celeron-4GB-120GB-SSD-141-HD-Windows-11-UB230.jpg",600,600,false],"large":["https:\/\/promocaododia.com.br\/site\/wp-content\/uploads\/2022\/12\/Notebook-Ultra-Intel-Celeron-4GB-120GB-SSD-141-HD-Windows-11-UB230.jpg",600,600,false],"1536x1536":["https:\/\/promocaododia.com.br\/site\/wp-content\/uploads\/2022\/12\/Notebook-Ultra-Intel-Celeron-4GB-120GB-SSD-141-HD-Windows-11-UB230.jpg",600,600,false],"2048x2048":["https:\/\/promocaododia.com.br\/site\/wp-content\/uploads\/2022\/12\/Notebook-Ultra-Intel-Celeron-4GB-120GB-SSD-141-HD-Windows-11-UB230.jpg",600,600,false],"woocommerce_thumbnail":["https:\/\/promocaododia.com.br\/site\/wp-content\/uploads\/2022\/12\/Notebook-Ultra-Intel-Celeron-4GB-120GB-SSD-141-HD-Windows-11-UB230-250x250.jpg",250,250,true],"woocommerce_single":["https:\/\/promocaododia.com.br\/site\/wp-content\/uploads\/2022\/12\/Notebook-Ultra-Intel-Celeron-4GB-120GB-SSD-141-HD-Windows-11-UB230-250x250.jpg",250,250,true],"woocommerce_gallery_thumbnail":["https:\/\/promocaododia.com.br\/site\/wp-content\/uploads\/2022\/12\/Notebook-Ultra-Intel-Celeron-4GB-120GB-SSD-141-HD-Windows-11-UB230-100x100.jpg",100,100,true]},"uagb_author_info":{"display_name":"danilo.gbr","author_link":"https:\/\/promocaododia.com.br\/site\/author\/"},"uagb_comment_info":0,"uagb_excerpt":"Acesse, navegue, divirta-se e aproveite tudo que o notebook Ultra UB230 tem a oferecer. Sua tela tem 14&#8243; com muito espa\u00e7o e qualidade HD, para curtir diferentes conte\u00fados com a efici\u00eancia do Windows 11, atrelada a performance do processador intel celeron N4020. Dessa forma, as imagens, v\u00eddeos, conex\u00f5es e aplicativos v\u00e3o funcionar em perfeita harmonia.&hellip;","_links":{"self":[{"href":"https:\/\/promocaododia.com.br\/site\/wp-json\/wp\/v2\/product\/1353","targetHints":{"allow":["GET"]}}],"collection":[{"href":"https:\/\/promocaododia.com.br\/site\/wp-json\/wp\/v2\/product"}],"about":[{"href":"https:\/\/promocaododia.com.br\/site\/wp-json\/wp\/v2\/types\/product"}],"wp:featuredmedia":[{"embeddable":true,"href":"https:\/\/promocaododia.com.br\/site\/wp-json\/wp\/v2\/media\/1354"}],"wp:attachment":[{"href":"https:\/\/promocaododia.com.br\/site\/wp-json\/wp\/v2\/media?parent=1353"}],"wp:term":[{"taxonomy":"product_brand","embeddable":true,"href":"https:\/\/promocaododia.com.br\/site\/wp-json\/wp\/v2\/product_brand?post=1353"},{"taxonomy":"product_cat","embeddable":true,"href":"https:\/\/promocaododia.com.br\/site\/wp-json\/wp\/v2\/product_cat?post=1353"},{"taxonomy":"product_tag","embeddable":true,"href":"https:\/\/promocaododia.com.br\/site\/wp-json\/wp\/v2\/product_tag?post=1353"}],"curies":[{"name":"wp","href":"https:\/\/api.w.org\/{rel}","templated":true}]}}