{"id":1355,"date":"2022-12-02T19:51:42","date_gmt":"2022-12-02T22:51:42","guid":{"rendered":"https:\/\/promocaododia.com.br\/site\/?post_type=product&#038;p=1355"},"modified":"2022-12-02T19:55:33","modified_gmt":"2022-12-02T22:55:33","slug":"secador-de-cabelo-gama-italy-titanio-ion-preto-2000w-2-velocidades","status":"publish","type":"product","link":"https:\/\/promocaododia.com.br\/site\/produto\/secador-de-cabelo-gama-italy-titanio-ion-preto-2000w-2-velocidades\/","title":{"rendered":"Secador de Cabelo Gama Italy Titanio Ion &#8211; Preto 2000W 2 Velocidades"},"content":{"rendered":"<p>Na hora de cuidar de sua beleza, contar com equipamentos de qualidade faz toda a diferen\u00e7a n\u00e3o \u00e9 mesmo? Por isso vale a pena conferir o Secador de Cabelo Titanio Ion da Gama Italy. Trata-se de um secador com uso profissional e dom\u00e9stico que conta com tecnologias que revitalizam os fios e os deixam bem longe do temido efeito frizz. O secador ainda possui um design totalmente moderno e delicado. Em uma charmosa cor preta, possui 2 velocidades e uma pot\u00eancia de 2000W que certamente atender\u00e1 sua demanda.<\/p>\n","protected":false},"excerpt":{"rendered":"<p>Na hora de cuidar de sua beleza, contar com equipamentos de qualidade faz toda a diferen\u00e7a n\u00e3o \u00e9 mesmo? Por isso vale a pena conferir o Secador de Cabelo Titanio Ion da Gama Italy. Trata-se de um secador com uso profissional e dom\u00e9stico que conta com tecnologias que revitalizam os fios e os deixam bem longe do temido efeito frizz. O secador ainda possui um design totalmente moderno e delicado. Em uma charmosa cor preta, possui 2 velocidades e uma pot\u00eancia de 2000W que certamente atender\u00e1 sua demanda.<\/p>\n","protected":false},"featured_media":1357,"template":"","meta":{"_uag_custom_page_level_css":"","site-sidebar-layout":"default","site-content-layout":"default","ast-site-content-layout":"default","site-content-style":"default","site-sidebar-style":"default","ast-global-header-display":"","ast-banner-title-visibility":"","ast-main-header-display":"","ast-hfb-above-header-display":"","ast-hfb-below-header-display":"","ast-hfb-mobile-header-display":"","site-post-title":"","ast-breadcrumbs-content":"","ast-featured-img":"","footer-sml-layout":"","theme-transparent-header-meta":"default","adv-header-id-meta":"","stick-header-meta":"","header-above-stick-meta":"","header-main-stick-meta":"","header-below-stick-meta":"","astra-migrate-meta-layouts":"default","ast-page-background-enabled":"default","ast-page-background-meta":{"desktop":{"background-color":"","background-image":"","background-repeat":"repeat","background-position":"center center","background-size":"auto","background-attachment":"scroll","background-type":"","background-media":"","overlay-type":"","overlay-color":"","overlay-opacity":"","overlay-gradient":""},"tablet":{"background-color":"","background-image":"","background-repeat":"repeat","background-position":"center center","background-size":"auto","background-attachment":"scroll","background-type":"","background-media":"","overlay-type":"","overlay-color":"","overlay-opacity":"","overlay-gradient":""},"mobile":{"background-color":"","background-image":"","background-repeat":"repeat","background-position":"center center","background-size":"auto","background-attachment":"scroll","background-type":"","background-media":"","overlay-type":"","overlay-color":"","overlay-opacity":"","overlay-gradient":""}},"ast-content-background-meta":{"desktop":{"background-color":"var(--ast-global-color-5)","background-image":"","background-repeat":"repeat","background-position":"center center","background-size":"auto","background-attachment":"scroll","background-type":"","background-media":"","overlay-type":"","overlay-color":"","overlay-opacity":"","overlay-gradient":""},"tablet":{"background-color":"var(--ast-global-color-5)","background-image":"","background-repeat":"repeat","background-position":"center center","background-size":"auto","background-attachment":"scroll","background-type":"","background-media":"","overlay-type":"","overlay-color":"","overlay-opacity":"","overlay-gradient":""},"mobile":{"background-color":"var(--ast-global-color-5)","background-image":"","background-repeat":"repeat","background-position":"center center","background-size":"auto","background-attachment":"scroll","background-type":"","background-media":"","overlay-type":"","overlay-color":"","overlay-opacity":"","overlay-gradient":""}}},"product_brand":[],"product_cat":[33,34],"product_tag":[100,108,101,107],"class_list":{"0":"post-1355","1":"product","2":"type-product","3":"status-publish","4":"has-post-thumbnail","6":"product_cat-beleza-e-perfumaria","7":"product_cat-secador","8":"product_tag-beleza","9":"product_tag-ions","10":"product_tag-mulher","11":"product_tag-secadora","12":"desktop-align-center","13":"tablet-align-left","14":"mobile-align-center","16":"first","17":"instock","18":"sale","19":"shipping-taxable","20":"product-type-external"},"uagb_featured_image_src":{"full":["https:\/\/promocaododia.com.br\/site\/wp-content\/uploads\/2022\/12\/Secador-de-Cabelo-Gama-Italy-Titanio-Ion-Preto-2000W-2-Velocidades-1.jpg",600,600,false],"thumbnail":["https:\/\/promocaododia.com.br\/site\/wp-content\/uploads\/2022\/12\/Secador-de-Cabelo-Gama-Italy-Titanio-Ion-Preto-2000W-2-Velocidades-1-150x150.jpg",150,150,true],"medium":["https:\/\/promocaododia.com.br\/site\/wp-content\/uploads\/2022\/12\/Secador-de-Cabelo-Gama-Italy-Titanio-Ion-Preto-2000W-2-Velocidades-1-300x300.jpg",300,300,true],"medium_large":["https:\/\/promocaododia.com.br\/site\/wp-content\/uploads\/2022\/12\/Secador-de-Cabelo-Gama-Italy-Titanio-Ion-Preto-2000W-2-Velocidades-1.jpg",600,600,false],"large":["https:\/\/promocaododia.com.br\/site\/wp-content\/uploads\/2022\/12\/Secador-de-Cabelo-Gama-Italy-Titanio-Ion-Preto-2000W-2-Velocidades-1.jpg",600,600,false],"1536x1536":["https:\/\/promocaododia.com.br\/site\/wp-content\/uploads\/2022\/12\/Secador-de-Cabelo-Gama-Italy-Titanio-Ion-Preto-2000W-2-Velocidades-1.jpg",600,600,false],"2048x2048":["https:\/\/promocaododia.com.br\/site\/wp-content\/uploads\/2022\/12\/Secador-de-Cabelo-Gama-Italy-Titanio-Ion-Preto-2000W-2-Velocidades-1.jpg",600,600,false],"woocommerce_thumbnail":["https:\/\/promocaododia.com.br\/site\/wp-content\/uploads\/2022\/12\/Secador-de-Cabelo-Gama-Italy-Titanio-Ion-Preto-2000W-2-Velocidades-1-250x250.jpg",250,250,true],"woocommerce_single":["https:\/\/promocaododia.com.br\/site\/wp-content\/uploads\/2022\/12\/Secador-de-Cabelo-Gama-Italy-Titanio-Ion-Preto-2000W-2-Velocidades-1-250x250.jpg",250,250,true],"woocommerce_gallery_thumbnail":["https:\/\/promocaododia.com.br\/site\/wp-content\/uploads\/2022\/12\/Secador-de-Cabelo-Gama-Italy-Titanio-Ion-Preto-2000W-2-Velocidades-1-100x100.jpg",100,100,true]},"uagb_author_info":{"display_name":"danilo.gbr","author_link":"https:\/\/promocaododia.com.br\/site\/author\/"},"uagb_comment_info":0,"uagb_excerpt":"Na hora de cuidar de sua beleza, contar com equipamentos de qualidade faz toda a diferen\u00e7a n\u00e3o \u00e9 mesmo? Por isso vale a pena conferir o Secador de Cabelo Titanio Ion da Gama Italy. Trata-se de um secador com uso profissional e dom\u00e9stico que conta com tecnologias que revitalizam os fios e os deixam bem&hellip;","_links":{"self":[{"href":"https:\/\/promocaododia.com.br\/site\/wp-json\/wp\/v2\/product\/1355","targetHints":{"allow":["GET"]}}],"collection":[{"href":"https:\/\/promocaododia.com.br\/site\/wp-json\/wp\/v2\/product"}],"about":[{"href":"https:\/\/promocaododia.com.br\/site\/wp-json\/wp\/v2\/types\/product"}],"wp:featuredmedia":[{"embeddable":true,"href":"https:\/\/promocaododia.com.br\/site\/wp-json\/wp\/v2\/media\/1357"}],"wp:attachment":[{"href":"https:\/\/promocaododia.com.br\/site\/wp-json\/wp\/v2\/media?parent=1355"}],"wp:term":[{"taxonomy":"product_brand","embeddable":true,"href":"https:\/\/promocaododia.com.br\/site\/wp-json\/wp\/v2\/product_brand?post=1355"},{"taxonomy":"product_cat","embeddable":true,"href":"https:\/\/promocaododia.com.br\/site\/wp-json\/wp\/v2\/product_cat?post=1355"},{"taxonomy":"product_tag","embeddable":true,"href":"https:\/\/promocaododia.com.br\/site\/wp-json\/wp\/v2\/product_tag?post=1355"}],"curies":[{"name":"wp","href":"https:\/\/api.w.org\/{rel}","templated":true}]}}