{"id":1358,"date":"2022-12-02T20:06:42","date_gmt":"2022-12-02T23:06:42","guid":{"rendered":"https:\/\/promocaododia.com.br\/site\/?post_type=product&#038;p=1358"},"modified":"2022-12-02T20:06:42","modified_gmt":"2022-12-02T23:06:42","slug":"geladeira-refrigerador-consul-342-litros-crb39a-frost-free-1-porta-branco-110v","status":"publish","type":"product","link":"https:\/\/promocaododia.com.br\/site\/produto\/geladeira-refrigerador-consul-342-litros-crb39a-frost-free-1-porta-branco-110v\/","title":{"rendered":"Geladeira\/Refrigerador Consul 342 Litros CRB39A, Frost Free, 1 Porta, Branco, 110V"},"content":{"rendered":"<p>Caracter\u00edsticas do Produto:<br \/>\nMarca: Consul<br \/>\nTipo de Refrigerador: Geladeira 1 Porta<br \/>\nFrost Free: Sim<br \/>\nQuantidade de Porta: 1 Porta<br \/>\nCapacidade Total L\u00edquida: N\u00e3o Informado<br \/>\nAltura: 170 cm<br \/>\nLargura: 61,6 cm<br \/>\nProfundidade: 69,1<br \/>\nAlimenta\u00e7\u00e3o: Dispon\u00edvel em 110V ou 220V<\/p>\n<p>Informa\u00e7\u00f5es Adicionais:<br \/>\nFrost Free: N\u00e3o forma gelo nas paredes do congelador<br \/>\nControle Eletr\u00f4nico: Externo Voc\u00ea n\u00e3o vai ter que abrir a porta para controlar a temperatura da geladeira<br \/>\nCongelador: 47 litros e prateleiras com dois n\u00edveis de altura<br \/>\nCompartimento Extra Frio: Melhor conserva\u00e7\u00e3o para bebidas e alimentos. Ideal para guardar frios, iogurtes e at\u00e9 latinhas<br \/>\nEconomia de Energia: Produto com Classifica\u00e7\u00e3o energ\u00e9tica A, o que garante seu baixo consumo de energia<br \/>\nIlumina\u00e7\u00e3o interna: Sim<br \/>\nGavetas Legumes: Sim<br \/>\nSistema de degelo: Frost Free<br \/>\nCapacidade de armazenagem: 342L<br \/>\nCapacidade da geladeira: 295L<br \/>\nCapacidade do freezer: 47L<br \/>\nCapacidade total: 342L<br \/>\nConsumo aproximado de energia: 36,60 KWh\/m\u00eas<br \/>\nCor: Branco<\/p>\n<p>Dimens\u00f5es e Peso do Produto:<br \/>\nDimens\u00f5es (LxAxP): 61,6 x 170,0 x 69,1 cm<br \/>\nPeso do Produto: 53,0 kg<\/p>\n<p>Garantia: 1 Ano (Ofertada pelo Fabricante)<\/p>\n<p>Fornecedor &#8211; Consul<\/p>\n","protected":false},"excerpt":{"rendered":"<p>Caracter\u00edsticas do Produto: Marca: Consul Tipo de Refrigerador: Geladeira 1 Porta Frost Free: Sim Quantidade de Porta: 1 Porta Capacidade Total L\u00edquida: N\u00e3o Informado Altura: 170 cm Largura: 61,6 cm Profundidade: 69,1 Alimenta\u00e7\u00e3o: Dispon\u00edvel em 110V ou 220V Informa\u00e7\u00f5es Adicionais: Frost Free: N\u00e3o forma gelo nas paredes do congelador Controle Eletr\u00f4nico: Externo Voc\u00ea n\u00e3o vai ter que abrir a porta para controlar a temperatura da geladeira Congelador: 47 litros e prateleiras com dois n\u00edveis de altura Compartimento Extra Frio: Melhor conserva\u00e7\u00e3o para bebidas e alimentos. Ideal para guardar frios, iogurtes e at\u00e9 latinhas Economia de Energia: Produto com Classifica\u00e7\u00e3o energ\u00e9tica A, o que garante seu baixo consumo de energia Ilumina\u00e7\u00e3o interna: Sim Gavetas Legumes: Sim Sistema de degelo: Frost Free Capacidade de armazenagem: 342L Capacidade da geladeira: 295L Capacidade do freezer: 47L Capacidade total: 342L Consumo aproximado de energia: 36,60 KWh\/m\u00eas Cor: Branco Dimens\u00f5es e Peso do Produto: Dimens\u00f5es (LxAxP): 61,6 x 170,0 x 69,1 cm Peso do Produto: 53,0 kg Garantia: 1 Ano (Ofertada pelo Fabricante) Fornecedor &#8211; Consul<\/p>\n","protected":false},"featured_media":1359,"template":"","meta":{"_uag_custom_page_level_css":"","site-sidebar-layout":"default","site-content-layout":"default","ast-site-content-layout":"default","site-content-style":"default","site-sidebar-style":"default","ast-global-header-display":"","ast-banner-title-visibility":"","ast-main-header-display":"","ast-hfb-above-header-display":"","ast-hfb-below-header-display":"","ast-hfb-mobile-header-display":"","site-post-title":"","ast-breadcrumbs-content":"","ast-featured-img":"","footer-sml-layout":"","theme-transparent-header-meta":"default","adv-header-id-meta":"","stick-header-meta":"","header-above-stick-meta":"","header-main-stick-meta":"","header-below-stick-meta":"","astra-migrate-meta-layouts":"default","ast-page-background-enabled":"default","ast-page-background-meta":{"desktop":{"background-color":"","background-image":"","background-repeat":"repeat","background-position":"center center","background-size":"auto","background-attachment":"scroll","background-type":"","background-media":"","overlay-type":"","overlay-color":"","overlay-opacity":"","overlay-gradient":""},"tablet":{"background-color":"","background-image":"","background-repeat":"repeat","background-position":"center center","background-size":"auto","background-attachment":"scroll","background-type":"","background-media":"","overlay-type":"","overlay-color":"","overlay-opacity":"","overlay-gradient":""},"mobile":{"background-color":"","background-image":"","background-repeat":"repeat","background-position":"center center","background-size":"auto","background-attachment":"scroll","background-type":"","background-media":"","overlay-type":"","overlay-color":"","overlay-opacity":"","overlay-gradient":""}},"ast-content-background-meta":{"desktop":{"background-color":"var(--ast-global-color-5)","background-image":"","background-repeat":"repeat","background-position":"center center","background-size":"auto","background-attachment":"scroll","background-type":"","background-media":"","overlay-type":"","overlay-color":"","overlay-opacity":"","overlay-gradient":""},"tablet":{"background-color":"var(--ast-global-color-5)","background-image":"","background-repeat":"repeat","background-position":"center center","background-size":"auto","background-attachment":"scroll","background-type":"","background-media":"","overlay-type":"","overlay-color":"","overlay-opacity":"","overlay-gradient":""},"mobile":{"background-color":"var(--ast-global-color-5)","background-image":"","background-repeat":"repeat","background-position":"center center","background-size":"auto","background-attachment":"scroll","background-type":"","background-media":"","overlay-type":"","overlay-color":"","overlay-opacity":"","overlay-gradient":""}}},"product_brand":[],"product_cat":[15],"product_tag":[],"class_list":{"0":"post-1358","1":"product","2":"type-product","3":"status-publish","4":"has-post-thumbnail","6":"product_cat-promocoes","7":"desktop-align-center","8":"tablet-align-left","9":"mobile-align-center","11":"first","12":"instock","13":"sale","14":"shipping-taxable","15":"product-type-external"},"uagb_featured_image_src":{"full":["https:\/\/promocaododia.com.br\/site\/wp-content\/uploads\/2022\/12\/Geladeira-Refrigerador-Consul-342-Litros-CRB39A-Frost-Free-1-Porta-Branco-110V.jpg",600,600,false],"thumbnail":["https:\/\/promocaododia.com.br\/site\/wp-content\/uploads\/2022\/12\/Geladeira-Refrigerador-Consul-342-Litros-CRB39A-Frost-Free-1-Porta-Branco-110V-150x150.jpg",150,150,true],"medium":["https:\/\/promocaododia.com.br\/site\/wp-content\/uploads\/2022\/12\/Geladeira-Refrigerador-Consul-342-Litros-CRB39A-Frost-Free-1-Porta-Branco-110V-300x300.jpg",300,300,true],"medium_large":["https:\/\/promocaododia.com.br\/site\/wp-content\/uploads\/2022\/12\/Geladeira-Refrigerador-Consul-342-Litros-CRB39A-Frost-Free-1-Porta-Branco-110V.jpg",600,600,false],"large":["https:\/\/promocaododia.com.br\/site\/wp-content\/uploads\/2022\/12\/Geladeira-Refrigerador-Consul-342-Litros-CRB39A-Frost-Free-1-Porta-Branco-110V.jpg",600,600,false],"1536x1536":["https:\/\/promocaododia.com.br\/site\/wp-content\/uploads\/2022\/12\/Geladeira-Refrigerador-Consul-342-Litros-CRB39A-Frost-Free-1-Porta-Branco-110V.jpg",600,600,false],"2048x2048":["https:\/\/promocaododia.com.br\/site\/wp-content\/uploads\/2022\/12\/Geladeira-Refrigerador-Consul-342-Litros-CRB39A-Frost-Free-1-Porta-Branco-110V.jpg",600,600,false],"woocommerce_thumbnail":["https:\/\/promocaododia.com.br\/site\/wp-content\/uploads\/2022\/12\/Geladeira-Refrigerador-Consul-342-Litros-CRB39A-Frost-Free-1-Porta-Branco-110V-250x250.jpg",250,250,true],"woocommerce_single":["https:\/\/promocaododia.com.br\/site\/wp-content\/uploads\/2022\/12\/Geladeira-Refrigerador-Consul-342-Litros-CRB39A-Frost-Free-1-Porta-Branco-110V-250x250.jpg",250,250,true],"woocommerce_gallery_thumbnail":["https:\/\/promocaododia.com.br\/site\/wp-content\/uploads\/2022\/12\/Geladeira-Refrigerador-Consul-342-Litros-CRB39A-Frost-Free-1-Porta-Branco-110V-100x100.jpg",100,100,true]},"uagb_author_info":{"display_name":"danilo.gbr","author_link":"https:\/\/promocaododia.com.br\/site\/author\/"},"uagb_comment_info":0,"uagb_excerpt":"Caracter\u00edsticas do Produto: Marca: Consul Tipo de Refrigerador: Geladeira 1 Porta Frost Free: Sim Quantidade de Porta: 1 Porta Capacidade Total L\u00edquida: N\u00e3o Informado Altura: 170 cm Largura: 61,6 cm Profundidade: 69,1 Alimenta\u00e7\u00e3o: Dispon\u00edvel em 110V ou 220V Informa\u00e7\u00f5es Adicionais: Frost Free: N\u00e3o forma gelo nas paredes do congelador Controle Eletr\u00f4nico: Externo Voc\u00ea n\u00e3o vai&hellip;","_links":{"self":[{"href":"https:\/\/promocaododia.com.br\/site\/wp-json\/wp\/v2\/product\/1358","targetHints":{"allow":["GET"]}}],"collection":[{"href":"https:\/\/promocaododia.com.br\/site\/wp-json\/wp\/v2\/product"}],"about":[{"href":"https:\/\/promocaododia.com.br\/site\/wp-json\/wp\/v2\/types\/product"}],"wp:featuredmedia":[{"embeddable":true,"href":"https:\/\/promocaododia.com.br\/site\/wp-json\/wp\/v2\/media\/1359"}],"wp:attachment":[{"href":"https:\/\/promocaododia.com.br\/site\/wp-json\/wp\/v2\/media?parent=1358"}],"wp:term":[{"taxonomy":"product_brand","embeddable":true,"href":"https:\/\/promocaododia.com.br\/site\/wp-json\/wp\/v2\/product_brand?post=1358"},{"taxonomy":"product_cat","embeddable":true,"href":"https:\/\/promocaododia.com.br\/site\/wp-json\/wp\/v2\/product_cat?post=1358"},{"taxonomy":"product_tag","embeddable":true,"href":"https:\/\/promocaododia.com.br\/site\/wp-json\/wp\/v2\/product_tag?post=1358"}],"curies":[{"name":"wp","href":"https:\/\/api.w.org\/{rel}","templated":true}]}}