{"id":1364,"date":"2022-12-03T22:48:59","date_gmt":"2022-12-04T01:48:59","guid":{"rendered":"https:\/\/promocaododia.com.br\/site\/?post_type=product&#038;p=1364"},"modified":"2022-12-03T22:48:59","modified_gmt":"2022-12-04T01:48:59","slug":"console-xbox-series-x-1tb-controle-sem-fio-preto-microsoft","status":"publish","type":"product","link":"https:\/\/promocaododia.com.br\/site\/produto\/console-xbox-series-x-1tb-controle-sem-fio-preto-microsoft\/","title":{"rendered":"Console Xbox Series X 1TB + Controle Sem Fio Preto &#8211; Microsoft"},"content":{"rendered":"<p>Imagens meramente ilustrativas. O item\u00a0<strong><em>vendido \u00e9 o Console Xbox Series X 1TB + Controle Sem Fio &#8211; Preto<\/em><\/strong><\/p>\n<p>Apresentamos o<\/p>\n<p>Xbox Series X<\/p>\n<p>, nosso console mais r\u00e1pido e poderoso de todos os tempos. Jogue milhares de t\u00edtulos de quatro gera\u00e7\u00f5es de consoles- todos os jogos t\u00eam melhor apar\u00eancia e s\u00e3o melhor executados no Xbox Series X.<\/p>\n<p>No cora\u00e7\u00e3o do Series X est\u00e1 a Xbox Velocity Architecture, que combina um<\/p>\n<p>SSD<\/p>\n<p>personalizado e software integrado para diminuir significativamente os tempos de carregamento dentro e fora do jogo. Troque simultaneamente entre v\u00e1rios jogos em um instante com o Quick Resume. Explore novos mundos e desfrute da a\u00e7\u00e3o como nunca antes com<\/p>\n<p>12 teraflops<\/p>\n<p>incompar\u00e1veis de poder de processamento gr\u00e1fico.<\/p>\n<p>Desfrute de jogos<\/p>\n<p>4K a at\u00e9 120 quadros por segund<strong>o<\/strong><\/p>\n<p>, som 3D avan\u00e7ado especial e muito mais. Comece com uma biblioteca instant\u00e2nea de mais de 100 jogos de alta qualidade, incluindo todos os novos t\u00edtulos do Xbox Game Studios no mesmo dia do seu lan\u00e7amento como o Halo Infinite, com o Xbox Game Pass Ultimate. (assinatura vendida separadamente)**<\/p>\n<p>Caracter\u00edsticas<\/p>\n<p>Processador<\/p>\n<p>AMD Zen 2 customizado com 8 n\u00fa<strong>cleos e 16 threads a at\u00e9 3,8 GHz<\/strong><\/p>\n<p>Processador Gr\u00e1fico<\/p>\n<p>52 UCs a at\u00e9 1,825 GHz (12 TF<strong>LOPS)<\/strong><\/p>\n<p>Wireless (Conex\u00e3o s\/ fio)<\/p>\n<p>Sim<\/p>\n<p>Conex\u00e3o Bluetooth<\/p>\n<p>Sim<\/p>\n<p>Entradas p\/ controles<\/p>\n<p>N\u00e3o<\/p>\n<p>Conex\u00e3o USB<\/p>\n<p>Sim<\/p>\n<p>Suporte para HDTV<\/p>\n<p>Sim<\/p>\n<p>Jogos na mem\u00f3ria<\/p>\n<p>N\u00e3o<\/p>\n<p>Caracter\u00edsticas gerais<\/p>\n<p>Informa\u00e7\u00f5es importante<strong>s: &#8211; 4K a 120 FPS: requer conte\u00fado e exibi\u00e7\u00e3o compat\u00edveis. Use-o no Xbox Series X conforme o conte\u00fado for disponibilizado. &#8211; Xbox Game Pass: O cat\u00e1logo de jogos varia ao longo do tempo (xbox.com\/gamepass). &#8211; Halo Infinite: Lan\u00e7amento em 2021. &#8211; Smart Delivery: Apenas jogos compat\u00edveis.<\/strong><\/p>\n<p>Especifica\u00e7\u00f5es T\u00e9cnicas<\/p>\n<p>M\u00eddias compat\u00edveis<\/p>\n<p>CD &#8211; DVD &#8211; Blu-Ray &#8211;<strong>\u00a0Blu-ray, CD, DVD, M\u00eddias Digitais<\/strong><\/p>\n<p>Resolu\u00e7\u00e3o m\u00e1xima<\/p>\n<p>4K 120 Fps<\/p>\n<p>Mem\u00f3ria RAM<\/p>\n<p>16 GB GDDR6 (256-bit<strong>)<\/strong><\/p>\n<p>Capacidade do HD<\/p>\n<p>1 TB<\/p>\n<p>Outras conex\u00f5es<\/p>\n<p>Wifi 6, Rede cabea<strong>da, HDMI, USB, energia, Slot para expans\u00e3o de mem\u00f3ria SSD NVMe priorit\u00e1rio de 1 TB<\/strong><\/p>\n<p>Alimenta\u00e7\u00e3o<\/p>\n<p>Bivolt<\/p>\n<p>Cor<\/p>\n<p>Preto<\/p>\n<p>Conte\u00fado da embalagem<\/p>\n<p>Console Xbox\u00a0<strong>Series X de 1TB &#8211; 1 Controle sem fio Xbox &#8211; Cabo HDMI &#8211; Cabo de alimenta\u00e7\u00e3o<\/strong><\/p>\n<p>Garantia<\/p>\n<p>12 meses &#8211; Con<strong>sole (3 meses perif\u00e9ricos)<\/strong><\/p>\n<p>Dimens\u00f5es<\/p>\n<p>Altura<\/p>\n<p>37,80 cm<\/p>\n<p>Largura<\/p>\n<p>29,40 cm<\/p>\n<p>Profundidade<\/p>\n<p>21,60 cm<\/p>\n<p>Peso<\/p>\n<p>6,20 kg<\/p>\n","protected":false},"excerpt":{"rendered":"<p>Imagens meramente ilustrativas. O item\u00a0vendido \u00e9 o Console Xbox Series X 1TB + Controle Sem Fio &#8211; Preto Apresentamos o Xbox Series X , nosso console mais r\u00e1pido e poderoso de todos os tempos. Jogue milhares de t\u00edtulos de quatro gera\u00e7\u00f5es de consoles- todos os jogos t\u00eam melhor apar\u00eancia e s\u00e3o melhor executados no Xbox Series X. No cora\u00e7\u00e3o do Series X est\u00e1 a Xbox Velocity Architecture, que combina um SSD personalizado e software integrado para diminuir significativamente os tempos de carregamento dentro e fora do jogo. Troque simultaneamente entre v\u00e1rios jogos em um instante com o Quick Resume. Explore novos mundos e desfrute da a\u00e7\u00e3o como nunca antes com 12 teraflops incompar\u00e1veis de poder de processamento gr\u00e1fico. Desfrute de jogos 4K a at\u00e9 120 quadros por segundo , som 3D avan\u00e7ado especial e muito mais. Comece com uma biblioteca instant\u00e2nea de mais de 100 jogos de alta qualidade, incluindo todos os novos t\u00edtulos do Xbox Game Studios no mesmo dia do seu lan\u00e7amento como o Halo Infinite, com o Xbox Game Pass Ultimate. (assinatura vendida separadamente)** Caracter\u00edsticas Processador AMD Zen 2 customizado com 8 n\u00facleos e 16 threads a at\u00e9 3,8 GHz Processador Gr\u00e1fico 52 UCs a at\u00e9 1,825 GHz (12 TFLOPS) Wireless (Conex\u00e3o s\/ fio) Sim Conex\u00e3o Bluetooth Sim Entradas p\/ controles N\u00e3o Conex\u00e3o USB Sim Suporte para HDTV Sim Jogos na mem\u00f3ria N\u00e3o Caracter\u00edsticas gerais Informa\u00e7\u00f5es importantes: &#8211; 4K a 120 FPS: requer conte\u00fado e exibi\u00e7\u00e3o compat\u00edveis. Use-o no Xbox Series X conforme o conte\u00fado for disponibilizado. &#8211; Xbox Game Pass: O cat\u00e1logo de jogos varia ao longo do tempo (xbox.com\/gamepass). &#8211; Halo Infinite: Lan\u00e7amento em 2021. &#8211; Smart Delivery: Apenas jogos compat\u00edveis. Especifica\u00e7\u00f5es T\u00e9cnicas M\u00eddias compat\u00edveis CD &#8211; DVD &#8211; Blu-Ray &#8211;\u00a0Blu-ray, CD, DVD, M\u00eddias Digitais Resolu\u00e7\u00e3o m\u00e1xima 4K 120 Fps Mem\u00f3ria RAM 16 GB GDDR6 (256-bit) Capacidade do HD 1 TB Outras conex\u00f5es Wifi 6, Rede cabeada, HDMI, USB, energia, Slot para expans\u00e3o de mem\u00f3ria SSD NVMe priorit\u00e1rio de 1 TB Alimenta\u00e7\u00e3o Bivolt Cor Preto Conte\u00fado da embalagem Console Xbox\u00a0Series X de 1TB &#8211; 1 Controle sem fio Xbox &#8211; Cabo HDMI &#8211; Cabo de alimenta\u00e7\u00e3o Garantia 12 meses &#8211; Console (3 meses perif\u00e9ricos) Dimens\u00f5es Altura 37,80 cm Largura 29,40 cm Profundidade 21,60 cm Peso 6,20 kg<\/p>\n","protected":false},"featured_media":1365,"template":"","meta":{"_uag_custom_page_level_css":"","site-sidebar-layout":"default","site-content-layout":"default","ast-site-content-layout":"default","site-content-style":"default","site-sidebar-style":"default","ast-global-header-display":"","ast-banner-title-visibility":"","ast-main-header-display":"","ast-hfb-above-header-display":"","ast-hfb-below-header-display":"","ast-hfb-mobile-header-display":"","site-post-title":"","ast-breadcrumbs-content":"","ast-featured-img":"","footer-sml-layout":"","theme-transparent-header-meta":"default","adv-header-id-meta":"","stick-header-meta":"","header-above-stick-meta":"","header-main-stick-meta":"","header-below-stick-meta":"","astra-migrate-meta-layouts":"default","ast-page-background-enabled":"default","ast-page-background-meta":{"desktop":{"background-color":"","background-image":"","background-repeat":"repeat","background-position":"center center","background-size":"auto","background-attachment":"scroll","background-type":"","background-media":"","overlay-type":"","overlay-color":"","overlay-opacity":"","overlay-gradient":""},"tablet":{"background-color":"","background-image":"","background-repeat":"repeat","background-position":"center center","background-size":"auto","background-attachment":"scroll","background-type":"","background-media":"","overlay-type":"","overlay-color":"","overlay-opacity":"","overlay-gradient":""},"mobile":{"background-color":"","background-image":"","background-repeat":"repeat","background-position":"center center","background-size":"auto","background-attachment":"scroll","background-type":"","background-media":"","overlay-type":"","overlay-color":"","overlay-opacity":"","overlay-gradient":""}},"ast-content-background-meta":{"desktop":{"background-color":"var(--ast-global-color-5)","background-image":"","background-repeat":"repeat","background-position":"center center","background-size":"auto","background-attachment":"scroll","background-type":"","background-media":"","overlay-type":"","overlay-color":"","overlay-opacity":"","overlay-gradient":""},"tablet":{"background-color":"var(--ast-global-color-5)","background-image":"","background-repeat":"repeat","background-position":"center center","background-size":"auto","background-attachment":"scroll","background-type":"","background-media":"","overlay-type":"","overlay-color":"","overlay-opacity":"","overlay-gradient":""},"mobile":{"background-color":"var(--ast-global-color-5)","background-image":"","background-repeat":"repeat","background-position":"center center","background-size":"auto","background-attachment":"scroll","background-type":"","background-media":"","overlay-type":"","overlay-color":"","overlay-opacity":"","overlay-gradient":""}}},"product_brand":[],"product_cat":[38,244,245],"product_tag":[254,569],"class_list":{"0":"post-1364","1":"product","2":"type-product","3":"status-publish","4":"has-post-thumbnail","6":"product_cat-eletronicos","7":"product_cat-games","8":"product_cat-xbox","9":"product_tag-video-game","10":"product_tag-xbox-series","11":"desktop-align-center","12":"tablet-align-left","13":"mobile-align-center","15":"first","16":"instock","17":"sale","18":"shipping-taxable","19":"product-type-external"},"uagb_featured_image_src":{"full":["https:\/\/promocaododia.com.br\/site\/wp-content\/uploads\/2022\/12\/Console-Xbox-Series-X-1TB-Controle-Sem-Fio-Preto-Microsoft.jpg",600,600,false],"thumbnail":["https:\/\/promocaododia.com.br\/site\/wp-content\/uploads\/2022\/12\/Console-Xbox-Series-X-1TB-Controle-Sem-Fio-Preto-Microsoft-150x150.jpg",150,150,true],"medium":["https:\/\/promocaododia.com.br\/site\/wp-content\/uploads\/2022\/12\/Console-Xbox-Series-X-1TB-Controle-Sem-Fio-Preto-Microsoft-300x300.jpg",300,300,true],"medium_large":["https:\/\/promocaododia.com.br\/site\/wp-content\/uploads\/2022\/12\/Console-Xbox-Series-X-1TB-Controle-Sem-Fio-Preto-Microsoft.jpg",600,600,false],"large":["https:\/\/promocaododia.com.br\/site\/wp-content\/uploads\/2022\/12\/Console-Xbox-Series-X-1TB-Controle-Sem-Fio-Preto-Microsoft.jpg",600,600,false],"1536x1536":["https:\/\/promocaododia.com.br\/site\/wp-content\/uploads\/2022\/12\/Console-Xbox-Series-X-1TB-Controle-Sem-Fio-Preto-Microsoft.jpg",600,600,false],"2048x2048":["https:\/\/promocaododia.com.br\/site\/wp-content\/uploads\/2022\/12\/Console-Xbox-Series-X-1TB-Controle-Sem-Fio-Preto-Microsoft.jpg",600,600,false],"woocommerce_thumbnail":["https:\/\/promocaododia.com.br\/site\/wp-content\/uploads\/2022\/12\/Console-Xbox-Series-X-1TB-Controle-Sem-Fio-Preto-Microsoft-250x250.jpg",250,250,true],"woocommerce_single":["https:\/\/promocaododia.com.br\/site\/wp-content\/uploads\/2022\/12\/Console-Xbox-Series-X-1TB-Controle-Sem-Fio-Preto-Microsoft-250x250.jpg",250,250,true],"woocommerce_gallery_thumbnail":["https:\/\/promocaododia.com.br\/site\/wp-content\/uploads\/2022\/12\/Console-Xbox-Series-X-1TB-Controle-Sem-Fio-Preto-Microsoft-100x100.jpg",100,100,true]},"uagb_author_info":{"display_name":"danilo.gbr","author_link":"https:\/\/promocaododia.com.br\/site\/author\/"},"uagb_comment_info":0,"uagb_excerpt":"Imagens meramente ilustrativas. O item\u00a0vendido \u00e9 o Console Xbox Series X 1TB + Controle Sem Fio &#8211; Preto Apresentamos o Xbox Series X , nosso console mais r\u00e1pido e poderoso de todos os tempos. Jogue milhares de t\u00edtulos de quatro gera\u00e7\u00f5es de consoles- todos os jogos t\u00eam melhor apar\u00eancia e s\u00e3o melhor executados no Xbox&hellip;","_links":{"self":[{"href":"https:\/\/promocaododia.com.br\/site\/wp-json\/wp\/v2\/product\/1364","targetHints":{"allow":["GET"]}}],"collection":[{"href":"https:\/\/promocaododia.com.br\/site\/wp-json\/wp\/v2\/product"}],"about":[{"href":"https:\/\/promocaododia.com.br\/site\/wp-json\/wp\/v2\/types\/product"}],"wp:featuredmedia":[{"embeddable":true,"href":"https:\/\/promocaododia.com.br\/site\/wp-json\/wp\/v2\/media\/1365"}],"wp:attachment":[{"href":"https:\/\/promocaododia.com.br\/site\/wp-json\/wp\/v2\/media?parent=1364"}],"wp:term":[{"taxonomy":"product_brand","embeddable":true,"href":"https:\/\/promocaododia.com.br\/site\/wp-json\/wp\/v2\/product_brand?post=1364"},{"taxonomy":"product_cat","embeddable":true,"href":"https:\/\/promocaododia.com.br\/site\/wp-json\/wp\/v2\/product_cat?post=1364"},{"taxonomy":"product_tag","embeddable":true,"href":"https:\/\/promocaododia.com.br\/site\/wp-json\/wp\/v2\/product_tag?post=1364"}],"curies":[{"name":"wp","href":"https:\/\/api.w.org\/{rel}","templated":true}]}}