{"id":1366,"date":"2022-12-04T17:11:55","date_gmt":"2022-12-04T20:11:55","guid":{"rendered":"https:\/\/promocaododia.com.br\/site\/?post_type=product&#038;p=1366"},"modified":"2022-12-04T17:12:39","modified_gmt":"2022-12-04T20:12:39","slug":"batedeira-mondial-pratica-b-44-w-com-3-velocidades-e-400w-branca","status":"publish","type":"product","link":"https:\/\/promocaododia.com.br\/site\/produto\/batedeira-mondial-pratica-b-44-w-com-3-velocidades-e-400w-branca\/","title":{"rendered":"Batedeira Mondial Pr\u00e1tica B-44-W com 3 Velocidades e 400W \u2013 Branca"},"content":{"rendered":"<section id=\"product-detail-accordion-0\" class=\"accordion css-1pzlr85 e1uc2v351\">\n<div class=\"css-1j0qyxp e1uc2v350\">\n<div id=\"product-detail-list-0\" class=\"css-5yiy0m e10iop990\">\n<div class=\"content\"><span class=\"content--name\">Tigela<\/span><span class=\"content--value\">Pl\u00e1stico<\/span><\/div>\n<div class=\"content\"><span class=\"content--name\">Modelo<\/span><span class=\"content--value\">Fixa<\/span><\/div>\n<div class=\"content\"><span class=\"content--name\">N\u00ba de velocidades<\/span><span class=\"content--value\">3<\/span><\/div>\n<div class=\"content\"><span class=\"content--name\">Fun\u00e7\u00e3o Pulsar<\/span><span class=\"content--value\">Sim<\/span><\/div>\n<div class=\"content\"><span class=\"content--name\">Base c\/ sistema girat\u00f3rio<\/span><span class=\"content--value\">N\u00e3o<\/span><\/div>\n<div class=\"content\"><span class=\"content--name\">Batedores p\/ massas leves<\/span><span class=\"content--value\">Sim<\/span><\/div>\n<div class=\"content\"><span class=\"content--name\">Batedores p\/ massas pesadas<\/span><span class=\"content--value\">N\u00e3o<\/span><\/div>\n<div class=\"content\"><span class=\"content--name\">Porta-fio<\/span><span class=\"content--value\">N\u00e3o<\/span><\/div>\n<div class=\"content\"><span class=\"content--name\">Caracter\u00edsticas Gerais<\/span><span class=\"content--value\">&#8211; Pr\u00e1tica &#8211; F\u00e1cil e usar &#8211; Design moderno &#8211; Ideal para massas leves: bolos, pudim, tortas &#8211; Maior autonomia durante o preparo de suas receitas &#8211; Prepara diversas receitas como massas leves e mousses &#8211; Resistente e dur\u00e1vel &#8211; Material: PP e Metal <\/span><\/div>\n<\/div>\n<\/div>\n<\/section>\n<section id=\"product-detail-accordion-1\" class=\"accordion css-1pzlr85 e1uc2v351\">\n<div class=\"css-1705oe6 eym5xli0\"><span class=\"content--name\" style=\"font-size: 16px;\">Consumo de energia (kW\/h)<\/span><span class=\"content--value\" style=\"font-size: 16px;\">0,40 Kw\/h<\/span><\/div>\n<div class=\"css-1j0qyxp e1uc2v350\">\n<div id=\"product-detail-list-1\" class=\"css-5yiy0m e10iop990\">\n<div class=\"content\"><span class=\"content--name\">Pot\u00eancia (W)<\/span><span class=\"content--value\">400W<\/span><\/div>\n<div class=\"content\"><span class=\"content--name\">Capacidade (L)<\/span><span class=\"content--value\">3,6L<\/span><\/div>\n<div class=\"content\"><span class=\"content--name\">Tens\u00e3o\/Voltagem<\/span><span class=\"content--value\">&#8211; 110V &#8211; 220V<\/span><\/div>\n<div class=\"content\"><span class=\"content--name\">Conte\u00fado da Embalagem<\/span><span class=\"content--value\">&#8211; 01 Batedeira Mondial Pr\u00e1tica B-44-W com 3 Velocidades \u2013 Branca &#8211; 01 Par de batedores para massas leves &#8211; 01 Tigela de pl\u00e1stico &#8211; Manual de instru\u00e7\u00f5es <\/span><\/div>\n<div class=\"content\"><span class=\"content--name\">Cor<\/span><span class=\"content--value\">Branco<\/span><\/div>\n<div class=\"content\"><span class=\"content--name\">Tipo de Tomada<\/span><span class=\"content--value\">10A (4mm)<\/span><\/div>\n<div class=\"content\"><span class=\"content--name\">Garantia<\/span><span class=\"content--value\">12 meses <\/span><\/div>\n<div class=\"content\"><span class=\"content--name\">Observa\u00e7\u00f5es<\/span><span class=\"content--value\">&#8211; Dispon\u00edvel em 110v e 220v (n\u00e3o \u00e9 um produto bivolt) &#8211; Demais produtos que n\u00e3o fazem parte do conte\u00fado da embalagem, s\u00e3o ilustrativos e n\u00e3o s\u00e3o vendidos com o produto. <\/span><\/div>\n<div class=\"content\"><span class=\"content--name\">Tipo de Plugue<\/span><span class=\"content--value\">2 Pinos<\/span><\/div>\n<div class=\"content\"><span class=\"content--name\">Entrega do Produto<\/span><span class=\"content--value\">&#8211; Todas as instru\u00e7\u00f5es, manuais e pe\u00e7as necess\u00e1rias para a montagem s\u00e3o fornecidas junto com o produto &#8211; n\u00e3o nos responsabilizamos pela instala\u00e7\u00e3o\/montagem<\/span><\/div>\n<\/div>\n<\/div>\n<\/section>\n","protected":false},"excerpt":{"rendered":"<p>TigelaPl\u00e1stico ModeloFixa N\u00ba de velocidades3 Fun\u00e7\u00e3o PulsarSim Base c\/ sistema girat\u00f3rioN\u00e3o Batedores p\/ massas levesSim Batedores p\/ massas pesadasN\u00e3o Porta-fioN\u00e3o Caracter\u00edsticas Gerais&#8211; Pr\u00e1tica &#8211; F\u00e1cil e usar &#8211; Design moderno &#8211; Ideal para massas leves: bolos, pudim, tortas &#8211; Maior autonomia durante o preparo de suas receitas &#8211; Prepara diversas receitas como massas leves e mousses &#8211; Resistente e dur\u00e1vel &#8211; Material: PP e Metal Consumo de energia (kW\/h)0,40 Kw\/h Pot\u00eancia (W)400W Capacidade (L)3,6L Tens\u00e3o\/Voltagem&#8211; 110V &#8211; 220V Conte\u00fado da Embalagem&#8211; 01 Batedeira Mondial Pr\u00e1tica B-44-W com 3 Velocidades \u2013 Branca &#8211; 01 Par de batedores para massas leves &#8211; 01 Tigela de pl\u00e1stico &#8211; Manual de instru\u00e7\u00f5es CorBranco Tipo de Tomada10A (4mm) Garantia12 meses Observa\u00e7\u00f5es&#8211; Dispon\u00edvel em 110v e 220v (n\u00e3o \u00e9 um produto bivolt) &#8211; Demais produtos que n\u00e3o fazem parte do conte\u00fado da embalagem, s\u00e3o ilustrativos e n\u00e3o s\u00e3o vendidos com o produto. Tipo de Plugue2 Pinos Entrega do Produto&#8211; Todas as instru\u00e7\u00f5es, manuais e pe\u00e7as necess\u00e1rias para a montagem s\u00e3o fornecidas junto com o produto &#8211; n\u00e3o nos responsabilizamos pela instala\u00e7\u00e3o\/montagem<\/p>\n","protected":false},"featured_media":1368,"template":"","meta":{"_uag_custom_page_level_css":"","site-sidebar-layout":"default","site-content-layout":"default","ast-site-content-layout":"default","site-content-style":"default","site-sidebar-style":"default","ast-global-header-display":"","ast-banner-title-visibility":"","ast-main-header-display":"","ast-hfb-above-header-display":"","ast-hfb-below-header-display":"","ast-hfb-mobile-header-display":"","site-post-title":"","ast-breadcrumbs-content":"","ast-featured-img":"","footer-sml-layout":"","theme-transparent-header-meta":"default","adv-header-id-meta":"","stick-header-meta":"","header-above-stick-meta":"","header-main-stick-meta":"","header-below-stick-meta":"","astra-migrate-meta-layouts":"default","ast-page-background-enabled":"default","ast-page-background-meta":{"desktop":{"background-color":"","background-image":"","background-repeat":"repeat","background-position":"center center","background-size":"auto","background-attachment":"scroll","background-type":"","background-media":"","overlay-type":"","overlay-color":"","overlay-opacity":"","overlay-gradient":""},"tablet":{"background-color":"","background-image":"","background-repeat":"repeat","background-position":"center center","background-size":"auto","background-attachment":"scroll","background-type":"","background-media":"","overlay-type":"","overlay-color":"","overlay-opacity":"","overlay-gradient":""},"mobile":{"background-color":"","background-image":"","background-repeat":"repeat","background-position":"center center","background-size":"auto","background-attachment":"scroll","background-type":"","background-media":"","overlay-type":"","overlay-color":"","overlay-opacity":"","overlay-gradient":""}},"ast-content-background-meta":{"desktop":{"background-color":"var(--ast-global-color-5)","background-image":"","background-repeat":"repeat","background-position":"center center","background-size":"auto","background-attachment":"scroll","background-type":"","background-media":"","overlay-type":"","overlay-color":"","overlay-opacity":"","overlay-gradient":""},"tablet":{"background-color":"var(--ast-global-color-5)","background-image":"","background-repeat":"repeat","background-position":"center center","background-size":"auto","background-attachment":"scroll","background-type":"","background-media":"","overlay-type":"","overlay-color":"","overlay-opacity":"","overlay-gradient":""},"mobile":{"background-color":"var(--ast-global-color-5)","background-image":"","background-repeat":"repeat","background-position":"center center","background-size":"auto","background-attachment":"scroll","background-type":"","background-media":"","overlay-type":"","overlay-color":"","overlay-opacity":"","overlay-gradient":""}}},"product_brand":[],"product_cat":[358,28],"product_tag":[359],"class_list":{"0":"post-1366","1":"product","2":"type-product","3":"status-publish","4":"has-post-thumbnail","6":"product_cat-batedeira","7":"product_cat-eletrodomesticos","8":"product_tag-batedeira","9":"desktop-align-center","10":"tablet-align-left","11":"mobile-align-center","13":"first","14":"instock","15":"sale","16":"shipping-taxable","17":"product-type-external"},"uagb_featured_image_src":{"full":["https:\/\/promocaododia.com.br\/site\/wp-content\/uploads\/2022\/12\/Batedeira-Mondial-Pratica-B-44-W-com-3-Velocidades-e-400W-\u2013-Branca-1.jpg",600,600,false],"thumbnail":["https:\/\/promocaododia.com.br\/site\/wp-content\/uploads\/2022\/12\/Batedeira-Mondial-Pratica-B-44-W-com-3-Velocidades-e-400W-\u2013-Branca-1-150x150.jpg",150,150,true],"medium":["https:\/\/promocaododia.com.br\/site\/wp-content\/uploads\/2022\/12\/Batedeira-Mondial-Pratica-B-44-W-com-3-Velocidades-e-400W-\u2013-Branca-1-300x300.jpg",300,300,true],"medium_large":["https:\/\/promocaododia.com.br\/site\/wp-content\/uploads\/2022\/12\/Batedeira-Mondial-Pratica-B-44-W-com-3-Velocidades-e-400W-\u2013-Branca-1.jpg",600,600,false],"large":["https:\/\/promocaododia.com.br\/site\/wp-content\/uploads\/2022\/12\/Batedeira-Mondial-Pratica-B-44-W-com-3-Velocidades-e-400W-\u2013-Branca-1.jpg",600,600,false],"1536x1536":["https:\/\/promocaododia.com.br\/site\/wp-content\/uploads\/2022\/12\/Batedeira-Mondial-Pratica-B-44-W-com-3-Velocidades-e-400W-\u2013-Branca-1.jpg",600,600,false],"2048x2048":["https:\/\/promocaododia.com.br\/site\/wp-content\/uploads\/2022\/12\/Batedeira-Mondial-Pratica-B-44-W-com-3-Velocidades-e-400W-\u2013-Branca-1.jpg",600,600,false],"woocommerce_thumbnail":["https:\/\/promocaododia.com.br\/site\/wp-content\/uploads\/2022\/12\/Batedeira-Mondial-Pratica-B-44-W-com-3-Velocidades-e-400W-\u2013-Branca-1-250x250.jpg",250,250,true],"woocommerce_single":["https:\/\/promocaododia.com.br\/site\/wp-content\/uploads\/2022\/12\/Batedeira-Mondial-Pratica-B-44-W-com-3-Velocidades-e-400W-\u2013-Branca-1-250x250.jpg",250,250,true],"woocommerce_gallery_thumbnail":["https:\/\/promocaododia.com.br\/site\/wp-content\/uploads\/2022\/12\/Batedeira-Mondial-Pratica-B-44-W-com-3-Velocidades-e-400W-\u2013-Branca-1-100x100.jpg",100,100,true]},"uagb_author_info":{"display_name":"danilo.gbr","author_link":"https:\/\/promocaododia.com.br\/site\/author\/"},"uagb_comment_info":0,"uagb_excerpt":"TigelaPl\u00e1stico ModeloFixa N\u00ba de velocidades3 Fun\u00e7\u00e3o PulsarSim Base c\/ sistema girat\u00f3rioN\u00e3o Batedores p\/ massas levesSim Batedores p\/ massas pesadasN\u00e3o Porta-fioN\u00e3o Caracter\u00edsticas Gerais&#8211; Pr\u00e1tica &#8211; F\u00e1cil e usar &#8211; Design moderno &#8211; Ideal para massas leves: bolos, pudim, tortas &#8211; Maior autonomia durante o preparo de suas receitas &#8211; Prepara diversas receitas como massas leves e&hellip;","_links":{"self":[{"href":"https:\/\/promocaododia.com.br\/site\/wp-json\/wp\/v2\/product\/1366","targetHints":{"allow":["GET"]}}],"collection":[{"href":"https:\/\/promocaododia.com.br\/site\/wp-json\/wp\/v2\/product"}],"about":[{"href":"https:\/\/promocaododia.com.br\/site\/wp-json\/wp\/v2\/types\/product"}],"wp:featuredmedia":[{"embeddable":true,"href":"https:\/\/promocaododia.com.br\/site\/wp-json\/wp\/v2\/media\/1368"}],"wp:attachment":[{"href":"https:\/\/promocaododia.com.br\/site\/wp-json\/wp\/v2\/media?parent=1366"}],"wp:term":[{"taxonomy":"product_brand","embeddable":true,"href":"https:\/\/promocaododia.com.br\/site\/wp-json\/wp\/v2\/product_brand?post=1366"},{"taxonomy":"product_cat","embeddable":true,"href":"https:\/\/promocaododia.com.br\/site\/wp-json\/wp\/v2\/product_cat?post=1366"},{"taxonomy":"product_tag","embeddable":true,"href":"https:\/\/promocaododia.com.br\/site\/wp-json\/wp\/v2\/product_tag?post=1366"}],"curies":[{"name":"wp","href":"https:\/\/api.w.org\/{rel}","templated":true}]}}