{"id":1369,"date":"2022-12-04T17:20:07","date_gmt":"2022-12-04T20:20:07","guid":{"rendered":"https:\/\/promocaododia.com.br\/site\/?post_type=product&#038;p=1369"},"modified":"2022-12-04T17:20:07","modified_gmt":"2022-12-04T20:20:07","slug":"smart-tv-50-uhd-4k-samsung-50au7700-processador-crystal-4k-tela-sem-limites-visual-livre-de-cabos-alexa-built-in-controle-unico","status":"publish","type":"product","link":"https:\/\/promocaododia.com.br\/site\/produto\/smart-tv-50-uhd-4k-samsung-50au7700-processador-crystal-4k-tela-sem-limites-visual-livre-de-cabos-alexa-built-in-controle-unico\/","title":{"rendered":"Smart TV 50&#8243; UHD 4K Samsung 50AU7700, Processador Crystal 4K, Tela sem limites, Visual Livre de Cabos, Alexa built in, Controle \u00danico"},"content":{"rendered":"<div class=\"content\"><span class=\"content--name\">Controle remoto<\/span><span class=\"content--value\">Sim<\/span><\/div>\n<div class=\"content\"><span class=\"content--name\">Conversor para TV digital integrado<\/span><span class=\"content--value\">sim<\/span><\/div>\n<div class=\"content\"><span class=\"content--name\">\u00d3culos 3D<\/span><span class=\"content--value\">N\u00e3o<\/span><\/div>\n<div class=\"content\"><span class=\"content--name\">Wi-Fi integrado<\/span><span class=\"content--value\">Sim<\/span><\/div>\n<div class=\"content\"><span class=\"content--name\">Caracter\u00edsticas Gerais<\/span><span class=\"content--value\">Tela &#8211; Tamanho da tela: 50&#8243; &#8211; Resolu\u00e7\u00e3o: 3.840 x 2.160 &#8211; Frequ\u00eancia (Hz): 60 &#8211; Tipo de Tela: LED 4K V\u00eddeo &#8211; Processador: Processador Crystal 4K &#8211; PQI (Picture Quality Index): 2000 &#8211; HDR (High Dynamic Range): HDR &#8211; HDR 10+: HDR10+ &#8211; Contraste: Mega Contraste &#8211; HLG (Hybrid Log Gamma): Sim &#8211; Micro Dimming: Esmaecimento UHD supremo &#8211; Contrast Enhancer: Sim &#8211; Auto Motion Plus: Sim &#8211; Modo Filme: Sim &#8211; Modo Natural: Sim \u00c1udio &#8211; Dolby Digital Plus: Sim &#8211; Som em movimento: N\u00e3o &#8211; Pot\u00eancia (RMS): 20W &#8211; Tipo de alto-falante: 2 Canais &#8211; Multiroom Link: Sim &#8211; Bluetooth de \u00c1udio: Sim Recursos Smart &#8211; Sistema operacional: Tizen\u2122 &#8211; Bixby: ingl\u00eas americano, Ingl\u00eas brit\u00e2nico, Ingl\u00eas indiano, Coreano, Franc\u00eas, Alem\u00e3o, Italiano, Espanhol, portugu\u00eas do Brasil. Caracter\u00edsticas variam de acordo com regi\u00e3o &#8211; Intera\u00e7\u00e3o por voz: Sim &#8211; Alexa integrado: Sim &#8211; Google Assistant integrado: Sim &#8211; TV Plus: Sim &#8211; Navegador (Web Browser): Sim &#8211; Suporte ao app SmartThings: Sim &#8211; Galeria: Sim Converg\u00eancia &#8211; Espelhamento da TV para Mobile: N\u00e3o &#8211; Woofer: Sim &#8211; Tipo de alto-falante: Sim &#8211; Som em movimento: Sim &#8211; Sincronia Sonora: Sim &#8211; Pot\u00eancia (RMS): Sim &#8211; Espelhamento do Smartphone para TV, DLNA: Sim &#8211; Tap View: Sim &#8211; Multitela: N\u00e3o &#8211; Sound Wall: N\u00e3o &#8211; Acesso remoto: Sim &#8211; 360 Video Player: N\u00e3o &#8211; Suporte \u00e0 camera 360: N\u00e3o &#8211; Bluetooth Low Energy: Sim &#8211; WiFi Direct: Sim &#8211; Som da TV para smartphone: Sim &#8211; Espelhamento de \u00c1udio: Sim Conectividade &#8211; HDMI: 3 (2.0) &#8211; USB: 1 (2.0) &#8211; Ethernet (LAN): Sim &#8211; Sa\u00edda de \u00c1udio Digital (\u00d3ptica): 1 &#8211; Entrada de RF (terrestre\/entrada de cabo): 1 \/ 1 (Uso Normal para o Terrestre) \/ 0 &#8211; HDMI A \/ Return Ch. Support: Sim &#8211; eARC: Sim &#8211; HDMI Quick Switch: Sim &#8211; Wi-fi: Sim (WiFi5) &#8211; Bluetooth: Sim (BT 4.2) &#8211; Anynet+ (HDMI-CEC): Sim Outros recursos &#8211; Digital Clean View &#8211; Busca autom\u00e1tica de canais &#8211; Desligamento Autom\u00e1tico &#8211; Legenda &#8211; Connect Share\u2122 (HDD) &#8211; ConnectShare\u2122 (USB 2.0) &#8211; EPG &#8211; Modo Filmmaker &#8211; Idioma &#8211; BT HID integrado &#8211; Compat\u00edvel com HID USB &#8211; IPv6 Support &#8211; MBR Support<\/span><\/div>\n<div class=\"content\"><span class=\"content--name\">Tecnologia da Tela<\/span><span class=\"content--value\">LED<\/span><\/div>\n<div class=\"content\"><span class=\"content--name\">Timer On<\/span><span class=\"content--value\">N\u00e3o<\/span><\/div>\n<div class=\"content\"><span class=\"content--name\">Timer Off<\/span><span class=\"content--value\">Sim<\/span><\/div>\n<div class=\"content\"><span class=\"content--name\">Formato da Tela<\/span><span class=\"content--value\">Plana<\/span><\/div>\n<div class=\"content\"><span class=\"content--name\">Est\u00e9reo<\/span><span class=\"content--value\">Sim<\/span><\/div>\n<div class=\"content\"><span class=\"content--name\">Fun\u00e7\u00e3o SAP<\/span><span class=\"content--value\">N\u00e3o<\/span><\/div>\n<div class=\"content\"><span class=\"content--name\">Sistema operacional<\/span><span class=\"content--value\">Tizen<\/span><\/div>\n<div class=\"content\"><span class=\"content--name\">Entrada USB<\/span><span class=\"content--value\">1<\/span><\/div>\n<div class=\"content\"><span class=\"content--name\">Entrada HDMI<\/span><span class=\"content--value\">3<\/span><\/div>\n<div class=\"content\"><span class=\"content--name\">Tamanho da tela<\/span><span class=\"content--value\">50&#8243;<\/span><\/div>\n<div class=\"content\"><span class=\"content--name\">Conex\u00f5es<\/span><span class=\"content--value\">&#8211; 3 Entradas HDMI &#8211; 1 Entrada USB &#8211; 1 Sa\u00edda de \u00c1udio Digital (\u00d3ptica) &#8211; 1 Entrada de RF (terrestre\/entrada de cabo) &#8211; Ethernet (LAN) <\/span><\/div>\n","protected":false},"excerpt":{"rendered":"<p>Controle remotoSim Conversor para TV digital integradosim \u00d3culos 3DN\u00e3o Wi-Fi integradoSim Caracter\u00edsticas GeraisTela &#8211; Tamanho da tela: 50&#8243; &#8211; Resolu\u00e7\u00e3o: 3.840 x 2.160 &#8211; Frequ\u00eancia (Hz): 60 &#8211; Tipo de Tela: LED 4K V\u00eddeo &#8211; Processador: Processador Crystal 4K &#8211; PQI (Picture Quality Index): 2000 &#8211; HDR (High Dynamic Range): HDR &#8211; HDR 10+: HDR10+ &#8211; Contraste: Mega Contraste &#8211; HLG (Hybrid Log Gamma): Sim &#8211; Micro Dimming: Esmaecimento UHD supremo &#8211; Contrast Enhancer: Sim &#8211; Auto Motion Plus: Sim &#8211; Modo Filme: Sim &#8211; Modo Natural: Sim \u00c1udio &#8211; Dolby Digital Plus: Sim &#8211; Som em movimento: N\u00e3o &#8211; Pot\u00eancia (RMS): 20W &#8211; Tipo de alto-falante: 2 Canais &#8211; Multiroom Link: Sim &#8211; Bluetooth de \u00c1udio: Sim Recursos Smart &#8211; Sistema operacional: Tizen\u2122 &#8211; Bixby: ingl\u00eas americano, Ingl\u00eas brit\u00e2nico, Ingl\u00eas indiano, Coreano, Franc\u00eas, Alem\u00e3o, Italiano, Espanhol, portugu\u00eas do Brasil. Caracter\u00edsticas variam de acordo com regi\u00e3o &#8211; Intera\u00e7\u00e3o por voz: Sim &#8211; Alexa integrado: Sim &#8211; Google Assistant integrado: Sim &#8211; TV Plus: Sim &#8211; Navegador (Web Browser): Sim &#8211; Suporte ao app SmartThings: Sim &#8211; Galeria: Sim Converg\u00eancia &#8211; Espelhamento da TV para Mobile: N\u00e3o &#8211; Woofer: Sim &#8211; Tipo de alto-falante: Sim &#8211; Som em movimento: Sim &#8211; Sincronia Sonora: Sim &#8211; Pot\u00eancia (RMS): Sim &#8211; Espelhamento do Smartphone para TV, DLNA: Sim &#8211; Tap View: Sim &#8211; Multitela: N\u00e3o &#8211; Sound Wall: N\u00e3o &#8211; Acesso remoto: Sim &#8211; 360 Video Player: N\u00e3o &#8211; Suporte \u00e0 camera 360: N\u00e3o &#8211; Bluetooth Low Energy: Sim &#8211; WiFi Direct: Sim &#8211; Som da TV para smartphone: Sim &#8211; Espelhamento de \u00c1udio: Sim Conectividade &#8211; HDMI: 3 (2.0) &#8211; USB: 1 (2.0) &#8211; Ethernet (LAN): Sim &#8211; Sa\u00edda de \u00c1udio Digital (\u00d3ptica): 1 &#8211; Entrada de RF (terrestre\/entrada de cabo): 1 \/ 1 (Uso Normal para o Terrestre) \/ 0 &#8211; HDMI A \/ Return Ch. Support: Sim &#8211; eARC: Sim &#8211; HDMI Quick Switch: Sim &#8211; Wi-fi: Sim (WiFi5) &#8211; Bluetooth: Sim (BT 4.2) &#8211; Anynet+ (HDMI-CEC): Sim Outros recursos &#8211; Digital Clean View &#8211; Busca autom\u00e1tica de canais &#8211; Desligamento Autom\u00e1tico &#8211; Legenda &#8211; Connect Share\u2122 (HDD) &#8211; ConnectShare\u2122 (USB 2.0) &#8211; EPG &#8211; Modo Filmmaker &#8211; Idioma &#8211; BT HID integrado &#8211; Compat\u00edvel com HID USB &#8211; IPv6 Support &#8211; MBR Support Tecnologia da TelaLED Timer OnN\u00e3o Timer OffSim Formato da TelaPlana Est\u00e9reoSim Fun\u00e7\u00e3o SAPN\u00e3o Sistema operacionalTizen Entrada USB1 Entrada HDMI3 Tamanho da tela50&#8243; Conex\u00f5es&#8211; 3 Entradas HDMI &#8211; 1 Entrada USB &#8211; 1 Sa\u00edda de \u00c1udio Digital (\u00d3ptica) &#8211; 1 Entrada de RF (terrestre\/entrada de cabo) &#8211; Ethernet (LAN)<\/p>\n","protected":false},"featured_media":1370,"template":"","meta":{"_uag_custom_page_level_css":"","site-sidebar-layout":"default","site-content-layout":"default","ast-site-content-layout":"default","site-content-style":"default","site-sidebar-style":"default","ast-global-header-display":"","ast-banner-title-visibility":"","ast-main-header-display":"","ast-hfb-above-header-display":"","ast-hfb-below-header-display":"","ast-hfb-mobile-header-display":"","site-post-title":"","ast-breadcrumbs-content":"","ast-featured-img":"","footer-sml-layout":"","theme-transparent-header-meta":"default","adv-header-id-meta":"","stick-header-meta":"","header-above-stick-meta":"","header-main-stick-meta":"","header-below-stick-meta":"","astra-migrate-meta-layouts":"default","ast-page-background-enabled":"default","ast-page-background-meta":{"desktop":{"background-color":"","background-image":"","background-repeat":"repeat","background-position":"center center","background-size":"auto","background-attachment":"scroll","background-type":"","background-media":"","overlay-type":"","overlay-color":"","overlay-opacity":"","overlay-gradient":""},"tablet":{"background-color":"","background-image":"","background-repeat":"repeat","background-position":"center center","background-size":"auto","background-attachment":"scroll","background-type":"","background-media":"","overlay-type":"","overlay-color":"","overlay-opacity":"","overlay-gradient":""},"mobile":{"background-color":"","background-image":"","background-repeat":"repeat","background-position":"center center","background-size":"auto","background-attachment":"scroll","background-type":"","background-media":"","overlay-type":"","overlay-color":"","overlay-opacity":"","overlay-gradient":""}},"ast-content-background-meta":{"desktop":{"background-color":"var(--ast-global-color-5)","background-image":"","background-repeat":"repeat","background-position":"center center","background-size":"auto","background-attachment":"scroll","background-type":"","background-media":"","overlay-type":"","overlay-color":"","overlay-opacity":"","overlay-gradient":""},"tablet":{"background-color":"var(--ast-global-color-5)","background-image":"","background-repeat":"repeat","background-position":"center center","background-size":"auto","background-attachment":"scroll","background-type":"","background-media":"","overlay-type":"","overlay-color":"","overlay-opacity":"","overlay-gradient":""},"mobile":{"background-color":"var(--ast-global-color-5)","background-image":"","background-repeat":"repeat","background-position":"center center","background-size":"auto","background-attachment":"scroll","background-type":"","background-media":"","overlay-type":"","overlay-color":"","overlay-opacity":"","overlay-gradient":""}}},"product_brand":[],"product_cat":[38,25,76],"product_tag":[129,131,241,89,125,127,126,130,128],"class_list":{"0":"post-1369","1":"product","2":"type-product","3":"status-publish","4":"has-post-thumbnail","6":"product_cat-eletronicos","7":"product_cat-smart-tv","8":"product_cat-tv-e-video","9":"product_tag-4k","10":"product_tag-alexa","11":"product_tag-google-assistente","12":"product_tag-samsung","13":"product_tag-smart-tv","14":"product_tag-televisao","15":"product_tag-tv","16":"product_tag-tv-50","17":"product_tag-uhd","18":"desktop-align-center","19":"tablet-align-left","20":"mobile-align-center","22":"first","23":"instock","24":"sale","25":"shipping-taxable","26":"product-type-external"},"uagb_featured_image_src":{"full":["https:\/\/promocaododia.com.br\/site\/wp-content\/uploads\/2022\/12\/Smart-TV-50-UHD-4K-Samsung-50AU7700-Processador-Crystal-4K-Tela-sem-limites-Visual-Livre-de-Cabos-Alexa-built-in-Controle-Unico.jpg",600,600,false],"thumbnail":["https:\/\/promocaododia.com.br\/site\/wp-content\/uploads\/2022\/12\/Smart-TV-50-UHD-4K-Samsung-50AU7700-Processador-Crystal-4K-Tela-sem-limites-Visual-Livre-de-Cabos-Alexa-built-in-Controle-Unico-150x150.jpg",150,150,true],"medium":["https:\/\/promocaododia.com.br\/site\/wp-content\/uploads\/2022\/12\/Smart-TV-50-UHD-4K-Samsung-50AU7700-Processador-Crystal-4K-Tela-sem-limites-Visual-Livre-de-Cabos-Alexa-built-in-Controle-Unico-300x300.jpg",300,300,true],"medium_large":["https:\/\/promocaododia.com.br\/site\/wp-content\/uploads\/2022\/12\/Smart-TV-50-UHD-4K-Samsung-50AU7700-Processador-Crystal-4K-Tela-sem-limites-Visual-Livre-de-Cabos-Alexa-built-in-Controle-Unico.jpg",600,600,false],"large":["https:\/\/promocaododia.com.br\/site\/wp-content\/uploads\/2022\/12\/Smart-TV-50-UHD-4K-Samsung-50AU7700-Processador-Crystal-4K-Tela-sem-limites-Visual-Livre-de-Cabos-Alexa-built-in-Controle-Unico.jpg",600,600,false],"1536x1536":["https:\/\/promocaododia.com.br\/site\/wp-content\/uploads\/2022\/12\/Smart-TV-50-UHD-4K-Samsung-50AU7700-Processador-Crystal-4K-Tela-sem-limites-Visual-Livre-de-Cabos-Alexa-built-in-Controle-Unico.jpg",600,600,false],"2048x2048":["https:\/\/promocaododia.com.br\/site\/wp-content\/uploads\/2022\/12\/Smart-TV-50-UHD-4K-Samsung-50AU7700-Processador-Crystal-4K-Tela-sem-limites-Visual-Livre-de-Cabos-Alexa-built-in-Controle-Unico.jpg",600,600,false],"woocommerce_thumbnail":["https:\/\/promocaododia.com.br\/site\/wp-content\/uploads\/2022\/12\/Smart-TV-50-UHD-4K-Samsung-50AU7700-Processador-Crystal-4K-Tela-sem-limites-Visual-Livre-de-Cabos-Alexa-built-in-Controle-Unico-250x250.jpg",250,250,true],"woocommerce_single":["https:\/\/promocaododia.com.br\/site\/wp-content\/uploads\/2022\/12\/Smart-TV-50-UHD-4K-Samsung-50AU7700-Processador-Crystal-4K-Tela-sem-limites-Visual-Livre-de-Cabos-Alexa-built-in-Controle-Unico-250x250.jpg",250,250,true],"woocommerce_gallery_thumbnail":["https:\/\/promocaododia.com.br\/site\/wp-content\/uploads\/2022\/12\/Smart-TV-50-UHD-4K-Samsung-50AU7700-Processador-Crystal-4K-Tela-sem-limites-Visual-Livre-de-Cabos-Alexa-built-in-Controle-Unico-100x100.jpg",100,100,true]},"uagb_author_info":{"display_name":"danilo.gbr","author_link":"https:\/\/promocaododia.com.br\/site\/author\/"},"uagb_comment_info":0,"uagb_excerpt":"Controle remotoSim Conversor para TV digital integradosim \u00d3culos 3DN\u00e3o Wi-Fi integradoSim Caracter\u00edsticas GeraisTela &#8211; Tamanho da tela: 50&#8243; &#8211; Resolu\u00e7\u00e3o: 3.840 x 2.160 &#8211; Frequ\u00eancia (Hz): 60 &#8211; Tipo de Tela: LED 4K V\u00eddeo &#8211; Processador: Processador Crystal 4K &#8211; PQI (Picture Quality Index): 2000 &#8211; HDR (High Dynamic Range): HDR &#8211; HDR 10+: HDR10+&hellip;","_links":{"self":[{"href":"https:\/\/promocaododia.com.br\/site\/wp-json\/wp\/v2\/product\/1369","targetHints":{"allow":["GET"]}}],"collection":[{"href":"https:\/\/promocaododia.com.br\/site\/wp-json\/wp\/v2\/product"}],"about":[{"href":"https:\/\/promocaododia.com.br\/site\/wp-json\/wp\/v2\/types\/product"}],"wp:featuredmedia":[{"embeddable":true,"href":"https:\/\/promocaododia.com.br\/site\/wp-json\/wp\/v2\/media\/1370"}],"wp:attachment":[{"href":"https:\/\/promocaododia.com.br\/site\/wp-json\/wp\/v2\/media?parent=1369"}],"wp:term":[{"taxonomy":"product_brand","embeddable":true,"href":"https:\/\/promocaododia.com.br\/site\/wp-json\/wp\/v2\/product_brand?post=1369"},{"taxonomy":"product_cat","embeddable":true,"href":"https:\/\/promocaododia.com.br\/site\/wp-json\/wp\/v2\/product_cat?post=1369"},{"taxonomy":"product_tag","embeddable":true,"href":"https:\/\/promocaododia.com.br\/site\/wp-json\/wp\/v2\/product_tag?post=1369"}],"curies":[{"name":"wp","href":"https:\/\/api.w.org\/{rel}","templated":true}]}}