{"id":1371,"date":"2022-12-04T17:23:42","date_gmt":"2022-12-04T20:23:42","guid":{"rendered":"https:\/\/promocaododia.com.br\/site\/?post_type=product&#038;p=1371"},"modified":"2022-12-04T17:23:42","modified_gmt":"2022-12-04T20:23:42","slug":"churrasqueira-eletrica-mondial-2000w-grand-steak-grill","status":"publish","type":"product","link":"https:\/\/promocaododia.com.br\/site\/produto\/churrasqueira-eletrica-mondial-2000w-grand-steak-grill\/","title":{"rendered":"Churrasqueira El\u00e9trica Mondial 2000W &#8211; Grand Steak &#038; Grill"},"content":{"rendered":"<p>Churrasqueira el\u00e9trica Grand Steak &amp; Grill da Mondial, agora fazer churrasco ficou mais f\u00e1cil, pr\u00e1tico e incrivelmente livre da fuma\u00e7a. Uma churrasqueira desenvolvida para voc\u00ea e sua fam\u00edlia desfrutar de alimentos mais saud\u00e1veis e saborosos. Ela tem controle de temperatura, al\u00e7as antit\u00e9rmicas, altura da grelha ajust\u00e1vel, grelha e bandeja remov\u00edvel para facilitar na hora da limpeza, bandeja que permite colocar \u00e1gua e evita que as part\u00edculas de gordura se queimem e libere fuma\u00e7a, l\u00e2mpada-piloto indicando o funcionamento do aparelho. Voc\u00ea far\u00e1 carne, frango, espetinhos, lingui\u00e7a e muito mais. Mondial, sua melhor escolha!<\/p>\n","protected":false},"excerpt":{"rendered":"<p>Churrasqueira el\u00e9trica Grand Steak &amp; Grill da Mondial, agora fazer churrasco ficou mais f\u00e1cil, pr\u00e1tico e incrivelmente livre da fuma\u00e7a. Uma churrasqueira desenvolvida para voc\u00ea e sua fam\u00edlia desfrutar de alimentos mais saud\u00e1veis e saborosos. Ela tem controle de temperatura, al\u00e7as antit\u00e9rmicas, altura da grelha ajust\u00e1vel, grelha e bandeja remov\u00edvel para facilitar na hora da limpeza, bandeja que permite colocar \u00e1gua e evita que as part\u00edculas de gordura se queimem e libere fuma\u00e7a, l\u00e2mpada-piloto indicando o funcionamento do aparelho. Voc\u00ea far\u00e1 carne, frango, espetinhos, lingui\u00e7a e muito mais. Mondial, sua melhor escolha!<\/p>\n","protected":false},"featured_media":1372,"template":"","meta":{"_uag_custom_page_level_css":"","site-sidebar-layout":"default","site-content-layout":"default","ast-site-content-layout":"default","site-content-style":"default","site-sidebar-style":"default","ast-global-header-display":"","ast-banner-title-visibility":"","ast-main-header-display":"","ast-hfb-above-header-display":"","ast-hfb-below-header-display":"","ast-hfb-mobile-header-display":"","site-post-title":"","ast-breadcrumbs-content":"","ast-featured-img":"","footer-sml-layout":"","theme-transparent-header-meta":"default","adv-header-id-meta":"","stick-header-meta":"","header-above-stick-meta":"","header-main-stick-meta":"","header-below-stick-meta":"","astra-migrate-meta-layouts":"default","ast-page-background-enabled":"default","ast-page-background-meta":{"desktop":{"background-color":"","background-image":"","background-repeat":"repeat","background-position":"center center","background-size":"auto","background-attachment":"scroll","background-type":"","background-media":"","overlay-type":"","overlay-color":"","overlay-opacity":"","overlay-gradient":""},"tablet":{"background-color":"","background-image":"","background-repeat":"repeat","background-position":"center center","background-size":"auto","background-attachment":"scroll","background-type":"","background-media":"","overlay-type":"","overlay-color":"","overlay-opacity":"","overlay-gradient":""},"mobile":{"background-color":"","background-image":"","background-repeat":"repeat","background-position":"center center","background-size":"auto","background-attachment":"scroll","background-type":"","background-media":"","overlay-type":"","overlay-color":"","overlay-opacity":"","overlay-gradient":""}},"ast-content-background-meta":{"desktop":{"background-color":"var(--ast-global-color-5)","background-image":"","background-repeat":"repeat","background-position":"center center","background-size":"auto","background-attachment":"scroll","background-type":"","background-media":"","overlay-type":"","overlay-color":"","overlay-opacity":"","overlay-gradient":""},"tablet":{"background-color":"var(--ast-global-color-5)","background-image":"","background-repeat":"repeat","background-position":"center center","background-size":"auto","background-attachment":"scroll","background-type":"","background-media":"","overlay-type":"","overlay-color":"","overlay-opacity":"","overlay-gradient":""},"mobile":{"background-color":"var(--ast-global-color-5)","background-image":"","background-repeat":"repeat","background-position":"center center","background-size":"auto","background-attachment":"scroll","background-type":"","background-media":"","overlay-type":"","overlay-color":"","overlay-opacity":"","overlay-gradient":""}}},"product_brand":[],"product_cat":[392,28],"product_tag":[393,394,331],"class_list":{"0":"post-1371","1":"product","2":"type-product","3":"status-publish","4":"has-post-thumbnail","6":"product_cat-churrasqueira","7":"product_cat-eletrodomesticos","8":"product_tag-churasqueira","9":"product_tag-churrasqueira-eletrica","10":"product_tag-grill","11":"desktop-align-center","12":"tablet-align-left","13":"mobile-align-center","15":"first","16":"instock","17":"shipping-taxable","18":"product-type-external"},"uagb_featured_image_src":{"full":["https:\/\/promocaododia.com.br\/site\/wp-content\/uploads\/2022\/12\/Churrasqueira-Eletrica-Mondial-1800W-Grand-Steak-Grill.jpg",600,600,false],"thumbnail":["https:\/\/promocaododia.com.br\/site\/wp-content\/uploads\/2022\/12\/Churrasqueira-Eletrica-Mondial-1800W-Grand-Steak-Grill-150x150.jpg",150,150,true],"medium":["https:\/\/promocaododia.com.br\/site\/wp-content\/uploads\/2022\/12\/Churrasqueira-Eletrica-Mondial-1800W-Grand-Steak-Grill-300x300.jpg",300,300,true],"medium_large":["https:\/\/promocaododia.com.br\/site\/wp-content\/uploads\/2022\/12\/Churrasqueira-Eletrica-Mondial-1800W-Grand-Steak-Grill.jpg",600,600,false],"large":["https:\/\/promocaododia.com.br\/site\/wp-content\/uploads\/2022\/12\/Churrasqueira-Eletrica-Mondial-1800W-Grand-Steak-Grill.jpg",600,600,false],"1536x1536":["https:\/\/promocaododia.com.br\/site\/wp-content\/uploads\/2022\/12\/Churrasqueira-Eletrica-Mondial-1800W-Grand-Steak-Grill.jpg",600,600,false],"2048x2048":["https:\/\/promocaododia.com.br\/site\/wp-content\/uploads\/2022\/12\/Churrasqueira-Eletrica-Mondial-1800W-Grand-Steak-Grill.jpg",600,600,false],"woocommerce_thumbnail":["https:\/\/promocaododia.com.br\/site\/wp-content\/uploads\/2022\/12\/Churrasqueira-Eletrica-Mondial-1800W-Grand-Steak-Grill-250x250.jpg",250,250,true],"woocommerce_single":["https:\/\/promocaododia.com.br\/site\/wp-content\/uploads\/2022\/12\/Churrasqueira-Eletrica-Mondial-1800W-Grand-Steak-Grill-250x250.jpg",250,250,true],"woocommerce_gallery_thumbnail":["https:\/\/promocaododia.com.br\/site\/wp-content\/uploads\/2022\/12\/Churrasqueira-Eletrica-Mondial-1800W-Grand-Steak-Grill-100x100.jpg",100,100,true]},"uagb_author_info":{"display_name":"danilo.gbr","author_link":"https:\/\/promocaododia.com.br\/site\/author\/"},"uagb_comment_info":0,"uagb_excerpt":"Churrasqueira el\u00e9trica Grand Steak &amp; Grill da Mondial, agora fazer churrasco ficou mais f\u00e1cil, pr\u00e1tico e incrivelmente livre da fuma\u00e7a. Uma churrasqueira desenvolvida para voc\u00ea e sua fam\u00edlia desfrutar de alimentos mais saud\u00e1veis e saborosos. Ela tem controle de temperatura, al\u00e7as antit\u00e9rmicas, altura da grelha ajust\u00e1vel, grelha e bandeja remov\u00edvel para facilitar na hora da&hellip;","_links":{"self":[{"href":"https:\/\/promocaododia.com.br\/site\/wp-json\/wp\/v2\/product\/1371","targetHints":{"allow":["GET"]}}],"collection":[{"href":"https:\/\/promocaododia.com.br\/site\/wp-json\/wp\/v2\/product"}],"about":[{"href":"https:\/\/promocaododia.com.br\/site\/wp-json\/wp\/v2\/types\/product"}],"wp:featuredmedia":[{"embeddable":true,"href":"https:\/\/promocaododia.com.br\/site\/wp-json\/wp\/v2\/media\/1372"}],"wp:attachment":[{"href":"https:\/\/promocaododia.com.br\/site\/wp-json\/wp\/v2\/media?parent=1371"}],"wp:term":[{"taxonomy":"product_brand","embeddable":true,"href":"https:\/\/promocaododia.com.br\/site\/wp-json\/wp\/v2\/product_brand?post=1371"},{"taxonomy":"product_cat","embeddable":true,"href":"https:\/\/promocaododia.com.br\/site\/wp-json\/wp\/v2\/product_cat?post=1371"},{"taxonomy":"product_tag","embeddable":true,"href":"https:\/\/promocaododia.com.br\/site\/wp-json\/wp\/v2\/product_tag?post=1371"}],"curies":[{"name":"wp","href":"https:\/\/api.w.org\/{rel}","templated":true}]}}