{"id":1377,"date":"2022-12-04T17:39:23","date_gmt":"2022-12-04T20:39:23","guid":{"rendered":"https:\/\/promocaododia.com.br\/site\/?post_type=product&#038;p=1377"},"modified":"2022-12-04T17:39:23","modified_gmt":"2022-12-04T20:39:23","slug":"tenis-feminino-under-boost-branco-corrida-academia-esporte-casual-original-lancamento","status":"publish","type":"product","link":"https:\/\/promocaododia.com.br\/site\/produto\/tenis-feminino-under-boost-branco-corrida-academia-esporte-casual-original-lancamento\/","title":{"rendered":"T\u00eanis Feminino Under Boost Branco Corrida Academia Esporte Casual Original Lan\u00e7amento"},"content":{"rendered":"<p>T\u00eanis Feminino Casual Preto Corrida Academia Esporte Lan\u00e7amentoIndicado para: Academia, Caminhada, Corrida, Dia a Dia, Esportes em GeralCores Disponivel: Branco, Preto Estilo: Esportivo e Casual Genero: Unissex T\u00eanis Unissex, Super Confortavel. Confeccionado em tecido e material alternativo. Visual moderno com detalhes. Fechamento em cadar\u00e7o para maior ajuste no calce. Revestimento interno em material T\u00eaxtil acolchoado. Palmilha macia e confort\u00e1vel. Solado com tecnologia proporciona alto n\u00edvel de maciez e maior sensa\u00e7\u00e3o de conforto. T\u00eanis ideal para rotinas agitadas e para quem gosta de treinar. medida das palmilhas<\/p>\n<p>34&#8230;&#8230;&#8230;&#8230;&#8230;&#8230;&#8230; 23,5 cm<\/p>\n<p>35&#8230;&#8230;&#8230;&#8230;&#8230;&#8230;&#8230;. 24,0 cm<\/p>\n<p>36&#8230;&#8230;&#8230;&#8230;&#8230;&#8230;&#8230;. 25,0 cm<\/p>\n<p>37&#8230;&#8230;&#8230;&#8230;&#8230;&#8230;&#8230;. 25,5 cm<\/p>\n<p>38&#8230;&#8230;&#8230;&#8230;&#8230;&#8230;&#8230;. 26,0 cm<\/p>\n<p>39&#8230;&#8230;&#8230;&#8230;&#8230;&#8230;&#8230;.. 26,5 cm<\/p>\n<p>40&#8230;&#8230;&#8230;&#8230;&#8230;&#8230;&#8230;.. 28,0 cm<\/p>\n<p>41&#8230;&#8230;&#8230;&#8230;&#8230;&#8230;&#8230;.. 28,5 cm<\/p>\n<p>42&#8230;&#8230;&#8230;&#8230;&#8230;&#8230;&#8230;.. 29,0 cm<\/p>\n<p>43&#8230;&#8230;&#8230;&#8230;&#8230;&#8230;&#8230;. 29,5CM<\/p>\n","protected":false},"excerpt":{"rendered":"<p>T\u00eanis Feminino Casual Preto Corrida Academia Esporte Lan\u00e7amentoIndicado para: Academia, Caminhada, Corrida, Dia a Dia, Esportes em GeralCores Disponivel: Branco, Preto Estilo: Esportivo e Casual Genero: Unissex T\u00eanis Unissex, Super Confortavel. Confeccionado em tecido e material alternativo. Visual moderno com detalhes. Fechamento em cadar\u00e7o para maior ajuste no calce. Revestimento interno em material T\u00eaxtil acolchoado. Palmilha macia e confort\u00e1vel. Solado com tecnologia proporciona alto n\u00edvel de maciez e maior sensa\u00e7\u00e3o de conforto. T\u00eanis ideal para rotinas agitadas e para quem gosta de treinar. medida das palmilhas 34&#8230;&#8230;&#8230;&#8230;&#8230;&#8230;&#8230; 23,5 cm 35&#8230;&#8230;&#8230;&#8230;&#8230;&#8230;&#8230;. 24,0 cm 36&#8230;&#8230;&#8230;&#8230;&#8230;&#8230;&#8230;. 25,0 cm 37&#8230;&#8230;&#8230;&#8230;&#8230;&#8230;&#8230;. 25,5 cm 38&#8230;&#8230;&#8230;&#8230;&#8230;&#8230;&#8230;. 26,0 cm 39&#8230;&#8230;&#8230;&#8230;&#8230;&#8230;&#8230;.. 26,5 cm 40&#8230;&#8230;&#8230;&#8230;&#8230;&#8230;&#8230;.. 28,0 cm 41&#8230;&#8230;&#8230;&#8230;&#8230;&#8230;&#8230;.. 28,5 cm 42&#8230;&#8230;&#8230;&#8230;&#8230;&#8230;&#8230;.. 29,0 cm 43&#8230;&#8230;&#8230;&#8230;&#8230;&#8230;&#8230;. 29,5CM<\/p>\n","protected":false},"featured_media":1379,"template":"","meta":{"_uag_custom_page_level_css":"","site-sidebar-layout":"default","site-content-layout":"default","ast-site-content-layout":"default","site-content-style":"default","site-sidebar-style":"default","ast-global-header-display":"","ast-banner-title-visibility":"","ast-main-header-display":"","ast-hfb-above-header-display":"","ast-hfb-below-header-display":"","ast-hfb-mobile-header-display":"","site-post-title":"","ast-breadcrumbs-content":"","ast-featured-img":"","footer-sml-layout":"","theme-transparent-header-meta":"default","adv-header-id-meta":"","stick-header-meta":"","header-above-stick-meta":"","header-main-stick-meta":"","header-below-stick-meta":"","astra-migrate-meta-layouts":"default","ast-page-background-enabled":"default","ast-page-background-meta":{"desktop":{"background-color":"","background-image":"","background-repeat":"repeat","background-position":"center center","background-size":"auto","background-attachment":"scroll","background-type":"","background-media":"","overlay-type":"","overlay-color":"","overlay-opacity":"","overlay-gradient":""},"tablet":{"background-color":"","background-image":"","background-repeat":"repeat","background-position":"center center","background-size":"auto","background-attachment":"scroll","background-type":"","background-media":"","overlay-type":"","overlay-color":"","overlay-opacity":"","overlay-gradient":""},"mobile":{"background-color":"","background-image":"","background-repeat":"repeat","background-position":"center center","background-size":"auto","background-attachment":"scroll","background-type":"","background-media":"","overlay-type":"","overlay-color":"","overlay-opacity":"","overlay-gradient":""}},"ast-content-background-meta":{"desktop":{"background-color":"var(--ast-global-color-5)","background-image":"","background-repeat":"repeat","background-position":"center center","background-size":"auto","background-attachment":"scroll","background-type":"","background-media":"","overlay-type":"","overlay-color":"","overlay-opacity":"","overlay-gradient":""},"tablet":{"background-color":"var(--ast-global-color-5)","background-image":"","background-repeat":"repeat","background-position":"center center","background-size":"auto","background-attachment":"scroll","background-type":"","background-media":"","overlay-type":"","overlay-color":"","overlay-opacity":"","overlay-gradient":""},"mobile":{"background-color":"var(--ast-global-color-5)","background-image":"","background-repeat":"repeat","background-position":"center center","background-size":"auto","background-attachment":"scroll","background-type":"","background-media":"","overlay-type":"","overlay-color":"","overlay-opacity":"","overlay-gradient":""}}},"product_brand":[],"product_cat":[92,58,30],"product_tag":[184,530,80],"class_list":{"0":"post-1377","1":"product","2":"type-product","3":"status-publish","4":"has-post-thumbnail","6":"product_cat-calca","7":"product_cat-feminina","8":"product_cat-moda","9":"product_tag-moda","10":"product_tag-moda-feminina","11":"product_tag-tenis","12":"desktop-align-center","13":"tablet-align-left","14":"mobile-align-center","16":"first","17":"instock","18":"shipping-taxable","19":"product-type-external"},"uagb_featured_image_src":{"full":["https:\/\/promocaododia.com.br\/site\/wp-content\/uploads\/2022\/12\/Tenis-Feminino-Under-Boost-Branco-Corrida-Academia-Esporte-Casual-Original-Lancamento.jpg",600,600,false],"thumbnail":["https:\/\/promocaododia.com.br\/site\/wp-content\/uploads\/2022\/12\/Tenis-Feminino-Under-Boost-Branco-Corrida-Academia-Esporte-Casual-Original-Lancamento-150x150.jpg",150,150,true],"medium":["https:\/\/promocaododia.com.br\/site\/wp-content\/uploads\/2022\/12\/Tenis-Feminino-Under-Boost-Branco-Corrida-Academia-Esporte-Casual-Original-Lancamento-300x300.jpg",300,300,true],"medium_large":["https:\/\/promocaododia.com.br\/site\/wp-content\/uploads\/2022\/12\/Tenis-Feminino-Under-Boost-Branco-Corrida-Academia-Esporte-Casual-Original-Lancamento.jpg",600,600,false],"large":["https:\/\/promocaododia.com.br\/site\/wp-content\/uploads\/2022\/12\/Tenis-Feminino-Under-Boost-Branco-Corrida-Academia-Esporte-Casual-Original-Lancamento.jpg",600,600,false],"1536x1536":["https:\/\/promocaododia.com.br\/site\/wp-content\/uploads\/2022\/12\/Tenis-Feminino-Under-Boost-Branco-Corrida-Academia-Esporte-Casual-Original-Lancamento.jpg",600,600,false],"2048x2048":["https:\/\/promocaododia.com.br\/site\/wp-content\/uploads\/2022\/12\/Tenis-Feminino-Under-Boost-Branco-Corrida-Academia-Esporte-Casual-Original-Lancamento.jpg",600,600,false],"woocommerce_thumbnail":["https:\/\/promocaododia.com.br\/site\/wp-content\/uploads\/2022\/12\/Tenis-Feminino-Under-Boost-Branco-Corrida-Academia-Esporte-Casual-Original-Lancamento-250x250.jpg",250,250,true],"woocommerce_single":["https:\/\/promocaododia.com.br\/site\/wp-content\/uploads\/2022\/12\/Tenis-Feminino-Under-Boost-Branco-Corrida-Academia-Esporte-Casual-Original-Lancamento-250x250.jpg",250,250,true],"woocommerce_gallery_thumbnail":["https:\/\/promocaododia.com.br\/site\/wp-content\/uploads\/2022\/12\/Tenis-Feminino-Under-Boost-Branco-Corrida-Academia-Esporte-Casual-Original-Lancamento-100x100.jpg",100,100,true]},"uagb_author_info":{"display_name":"danilo.gbr","author_link":"https:\/\/promocaododia.com.br\/site\/author\/"},"uagb_comment_info":0,"uagb_excerpt":"T\u00eanis Feminino Casual Preto Corrida Academia Esporte Lan\u00e7amentoIndicado para: Academia, Caminhada, Corrida, Dia a Dia, Esportes em GeralCores Disponivel: Branco, Preto Estilo: Esportivo e Casual Genero: Unissex T\u00eanis Unissex, Super Confortavel. Confeccionado em tecido e material alternativo. Visual moderno com detalhes. Fechamento em cadar\u00e7o para maior ajuste no calce. Revestimento interno em material T\u00eaxtil acolchoado.&hellip;","_links":{"self":[{"href":"https:\/\/promocaododia.com.br\/site\/wp-json\/wp\/v2\/product\/1377","targetHints":{"allow":["GET"]}}],"collection":[{"href":"https:\/\/promocaododia.com.br\/site\/wp-json\/wp\/v2\/product"}],"about":[{"href":"https:\/\/promocaododia.com.br\/site\/wp-json\/wp\/v2\/types\/product"}],"wp:featuredmedia":[{"embeddable":true,"href":"https:\/\/promocaododia.com.br\/site\/wp-json\/wp\/v2\/media\/1379"}],"wp:attachment":[{"href":"https:\/\/promocaododia.com.br\/site\/wp-json\/wp\/v2\/media?parent=1377"}],"wp:term":[{"taxonomy":"product_brand","embeddable":true,"href":"https:\/\/promocaododia.com.br\/site\/wp-json\/wp\/v2\/product_brand?post=1377"},{"taxonomy":"product_cat","embeddable":true,"href":"https:\/\/promocaododia.com.br\/site\/wp-json\/wp\/v2\/product_cat?post=1377"},{"taxonomy":"product_tag","embeddable":true,"href":"https:\/\/promocaododia.com.br\/site\/wp-json\/wp\/v2\/product_tag?post=1377"}],"curies":[{"name":"wp","href":"https:\/\/api.w.org\/{rel}","templated":true}]}}