{"id":1380,"date":"2022-12-04T17:44:35","date_gmt":"2022-12-04T20:44:35","guid":{"rendered":"https:\/\/promocaododia.com.br\/site\/?post_type=product&#038;p=1380"},"modified":"2022-12-04T17:44:35","modified_gmt":"2022-12-04T20:44:35","slug":"playstation-4-1tb-1-controle-preto-sony-com-god-of-war-ragnarok","status":"publish","type":"product","link":"https:\/\/promocaododia.com.br\/site\/produto\/playstation-4-1tb-1-controle-preto-sony-com-god-of-war-ragnarok\/","title":{"rendered":"PlayStation 4 1TB 1 Controle Preto Sony &#8211; com God of War Ragnarok"},"content":{"rendered":"<p>Para voc\u00ea que \u00e9 fan\u00e1tico por jogos, a Sony apresenta o PlayStation 4 2022 na cor preta.<br \/>\nAcompanha 1 controle sem fio DualShock 4 e o jogo God of War Ragnarok.<br \/>\nO console PS4 oferece excelente poder de jogabilidade, entretenimento incr\u00edvel tecnologia HDR vibrante.<br \/>\nArmazene jogos, aplicativos, capturas de tela e v\u00eddeos com 1TB de armazenamento SSD.<br \/>\nLeve seu PS4 para o modo online com uma assinatura do PS Plus e junte-se a milh\u00f5es de jogadores em jogos competitivos e cooperativos. Conte vantagem contra seus amigos em partidas multijogador de franquias famosas de esportes pelo mundo como FIFA e NBA 2K, apoie seu esquadr\u00e3o em Call of Duty ou GTA Online ou jogue de gra\u00e7a o fen\u00f4meno global Fortnite.<br \/>\nDescubra os maiores e melhores filmes, programas de TV, servi\u00e7os de streaming de v\u00eddeo e m\u00fasicas do mundo inteiro pela tela de in\u00edcio do seu PS4.<br \/>\nA liberdade de jogar, compartilhar e socializar com milh\u00f5es de jogadores ao redor do mundo.<br \/>\nTransmita jogos do seu PS4 para qualquer dispositivo compat\u00edvel com iOS ou Android, PC, Mac, PlayStation Vita pela sua rede Wi-Fi e aproveite a liberdade pela sua TV.<\/p>\n","protected":false},"excerpt":{"rendered":"<p>Para voc\u00ea que \u00e9 fan\u00e1tico por jogos, a Sony apresenta o PlayStation 4 2022 na cor preta. Acompanha 1 controle sem fio DualShock 4 e o jogo God of War Ragnarok. O console PS4 oferece excelente poder de jogabilidade, entretenimento incr\u00edvel tecnologia HDR vibrante. Armazene jogos, aplicativos, capturas de tela e v\u00eddeos com 1TB de armazenamento SSD. Leve seu PS4 para o modo online com uma assinatura do PS Plus e junte-se a milh\u00f5es de jogadores em jogos competitivos e cooperativos. Conte vantagem contra seus amigos em partidas multijogador de franquias famosas de esportes pelo mundo como FIFA e NBA 2K, apoie seu esquadr\u00e3o em Call of Duty ou GTA Online ou jogue de gra\u00e7a o fen\u00f4meno global Fortnite. Descubra os maiores e melhores filmes, programas de TV, servi\u00e7os de streaming de v\u00eddeo e m\u00fasicas do mundo inteiro pela tela de in\u00edcio do seu PS4. A liberdade de jogar, compartilhar e socializar com milh\u00f5es de jogadores ao redor do mundo. Transmita jogos do seu PS4 para qualquer dispositivo compat\u00edvel com iOS ou Android, PC, Mac, PlayStation Vita pela sua rede Wi-Fi e aproveite a liberdade pela sua TV.<\/p>\n","protected":false},"featured_media":1381,"template":"","meta":{"_uag_custom_page_level_css":"","site-sidebar-layout":"default","site-content-layout":"default","ast-site-content-layout":"default","site-content-style":"default","site-sidebar-style":"default","ast-global-header-display":"","ast-banner-title-visibility":"","ast-main-header-display":"","ast-hfb-above-header-display":"","ast-hfb-below-header-display":"","ast-hfb-mobile-header-display":"","site-post-title":"","ast-breadcrumbs-content":"","ast-featured-img":"","footer-sml-layout":"","theme-transparent-header-meta":"default","adv-header-id-meta":"","stick-header-meta":"","header-above-stick-meta":"","header-main-stick-meta":"","header-below-stick-meta":"","astra-migrate-meta-layouts":"default","ast-page-background-enabled":"default","ast-page-background-meta":{"desktop":{"background-color":"","background-image":"","background-repeat":"repeat","background-position":"center center","background-size":"auto","background-attachment":"scroll","background-type":"","background-media":"","overlay-type":"","overlay-color":"","overlay-opacity":"","overlay-gradient":""},"tablet":{"background-color":"","background-image":"","background-repeat":"repeat","background-position":"center center","background-size":"auto","background-attachment":"scroll","background-type":"","background-media":"","overlay-type":"","overlay-color":"","overlay-opacity":"","overlay-gradient":""},"mobile":{"background-color":"","background-image":"","background-repeat":"repeat","background-position":"center center","background-size":"auto","background-attachment":"scroll","background-type":"","background-media":"","overlay-type":"","overlay-color":"","overlay-opacity":"","overlay-gradient":""}},"ast-content-background-meta":{"desktop":{"background-color":"var(--ast-global-color-5)","background-image":"","background-repeat":"repeat","background-position":"center center","background-size":"auto","background-attachment":"scroll","background-type":"","background-media":"","overlay-type":"","overlay-color":"","overlay-opacity":"","overlay-gradient":""},"tablet":{"background-color":"var(--ast-global-color-5)","background-image":"","background-repeat":"repeat","background-position":"center center","background-size":"auto","background-attachment":"scroll","background-type":"","background-media":"","overlay-type":"","overlay-color":"","overlay-opacity":"","overlay-gradient":""},"mobile":{"background-color":"var(--ast-global-color-5)","background-image":"","background-repeat":"repeat","background-position":"center center","background-size":"auto","background-attachment":"scroll","background-type":"","background-media":"","overlay-type":"","overlay-color":"","overlay-opacity":"","overlay-gradient":""}}},"product_brand":[],"product_cat":[38,244,251],"product_tag":[252,254],"class_list":{"0":"post-1380","1":"product","2":"type-product","3":"status-publish","4":"has-post-thumbnail","6":"product_cat-eletronicos","7":"product_cat-games","8":"product_cat-playstation","9":"product_tag-playstation","10":"product_tag-video-game","11":"desktop-align-center","12":"tablet-align-left","13":"mobile-align-center","15":"first","16":"instock","17":"sale","18":"shipping-taxable","19":"product-type-external"},"uagb_featured_image_src":{"full":["https:\/\/promocaododia.com.br\/site\/wp-content\/uploads\/2022\/12\/PlayStation-4-1TB-1-Controle-Preto-Sony-com-God-of-War-Ragnarok.jpg",600,600,false],"thumbnail":["https:\/\/promocaododia.com.br\/site\/wp-content\/uploads\/2022\/12\/PlayStation-4-1TB-1-Controle-Preto-Sony-com-God-of-War-Ragnarok-150x150.jpg",150,150,true],"medium":["https:\/\/promocaododia.com.br\/site\/wp-content\/uploads\/2022\/12\/PlayStation-4-1TB-1-Controle-Preto-Sony-com-God-of-War-Ragnarok-300x300.jpg",300,300,true],"medium_large":["https:\/\/promocaododia.com.br\/site\/wp-content\/uploads\/2022\/12\/PlayStation-4-1TB-1-Controle-Preto-Sony-com-God-of-War-Ragnarok.jpg",600,600,false],"large":["https:\/\/promocaododia.com.br\/site\/wp-content\/uploads\/2022\/12\/PlayStation-4-1TB-1-Controle-Preto-Sony-com-God-of-War-Ragnarok.jpg",600,600,false],"1536x1536":["https:\/\/promocaododia.com.br\/site\/wp-content\/uploads\/2022\/12\/PlayStation-4-1TB-1-Controle-Preto-Sony-com-God-of-War-Ragnarok.jpg",600,600,false],"2048x2048":["https:\/\/promocaododia.com.br\/site\/wp-content\/uploads\/2022\/12\/PlayStation-4-1TB-1-Controle-Preto-Sony-com-God-of-War-Ragnarok.jpg",600,600,false],"woocommerce_thumbnail":["https:\/\/promocaododia.com.br\/site\/wp-content\/uploads\/2022\/12\/PlayStation-4-1TB-1-Controle-Preto-Sony-com-God-of-War-Ragnarok-250x250.jpg",250,250,true],"woocommerce_single":["https:\/\/promocaododia.com.br\/site\/wp-content\/uploads\/2022\/12\/PlayStation-4-1TB-1-Controle-Preto-Sony-com-God-of-War-Ragnarok-250x250.jpg",250,250,true],"woocommerce_gallery_thumbnail":["https:\/\/promocaododia.com.br\/site\/wp-content\/uploads\/2022\/12\/PlayStation-4-1TB-1-Controle-Preto-Sony-com-God-of-War-Ragnarok-100x100.jpg",100,100,true]},"uagb_author_info":{"display_name":"danilo.gbr","author_link":"https:\/\/promocaododia.com.br\/site\/author\/"},"uagb_comment_info":0,"uagb_excerpt":"Para voc\u00ea que \u00e9 fan\u00e1tico por jogos, a Sony apresenta o PlayStation 4 2022 na cor preta. Acompanha 1 controle sem fio DualShock 4 e o jogo God of War Ragnarok. O console PS4 oferece excelente poder de jogabilidade, entretenimento incr\u00edvel tecnologia HDR vibrante. Armazene jogos, aplicativos, capturas de tela e v\u00eddeos com 1TB de&hellip;","_links":{"self":[{"href":"https:\/\/promocaododia.com.br\/site\/wp-json\/wp\/v2\/product\/1380","targetHints":{"allow":["GET"]}}],"collection":[{"href":"https:\/\/promocaododia.com.br\/site\/wp-json\/wp\/v2\/product"}],"about":[{"href":"https:\/\/promocaododia.com.br\/site\/wp-json\/wp\/v2\/types\/product"}],"wp:featuredmedia":[{"embeddable":true,"href":"https:\/\/promocaododia.com.br\/site\/wp-json\/wp\/v2\/media\/1381"}],"wp:attachment":[{"href":"https:\/\/promocaododia.com.br\/site\/wp-json\/wp\/v2\/media?parent=1380"}],"wp:term":[{"taxonomy":"product_brand","embeddable":true,"href":"https:\/\/promocaododia.com.br\/site\/wp-json\/wp\/v2\/product_brand?post=1380"},{"taxonomy":"product_cat","embeddable":true,"href":"https:\/\/promocaododia.com.br\/site\/wp-json\/wp\/v2\/product_cat?post=1380"},{"taxonomy":"product_tag","embeddable":true,"href":"https:\/\/promocaododia.com.br\/site\/wp-json\/wp\/v2\/product_tag?post=1380"}],"curies":[{"name":"wp","href":"https:\/\/api.w.org\/{rel}","templated":true}]}}