{"id":1384,"date":"2022-12-04T17:54:54","date_gmt":"2022-12-04T20:54:54","guid":{"rendered":"https:\/\/promocaododia.com.br\/site\/?post_type=product&#038;p=1384"},"modified":"2022-12-04T17:54:54","modified_gmt":"2022-12-04T20:54:54","slug":"console-xbox-series-s-microsoft-com-500gb-ssd-e-01-controle","status":"publish","type":"product","link":"https:\/\/promocaododia.com.br\/site\/produto\/console-xbox-series-s-microsoft-com-500gb-ssd-e-01-controle\/","title":{"rendered":"Console Xbox Series S Microsoft com 500GB SSD e 01 Controle"},"content":{"rendered":"<p>Console com formato compacto e totalmente digital<\/p>\n<p align=\"justify\">Xbox Series S, nosso Xbox menor e mais elegante de todos os tempos.<br \/>\nCom taxas de quadros mais altas, tempos de carregamento mais r\u00e1pidos e mundos mais ricos e din\u00e2micos, o Xbox Series S oferece desempenho e velocidade de \u00faltima gera\u00e7\u00e3o em um formato compacto e totalmente digital.<\/p>\n<p align=\"justify\">Smart Delivery, com a entrega inteligente, voc\u00ea pode comprar um jogo compat\u00edvel uma vez e ter sempre a melhor vers\u00e3o dispon\u00edvel para qualquer console em que jogar.<\/p>\n<p><b>Caracter\u00edsticas<\/b><br \/>\nConex\u00e3o Wireless<br \/>\nEntrada USB: Sim<br \/>\nEntrada HDMI: Sim<br \/>\nControles Inclusos: Sim<br \/>\nDisc Free: Totalmente Digital<br \/>\nArmazemanto Interno SSD: 500 GB<\/p>\n<p><b>Especifica\u00e7\u00f5es T\u00e9cnicas<br \/>\n<\/b>Modelo: RRS-00006<br \/>\nVoltagem: Bivolt<br \/>\nCor: Branco<br \/>\nEAN: 889842651362<br \/>\nGarantia: 12 meses<\/p>\n<p><b>Dimens\u00f5es e Peso<br \/>\n<\/b>Dimens\u00f5es do produto sem embalagem (AxLxP): 275x151x65 mm<br \/>\nDimens\u00f5es do produto com embalagem (AxLxP): 360x290x125 mm<br \/>\nPeso do produto sem embalagem: 1,92 kg<br \/>\nPeso do produto com embalagem: 3,21 kg<\/p>\n<p><b>Itens Inclusos<br \/>\n<\/b>01 Console Xbox Series S<br \/>\n01 Controle sem Fio Xbox<br \/>\n01 Cabo HDMI<br \/>\n01 Cabo de Alimenta\u00e7\u00e3o<\/p>\n","protected":false},"excerpt":{"rendered":"<p>Console com formato compacto e totalmente digital Xbox Series S, nosso Xbox menor e mais elegante de todos os tempos. Com taxas de quadros mais altas, tempos de carregamento mais r\u00e1pidos e mundos mais ricos e din\u00e2micos, o Xbox Series S oferece desempenho e velocidade de \u00faltima gera\u00e7\u00e3o em um formato compacto e totalmente digital. Smart Delivery, com a entrega inteligente, voc\u00ea pode comprar um jogo compat\u00edvel uma vez e ter sempre a melhor vers\u00e3o dispon\u00edvel para qualquer console em que jogar. Caracter\u00edsticas Conex\u00e3o Wireless Entrada USB: Sim Entrada HDMI: Sim Controles Inclusos: Sim Disc Free: Totalmente Digital Armazemanto Interno SSD: 500 GB Especifica\u00e7\u00f5es T\u00e9cnicas Modelo: RRS-00006 Voltagem: Bivolt Cor: Branco EAN: 889842651362 Garantia: 12 meses Dimens\u00f5es e Peso Dimens\u00f5es do produto sem embalagem (AxLxP): 275x151x65 mm Dimens\u00f5es do produto com embalagem (AxLxP): 360x290x125 mm Peso do produto sem embalagem: 1,92 kg Peso do produto com embalagem: 3,21 kg Itens Inclusos 01 Console Xbox Series S 01 Controle sem Fio Xbox 01 Cabo HDMI 01 Cabo de Alimenta\u00e7\u00e3o<\/p>\n","protected":false},"featured_media":1385,"template":"","meta":{"_uag_custom_page_level_css":"","site-sidebar-layout":"default","site-content-layout":"default","ast-site-content-layout":"default","site-content-style":"default","site-sidebar-style":"default","ast-global-header-display":"","ast-banner-title-visibility":"","ast-main-header-display":"","ast-hfb-above-header-display":"","ast-hfb-below-header-display":"","ast-hfb-mobile-header-display":"","site-post-title":"","ast-breadcrumbs-content":"","ast-featured-img":"","footer-sml-layout":"","theme-transparent-header-meta":"default","adv-header-id-meta":"","stick-header-meta":"","header-above-stick-meta":"","header-main-stick-meta":"","header-below-stick-meta":"","astra-migrate-meta-layouts":"default","ast-page-background-enabled":"default","ast-page-background-meta":{"desktop":{"background-color":"","background-image":"","background-repeat":"repeat","background-position":"center center","background-size":"auto","background-attachment":"scroll","background-type":"","background-media":"","overlay-type":"","overlay-color":"","overlay-opacity":"","overlay-gradient":""},"tablet":{"background-color":"","background-image":"","background-repeat":"repeat","background-position":"center center","background-size":"auto","background-attachment":"scroll","background-type":"","background-media":"","overlay-type":"","overlay-color":"","overlay-opacity":"","overlay-gradient":""},"mobile":{"background-color":"","background-image":"","background-repeat":"repeat","background-position":"center center","background-size":"auto","background-attachment":"scroll","background-type":"","background-media":"","overlay-type":"","overlay-color":"","overlay-opacity":"","overlay-gradient":""}},"ast-content-background-meta":{"desktop":{"background-color":"var(--ast-global-color-5)","background-image":"","background-repeat":"repeat","background-position":"center center","background-size":"auto","background-attachment":"scroll","background-type":"","background-media":"","overlay-type":"","overlay-color":"","overlay-opacity":"","overlay-gradient":""},"tablet":{"background-color":"var(--ast-global-color-5)","background-image":"","background-repeat":"repeat","background-position":"center center","background-size":"auto","background-attachment":"scroll","background-type":"","background-media":"","overlay-type":"","overlay-color":"","overlay-opacity":"","overlay-gradient":""},"mobile":{"background-color":"var(--ast-global-color-5)","background-image":"","background-repeat":"repeat","background-position":"center center","background-size":"auto","background-attachment":"scroll","background-type":"","background-media":"","overlay-type":"","overlay-color":"","overlay-opacity":"","overlay-gradient":""}}},"product_brand":[],"product_cat":[38,244,245],"product_tag":[254,569],"class_list":{"0":"post-1384","1":"product","2":"type-product","3":"status-publish","4":"has-post-thumbnail","6":"product_cat-eletronicos","7":"product_cat-games","8":"product_cat-xbox","9":"product_tag-video-game","10":"product_tag-xbox-series","11":"desktop-align-center","12":"tablet-align-left","13":"mobile-align-center","15":"first","16":"instock","17":"sale","18":"shipping-taxable","19":"product-type-external"},"uagb_featured_image_src":{"full":["https:\/\/promocaododia.com.br\/site\/wp-content\/uploads\/2022\/12\/Console-Xbox-Series-S-Microsoft-com-500GB-SSD-e-01-Controle.jpg",600,600,false],"thumbnail":["https:\/\/promocaododia.com.br\/site\/wp-content\/uploads\/2022\/12\/Console-Xbox-Series-S-Microsoft-com-500GB-SSD-e-01-Controle-150x150.jpg",150,150,true],"medium":["https:\/\/promocaododia.com.br\/site\/wp-content\/uploads\/2022\/12\/Console-Xbox-Series-S-Microsoft-com-500GB-SSD-e-01-Controle-300x300.jpg",300,300,true],"medium_large":["https:\/\/promocaododia.com.br\/site\/wp-content\/uploads\/2022\/12\/Console-Xbox-Series-S-Microsoft-com-500GB-SSD-e-01-Controle.jpg",600,600,false],"large":["https:\/\/promocaododia.com.br\/site\/wp-content\/uploads\/2022\/12\/Console-Xbox-Series-S-Microsoft-com-500GB-SSD-e-01-Controle.jpg",600,600,false],"1536x1536":["https:\/\/promocaododia.com.br\/site\/wp-content\/uploads\/2022\/12\/Console-Xbox-Series-S-Microsoft-com-500GB-SSD-e-01-Controle.jpg",600,600,false],"2048x2048":["https:\/\/promocaododia.com.br\/site\/wp-content\/uploads\/2022\/12\/Console-Xbox-Series-S-Microsoft-com-500GB-SSD-e-01-Controle.jpg",600,600,false],"woocommerce_thumbnail":["https:\/\/promocaododia.com.br\/site\/wp-content\/uploads\/2022\/12\/Console-Xbox-Series-S-Microsoft-com-500GB-SSD-e-01-Controle-250x250.jpg",250,250,true],"woocommerce_single":["https:\/\/promocaododia.com.br\/site\/wp-content\/uploads\/2022\/12\/Console-Xbox-Series-S-Microsoft-com-500GB-SSD-e-01-Controle-250x250.jpg",250,250,true],"woocommerce_gallery_thumbnail":["https:\/\/promocaododia.com.br\/site\/wp-content\/uploads\/2022\/12\/Console-Xbox-Series-S-Microsoft-com-500GB-SSD-e-01-Controle-100x100.jpg",100,100,true]},"uagb_author_info":{"display_name":"danilo.gbr","author_link":"https:\/\/promocaododia.com.br\/site\/author\/"},"uagb_comment_info":0,"uagb_excerpt":"Console com formato compacto e totalmente digital Xbox Series S, nosso Xbox menor e mais elegante de todos os tempos. Com taxas de quadros mais altas, tempos de carregamento mais r\u00e1pidos e mundos mais ricos e din\u00e2micos, o Xbox Series S oferece desempenho e velocidade de \u00faltima gera\u00e7\u00e3o em um formato compacto e totalmente digital.&hellip;","_links":{"self":[{"href":"https:\/\/promocaododia.com.br\/site\/wp-json\/wp\/v2\/product\/1384","targetHints":{"allow":["GET"]}}],"collection":[{"href":"https:\/\/promocaododia.com.br\/site\/wp-json\/wp\/v2\/product"}],"about":[{"href":"https:\/\/promocaododia.com.br\/site\/wp-json\/wp\/v2\/types\/product"}],"wp:featuredmedia":[{"embeddable":true,"href":"https:\/\/promocaododia.com.br\/site\/wp-json\/wp\/v2\/media\/1385"}],"wp:attachment":[{"href":"https:\/\/promocaododia.com.br\/site\/wp-json\/wp\/v2\/media?parent=1384"}],"wp:term":[{"taxonomy":"product_brand","embeddable":true,"href":"https:\/\/promocaododia.com.br\/site\/wp-json\/wp\/v2\/product_brand?post=1384"},{"taxonomy":"product_cat","embeddable":true,"href":"https:\/\/promocaododia.com.br\/site\/wp-json\/wp\/v2\/product_cat?post=1384"},{"taxonomy":"product_tag","embeddable":true,"href":"https:\/\/promocaododia.com.br\/site\/wp-json\/wp\/v2\/product_tag?post=1384"}],"curies":[{"name":"wp","href":"https:\/\/api.w.org\/{rel}","templated":true}]}}